{"id":9283,"date":"2021-11-22T20:14:12","date_gmt":"2021-11-22T18:14:12","guid":{"rendered":"https:\/\/magnoliasilk.com\/product\/luxurious-100-natural-silk-cowl-neck-top\/"},"modified":"2022-08-17T12:37:26","modified_gmt":"2022-08-17T09:37:26","slug":"luxurious-100-natural-silk-cowl-neck-top","status":"publish","type":"product","link":"https:\/\/magnoliasilk.com\/lv\/products\/luxurious-100-natural-silk-cowl-neck-top\/","title":{"rendered":"Luksuss 100% z\u012bda tops"},"content":{"rendered":"<p>&#8211; 100% z\u012bda tops div\u0101s k\u0101rt\u0101s<br \/>\n&#8211; Nav caursp\u012bd\u012bgs<br \/>\n&#8211; Pieejams S, M, L izm\u0113ros<br \/>\n&#8211; \u0112rts, ta\u010du elegants piegriezums<br \/>\n&#8211; Regul\u0113jamas plecu lent\u012btes<br \/>\n&#8211; &#8221;P\u0101rsega griezuma&#8221; kakla l\u012bnija<br \/>\n&#8211; Var valk\u0101t ar un bez kr\u016b\u0161tura<\/p>\n<p>Izm\u0113ru tabula:<\/p>\n<p>S izm\u0113rs: kr\u016btis: 86 cm, viduklis: 70 cm, gurni: 90cm, topa garums: 52 cm<\/p>\n<p>M izm\u0113rs: kr\u016btis: 90 cm, viduklis: 80 cm, gurni: 94cm, topa garums: 52 cm<\/p>\n<p>L izm\u0113rs: kr\u016btis 96 cm, viduklis: 92 cm, gurni: 99cm, topa garums: 52 cm<\/p>\n<p>Pirms pas\u016bt\u012b\u0161anas, l\u016bdzu, noteikti nom\u0113riet savu izm\u0113ru un, ja neizdodas atrast savu izm\u0113ru, l\u016bdzu, s\u016btiet savu piepras\u012bjumu uz: info@magnoliasilk.com<\/p>\n<p>Pas\u016bt\u012bjuma apstr\u0101des laiks l\u012bdz 5 darba dien\u0101m.<\/p>\n<p>Bild\u0113s redzam\u0101 modele att\u0113lota M izm\u0113ra top\u0101.<\/p>\n","protected":false},"excerpt":{"rendered":"<p>Izsmalcin\u0101ts z\u012bda tops, kas lieliski izskat\u012bsies ar jebkuru ap\u0123\u0113rbu. M\u016b\u017e\u012bgsais dizains, kas neizies no modes nekad. Magnolia augst\u0101s klases z\u012bda tops papildin\u0101s Tavu augumu un liks Tev izskat\u012bties un justies neaizmirstami. Modes nami m\u012bl \u0161o dizainu un pavisam dr\u012bz to iem\u012bl\u0113si ar\u012b Tu.<\/p>\n","protected":false},"featured_media":10309,"template":"","meta":[],"product_brand":[],"product_cat":[285],"product_tag":[],"class_list":{"0":"post-9283","1":"product","2":"type-product","3":"status-publish","4":"has-post-thumbnail","6":"product_cat-zida-topi","8":"first","9":"instock","10":"taxable","11":"shipping-taxable","12":"purchasable","13":"product-type-variable","14":"has-default-attributes"},"exclude_global_add_ons":[],"addons":[],"yoast_head":"<!-- This site is optimized with the Yoast SEO plugin v27.2 - https:\/\/yoast.com\/product\/yoast-seo-wordpress\/ -->\n<title>Luksuss 100% z\u012bda tops - Magnolia silk collection<\/title>\n<meta name=\"description\" content=\"A glamorous silk top that will look perfectly splendid with anything you wear. Timeless design to compliment your body and make you look and feel stunning.\" \/>\n<meta name=\"robots\" content=\"index, follow, max-snippet:-1, max-image-preview:large, max-video-preview:-1\" \/>\n<link rel=\"canonical\" href=\"https:\/\/magnoliasilk.com\/lv\/products\/luxurious-100-natural-silk-cowl-neck-top\/\" \/>\n<meta property=\"og:locale\" content=\"lv_LV\" \/>\n<meta property=\"og:type\" content=\"article\" \/>\n<meta property=\"og:title\" content=\"Luksuss 100% z\u012bda tops - Magnolia silk collection\" \/>\n<meta property=\"og:description\" content=\"A glamorous silk top that will look perfectly splendid with anything you wear. Timeless design to compliment your body and make you look and feel stunning.\" \/>\n<meta property=\"og:url\" content=\"https:\/\/magnoliasilk.com\/lv\/products\/luxurious-100-natural-silk-cowl-neck-top\/\" \/>\n<meta property=\"og:site_name\" content=\"Magnolia silk collection\" \/>\n<meta property=\"article:publisher\" content=\"https:\/\/www.facebook.com\/Magnoliasilkcollection\" \/>\n<meta property=\"article:modified_time\" content=\"2022-08-17T09:37:26+00:00\" \/>\n<meta property=\"og:image\" content=\"https:\/\/magnoliasilk.com\/wp-content\/uploads\/2021\/11\/Avatar-scaled.jpg\" \/>\n\t<meta property=\"og:image:width\" content=\"1707\" \/>\n\t<meta property=\"og:image:height\" content=\"2560\" \/>\n\t<meta property=\"og:image:type\" content=\"image\/jpeg\" \/>\n<meta name=\"twitter:card\" content=\"summary_large_image\" \/>\n<meta name=\"twitter:label1\" content=\"Est. reading time\" \/>\n\t<meta name=\"twitter:data1\" content=\"1 min\u016b\u0161u\" \/>\n<script type=\"application\/ld+json\" class=\"yoast-schema-graph\">{\"@context\":\"https:\/\/schema.org\",\"@graph\":[{\"@type\":\"WebPage\",\"@id\":\"https:\/\/magnoliasilk.com\/lv\/products\/luxurious-100-natural-silk-cowl-neck-top\/\",\"url\":\"https:\/\/magnoliasilk.com\/lv\/products\/luxurious-100-natural-silk-cowl-neck-top\/\",\"name\":\"Luksuss 100% z\u012bda tops - Magnolia silk collection\",\"isPartOf\":{\"@id\":\"https:\/\/magnoliasilk.com\/#website\"},\"primaryImageOfPage\":{\"@id\":\"https:\/\/magnoliasilk.com\/lv\/products\/luxurious-100-natural-silk-cowl-neck-top\/#primaryimage\"},\"image\":{\"@id\":\"https:\/\/magnoliasilk.com\/lv\/products\/luxurious-100-natural-silk-cowl-neck-top\/#primaryimage\"},\"thumbnailUrl\":\"https:\/\/i0.wp.com\/magnoliasilk.com\/wp-content\/uploads\/2021\/11\/DSC03440-scaled.jpg?fit=1707%2C2560&ssl=1\",\"datePublished\":\"2021-11-22T18:14:12+00:00\",\"dateModified\":\"2022-08-17T09:37:26+00:00\",\"description\":\"A glamorous silk top that will look perfectly splendid with anything you wear. Timeless design to compliment your body and make you look and feel stunning.\",\"breadcrumb\":{\"@id\":\"https:\/\/magnoliasilk.com\/lv\/products\/luxurious-100-natural-silk-cowl-neck-top\/#breadcrumb\"},\"inLanguage\":\"lv-LV\",\"potentialAction\":[{\"@type\":\"ReadAction\",\"target\":[\"https:\/\/magnoliasilk.com\/lv\/products\/luxurious-100-natural-silk-cowl-neck-top\/\"]}]},{\"@type\":\"ImageObject\",\"inLanguage\":\"lv-LV\",\"@id\":\"https:\/\/magnoliasilk.com\/lv\/products\/luxurious-100-natural-silk-cowl-neck-top\/#primaryimage\",\"url\":\"https:\/\/i0.wp.com\/magnoliasilk.com\/wp-content\/uploads\/2021\/11\/DSC03440-scaled.jpg?fit=1707%2C2560&ssl=1\",\"contentUrl\":\"https:\/\/i0.wp.com\/magnoliasilk.com\/wp-content\/uploads\/2021\/11\/DSC03440-scaled.jpg?fit=1707%2C2560&ssl=1\",\"width\":1707,\"height\":2560},{\"@type\":\"BreadcrumbList\",\"@id\":\"https:\/\/magnoliasilk.com\/lv\/products\/luxurious-100-natural-silk-cowl-neck-top\/#breadcrumb\",\"itemListElement\":[{\"@type\":\"ListItem\",\"position\":1,\"name\":\"Home\",\"item\":\"https:\/\/magnoliasilk.com\/lv\/\"},{\"@type\":\"ListItem\",\"position\":2,\"name\":\"Shop\",\"item\":\"https:\/\/magnoliasilk.com\/lv\/shop-3\/\"},{\"@type\":\"ListItem\",\"position\":3,\"name\":\"Luksuss 100% z\u012bda tops\"}]},{\"@type\":\"WebSite\",\"@id\":\"https:\/\/magnoliasilk.com\/#website\",\"url\":\"https:\/\/magnoliasilk.com\/\",\"name\":\"Magnolia silk collection\",\"description\":\"Mulberry silk products by Magnolia\",\"publisher\":{\"@id\":\"https:\/\/magnoliasilk.com\/#organization\"},\"potentialAction\":[{\"@type\":\"SearchAction\",\"target\":{\"@type\":\"EntryPoint\",\"urlTemplate\":\"https:\/\/magnoliasilk.com\/?s={search_term_string}\"},\"query-input\":{\"@type\":\"PropertyValueSpecification\",\"valueRequired\":true,\"valueName\":\"search_term_string\"}}],\"inLanguage\":\"lv-LV\"},{\"@type\":\"Organization\",\"@id\":\"https:\/\/magnoliasilk.com\/#organization\",\"name\":\"Magnolia silk collection\",\"url\":\"https:\/\/magnoliasilk.com\/\",\"logo\":{\"@type\":\"ImageObject\",\"inLanguage\":\"lv-LV\",\"@id\":\"https:\/\/magnoliasilk.com\/#\/schema\/logo\/image\/\",\"url\":\"https:\/\/i1.wp.com\/magnoliasilk.com\/wp-content\/uploads\/2021\/06\/cropped-magnolia-1.png?fit=369%2C80&ssl=1\",\"contentUrl\":\"https:\/\/i1.wp.com\/magnoliasilk.com\/wp-content\/uploads\/2021\/06\/cropped-magnolia-1.png?fit=369%2C80&ssl=1\",\"width\":369,\"height\":80,\"caption\":\"Magnolia silk collection\"},\"image\":{\"@id\":\"https:\/\/magnoliasilk.com\/#\/schema\/logo\/image\/\"},\"sameAs\":[\"https:\/\/www.facebook.com\/Magnoliasilkcollection\",\"https:\/\/www.instagram.com\/magnolia.silk\/\",\"https:\/\/www.pinterest.com\/magnoliasilkcollection\/\"]}]}<\/script>\n<!-- \/ Yoast SEO plugin. -->","yoast_head_json":{"title":"Luksuss 100% z\u012bda tops - Magnolia silk collection","description":"A glamorous silk top that will look perfectly splendid with anything you wear. Timeless design to compliment your body and make you look and feel stunning.","robots":{"index":"index","follow":"follow","max-snippet":"max-snippet:-1","max-image-preview":"max-image-preview:large","max-video-preview":"max-video-preview:-1"},"canonical":"https:\/\/magnoliasilk.com\/lv\/products\/luxurious-100-natural-silk-cowl-neck-top\/","og_locale":"lv_LV","og_type":"article","og_title":"Luksuss 100% z\u012bda tops - Magnolia silk collection","og_description":"A glamorous silk top that will look perfectly splendid with anything you wear. Timeless design to compliment your body and make you look and feel stunning.","og_url":"https:\/\/magnoliasilk.com\/lv\/products\/luxurious-100-natural-silk-cowl-neck-top\/","og_site_name":"Magnolia silk collection","article_publisher":"https:\/\/www.facebook.com\/Magnoliasilkcollection","article_modified_time":"2022-08-17T09:37:26+00:00","og_image":[{"width":1707,"height":2560,"url":"https:\/\/magnoliasilk.com\/wp-content\/uploads\/2021\/11\/Avatar-scaled.jpg","type":"image\/jpeg"}],"twitter_card":"summary_large_image","twitter_misc":{"Est. reading time":"1 min\u016b\u0161u"},"schema":{"@context":"https:\/\/schema.org","@graph":[{"@type":"WebPage","@id":"https:\/\/magnoliasilk.com\/lv\/products\/luxurious-100-natural-silk-cowl-neck-top\/","url":"https:\/\/magnoliasilk.com\/lv\/products\/luxurious-100-natural-silk-cowl-neck-top\/","name":"Luksuss 100% z\u012bda tops - Magnolia silk collection","isPartOf":{"@id":"https:\/\/magnoliasilk.com\/#website"},"primaryImageOfPage":{"@id":"https:\/\/magnoliasilk.com\/lv\/products\/luxurious-100-natural-silk-cowl-neck-top\/#primaryimage"},"image":{"@id":"https:\/\/magnoliasilk.com\/lv\/products\/luxurious-100-natural-silk-cowl-neck-top\/#primaryimage"},"thumbnailUrl":"https:\/\/i0.wp.com\/magnoliasilk.com\/wp-content\/uploads\/2021\/11\/DSC03440-scaled.jpg?fit=1707%2C2560&ssl=1","datePublished":"2021-11-22T18:14:12+00:00","dateModified":"2022-08-17T09:37:26+00:00","description":"A glamorous silk top that will look perfectly splendid with anything you wear. Timeless design to compliment your body and make you look and feel stunning.","breadcrumb":{"@id":"https:\/\/magnoliasilk.com\/lv\/products\/luxurious-100-natural-silk-cowl-neck-top\/#breadcrumb"},"inLanguage":"lv-LV","potentialAction":[{"@type":"ReadAction","target":["https:\/\/magnoliasilk.com\/lv\/products\/luxurious-100-natural-silk-cowl-neck-top\/"]}]},{"@type":"ImageObject","inLanguage":"lv-LV","@id":"https:\/\/magnoliasilk.com\/lv\/products\/luxurious-100-natural-silk-cowl-neck-top\/#primaryimage","url":"https:\/\/i0.wp.com\/magnoliasilk.com\/wp-content\/uploads\/2021\/11\/DSC03440-scaled.jpg?fit=1707%2C2560&ssl=1","contentUrl":"https:\/\/i0.wp.com\/magnoliasilk.com\/wp-content\/uploads\/2021\/11\/DSC03440-scaled.jpg?fit=1707%2C2560&ssl=1","width":1707,"height":2560},{"@type":"BreadcrumbList","@id":"https:\/\/magnoliasilk.com\/lv\/products\/luxurious-100-natural-silk-cowl-neck-top\/#breadcrumb","itemListElement":[{"@type":"ListItem","position":1,"name":"Home","item":"https:\/\/magnoliasilk.com\/lv\/"},{"@type":"ListItem","position":2,"name":"Shop","item":"https:\/\/magnoliasilk.com\/lv\/shop-3\/"},{"@type":"ListItem","position":3,"name":"Luksuss 100% z\u012bda tops"}]},{"@type":"WebSite","@id":"https:\/\/magnoliasilk.com\/#website","url":"https:\/\/magnoliasilk.com\/","name":"Magnolia silk collection","description":"Mulberry silk products by Magnolia","publisher":{"@id":"https:\/\/magnoliasilk.com\/#organization"},"potentialAction":[{"@type":"SearchAction","target":{"@type":"EntryPoint","urlTemplate":"https:\/\/magnoliasilk.com\/?s={search_term_string}"},"query-input":{"@type":"PropertyValueSpecification","valueRequired":true,"valueName":"search_term_string"}}],"inLanguage":"lv-LV"},{"@type":"Organization","@id":"https:\/\/magnoliasilk.com\/#organization","name":"Magnolia silk collection","url":"https:\/\/magnoliasilk.com\/","logo":{"@type":"ImageObject","inLanguage":"lv-LV","@id":"https:\/\/magnoliasilk.com\/#\/schema\/logo\/image\/","url":"https:\/\/i1.wp.com\/magnoliasilk.com\/wp-content\/uploads\/2021\/06\/cropped-magnolia-1.png?fit=369%2C80&ssl=1","contentUrl":"https:\/\/i1.wp.com\/magnoliasilk.com\/wp-content\/uploads\/2021\/06\/cropped-magnolia-1.png?fit=369%2C80&ssl=1","width":369,"height":80,"caption":"Magnolia silk collection"},"image":{"@id":"https:\/\/magnoliasilk.com\/#\/schema\/logo\/image\/"},"sameAs":["https:\/\/www.facebook.com\/Magnoliasilkcollection","https:\/\/www.instagram.com\/magnolia.silk\/","https:\/\/www.pinterest.com\/magnoliasilkcollection\/"]}]}},"jetpack_sharing_enabled":true,"_links":{"self":[{"href":"https:\/\/magnoliasilk.com\/lv\/wp-json\/wp\/v2\/product\/9283","targetHints":{"allow":["GET"]}}],"collection":[{"href":"https:\/\/magnoliasilk.com\/lv\/wp-json\/wp\/v2\/product"}],"about":[{"href":"https:\/\/magnoliasilk.com\/lv\/wp-json\/wp\/v2\/types\/product"}],"wp:featuredmedia":[{"embeddable":true,"href":"https:\/\/magnoliasilk.com\/lv\/wp-json\/wp\/v2\/media\/10309"}],"wp:attachment":[{"href":"https:\/\/magnoliasilk.com\/lv\/wp-json\/wp\/v2\/media?parent=9283"}],"wp:term":[{"taxonomy":"product_brand","embeddable":true,"href":"https:\/\/magnoliasilk.com\/lv\/wp-json\/wp\/v2\/product_brand?post=9283"},{"taxonomy":"product_cat","embeddable":true,"href":"https:\/\/magnoliasilk.com\/lv\/wp-json\/wp\/v2\/product_cat?post=9283"},{"taxonomy":"product_tag","embeddable":true,"href":"https:\/\/magnoliasilk.com\/lv\/wp-json\/wp\/v2\/product_tag?post=9283"}],"curies":[{"name":"wp","href":"https:\/\/api.w.org\/{rel}","templated":true}]}}