{"id":6617,"date":"2021-05-20T23:25:19","date_gmt":"2021-05-20T20:25:19","guid":{"rendered":"https:\/\/magnoliasilk.com\/?post_type=product&#038;p=6617"},"modified":"2023-01-01T00:06:59","modified_gmt":"2022-12-31T22:06:59","slug":"magnolia-twilly-zida-salle-pure","status":"publish","type":"product","link":"https:\/\/magnoliasilk.com\/lv\/products\/magnolia-twilly-zida-salle-pure\/","title":{"rendered":"Magnolia twilly z\u012bda \u0161alle PURE"},"content":{"rendered":"<p>S\u012bk\u0101ka inform\u0101cija:<\/p>\n<p>-Magnolia &#8220;Twilly&#8220; z\u012bda \u0161alle ir pieejama divos izm\u0113ros: 147cm un 107cm<br \/>\n-Ja j\u016bs v\u0113laties izmantot Magnolia z\u012bda &#8220;Twilly&#8220; \u0161alli k\u0101 matu rotu, tad iesak\u0101m izv\u0113l\u0113ties 147 cm<br \/>\n-100% z\u012bds<br \/>\n-Magnolia d\u0101vanu kaste ir iek\u013cauta cen\u0101<\/p>\n","protected":false},"excerpt":{"rendered":"<p>&#8220;Twilly&#8220; ir gara un \u0161aura \u0161alle, kas izgatavota no 100% z\u012bda. Tas ir fantastisks aksesu\u0101rs, kuru varat izmantot k\u0101 kakla \u0161alli, somas aksesu\u0101ru, matu lenti un daudz ko citu. &#8220;Twilly&#8220; var viegli papildin\u0101t j\u016bsu ikdienas ap\u0123\u0113rbu un aksesu\u0101rus p\u0101rsteidzo\u0161os veidos, t\u0101p\u0113c j\u016bsu dz\u012bv\u0113 jums ir nepiecie\u0161ama trend\u012bg\u0101 &#8220;Twilly&#8220; 100% z\u012bda \u0161alle.<\/p>\n<p>\u0160\u012b z\u012bda \u0161alle ir pieejama divos izm\u0113ros-\u012bs\u0101ka un gar\u0101ka. Izv\u0113lies atbilsto\u0161o garumu v\u0113lamajam izmanto\u0161anas m\u0113r\u0137im.<\/p>\n","protected":false},"featured_media":7097,"template":"","meta":[],"product_brand":[],"product_cat":[235],"product_tag":[],"class_list":{"0":"post-6617","1":"product","2":"type-product","3":"status-publish","4":"has-post-thumbnail","6":"product_cat-silk-scarves-lv","8":"first","9":"instock","10":"sale","11":"taxable","12":"shipping-taxable","13":"purchasable","14":"product-type-variable","15":"has-default-attributes"},"exclude_global_add_ons":false,"addons":[{"name":"\u00a0","type":"multiple_choice","position":0,"required":true,"title_format":"hide","default":"","description_enable":false,"description":"","placeholder_enable":false,"placeholder":"","display":"radiobutton","restrictions_type":"any_text","adjust_price":false,"price":"","price_type":"flat_fee","restrictions":false,"min":"0","max":"0","options":[{"label":"No giftbox","price":"","price_type":"flat_fee","image":0,"visibility":true},{"label":"Luxurious Magnolia white giftbox","price":"2.5","price_type":"quantity_based","image":4077,"visibility":true}],"id":1668980122}],"yoast_head":"<!-- This site is optimized with the Yoast SEO plugin v27.2 - https:\/\/yoast.com\/product\/yoast-seo-wordpress\/ -->\n<title>Magnolia twilly z\u012bda \u0161alle PURE - Magnolia silk collection<\/title>\n<meta name=\"robots\" content=\"index, follow, max-snippet:-1, max-image-preview:large, max-video-preview:-1\" \/>\n<link rel=\"canonical\" href=\"https:\/\/magnoliasilk.com\/lv\/products\/magnolia-twilly-zida-salle-pure\/\" \/>\n<meta property=\"og:locale\" content=\"lv_LV\" \/>\n<meta property=\"og:type\" content=\"article\" \/>\n<meta property=\"og:title\" content=\"Magnolia twilly z\u012bda \u0161alle PURE - Magnolia silk collection\" \/>\n<meta property=\"og:description\" content=\"``Twilly`` ir gara un \u0161aura \u0161alle, kas izgatavota no 100% z\u012bda. Tas ir fantastisks aksesu\u0101rs, kuru varat izmantot k\u0101 kakla \u0161alli, somas aksesu\u0101ru, matu lenti un daudz ko citu. ``Twilly`` var viegli papildin\u0101t j\u016bsu ikdienas ap\u0123\u0113rbu un aksesu\u0101rus p\u0101rsteidzo\u0161os veidos, t\u0101p\u0113c j\u016bsu dz\u012bv\u0113 jums ir nepiecie\u0161ama trend\u012bg\u0101 ``Twilly`` 100% z\u012bda \u0161alle.  \u0160\u012b z\u012bda \u0161alle ir pieejama divos izm\u0113ros-\u012bs\u0101ka un gar\u0101ka. Izv\u0113lies atbilsto\u0161o garumu v\u0113lamajam izmanto\u0161anas m\u0113r\u0137im.\" \/>\n<meta property=\"og:url\" content=\"https:\/\/magnoliasilk.com\/lv\/products\/magnolia-twilly-zida-salle-pure\/\" \/>\n<meta property=\"og:site_name\" content=\"Magnolia silk collection\" \/>\n<meta property=\"article:publisher\" content=\"https:\/\/www.facebook.com\/Magnoliasilkcollection\" \/>\n<meta property=\"article:modified_time\" content=\"2022-12-31T22:06:59+00:00\" \/>\n<meta property=\"og:image\" content=\"https:\/\/magnoliasilk.com\/wp-content\/uploads\/2021\/05\/Avatar-1-scaled.jpg\" \/>\n\t<meta property=\"og:image:width\" content=\"1707\" \/>\n\t<meta property=\"og:image:height\" content=\"2560\" \/>\n\t<meta property=\"og:image:type\" content=\"image\/jpeg\" \/>\n<meta name=\"twitter:card\" content=\"summary_large_image\" \/>\n<meta name=\"twitter:label1\" content=\"Est. reading time\" \/>\n\t<meta name=\"twitter:data1\" content=\"1 min\u016b\u0161u\" \/>\n<script type=\"application\/ld+json\" class=\"yoast-schema-graph\">{\"@context\":\"https:\/\/schema.org\",\"@graph\":[{\"@type\":\"WebPage\",\"@id\":\"https:\/\/magnoliasilk.com\/lv\/products\/magnolia-twilly-zida-salle-pure\/\",\"url\":\"https:\/\/magnoliasilk.com\/lv\/products\/magnolia-twilly-zida-salle-pure\/\",\"name\":\"Magnolia twilly z\u012bda \u0161alle PURE - Magnolia silk collection\",\"isPartOf\":{\"@id\":\"https:\/\/magnoliasilk.com\/#website\"},\"primaryImageOfPage\":{\"@id\":\"https:\/\/magnoliasilk.com\/lv\/products\/magnolia-twilly-zida-salle-pure\/#primaryimage\"},\"image\":{\"@id\":\"https:\/\/magnoliasilk.com\/lv\/products\/magnolia-twilly-zida-salle-pure\/#primaryimage\"},\"thumbnailUrl\":\"https:\/\/i0.wp.com\/magnoliasilk.com\/wp-content\/uploads\/2021\/05\/B956F579-BC50-4EBD-BC05-C694E9A529B4-scaled.jpg?fit=1707%2C2560&ssl=1\",\"datePublished\":\"2021-05-20T20:25:19+00:00\",\"dateModified\":\"2022-12-31T22:06:59+00:00\",\"breadcrumb\":{\"@id\":\"https:\/\/magnoliasilk.com\/lv\/products\/magnolia-twilly-zida-salle-pure\/#breadcrumb\"},\"inLanguage\":\"lv-LV\",\"potentialAction\":[{\"@type\":\"ReadAction\",\"target\":[\"https:\/\/magnoliasilk.com\/lv\/products\/magnolia-twilly-zida-salle-pure\/\"]}]},{\"@type\":\"ImageObject\",\"inLanguage\":\"lv-LV\",\"@id\":\"https:\/\/magnoliasilk.com\/lv\/products\/magnolia-twilly-zida-salle-pure\/#primaryimage\",\"url\":\"https:\/\/i0.wp.com\/magnoliasilk.com\/wp-content\/uploads\/2021\/05\/B956F579-BC50-4EBD-BC05-C694E9A529B4-scaled.jpg?fit=1707%2C2560&ssl=1\",\"contentUrl\":\"https:\/\/i0.wp.com\/magnoliasilk.com\/wp-content\/uploads\/2021\/05\/B956F579-BC50-4EBD-BC05-C694E9A529B4-scaled.jpg?fit=1707%2C2560&ssl=1\",\"width\":1707,\"height\":2560},{\"@type\":\"BreadcrumbList\",\"@id\":\"https:\/\/magnoliasilk.com\/lv\/products\/magnolia-twilly-zida-salle-pure\/#breadcrumb\",\"itemListElement\":[{\"@type\":\"ListItem\",\"position\":1,\"name\":\"Home\",\"item\":\"https:\/\/magnoliasilk.com\/lv\/\"},{\"@type\":\"ListItem\",\"position\":2,\"name\":\"Shop\",\"item\":\"https:\/\/magnoliasilk.com\/lv\/shop-3\/\"},{\"@type\":\"ListItem\",\"position\":3,\"name\":\"Magnolia twilly z\u012bda \u0161alle PURE\"}]},{\"@type\":\"WebSite\",\"@id\":\"https:\/\/magnoliasilk.com\/#website\",\"url\":\"https:\/\/magnoliasilk.com\/\",\"name\":\"Magnolia silk collection\",\"description\":\"Mulberry silk products by Magnolia\",\"publisher\":{\"@id\":\"https:\/\/magnoliasilk.com\/#organization\"},\"potentialAction\":[{\"@type\":\"SearchAction\",\"target\":{\"@type\":\"EntryPoint\",\"urlTemplate\":\"https:\/\/magnoliasilk.com\/?s={search_term_string}\"},\"query-input\":{\"@type\":\"PropertyValueSpecification\",\"valueRequired\":true,\"valueName\":\"search_term_string\"}}],\"inLanguage\":\"lv-LV\"},{\"@type\":\"Organization\",\"@id\":\"https:\/\/magnoliasilk.com\/#organization\",\"name\":\"Magnolia silk collection\",\"url\":\"https:\/\/magnoliasilk.com\/\",\"logo\":{\"@type\":\"ImageObject\",\"inLanguage\":\"lv-LV\",\"@id\":\"https:\/\/magnoliasilk.com\/#\/schema\/logo\/image\/\",\"url\":\"https:\/\/i1.wp.com\/magnoliasilk.com\/wp-content\/uploads\/2021\/06\/cropped-magnolia-1.png?fit=369%2C80&ssl=1\",\"contentUrl\":\"https:\/\/i1.wp.com\/magnoliasilk.com\/wp-content\/uploads\/2021\/06\/cropped-magnolia-1.png?fit=369%2C80&ssl=1\",\"width\":369,\"height\":80,\"caption\":\"Magnolia silk collection\"},\"image\":{\"@id\":\"https:\/\/magnoliasilk.com\/#\/schema\/logo\/image\/\"},\"sameAs\":[\"https:\/\/www.facebook.com\/Magnoliasilkcollection\",\"https:\/\/www.instagram.com\/magnolia.silk\/\",\"https:\/\/www.pinterest.com\/magnoliasilkcollection\/\"]}]}<\/script>\n<!-- \/ Yoast SEO plugin. -->","yoast_head_json":{"title":"Magnolia twilly z\u012bda \u0161alle PURE - Magnolia silk collection","robots":{"index":"index","follow":"follow","max-snippet":"max-snippet:-1","max-image-preview":"max-image-preview:large","max-video-preview":"max-video-preview:-1"},"canonical":"https:\/\/magnoliasilk.com\/lv\/products\/magnolia-twilly-zida-salle-pure\/","og_locale":"lv_LV","og_type":"article","og_title":"Magnolia twilly z\u012bda \u0161alle PURE - Magnolia silk collection","og_description":"``Twilly`` ir gara un \u0161aura \u0161alle, kas izgatavota no 100% z\u012bda. Tas ir fantastisks aksesu\u0101rs, kuru varat izmantot k\u0101 kakla \u0161alli, somas aksesu\u0101ru, matu lenti un daudz ko citu. ``Twilly`` var viegli papildin\u0101t j\u016bsu ikdienas ap\u0123\u0113rbu un aksesu\u0101rus p\u0101rsteidzo\u0161os veidos, t\u0101p\u0113c j\u016bsu dz\u012bv\u0113 jums ir nepiecie\u0161ama trend\u012bg\u0101 ``Twilly`` 100% z\u012bda \u0161alle.  \u0160\u012b z\u012bda \u0161alle ir pieejama divos izm\u0113ros-\u012bs\u0101ka un gar\u0101ka. Izv\u0113lies atbilsto\u0161o garumu v\u0113lamajam izmanto\u0161anas m\u0113r\u0137im.","og_url":"https:\/\/magnoliasilk.com\/lv\/products\/magnolia-twilly-zida-salle-pure\/","og_site_name":"Magnolia silk collection","article_publisher":"https:\/\/www.facebook.com\/Magnoliasilkcollection","article_modified_time":"2022-12-31T22:06:59+00:00","og_image":[{"width":1707,"height":2560,"url":"https:\/\/magnoliasilk.com\/wp-content\/uploads\/2021\/05\/Avatar-1-scaled.jpg","type":"image\/jpeg"}],"twitter_card":"summary_large_image","twitter_misc":{"Est. reading time":"1 min\u016b\u0161u"},"schema":{"@context":"https:\/\/schema.org","@graph":[{"@type":"WebPage","@id":"https:\/\/magnoliasilk.com\/lv\/products\/magnolia-twilly-zida-salle-pure\/","url":"https:\/\/magnoliasilk.com\/lv\/products\/magnolia-twilly-zida-salle-pure\/","name":"Magnolia twilly z\u012bda \u0161alle PURE - Magnolia silk collection","isPartOf":{"@id":"https:\/\/magnoliasilk.com\/#website"},"primaryImageOfPage":{"@id":"https:\/\/magnoliasilk.com\/lv\/products\/magnolia-twilly-zida-salle-pure\/#primaryimage"},"image":{"@id":"https:\/\/magnoliasilk.com\/lv\/products\/magnolia-twilly-zida-salle-pure\/#primaryimage"},"thumbnailUrl":"https:\/\/i0.wp.com\/magnoliasilk.com\/wp-content\/uploads\/2021\/05\/B956F579-BC50-4EBD-BC05-C694E9A529B4-scaled.jpg?fit=1707%2C2560&ssl=1","datePublished":"2021-05-20T20:25:19+00:00","dateModified":"2022-12-31T22:06:59+00:00","breadcrumb":{"@id":"https:\/\/magnoliasilk.com\/lv\/products\/magnolia-twilly-zida-salle-pure\/#breadcrumb"},"inLanguage":"lv-LV","potentialAction":[{"@type":"ReadAction","target":["https:\/\/magnoliasilk.com\/lv\/products\/magnolia-twilly-zida-salle-pure\/"]}]},{"@type":"ImageObject","inLanguage":"lv-LV","@id":"https:\/\/magnoliasilk.com\/lv\/products\/magnolia-twilly-zida-salle-pure\/#primaryimage","url":"https:\/\/i0.wp.com\/magnoliasilk.com\/wp-content\/uploads\/2021\/05\/B956F579-BC50-4EBD-BC05-C694E9A529B4-scaled.jpg?fit=1707%2C2560&ssl=1","contentUrl":"https:\/\/i0.wp.com\/magnoliasilk.com\/wp-content\/uploads\/2021\/05\/B956F579-BC50-4EBD-BC05-C694E9A529B4-scaled.jpg?fit=1707%2C2560&ssl=1","width":1707,"height":2560},{"@type":"BreadcrumbList","@id":"https:\/\/magnoliasilk.com\/lv\/products\/magnolia-twilly-zida-salle-pure\/#breadcrumb","itemListElement":[{"@type":"ListItem","position":1,"name":"Home","item":"https:\/\/magnoliasilk.com\/lv\/"},{"@type":"ListItem","position":2,"name":"Shop","item":"https:\/\/magnoliasilk.com\/lv\/shop-3\/"},{"@type":"ListItem","position":3,"name":"Magnolia twilly z\u012bda \u0161alle PURE"}]},{"@type":"WebSite","@id":"https:\/\/magnoliasilk.com\/#website","url":"https:\/\/magnoliasilk.com\/","name":"Magnolia silk collection","description":"Mulberry silk products by Magnolia","publisher":{"@id":"https:\/\/magnoliasilk.com\/#organization"},"potentialAction":[{"@type":"SearchAction","target":{"@type":"EntryPoint","urlTemplate":"https:\/\/magnoliasilk.com\/?s={search_term_string}"},"query-input":{"@type":"PropertyValueSpecification","valueRequired":true,"valueName":"search_term_string"}}],"inLanguage":"lv-LV"},{"@type":"Organization","@id":"https:\/\/magnoliasilk.com\/#organization","name":"Magnolia silk collection","url":"https:\/\/magnoliasilk.com\/","logo":{"@type":"ImageObject","inLanguage":"lv-LV","@id":"https:\/\/magnoliasilk.com\/#\/schema\/logo\/image\/","url":"https:\/\/i1.wp.com\/magnoliasilk.com\/wp-content\/uploads\/2021\/06\/cropped-magnolia-1.png?fit=369%2C80&ssl=1","contentUrl":"https:\/\/i1.wp.com\/magnoliasilk.com\/wp-content\/uploads\/2021\/06\/cropped-magnolia-1.png?fit=369%2C80&ssl=1","width":369,"height":80,"caption":"Magnolia silk collection"},"image":{"@id":"https:\/\/magnoliasilk.com\/#\/schema\/logo\/image\/"},"sameAs":["https:\/\/www.facebook.com\/Magnoliasilkcollection","https:\/\/www.instagram.com\/magnolia.silk\/","https:\/\/www.pinterest.com\/magnoliasilkcollection\/"]}]}},"jetpack_sharing_enabled":true,"_links":{"self":[{"href":"https:\/\/magnoliasilk.com\/lv\/wp-json\/wp\/v2\/product\/6617","targetHints":{"allow":["GET"]}}],"collection":[{"href":"https:\/\/magnoliasilk.com\/lv\/wp-json\/wp\/v2\/product"}],"about":[{"href":"https:\/\/magnoliasilk.com\/lv\/wp-json\/wp\/v2\/types\/product"}],"wp:featuredmedia":[{"embeddable":true,"href":"https:\/\/magnoliasilk.com\/lv\/wp-json\/wp\/v2\/media\/7097"}],"wp:attachment":[{"href":"https:\/\/magnoliasilk.com\/lv\/wp-json\/wp\/v2\/media?parent=6617"}],"wp:term":[{"taxonomy":"product_brand","embeddable":true,"href":"https:\/\/magnoliasilk.com\/lv\/wp-json\/wp\/v2\/product_brand?post=6617"},{"taxonomy":"product_cat","embeddable":true,"href":"https:\/\/magnoliasilk.com\/lv\/wp-json\/wp\/v2\/product_cat?post=6617"},{"taxonomy":"product_tag","embeddable":true,"href":"https:\/\/magnoliasilk.com\/lv\/wp-json\/wp\/v2\/product_tag?post=6617"}],"curies":[{"name":"wp","href":"https:\/\/api.w.org\/{rel}","templated":true}]}}