{"id":5709,"date":"2021-04-29T12:07:41","date_gmt":"2021-04-29T09:07:41","guid":{"rendered":"https:\/\/magnoliasilk.com\/product\/gift-card\/"},"modified":"2022-05-09T18:36:02","modified_gmt":"2022-05-09T15:36:02","slug":"gift-card","status":"publish","type":"product","link":"https:\/\/magnoliasilk.com\/lv\/products\/gift-card\/","title":{"rendered":"D\u0101vanu karte"},"content":{"rendered":"","protected":false},"excerpt":{"rendered":"<p>D\u0101vanu karte visai Magnolia augst\u0101k\u0101s kvalitates Mulberry z\u012bda izstr\u0101d\u0101jumu kolekcijai.<\/p>\n<p>Izvelies sev v\u0113lamo d\u0101vanu kartes v\u0113rt\u012bbu un Tu sa\u0146emsi elektronisko d\u0101vanu karti uz savu nor\u0101d\u012bto e.p. adresi.<\/p>\n<p>Tu vari izv\u0113l\u0113ties da\u017e\u0101das v\u0113rt\u012bbas, lai ieg\u0101d\u0101tos d\u0101vanu karti sev v\u0113lamaj\u0101 summ\u0101.<\/p>\n","protected":false},"featured_media":11019,"template":"","meta":[],"product_brand":[],"product_cat":[179],"product_tag":[],"class_list":{"0":"post-5709","1":"product","2":"type-product","3":"status-publish","4":"has-post-thumbnail","6":"product_cat-gift-cards-lv","8":"first","9":"instock","10":"taxable","11":"shipping-taxable","12":"purchasable","13":"product-type-variable","14":"has-default-attributes"},"exclude_global_add_ons":[],"addons":[],"yoast_head":"<!-- This site is optimized with the Yoast SEO plugin v27.4 - https:\/\/yoast.com\/product\/yoast-seo-wordpress\/ -->\n<title>D\u0101vanu karte - Magnolia silk collection<\/title>\n<meta name=\"robots\" content=\"index, follow, max-snippet:-1, max-image-preview:large, max-video-preview:-1\" \/>\n<link rel=\"canonical\" href=\"https:\/\/magnoliasilk.com\/lv\/products\/gift-card\/\" \/>\n<meta property=\"og:locale\" content=\"lv_LV\" \/>\n<meta property=\"og:type\" content=\"article\" \/>\n<meta property=\"og:title\" content=\"D\u0101vanu karte - Magnolia silk collection\" \/>\n<meta property=\"og:description\" content=\"D\u0101vanu karte visai Magnolia augst\u0101k\u0101s kvalitates Mulberry z\u012bda izstr\u0101d\u0101jumu kolekcijai.  Izvelies sev v\u0113lamo d\u0101vanu kartes v\u0113rt\u012bbu un Tu sa\u0146emsi elektronisko d\u0101vanu karti uz savu nor\u0101d\u012bto e.p. adresi.  Tu vari izv\u0113l\u0113ties da\u017e\u0101das v\u0113rt\u012bbas, lai ieg\u0101d\u0101tos d\u0101vanu karti sev v\u0113lamaj\u0101 summ\u0101.\" \/>\n<meta property=\"og:url\" content=\"https:\/\/magnoliasilk.com\/lv\/products\/gift-card\/\" \/>\n<meta property=\"og:site_name\" content=\"Magnolia silk collection\" \/>\n<meta property=\"article:publisher\" content=\"https:\/\/www.facebook.com\/Magnoliasilkcollection\" \/>\n<meta property=\"article:modified_time\" content=\"2022-05-09T15:36:02+00:00\" \/>\n<meta property=\"og:image\" content=\"https:\/\/magnoliasilk.com\/wp-content\/uploads\/2021\/04\/1-2.png\" \/>\n\t<meta property=\"og:image:width\" content=\"480\" \/>\n\t<meta property=\"og:image:height\" content=\"672\" \/>\n\t<meta property=\"og:image:type\" content=\"image\/png\" \/>\n<meta name=\"twitter:card\" content=\"summary_large_image\" \/>\n<script type=\"application\/ld+json\" class=\"yoast-schema-graph\">{\"@context\":\"https:\\\/\\\/schema.org\",\"@graph\":[{\"@type\":\"WebPage\",\"@id\":\"https:\\\/\\\/magnoliasilk.com\\\/lv\\\/products\\\/gift-card\\\/\",\"url\":\"https:\\\/\\\/magnoliasilk.com\\\/lv\\\/products\\\/gift-card\\\/\",\"name\":\"D\u0101vanu karte - Magnolia silk collection\",\"isPartOf\":{\"@id\":\"https:\\\/\\\/magnoliasilk.com\\\/#website\"},\"primaryImageOfPage\":{\"@id\":\"https:\\\/\\\/magnoliasilk.com\\\/lv\\\/products\\\/gift-card\\\/#primaryimage\"},\"image\":{\"@id\":\"https:\\\/\\\/magnoliasilk.com\\\/lv\\\/products\\\/gift-card\\\/#primaryimage\"},\"thumbnailUrl\":\"https:\\\/\\\/i0.wp.com\\\/magnoliasilk.com\\\/wp-content\\\/uploads\\\/2021\\\/04\\\/1-2.png?fit=480%2C672&ssl=1\",\"datePublished\":\"2021-04-29T09:07:41+00:00\",\"dateModified\":\"2022-05-09T15:36:02+00:00\",\"breadcrumb\":{\"@id\":\"https:\\\/\\\/magnoliasilk.com\\\/lv\\\/products\\\/gift-card\\\/#breadcrumb\"},\"inLanguage\":\"lv-LV\",\"potentialAction\":[{\"@type\":\"ReadAction\",\"target\":[\"https:\\\/\\\/magnoliasilk.com\\\/lv\\\/products\\\/gift-card\\\/\"]}]},{\"@type\":\"ImageObject\",\"inLanguage\":\"lv-LV\",\"@id\":\"https:\\\/\\\/magnoliasilk.com\\\/lv\\\/products\\\/gift-card\\\/#primaryimage\",\"url\":\"https:\\\/\\\/i0.wp.com\\\/magnoliasilk.com\\\/wp-content\\\/uploads\\\/2021\\\/04\\\/1-2.png?fit=480%2C672&ssl=1\",\"contentUrl\":\"https:\\\/\\\/i0.wp.com\\\/magnoliasilk.com\\\/wp-content\\\/uploads\\\/2021\\\/04\\\/1-2.png?fit=480%2C672&ssl=1\",\"width\":480,\"height\":672},{\"@type\":\"BreadcrumbList\",\"@id\":\"https:\\\/\\\/magnoliasilk.com\\\/lv\\\/products\\\/gift-card\\\/#breadcrumb\",\"itemListElement\":[{\"@type\":\"ListItem\",\"position\":1,\"name\":\"Home\",\"item\":\"https:\\\/\\\/magnoliasilk.com\\\/lv\\\/\"},{\"@type\":\"ListItem\",\"position\":2,\"name\":\"Shop\",\"item\":\"https:\\\/\\\/magnoliasilk.com\\\/lv\\\/shop-3\\\/\"},{\"@type\":\"ListItem\",\"position\":3,\"name\":\"D\u0101vanu karte\"}]},{\"@type\":\"WebSite\",\"@id\":\"https:\\\/\\\/magnoliasilk.com\\\/#website\",\"url\":\"https:\\\/\\\/magnoliasilk.com\\\/\",\"name\":\"Magnolia silk collection\",\"description\":\"Mulberry silk products by Magnolia\",\"publisher\":{\"@id\":\"https:\\\/\\\/magnoliasilk.com\\\/#organization\"},\"potentialAction\":[{\"@type\":\"SearchAction\",\"target\":{\"@type\":\"EntryPoint\",\"urlTemplate\":\"https:\\\/\\\/magnoliasilk.com\\\/?s={search_term_string}\"},\"query-input\":{\"@type\":\"PropertyValueSpecification\",\"valueRequired\":true,\"valueName\":\"search_term_string\"}}],\"inLanguage\":\"lv-LV\"},{\"@type\":\"Organization\",\"@id\":\"https:\\\/\\\/magnoliasilk.com\\\/#organization\",\"name\":\"Magnolia silk collection\",\"url\":\"https:\\\/\\\/magnoliasilk.com\\\/\",\"logo\":{\"@type\":\"ImageObject\",\"inLanguage\":\"lv-LV\",\"@id\":\"https:\\\/\\\/magnoliasilk.com\\\/#\\\/schema\\\/logo\\\/image\\\/\",\"url\":\"https:\\\/\\\/i1.wp.com\\\/magnoliasilk.com\\\/wp-content\\\/uploads\\\/2021\\\/06\\\/cropped-magnolia-1.png?fit=369%2C80&ssl=1\",\"contentUrl\":\"https:\\\/\\\/i1.wp.com\\\/magnoliasilk.com\\\/wp-content\\\/uploads\\\/2021\\\/06\\\/cropped-magnolia-1.png?fit=369%2C80&ssl=1\",\"width\":369,\"height\":80,\"caption\":\"Magnolia silk collection\"},\"image\":{\"@id\":\"https:\\\/\\\/magnoliasilk.com\\\/#\\\/schema\\\/logo\\\/image\\\/\"},\"sameAs\":[\"https:\\\/\\\/www.facebook.com\\\/Magnoliasilkcollection\",\"https:\\\/\\\/www.instagram.com\\\/magnolia.silk\\\/\",\"https:\\\/\\\/www.pinterest.com\\\/magnoliasilkcollection\\\/\"]}]}<\/script>\n<!-- \/ Yoast SEO plugin. -->","yoast_head_json":{"title":"D\u0101vanu karte - Magnolia silk collection","robots":{"index":"index","follow":"follow","max-snippet":"max-snippet:-1","max-image-preview":"max-image-preview:large","max-video-preview":"max-video-preview:-1"},"canonical":"https:\/\/magnoliasilk.com\/lv\/products\/gift-card\/","og_locale":"lv_LV","og_type":"article","og_title":"D\u0101vanu karte - Magnolia silk collection","og_description":"D\u0101vanu karte visai Magnolia augst\u0101k\u0101s kvalitates Mulberry z\u012bda izstr\u0101d\u0101jumu kolekcijai.  Izvelies sev v\u0113lamo d\u0101vanu kartes v\u0113rt\u012bbu un Tu sa\u0146emsi elektronisko d\u0101vanu karti uz savu nor\u0101d\u012bto e.p. adresi.  Tu vari izv\u0113l\u0113ties da\u017e\u0101das v\u0113rt\u012bbas, lai ieg\u0101d\u0101tos d\u0101vanu karti sev v\u0113lamaj\u0101 summ\u0101.","og_url":"https:\/\/magnoliasilk.com\/lv\/products\/gift-card\/","og_site_name":"Magnolia silk collection","article_publisher":"https:\/\/www.facebook.com\/Magnoliasilkcollection","article_modified_time":"2022-05-09T15:36:02+00:00","og_image":[{"width":480,"height":672,"url":"https:\/\/magnoliasilk.com\/wp-content\/uploads\/2021\/04\/1-2.png","type":"image\/png"}],"twitter_card":"summary_large_image","schema":{"@context":"https:\/\/schema.org","@graph":[{"@type":"WebPage","@id":"https:\/\/magnoliasilk.com\/lv\/products\/gift-card\/","url":"https:\/\/magnoliasilk.com\/lv\/products\/gift-card\/","name":"D\u0101vanu karte - Magnolia silk collection","isPartOf":{"@id":"https:\/\/magnoliasilk.com\/#website"},"primaryImageOfPage":{"@id":"https:\/\/magnoliasilk.com\/lv\/products\/gift-card\/#primaryimage"},"image":{"@id":"https:\/\/magnoliasilk.com\/lv\/products\/gift-card\/#primaryimage"},"thumbnailUrl":"https:\/\/i0.wp.com\/magnoliasilk.com\/wp-content\/uploads\/2021\/04\/1-2.png?fit=480%2C672&ssl=1","datePublished":"2021-04-29T09:07:41+00:00","dateModified":"2022-05-09T15:36:02+00:00","breadcrumb":{"@id":"https:\/\/magnoliasilk.com\/lv\/products\/gift-card\/#breadcrumb"},"inLanguage":"lv-LV","potentialAction":[{"@type":"ReadAction","target":["https:\/\/magnoliasilk.com\/lv\/products\/gift-card\/"]}]},{"@type":"ImageObject","inLanguage":"lv-LV","@id":"https:\/\/magnoliasilk.com\/lv\/products\/gift-card\/#primaryimage","url":"https:\/\/i0.wp.com\/magnoliasilk.com\/wp-content\/uploads\/2021\/04\/1-2.png?fit=480%2C672&ssl=1","contentUrl":"https:\/\/i0.wp.com\/magnoliasilk.com\/wp-content\/uploads\/2021\/04\/1-2.png?fit=480%2C672&ssl=1","width":480,"height":672},{"@type":"BreadcrumbList","@id":"https:\/\/magnoliasilk.com\/lv\/products\/gift-card\/#breadcrumb","itemListElement":[{"@type":"ListItem","position":1,"name":"Home","item":"https:\/\/magnoliasilk.com\/lv\/"},{"@type":"ListItem","position":2,"name":"Shop","item":"https:\/\/magnoliasilk.com\/lv\/shop-3\/"},{"@type":"ListItem","position":3,"name":"D\u0101vanu karte"}]},{"@type":"WebSite","@id":"https:\/\/magnoliasilk.com\/#website","url":"https:\/\/magnoliasilk.com\/","name":"Magnolia silk collection","description":"Mulberry silk products by Magnolia","publisher":{"@id":"https:\/\/magnoliasilk.com\/#organization"},"potentialAction":[{"@type":"SearchAction","target":{"@type":"EntryPoint","urlTemplate":"https:\/\/magnoliasilk.com\/?s={search_term_string}"},"query-input":{"@type":"PropertyValueSpecification","valueRequired":true,"valueName":"search_term_string"}}],"inLanguage":"lv-LV"},{"@type":"Organization","@id":"https:\/\/magnoliasilk.com\/#organization","name":"Magnolia silk collection","url":"https:\/\/magnoliasilk.com\/","logo":{"@type":"ImageObject","inLanguage":"lv-LV","@id":"https:\/\/magnoliasilk.com\/#\/schema\/logo\/image\/","url":"https:\/\/i1.wp.com\/magnoliasilk.com\/wp-content\/uploads\/2021\/06\/cropped-magnolia-1.png?fit=369%2C80&ssl=1","contentUrl":"https:\/\/i1.wp.com\/magnoliasilk.com\/wp-content\/uploads\/2021\/06\/cropped-magnolia-1.png?fit=369%2C80&ssl=1","width":369,"height":80,"caption":"Magnolia silk collection"},"image":{"@id":"https:\/\/magnoliasilk.com\/#\/schema\/logo\/image\/"},"sameAs":["https:\/\/www.facebook.com\/Magnoliasilkcollection","https:\/\/www.instagram.com\/magnolia.silk\/","https:\/\/www.pinterest.com\/magnoliasilkcollection\/"]}]}},"jetpack_sharing_enabled":true,"_links":{"self":[{"href":"https:\/\/magnoliasilk.com\/lv\/wp-json\/wp\/v2\/product\/5709","targetHints":{"allow":["GET"]}}],"collection":[{"href":"https:\/\/magnoliasilk.com\/lv\/wp-json\/wp\/v2\/product"}],"about":[{"href":"https:\/\/magnoliasilk.com\/lv\/wp-json\/wp\/v2\/types\/product"}],"wp:featuredmedia":[{"embeddable":true,"href":"https:\/\/magnoliasilk.com\/lv\/wp-json\/wp\/v2\/media\/11019"}],"wp:attachment":[{"href":"https:\/\/magnoliasilk.com\/lv\/wp-json\/wp\/v2\/media?parent=5709"}],"wp:term":[{"taxonomy":"product_brand","embeddable":true,"href":"https:\/\/magnoliasilk.com\/lv\/wp-json\/wp\/v2\/product_brand?post=5709"},{"taxonomy":"product_cat","embeddable":true,"href":"https:\/\/magnoliasilk.com\/lv\/wp-json\/wp\/v2\/product_cat?post=5709"},{"taxonomy":"product_tag","embeddable":true,"href":"https:\/\/magnoliasilk.com\/lv\/wp-json\/wp\/v2\/product_tag?post=5709"}],"curies":[{"name":"wp","href":"https:\/\/api.w.org\/{rel}","templated":true}]}}