{"id":5496,"date":"2021-01-23T22:18:27","date_gmt":"2021-01-23T20:18:27","guid":{"rendered":"https:\/\/magnoliasilk.com\/product\/natural-silk-pale-pink-nightgown\/"},"modified":"2025-11-18T23:11:22","modified_gmt":"2025-11-18T21:11:22","slug":"natural-silk-pale-pink-nightgown","status":"publish","type":"product","link":"https:\/\/magnoliasilk.com\/lv\/products\/natural-silk-pale-pink-nightgown\/","title":{"rendered":"Dab\u012bg\u0101 z\u012bda nakts kleita PALE PINK"},"content":{"rendered":"<p>Leonardo Da Vinci reiz teica &#8220;Elegance sl\u0113pjas vienk\u0101r\u0161um\u0101&#8221;. M\u0113s esam p\u0101rliecin\u0101ti, ka Tu saprat\u012bsi \u0161\u012b teiciena b\u016bt\u012bbu moment\u0101, kad Tu iet\u0113rpsies Magnolia nakts kleit\u0101. \u0160\u012b bus Tava m\u012b\u013c\u0101k\u0101 nakts kleit\u0101 kur\u0101 pavad\u012bt r\u012btus un vakarus m\u0101j\u0101s, k\u0101 ar\u012b m\u012b\u013c\u0101k\u0101 nakts kleita ko iesai\u0146ot l\u012bdzi \u010demod\u0101n\u0101 k\u0101d\u0101 romantisk\u0101 ce\u013cojum\u0101&#8230;<\/p>\n<div>\u0160\u012b nakts kleita rais\u012bs pat\u012bkamas saj\u016btas uz Tavas skaist\u0101s,maig\u0101s \u0101das. Katrai sievietei ir nepiecie\u0161ama maz\u0101, perfekt\u0101 kleiti\u0146a un m\u0113s esam par\u016bp\u0113ju\u0161ies par Tav\u0113jo&#8230;<\/div>\n<div><\/div>\n<div><b>Pieejam\u0101s kr\u0101sas: <\/b>Bl\u0101vi Roz\u0101, B\u0113\u0161a, Melna<\/div>\n<div><b>Piedurk\u0146u veids:<\/b> bez piedurkn\u0113m<\/div>\n<div><b>Sast\u0101vs<\/b>: 100% z\u012bds<\/div>\n<div><b>Plusi<\/b>: neizraisa aler\u0123ijas<\/div>\n<div><b>Kakla da\u013cas izgriezums:<\/b> V veida<\/div>\n<div><b>Izm\u0113ri<\/b>:<\/div>\n<div>Garums: 86cm<\/div>\n<div>Kr\u016btis: 92cm<\/div>\n<div>Viduklis: 86cm<\/div>\n<div><\/div>\n<div>Ja Tu n\u0113s\u0101 S un M izm\u0113ra ap\u0123\u0113rbus tad \u0161\u012b kleita Tev der\u0113s perfekti. Nakts kleitas lenc\u012btes ir regul\u0113jamas l\u012bdz ar to Tu pati vari izv\u0113l\u0113ties cik dzi\u013cu V izgriezumu Tu v\u0113lies. Att\u0113l\u0101 redzam\u0101s modeles augums ir 166cm.<\/div>\n<div><\/div>\n<div><b>R\u016bpes:<\/b> Lai saglab\u0101tu nakts kleitu maksim\u0101li ilgi m\u0113s iesak\u0101m to mazg\u0101t ar rok\u0101m vai saudz\u012bg\u0101 ve\u013cas ma\u0161\u012bnas re\u017e\u012bm\u0101.<\/div>\n","protected":false},"excerpt":{"rendered":"<p>Izsmalcin\u0101ta. Eleganta. Neaizmirstama. Viss \u0161is ir apvienots Magnolia 100% z\u012bda nakts kleit\u0101.<\/p>\n","protected":false},"featured_media":5500,"template":"","meta":[],"product_brand":[],"product_cat":[173],"product_tag":[163],"class_list":{"0":"post-5496","1":"product","2":"type-product","3":"status-publish","4":"has-post-thumbnail","6":"product_cat-silk-nightgowns-lv","7":"product_tag-nightwear-lv","9":"first","10":"outofstock","11":"sale","12":"taxable","13":"shipping-taxable","14":"purchasable","15":"product-type-simple"},"exclude_global_add_ons":[],"addons":[],"yoast_head":"<!-- This site is optimized with the Yoast SEO plugin v27.2 - https:\/\/yoast.com\/product\/yoast-seo-wordpress\/ -->\n<title>Dab\u012bg\u0101 z\u012bda nakts kleita PALE PINK - Magnolia silk collection<\/title>\n<meta name=\"robots\" content=\"index, follow, max-snippet:-1, max-image-preview:large, max-video-preview:-1\" \/>\n<link rel=\"canonical\" href=\"https:\/\/magnoliasilk.com\/lv\/products\/natural-silk-pale-pink-nightgown\/\" \/>\n<meta property=\"og:locale\" content=\"lv_LV\" \/>\n<meta property=\"og:type\" content=\"article\" \/>\n<meta property=\"og:title\" content=\"Dab\u012bg\u0101 z\u012bda nakts kleita PALE PINK - Magnolia silk collection\" \/>\n<meta property=\"og:description\" content=\"Izsmalcin\u0101ta. Eleganta. Neaizmirstama. Viss \u0161is ir apvienots Magnolia 100% z\u012bda nakts kleit\u0101.\" \/>\n<meta property=\"og:url\" content=\"https:\/\/magnoliasilk.com\/lv\/products\/natural-silk-pale-pink-nightgown\/\" \/>\n<meta property=\"og:site_name\" content=\"Magnolia silk collection\" \/>\n<meta property=\"article:publisher\" content=\"https:\/\/www.facebook.com\/Magnoliasilkcollection\" \/>\n<meta property=\"article:modified_time\" content=\"2025-11-18T21:11:22+00:00\" \/>\n<meta property=\"og:image\" content=\"https:\/\/i0.wp.com\/magnoliasilk.com\/wp-content\/uploads\/2021\/01\/2021.01.20-Sandra-silk1191edited-Small.jpg?fit=480%2C720&ssl=1\" \/>\n\t<meta property=\"og:image:width\" content=\"480\" \/>\n\t<meta property=\"og:image:height\" content=\"720\" \/>\n\t<meta property=\"og:image:type\" content=\"image\/jpeg\" \/>\n<meta name=\"twitter:card\" content=\"summary_large_image\" \/>\n<meta name=\"twitter:label1\" content=\"Est. reading time\" \/>\n\t<meta name=\"twitter:data1\" content=\"1 min\u016b\u0161u\" \/>\n<script type=\"application\/ld+json\" class=\"yoast-schema-graph\">{\"@context\":\"https:\/\/schema.org\",\"@graph\":[{\"@type\":\"WebPage\",\"@id\":\"https:\/\/magnoliasilk.com\/lv\/products\/natural-silk-pale-pink-nightgown\/\",\"url\":\"https:\/\/magnoliasilk.com\/lv\/products\/natural-silk-pale-pink-nightgown\/\",\"name\":\"Dab\u012bg\u0101 z\u012bda nakts kleita PALE PINK - Magnolia silk collection\",\"isPartOf\":{\"@id\":\"https:\/\/magnoliasilk.com\/#website\"},\"primaryImageOfPage\":{\"@id\":\"https:\/\/magnoliasilk.com\/lv\/products\/natural-silk-pale-pink-nightgown\/#primaryimage\"},\"image\":{\"@id\":\"https:\/\/magnoliasilk.com\/lv\/products\/natural-silk-pale-pink-nightgown\/#primaryimage\"},\"thumbnailUrl\":\"https:\/\/i0.wp.com\/magnoliasilk.com\/wp-content\/uploads\/2021\/01\/2021.01.20-Sandra-silk1191edited-Small.jpg?fit=480%2C720&ssl=1\",\"datePublished\":\"2021-01-23T20:18:27+00:00\",\"dateModified\":\"2025-11-18T21:11:22+00:00\",\"breadcrumb\":{\"@id\":\"https:\/\/magnoliasilk.com\/lv\/products\/natural-silk-pale-pink-nightgown\/#breadcrumb\"},\"inLanguage\":\"lv-LV\",\"potentialAction\":[{\"@type\":\"ReadAction\",\"target\":[\"https:\/\/magnoliasilk.com\/lv\/products\/natural-silk-pale-pink-nightgown\/\"]}]},{\"@type\":\"ImageObject\",\"inLanguage\":\"lv-LV\",\"@id\":\"https:\/\/magnoliasilk.com\/lv\/products\/natural-silk-pale-pink-nightgown\/#primaryimage\",\"url\":\"https:\/\/i0.wp.com\/magnoliasilk.com\/wp-content\/uploads\/2021\/01\/2021.01.20-Sandra-silk1191edited-Small.jpg?fit=480%2C720&ssl=1\",\"contentUrl\":\"https:\/\/i0.wp.com\/magnoliasilk.com\/wp-content\/uploads\/2021\/01\/2021.01.20-Sandra-silk1191edited-Small.jpg?fit=480%2C720&ssl=1\",\"width\":480,\"height\":720},{\"@type\":\"BreadcrumbList\",\"@id\":\"https:\/\/magnoliasilk.com\/lv\/products\/natural-silk-pale-pink-nightgown\/#breadcrumb\",\"itemListElement\":[{\"@type\":\"ListItem\",\"position\":1,\"name\":\"Home\",\"item\":\"https:\/\/magnoliasilk.com\/lv\/\"},{\"@type\":\"ListItem\",\"position\":2,\"name\":\"Shop\",\"item\":\"https:\/\/magnoliasilk.com\/lv\/shop-3\/\"},{\"@type\":\"ListItem\",\"position\":3,\"name\":\"Dab\u012bg\u0101 z\u012bda nakts kleita PALE PINK\"}]},{\"@type\":\"WebSite\",\"@id\":\"https:\/\/magnoliasilk.com\/#website\",\"url\":\"https:\/\/magnoliasilk.com\/\",\"name\":\"Magnolia silk collection\",\"description\":\"Mulberry silk products by Magnolia\",\"publisher\":{\"@id\":\"https:\/\/magnoliasilk.com\/#organization\"},\"potentialAction\":[{\"@type\":\"SearchAction\",\"target\":{\"@type\":\"EntryPoint\",\"urlTemplate\":\"https:\/\/magnoliasilk.com\/?s={search_term_string}\"},\"query-input\":{\"@type\":\"PropertyValueSpecification\",\"valueRequired\":true,\"valueName\":\"search_term_string\"}}],\"inLanguage\":\"lv-LV\"},{\"@type\":\"Organization\",\"@id\":\"https:\/\/magnoliasilk.com\/#organization\",\"name\":\"Magnolia silk collection\",\"url\":\"https:\/\/magnoliasilk.com\/\",\"logo\":{\"@type\":\"ImageObject\",\"inLanguage\":\"lv-LV\",\"@id\":\"https:\/\/magnoliasilk.com\/#\/schema\/logo\/image\/\",\"url\":\"https:\/\/i1.wp.com\/magnoliasilk.com\/wp-content\/uploads\/2021\/06\/cropped-magnolia-1.png?fit=369%2C80&ssl=1\",\"contentUrl\":\"https:\/\/i1.wp.com\/magnoliasilk.com\/wp-content\/uploads\/2021\/06\/cropped-magnolia-1.png?fit=369%2C80&ssl=1\",\"width\":369,\"height\":80,\"caption\":\"Magnolia silk collection\"},\"image\":{\"@id\":\"https:\/\/magnoliasilk.com\/#\/schema\/logo\/image\/\"},\"sameAs\":[\"https:\/\/www.facebook.com\/Magnoliasilkcollection\",\"https:\/\/www.instagram.com\/magnolia.silk\/\",\"https:\/\/www.pinterest.com\/magnoliasilkcollection\/\"]}]}<\/script>\n<!-- \/ Yoast SEO plugin. -->","yoast_head_json":{"title":"Dab\u012bg\u0101 z\u012bda nakts kleita PALE PINK - Magnolia silk collection","robots":{"index":"index","follow":"follow","max-snippet":"max-snippet:-1","max-image-preview":"max-image-preview:large","max-video-preview":"max-video-preview:-1"},"canonical":"https:\/\/magnoliasilk.com\/lv\/products\/natural-silk-pale-pink-nightgown\/","og_locale":"lv_LV","og_type":"article","og_title":"Dab\u012bg\u0101 z\u012bda nakts kleita PALE PINK - Magnolia silk collection","og_description":"Izsmalcin\u0101ta. Eleganta. Neaizmirstama. Viss \u0161is ir apvienots Magnolia 100% z\u012bda nakts kleit\u0101.","og_url":"https:\/\/magnoliasilk.com\/lv\/products\/natural-silk-pale-pink-nightgown\/","og_site_name":"Magnolia silk collection","article_publisher":"https:\/\/www.facebook.com\/Magnoliasilkcollection","article_modified_time":"2025-11-18T21:11:22+00:00","og_image":[{"width":480,"height":720,"url":"https:\/\/i0.wp.com\/magnoliasilk.com\/wp-content\/uploads\/2021\/01\/2021.01.20-Sandra-silk1191edited-Small.jpg?fit=480%2C720&ssl=1","type":"image\/jpeg"}],"twitter_card":"summary_large_image","twitter_misc":{"Est. reading time":"1 min\u016b\u0161u"},"schema":{"@context":"https:\/\/schema.org","@graph":[{"@type":"WebPage","@id":"https:\/\/magnoliasilk.com\/lv\/products\/natural-silk-pale-pink-nightgown\/","url":"https:\/\/magnoliasilk.com\/lv\/products\/natural-silk-pale-pink-nightgown\/","name":"Dab\u012bg\u0101 z\u012bda nakts kleita PALE PINK - Magnolia silk collection","isPartOf":{"@id":"https:\/\/magnoliasilk.com\/#website"},"primaryImageOfPage":{"@id":"https:\/\/magnoliasilk.com\/lv\/products\/natural-silk-pale-pink-nightgown\/#primaryimage"},"image":{"@id":"https:\/\/magnoliasilk.com\/lv\/products\/natural-silk-pale-pink-nightgown\/#primaryimage"},"thumbnailUrl":"https:\/\/i0.wp.com\/magnoliasilk.com\/wp-content\/uploads\/2021\/01\/2021.01.20-Sandra-silk1191edited-Small.jpg?fit=480%2C720&ssl=1","datePublished":"2021-01-23T20:18:27+00:00","dateModified":"2025-11-18T21:11:22+00:00","breadcrumb":{"@id":"https:\/\/magnoliasilk.com\/lv\/products\/natural-silk-pale-pink-nightgown\/#breadcrumb"},"inLanguage":"lv-LV","potentialAction":[{"@type":"ReadAction","target":["https:\/\/magnoliasilk.com\/lv\/products\/natural-silk-pale-pink-nightgown\/"]}]},{"@type":"ImageObject","inLanguage":"lv-LV","@id":"https:\/\/magnoliasilk.com\/lv\/products\/natural-silk-pale-pink-nightgown\/#primaryimage","url":"https:\/\/i0.wp.com\/magnoliasilk.com\/wp-content\/uploads\/2021\/01\/2021.01.20-Sandra-silk1191edited-Small.jpg?fit=480%2C720&ssl=1","contentUrl":"https:\/\/i0.wp.com\/magnoliasilk.com\/wp-content\/uploads\/2021\/01\/2021.01.20-Sandra-silk1191edited-Small.jpg?fit=480%2C720&ssl=1","width":480,"height":720},{"@type":"BreadcrumbList","@id":"https:\/\/magnoliasilk.com\/lv\/products\/natural-silk-pale-pink-nightgown\/#breadcrumb","itemListElement":[{"@type":"ListItem","position":1,"name":"Home","item":"https:\/\/magnoliasilk.com\/lv\/"},{"@type":"ListItem","position":2,"name":"Shop","item":"https:\/\/magnoliasilk.com\/lv\/shop-3\/"},{"@type":"ListItem","position":3,"name":"Dab\u012bg\u0101 z\u012bda nakts kleita PALE PINK"}]},{"@type":"WebSite","@id":"https:\/\/magnoliasilk.com\/#website","url":"https:\/\/magnoliasilk.com\/","name":"Magnolia silk collection","description":"Mulberry silk products by Magnolia","publisher":{"@id":"https:\/\/magnoliasilk.com\/#organization"},"potentialAction":[{"@type":"SearchAction","target":{"@type":"EntryPoint","urlTemplate":"https:\/\/magnoliasilk.com\/?s={search_term_string}"},"query-input":{"@type":"PropertyValueSpecification","valueRequired":true,"valueName":"search_term_string"}}],"inLanguage":"lv-LV"},{"@type":"Organization","@id":"https:\/\/magnoliasilk.com\/#organization","name":"Magnolia silk collection","url":"https:\/\/magnoliasilk.com\/","logo":{"@type":"ImageObject","inLanguage":"lv-LV","@id":"https:\/\/magnoliasilk.com\/#\/schema\/logo\/image\/","url":"https:\/\/i1.wp.com\/magnoliasilk.com\/wp-content\/uploads\/2021\/06\/cropped-magnolia-1.png?fit=369%2C80&ssl=1","contentUrl":"https:\/\/i1.wp.com\/magnoliasilk.com\/wp-content\/uploads\/2021\/06\/cropped-magnolia-1.png?fit=369%2C80&ssl=1","width":369,"height":80,"caption":"Magnolia silk collection"},"image":{"@id":"https:\/\/magnoliasilk.com\/#\/schema\/logo\/image\/"},"sameAs":["https:\/\/www.facebook.com\/Magnoliasilkcollection","https:\/\/www.instagram.com\/magnolia.silk\/","https:\/\/www.pinterest.com\/magnoliasilkcollection\/"]}]}},"jetpack_sharing_enabled":true,"_links":{"self":[{"href":"https:\/\/magnoliasilk.com\/lv\/wp-json\/wp\/v2\/product\/5496","targetHints":{"allow":["GET"]}}],"collection":[{"href":"https:\/\/magnoliasilk.com\/lv\/wp-json\/wp\/v2\/product"}],"about":[{"href":"https:\/\/magnoliasilk.com\/lv\/wp-json\/wp\/v2\/types\/product"}],"wp:featuredmedia":[{"embeddable":true,"href":"https:\/\/magnoliasilk.com\/lv\/wp-json\/wp\/v2\/media\/5500"}],"wp:attachment":[{"href":"https:\/\/magnoliasilk.com\/lv\/wp-json\/wp\/v2\/media?parent=5496"}],"wp:term":[{"taxonomy":"product_brand","embeddable":true,"href":"https:\/\/magnoliasilk.com\/lv\/wp-json\/wp\/v2\/product_brand?post=5496"},{"taxonomy":"product_cat","embeddable":true,"href":"https:\/\/magnoliasilk.com\/lv\/wp-json\/wp\/v2\/product_cat?post=5496"},{"taxonomy":"product_tag","embeddable":true,"href":"https:\/\/magnoliasilk.com\/lv\/wp-json\/wp\/v2\/product_tag?post=5496"}],"curies":[{"name":"wp","href":"https:\/\/api.w.org\/{rel}","templated":true}]}}