{"id":5482,"date":"2021-01-23T23:20:43","date_gmt":"2021-01-23T21:20:43","guid":{"rendered":"https:\/\/magnoliasilk.com\/product\/natural-silk-eye-mask-midnight-black\/"},"modified":"2025-12-14T20:57:27","modified_gmt":"2025-12-14T18:57:27","slug":"natural-silk-eye-mask-midnight-black","status":"publish","type":"product","link":"https:\/\/magnoliasilk.com\/lv\/products\/natural-silk-eye-mask-midnight-black\/","title":{"rendered":"Dab\u012bg\u0101 Z\u012bda miega maska MIDNIGHT BLACK"},"content":{"rendered":"<div>Uzlabo sava miega kvalit\u0101ti un komfortu, \u012bpa\u0161i tad, ja mokies ar cauru miegu un ilgu iemig\u0161anu. Magnolia miega maska pal\u012bz\u0113s \u0101tr\u0101k iemigt neatkar\u012bgi no apst\u0101k\u013ciem, kas ir Tev apk\u0101rt. Ja Tu esi m\u0101mi\u0146a, str\u0101d\u0101 de\u017e\u016br\u0101s, daudz ce\u013co vai vienk\u0101r\u0161i uzskati, ka Tavs miegs var\u0113tu b\u016bt lab\u0101ks, tad Tev ir laiks palutin\u0101t sevi ar Magnolia miega masku.<\/div>\n<div><\/div>\n<div>Magnolia miega maska ir izgatavota no augstas kvalit\u0101tes 100% Mulberry z\u012bda un t\u0101 ir pild\u012bta ar 100% z\u012bda \u0161\u0137iedru. Tavas acis ir peln\u012bju\u0161as lab\u0101ko un z\u012bda audums neizrais\u012bs aler\u0123ijas pat pa\u0161\u0101m aler\u0123isk\u0101kaj\u0101m acti\u0146\u0101m. Ja Tu esi noraiz\u0113jusies par savu \u0101du apk\u0101rt ac\u012bm, tad atkl\u0101sim Tev nelielu nosl\u0113pumu-z\u012bda miega maska ir viens no jaunas \u0101das saglab\u0101\u0161anas trikiem.<\/div>\n<div class=\"tab details\"><\/div>\n<div class=\"tab details\">Katra Magnolia miega maska tiek iesai\u0146ota skaistaj\u0101 d\u0101vanu kast\u0113.<\/div>\n<div class=\"tab details\"><\/div>\n<div class=\"tab details\"><\/div>\n<div class=\"tab details\"><strong>Deta\u013cas:<\/strong><\/div>\n<div class=\"tab details\"><\/div>\n<div class=\"tab details\">-Izm\u0113ri: 21x9cm<\/div>\n<div class=\"tab details\">-100 % z\u012bda \u0161\u0137iedras pild\u012bjums<\/div>\n<div class=\"tab details\">-M\u012bksta un elast\u012bga gumija apk\u0101rt galvai<\/div>\n<div class=\"tab details\">-Neizraisa aler\u0123iju<\/div>\n<div class=\"tab details\">-Nelai\u017e cauri nev\u0113lamo gaismu<\/div>\n<div class=\"tab details\">&#8211; Audums pat\u012bkami elpo uz Tavas \u0101das<\/div>\n<div class=\"tab details\">-U-fig\u016bras dizains kas lieliski piel\u0101gosies katram sejas tipam<\/div>\n<div class=\"tab details\">-Neizraisa smaguma saj\u016btu uz ac\u012bm<\/div>\n<div class=\"tab details\">-100% z\u012bds neies\u016bc sev\u012b kr\u0113mus un losijonus l\u012bdz ar to tas b\u016bs lielisks sabiedrotais Taviem skaistuma ritu\u0101liem<\/div>\n<div class=\"tab details\"><\/div>\n","protected":false},"excerpt":{"rendered":"<p>Skaist\u0101k\u0101 un m\u012bkst\u0101k\u0101 miega maska k\u0101da Tev jebkad ir bijusi. Apvieno to komplekt\u0101 ar k\u0101du no Magnolia 100% z\u012bda spilvendr\u0101n\u0101m un pat mums grib\u0113sies Tevi apskaust!<\/p>\n","protected":false},"featured_media":13414,"template":"","meta":[],"product_brand":[],"product_cat":[338,168],"product_tag":[174],"class_list":{"0":"post-5482","1":"product","2":"type-product","3":"status-publish","4":"has-post-thumbnail","6":"product_cat-melnas-piektdienas-piedavajumi-30","7":"product_cat-silk-eye-masks-lv","8":"product_tag-midnight-black-lv","10":"first","11":"instock","12":"sale","13":"taxable","14":"shipping-taxable","15":"purchasable","16":"product-type-simple"},"exclude_global_add_ons":false,"addons":[{"name":"\u00a0","type":"multiple_choice","position":0,"required":true,"title_format":"hide","default":"","description_enable":false,"description":"","placeholder_enable":false,"placeholder":"","display":"radiobutton","restrictions_type":"any_text","adjust_price":false,"price":"","price_type":"flat_fee","restrictions":false,"min":"0","max":"0","options":[{"label":"No giftbox","price":"","price_type":"flat_fee","image":0,"visibility":true},{"label":"Luxurious Magnolia big white giftbox","price":"5","price_type":"quantity_based","image":0,"visibility":true}],"id":1668979028}],"yoast_head":"<!-- This site is optimized with the Yoast SEO plugin v27.2 - https:\/\/yoast.com\/product\/yoast-seo-wordpress\/ -->\n<title>Dab\u012bg\u0101 Z\u012bda miega maska MIDNIGHT BLACK - Magnolia silk collection<\/title>\n<meta name=\"robots\" content=\"index, follow, max-snippet:-1, max-image-preview:large, max-video-preview:-1\" \/>\n<link rel=\"canonical\" href=\"https:\/\/magnoliasilk.com\/products\/natural-silk-eye-mask-midnight-black\/\" \/>\n<meta property=\"og:locale\" content=\"lv_LV\" \/>\n<meta property=\"og:type\" content=\"article\" \/>\n<meta property=\"og:title\" content=\"Dab\u012bg\u0101 Z\u012bda miega maska MIDNIGHT BLACK - Magnolia silk collection\" \/>\n<meta property=\"og:description\" content=\"Skaist\u0101k\u0101 un m\u012bkst\u0101k\u0101 miega maska k\u0101da Tev jebkad ir bijusi. Apvieno to komplekt\u0101 ar k\u0101du no Magnolia 100% z\u012bda spilvendr\u0101n\u0101m un pat mums grib\u0113sies Tevi apskaust!\" \/>\n<meta property=\"og:url\" content=\"https:\/\/magnoliasilk.com\/products\/natural-silk-eye-mask-midnight-black\/\" \/>\n<meta property=\"og:site_name\" content=\"Magnolia silk collection\" \/>\n<meta property=\"article:publisher\" content=\"https:\/\/www.facebook.com\/Magnoliasilkcollection\" \/>\n<meta property=\"article:modified_time\" content=\"2025-12-14T18:57:27+00:00\" \/>\n<meta property=\"og:image\" content=\"https:\/\/magnoliasilk.com\/wp-content\/uploads\/2021\/01\/IMG_9830-scaled.jpg\" \/>\n\t<meta property=\"og:image:width\" content=\"1920\" \/>\n\t<meta property=\"og:image:height\" content=\"2560\" \/>\n\t<meta property=\"og:image:type\" content=\"image\/jpeg\" \/>\n<meta name=\"twitter:card\" content=\"summary_large_image\" \/>\n<meta name=\"twitter:label1\" content=\"Est. reading time\" \/>\n\t<meta name=\"twitter:data1\" content=\"1 min\u016b\u0161u\" \/>\n<script type=\"application\/ld+json\" class=\"yoast-schema-graph\">{\"@context\":\"https:\/\/schema.org\",\"@graph\":[{\"@type\":\"WebPage\",\"@id\":\"https:\/\/magnoliasilk.com\/products\/natural-silk-eye-mask-midnight-black\/\",\"url\":\"https:\/\/magnoliasilk.com\/products\/natural-silk-eye-mask-midnight-black\/\",\"name\":\"Dab\u012bg\u0101 Z\u012bda miega maska MIDNIGHT BLACK - Magnolia silk collection\",\"isPartOf\":{\"@id\":\"https:\/\/magnoliasilk.com\/#website\"},\"primaryImageOfPage\":{\"@id\":\"https:\/\/magnoliasilk.com\/products\/natural-silk-eye-mask-midnight-black\/#primaryimage\"},\"image\":{\"@id\":\"https:\/\/magnoliasilk.com\/products\/natural-silk-eye-mask-midnight-black\/#primaryimage\"},\"thumbnailUrl\":\"https:\/\/i0.wp.com\/magnoliasilk.com\/wp-content\/uploads\/2021\/01\/IMG_9830-scaled.jpg?fit=1920%2C2560&ssl=1\",\"datePublished\":\"2021-01-23T21:20:43+00:00\",\"dateModified\":\"2025-12-14T18:57:27+00:00\",\"breadcrumb\":{\"@id\":\"https:\/\/magnoliasilk.com\/products\/natural-silk-eye-mask-midnight-black\/#breadcrumb\"},\"inLanguage\":\"lv-LV\",\"potentialAction\":[{\"@type\":\"ReadAction\",\"target\":[\"https:\/\/magnoliasilk.com\/products\/natural-silk-eye-mask-midnight-black\/\"]}]},{\"@type\":\"ImageObject\",\"inLanguage\":\"lv-LV\",\"@id\":\"https:\/\/magnoliasilk.com\/products\/natural-silk-eye-mask-midnight-black\/#primaryimage\",\"url\":\"https:\/\/i0.wp.com\/magnoliasilk.com\/wp-content\/uploads\/2021\/01\/IMG_9830-scaled.jpg?fit=1920%2C2560&ssl=1\",\"contentUrl\":\"https:\/\/i0.wp.com\/magnoliasilk.com\/wp-content\/uploads\/2021\/01\/IMG_9830-scaled.jpg?fit=1920%2C2560&ssl=1\",\"width\":1920,\"height\":2560},{\"@type\":\"BreadcrumbList\",\"@id\":\"https:\/\/magnoliasilk.com\/products\/natural-silk-eye-mask-midnight-black\/#breadcrumb\",\"itemListElement\":[{\"@type\":\"ListItem\",\"position\":1,\"name\":\"Home\",\"item\":\"https:\/\/magnoliasilk.com\/lv\/\"},{\"@type\":\"ListItem\",\"position\":2,\"name\":\"Shop\",\"item\":\"https:\/\/magnoliasilk.com\/lv\/shop-3\/\"},{\"@type\":\"ListItem\",\"position\":3,\"name\":\"Dab\u012bg\u0101 Z\u012bda miega maska MIDNIGHT BLACK\"}]},{\"@type\":\"WebSite\",\"@id\":\"https:\/\/magnoliasilk.com\/#website\",\"url\":\"https:\/\/magnoliasilk.com\/\",\"name\":\"Magnolia silk collection\",\"description\":\"Mulberry silk products by Magnolia\",\"publisher\":{\"@id\":\"https:\/\/magnoliasilk.com\/#organization\"},\"potentialAction\":[{\"@type\":\"SearchAction\",\"target\":{\"@type\":\"EntryPoint\",\"urlTemplate\":\"https:\/\/magnoliasilk.com\/?s={search_term_string}\"},\"query-input\":{\"@type\":\"PropertyValueSpecification\",\"valueRequired\":true,\"valueName\":\"search_term_string\"}}],\"inLanguage\":\"lv-LV\"},{\"@type\":\"Organization\",\"@id\":\"https:\/\/magnoliasilk.com\/#organization\",\"name\":\"Magnolia silk collection\",\"url\":\"https:\/\/magnoliasilk.com\/\",\"logo\":{\"@type\":\"ImageObject\",\"inLanguage\":\"lv-LV\",\"@id\":\"https:\/\/magnoliasilk.com\/#\/schema\/logo\/image\/\",\"url\":\"https:\/\/i1.wp.com\/magnoliasilk.com\/wp-content\/uploads\/2021\/06\/cropped-magnolia-1.png?fit=369%2C80&ssl=1\",\"contentUrl\":\"https:\/\/i1.wp.com\/magnoliasilk.com\/wp-content\/uploads\/2021\/06\/cropped-magnolia-1.png?fit=369%2C80&ssl=1\",\"width\":369,\"height\":80,\"caption\":\"Magnolia silk collection\"},\"image\":{\"@id\":\"https:\/\/magnoliasilk.com\/#\/schema\/logo\/image\/\"},\"sameAs\":[\"https:\/\/www.facebook.com\/Magnoliasilkcollection\",\"https:\/\/www.instagram.com\/magnolia.silk\/\",\"https:\/\/www.pinterest.com\/magnoliasilkcollection\/\"]}]}<\/script>\n<!-- \/ Yoast SEO plugin. -->","yoast_head_json":{"title":"Dab\u012bg\u0101 Z\u012bda miega maska MIDNIGHT BLACK - Magnolia silk collection","robots":{"index":"index","follow":"follow","max-snippet":"max-snippet:-1","max-image-preview":"max-image-preview:large","max-video-preview":"max-video-preview:-1"},"canonical":"https:\/\/magnoliasilk.com\/products\/natural-silk-eye-mask-midnight-black\/","og_locale":"lv_LV","og_type":"article","og_title":"Dab\u012bg\u0101 Z\u012bda miega maska MIDNIGHT BLACK - Magnolia silk collection","og_description":"Skaist\u0101k\u0101 un m\u012bkst\u0101k\u0101 miega maska k\u0101da Tev jebkad ir bijusi. Apvieno to komplekt\u0101 ar k\u0101du no Magnolia 100% z\u012bda spilvendr\u0101n\u0101m un pat mums grib\u0113sies Tevi apskaust!","og_url":"https:\/\/magnoliasilk.com\/products\/natural-silk-eye-mask-midnight-black\/","og_site_name":"Magnolia silk collection","article_publisher":"https:\/\/www.facebook.com\/Magnoliasilkcollection","article_modified_time":"2025-12-14T18:57:27+00:00","og_image":[{"width":1920,"height":2560,"url":"https:\/\/magnoliasilk.com\/wp-content\/uploads\/2021\/01\/IMG_9830-scaled.jpg","type":"image\/jpeg"}],"twitter_card":"summary_large_image","twitter_misc":{"Est. reading time":"1 min\u016b\u0161u"},"schema":{"@context":"https:\/\/schema.org","@graph":[{"@type":"WebPage","@id":"https:\/\/magnoliasilk.com\/products\/natural-silk-eye-mask-midnight-black\/","url":"https:\/\/magnoliasilk.com\/products\/natural-silk-eye-mask-midnight-black\/","name":"Dab\u012bg\u0101 Z\u012bda miega maska MIDNIGHT BLACK - Magnolia silk collection","isPartOf":{"@id":"https:\/\/magnoliasilk.com\/#website"},"primaryImageOfPage":{"@id":"https:\/\/magnoliasilk.com\/products\/natural-silk-eye-mask-midnight-black\/#primaryimage"},"image":{"@id":"https:\/\/magnoliasilk.com\/products\/natural-silk-eye-mask-midnight-black\/#primaryimage"},"thumbnailUrl":"https:\/\/i0.wp.com\/magnoliasilk.com\/wp-content\/uploads\/2021\/01\/IMG_9830-scaled.jpg?fit=1920%2C2560&ssl=1","datePublished":"2021-01-23T21:20:43+00:00","dateModified":"2025-12-14T18:57:27+00:00","breadcrumb":{"@id":"https:\/\/magnoliasilk.com\/products\/natural-silk-eye-mask-midnight-black\/#breadcrumb"},"inLanguage":"lv-LV","potentialAction":[{"@type":"ReadAction","target":["https:\/\/magnoliasilk.com\/products\/natural-silk-eye-mask-midnight-black\/"]}]},{"@type":"ImageObject","inLanguage":"lv-LV","@id":"https:\/\/magnoliasilk.com\/products\/natural-silk-eye-mask-midnight-black\/#primaryimage","url":"https:\/\/i0.wp.com\/magnoliasilk.com\/wp-content\/uploads\/2021\/01\/IMG_9830-scaled.jpg?fit=1920%2C2560&ssl=1","contentUrl":"https:\/\/i0.wp.com\/magnoliasilk.com\/wp-content\/uploads\/2021\/01\/IMG_9830-scaled.jpg?fit=1920%2C2560&ssl=1","width":1920,"height":2560},{"@type":"BreadcrumbList","@id":"https:\/\/magnoliasilk.com\/products\/natural-silk-eye-mask-midnight-black\/#breadcrumb","itemListElement":[{"@type":"ListItem","position":1,"name":"Home","item":"https:\/\/magnoliasilk.com\/lv\/"},{"@type":"ListItem","position":2,"name":"Shop","item":"https:\/\/magnoliasilk.com\/lv\/shop-3\/"},{"@type":"ListItem","position":3,"name":"Dab\u012bg\u0101 Z\u012bda miega maska MIDNIGHT BLACK"}]},{"@type":"WebSite","@id":"https:\/\/magnoliasilk.com\/#website","url":"https:\/\/magnoliasilk.com\/","name":"Magnolia silk collection","description":"Mulberry silk products by Magnolia","publisher":{"@id":"https:\/\/magnoliasilk.com\/#organization"},"potentialAction":[{"@type":"SearchAction","target":{"@type":"EntryPoint","urlTemplate":"https:\/\/magnoliasilk.com\/?s={search_term_string}"},"query-input":{"@type":"PropertyValueSpecification","valueRequired":true,"valueName":"search_term_string"}}],"inLanguage":"lv-LV"},{"@type":"Organization","@id":"https:\/\/magnoliasilk.com\/#organization","name":"Magnolia silk collection","url":"https:\/\/magnoliasilk.com\/","logo":{"@type":"ImageObject","inLanguage":"lv-LV","@id":"https:\/\/magnoliasilk.com\/#\/schema\/logo\/image\/","url":"https:\/\/i1.wp.com\/magnoliasilk.com\/wp-content\/uploads\/2021\/06\/cropped-magnolia-1.png?fit=369%2C80&ssl=1","contentUrl":"https:\/\/i1.wp.com\/magnoliasilk.com\/wp-content\/uploads\/2021\/06\/cropped-magnolia-1.png?fit=369%2C80&ssl=1","width":369,"height":80,"caption":"Magnolia silk collection"},"image":{"@id":"https:\/\/magnoliasilk.com\/#\/schema\/logo\/image\/"},"sameAs":["https:\/\/www.facebook.com\/Magnoliasilkcollection","https:\/\/www.instagram.com\/magnolia.silk\/","https:\/\/www.pinterest.com\/magnoliasilkcollection\/"]}]}},"jetpack_sharing_enabled":true,"_links":{"self":[{"href":"https:\/\/magnoliasilk.com\/lv\/wp-json\/wp\/v2\/product\/5482","targetHints":{"allow":["GET"]}}],"collection":[{"href":"https:\/\/magnoliasilk.com\/lv\/wp-json\/wp\/v2\/product"}],"about":[{"href":"https:\/\/magnoliasilk.com\/lv\/wp-json\/wp\/v2\/types\/product"}],"wp:featuredmedia":[{"embeddable":true,"href":"https:\/\/magnoliasilk.com\/lv\/wp-json\/wp\/v2\/media\/13414"}],"wp:attachment":[{"href":"https:\/\/magnoliasilk.com\/lv\/wp-json\/wp\/v2\/media?parent=5482"}],"wp:term":[{"taxonomy":"product_brand","embeddable":true,"href":"https:\/\/magnoliasilk.com\/lv\/wp-json\/wp\/v2\/product_brand?post=5482"},{"taxonomy":"product_cat","embeddable":true,"href":"https:\/\/magnoliasilk.com\/lv\/wp-json\/wp\/v2\/product_cat?post=5482"},{"taxonomy":"product_tag","embeddable":true,"href":"https:\/\/magnoliasilk.com\/lv\/wp-json\/wp\/v2\/product_tag?post=5482"}],"curies":[{"name":"wp","href":"https:\/\/api.w.org\/{rel}","templated":true}]}}