{"id":5271,"date":"2021-02-04T13:50:26","date_gmt":"2021-02-04T11:50:26","guid":{"rendered":"https:\/\/magnoliasilk.com\/product\/natural-silk-pillowcase-and-eye-mask-combo\/"},"modified":"2022-11-28T00:00:43","modified_gmt":"2022-11-27T22:00:43","slug":"natural-silk-pillowcase-and-eye-mask-combo","status":"publish","type":"product","link":"https:\/\/magnoliasilk.com\/lv\/products\/natural-silk-pillowcase-and-eye-mask-combo\/","title":{"rendered":"100% z\u012bda spilvendr\u0101nas un miega maskas komplekts"},"content":{"rendered":"<p data-sanitized-data-mce-fragment=\"1\">\u0160is ir perfektais z\u012bda komplekts Tavam sald\u0101kam miegam. Pietiks skait\u012bt aiti\u0146as, ir pien\u0101cis laiks par\u016bpeties par sevi.Mulberry z\u012bds ir \u013coti m\u012bksts, l\u012bdz ar to gul\u0113\u0161ana ar z\u012bda spilvendr\u0101nu un miega masku sag\u0101d\u0101s pat\u012bkamu komfortu.\u0160is miega z\u012bda komplekts iek\u013cauj 1 z\u012bda spilvendr\u0101nu un 1 z\u012bda miega masku, l\u016bdzu izv\u0113lies savu kr\u0101su. Kr\u0101sas un s\u012bk\u0101ku aprakstu katram produktam var apskat\u012bt konkr\u0113to produktu sada\u013c\u0101s m\u016bsu internet-veikal\u0101.D\u0101vanu kaste ir iek\u013cauta produkta cen\u0101.<\/p>\n<p data-sanitized-data-mce-fragment=\"1\"><strong>SVAR\u012aGI!!! <\/strong>Kad veic savu pas\u016bt\u012bjumu, sada\u013c\u0101 <strong>&#8221;pas\u016bt\u012bjuma koment\u0101ri&#8221;, <\/strong>nor\u0101di savu izv\u0113l\u0113to kr\u0101su gan spilvendr\u0101nai, gan miega maskai.<\/p>\n","protected":false},"excerpt":{"rendered":"<p>Vai Tu atceries p\u0113d\u0113jo reizi, kad Tu sa\u0146\u0113mi savu pirkumu, ko esi pas\u016bt\u012bjusi internet\u0101 un \u0161is pirkums lika Tev no laimes lidot? M\u0113s esam p\u0101rliecin\u0101ti, ka \u0161is perfektais miega komplekts izgatavots no 100% z\u012bda neatst\u0101s Tevi vienaldz\u012bgu&#8230;<\/p>\n<p><img loading=\"lazy\" decoding=\"async\" class=\"alignnone size-full wp-image-7870\" src=\"https:\/\/magnoliasilk.com\/wp-content\/uploads\/2021\/06\/oeko-tex-standard-100-logo-1D3E592F59-seeklogo.com_.png\" alt=\"\" width=\"300\" height=\"156\" srcset=\"https:\/\/i0.wp.com\/magnoliasilk.com\/wp-content\/uploads\/2021\/06\/oeko-tex-standard-100-logo-1D3E592F59-seeklogo.com_.png?w=300&amp;ssl=1 300w, https:\/\/i0.wp.com\/magnoliasilk.com\/wp-content\/uploads\/2021\/06\/oeko-tex-standard-100-logo-1D3E592F59-seeklogo.com_.png?resize=150%2C78&amp;ssl=1 150w\" sizes=\"auto, (max-width: 300px) 100vw, 300px\" \/><\/p>\n","protected":false},"featured_media":5273,"template":"","meta":[],"product_brand":[],"product_cat":[338,167,168,169],"product_tag":[],"class_list":{"0":"post-5271","1":"product","2":"type-product","3":"status-publish","4":"has-post-thumbnail","6":"product_cat-melnas-piektdienas-piedavajumi-30","7":"product_cat-silk-combos-lv","8":"product_cat-silk-eye-masks-lv","9":"product_cat-silk-pillowcases-lv","11":"first","12":"outofstock","13":"sale","14":"taxable","15":"shipping-taxable","16":"purchasable","17":"product-type-variable","18":"has-default-attributes"},"exclude_global_add_ons":false,"addons":[{"name":"\u00a0","type":"multiple_choice","position":0,"required":true,"title_format":"hide","default":"","description_enable":false,"description":"","placeholder_enable":false,"placeholder":"","display":"radiobutton","restrictions_type":"any_text","adjust_price":false,"price":"","price_type":"flat_fee","restrictions":false,"min":"0","max":"0","options":[{"label":"No giftbox","price":"","price_type":"flat_fee","image":0,"visibility":true},{"label":"Luxurious Magnolia big white giftbox","price":"5","price_type":"quantity_based","image":0,"visibility":true}],"id":1668979028}],"yoast_head":"<!-- This site is optimized with the Yoast SEO plugin v27.2 - https:\/\/yoast.com\/product\/yoast-seo-wordpress\/ -->\n<title>100% z\u012bda spilvendr\u0101nas un miega maskas komplekts - Magnolia silk collection<\/title>\n<meta name=\"robots\" content=\"index, follow, max-snippet:-1, max-image-preview:large, max-video-preview:-1\" \/>\n<link rel=\"canonical\" href=\"https:\/\/magnoliasilk.com\/lv\/products\/natural-silk-pillowcase-and-eye-mask-combo\/\" \/>\n<meta property=\"og:locale\" content=\"lv_LV\" \/>\n<meta property=\"og:type\" content=\"article\" \/>\n<meta property=\"og:title\" content=\"100% z\u012bda spilvendr\u0101nas un miega maskas komplekts - Magnolia silk collection\" \/>\n<meta property=\"og:description\" content=\"Vai Tu atceries p\u0113d\u0113jo reizi, kad Tu sa\u0146\u0113mi savu pirkumu, ko esi pas\u016bt\u012bjusi internet\u0101 un \u0161is pirkums lika Tev no laimes lidot? M\u0113s esam p\u0101rliecin\u0101ti, ka \u0161is perfektais miega komplekts izgatavots no 100% z\u012bda neatst\u0101s Tevi vienaldz\u012bgu...\" \/>\n<meta property=\"og:url\" content=\"https:\/\/magnoliasilk.com\/lv\/products\/natural-silk-pillowcase-and-eye-mask-combo\/\" \/>\n<meta property=\"og:site_name\" content=\"Magnolia silk collection\" \/>\n<meta property=\"article:publisher\" content=\"https:\/\/www.facebook.com\/Magnoliasilkcollection\" \/>\n<meta property=\"article:modified_time\" content=\"2022-11-27T22:00:43+00:00\" \/>\n<meta property=\"og:image\" content=\"https:\/\/magnoliasilk.com\/wp-content\/uploads\/2021\/02\/DSC00090-Medium.jpg\" \/>\n\t<meta property=\"og:image:width\" content=\"768\" \/>\n\t<meta property=\"og:image:height\" content=\"1151\" \/>\n\t<meta property=\"og:image:type\" content=\"image\/jpeg\" \/>\n<meta name=\"twitter:card\" content=\"summary_large_image\" \/>\n<meta name=\"twitter:label1\" content=\"Est. reading time\" \/>\n\t<meta name=\"twitter:data1\" content=\"1 min\u016b\u0161u\" \/>\n<script type=\"application\/ld+json\" class=\"yoast-schema-graph\">{\"@context\":\"https:\/\/schema.org\",\"@graph\":[{\"@type\":\"WebPage\",\"@id\":\"https:\/\/magnoliasilk.com\/lv\/products\/natural-silk-pillowcase-and-eye-mask-combo\/\",\"url\":\"https:\/\/magnoliasilk.com\/lv\/products\/natural-silk-pillowcase-and-eye-mask-combo\/\",\"name\":\"100% z\u012bda spilvendr\u0101nas un miega maskas komplekts - Magnolia silk collection\",\"isPartOf\":{\"@id\":\"https:\/\/magnoliasilk.com\/#website\"},\"primaryImageOfPage\":{\"@id\":\"https:\/\/magnoliasilk.com\/lv\/products\/natural-silk-pillowcase-and-eye-mask-combo\/#primaryimage\"},\"image\":{\"@id\":\"https:\/\/magnoliasilk.com\/lv\/products\/natural-silk-pillowcase-and-eye-mask-combo\/#primaryimage\"},\"thumbnailUrl\":\"https:\/\/i0.wp.com\/magnoliasilk.com\/wp-content\/uploads\/2021\/02\/DSC00090-Medium.jpg?fit=768%2C1151&ssl=1\",\"datePublished\":\"2021-02-04T11:50:26+00:00\",\"dateModified\":\"2022-11-27T22:00:43+00:00\",\"breadcrumb\":{\"@id\":\"https:\/\/magnoliasilk.com\/lv\/products\/natural-silk-pillowcase-and-eye-mask-combo\/#breadcrumb\"},\"inLanguage\":\"lv-LV\",\"potentialAction\":[{\"@type\":\"ReadAction\",\"target\":[\"https:\/\/magnoliasilk.com\/lv\/products\/natural-silk-pillowcase-and-eye-mask-combo\/\"]}]},{\"@type\":\"ImageObject\",\"inLanguage\":\"lv-LV\",\"@id\":\"https:\/\/magnoliasilk.com\/lv\/products\/natural-silk-pillowcase-and-eye-mask-combo\/#primaryimage\",\"url\":\"https:\/\/i0.wp.com\/magnoliasilk.com\/wp-content\/uploads\/2021\/02\/DSC00090-Medium.jpg?fit=768%2C1151&ssl=1\",\"contentUrl\":\"https:\/\/i0.wp.com\/magnoliasilk.com\/wp-content\/uploads\/2021\/02\/DSC00090-Medium.jpg?fit=768%2C1151&ssl=1\",\"width\":768,\"height\":1151},{\"@type\":\"BreadcrumbList\",\"@id\":\"https:\/\/magnoliasilk.com\/lv\/products\/natural-silk-pillowcase-and-eye-mask-combo\/#breadcrumb\",\"itemListElement\":[{\"@type\":\"ListItem\",\"position\":1,\"name\":\"Home\",\"item\":\"https:\/\/magnoliasilk.com\/lv\/\"},{\"@type\":\"ListItem\",\"position\":2,\"name\":\"Shop\",\"item\":\"https:\/\/magnoliasilk.com\/lv\/shop-3\/\"},{\"@type\":\"ListItem\",\"position\":3,\"name\":\"100% z\u012bda spilvendr\u0101nas un miega maskas komplekts\"}]},{\"@type\":\"WebSite\",\"@id\":\"https:\/\/magnoliasilk.com\/#website\",\"url\":\"https:\/\/magnoliasilk.com\/\",\"name\":\"Magnolia silk collection\",\"description\":\"Mulberry silk products by Magnolia\",\"publisher\":{\"@id\":\"https:\/\/magnoliasilk.com\/#organization\"},\"potentialAction\":[{\"@type\":\"SearchAction\",\"target\":{\"@type\":\"EntryPoint\",\"urlTemplate\":\"https:\/\/magnoliasilk.com\/?s={search_term_string}\"},\"query-input\":{\"@type\":\"PropertyValueSpecification\",\"valueRequired\":true,\"valueName\":\"search_term_string\"}}],\"inLanguage\":\"lv-LV\"},{\"@type\":\"Organization\",\"@id\":\"https:\/\/magnoliasilk.com\/#organization\",\"name\":\"Magnolia silk collection\",\"url\":\"https:\/\/magnoliasilk.com\/\",\"logo\":{\"@type\":\"ImageObject\",\"inLanguage\":\"lv-LV\",\"@id\":\"https:\/\/magnoliasilk.com\/#\/schema\/logo\/image\/\",\"url\":\"https:\/\/i1.wp.com\/magnoliasilk.com\/wp-content\/uploads\/2021\/06\/cropped-magnolia-1.png?fit=369%2C80&ssl=1\",\"contentUrl\":\"https:\/\/i1.wp.com\/magnoliasilk.com\/wp-content\/uploads\/2021\/06\/cropped-magnolia-1.png?fit=369%2C80&ssl=1\",\"width\":369,\"height\":80,\"caption\":\"Magnolia silk collection\"},\"image\":{\"@id\":\"https:\/\/magnoliasilk.com\/#\/schema\/logo\/image\/\"},\"sameAs\":[\"https:\/\/www.facebook.com\/Magnoliasilkcollection\",\"https:\/\/www.instagram.com\/magnolia.silk\/\",\"https:\/\/www.pinterest.com\/magnoliasilkcollection\/\"]}]}<\/script>\n<!-- \/ Yoast SEO plugin. -->","yoast_head_json":{"title":"100% z\u012bda spilvendr\u0101nas un miega maskas komplekts - Magnolia silk collection","robots":{"index":"index","follow":"follow","max-snippet":"max-snippet:-1","max-image-preview":"max-image-preview:large","max-video-preview":"max-video-preview:-1"},"canonical":"https:\/\/magnoliasilk.com\/lv\/products\/natural-silk-pillowcase-and-eye-mask-combo\/","og_locale":"lv_LV","og_type":"article","og_title":"100% z\u012bda spilvendr\u0101nas un miega maskas komplekts - Magnolia silk collection","og_description":"Vai Tu atceries p\u0113d\u0113jo reizi, kad Tu sa\u0146\u0113mi savu pirkumu, ko esi pas\u016bt\u012bjusi internet\u0101 un \u0161is pirkums lika Tev no laimes lidot? M\u0113s esam p\u0101rliecin\u0101ti, ka \u0161is perfektais miega komplekts izgatavots no 100% z\u012bda neatst\u0101s Tevi vienaldz\u012bgu...","og_url":"https:\/\/magnoliasilk.com\/lv\/products\/natural-silk-pillowcase-and-eye-mask-combo\/","og_site_name":"Magnolia silk collection","article_publisher":"https:\/\/www.facebook.com\/Magnoliasilkcollection","article_modified_time":"2022-11-27T22:00:43+00:00","og_image":[{"width":768,"height":1151,"url":"https:\/\/magnoliasilk.com\/wp-content\/uploads\/2021\/02\/DSC00090-Medium.jpg","type":"image\/jpeg"}],"twitter_card":"summary_large_image","twitter_misc":{"Est. reading time":"1 min\u016b\u0161u"},"schema":{"@context":"https:\/\/schema.org","@graph":[{"@type":"WebPage","@id":"https:\/\/magnoliasilk.com\/lv\/products\/natural-silk-pillowcase-and-eye-mask-combo\/","url":"https:\/\/magnoliasilk.com\/lv\/products\/natural-silk-pillowcase-and-eye-mask-combo\/","name":"100% z\u012bda spilvendr\u0101nas un miega maskas komplekts - Magnolia silk collection","isPartOf":{"@id":"https:\/\/magnoliasilk.com\/#website"},"primaryImageOfPage":{"@id":"https:\/\/magnoliasilk.com\/lv\/products\/natural-silk-pillowcase-and-eye-mask-combo\/#primaryimage"},"image":{"@id":"https:\/\/magnoliasilk.com\/lv\/products\/natural-silk-pillowcase-and-eye-mask-combo\/#primaryimage"},"thumbnailUrl":"https:\/\/i0.wp.com\/magnoliasilk.com\/wp-content\/uploads\/2021\/02\/DSC00090-Medium.jpg?fit=768%2C1151&ssl=1","datePublished":"2021-02-04T11:50:26+00:00","dateModified":"2022-11-27T22:00:43+00:00","breadcrumb":{"@id":"https:\/\/magnoliasilk.com\/lv\/products\/natural-silk-pillowcase-and-eye-mask-combo\/#breadcrumb"},"inLanguage":"lv-LV","potentialAction":[{"@type":"ReadAction","target":["https:\/\/magnoliasilk.com\/lv\/products\/natural-silk-pillowcase-and-eye-mask-combo\/"]}]},{"@type":"ImageObject","inLanguage":"lv-LV","@id":"https:\/\/magnoliasilk.com\/lv\/products\/natural-silk-pillowcase-and-eye-mask-combo\/#primaryimage","url":"https:\/\/i0.wp.com\/magnoliasilk.com\/wp-content\/uploads\/2021\/02\/DSC00090-Medium.jpg?fit=768%2C1151&ssl=1","contentUrl":"https:\/\/i0.wp.com\/magnoliasilk.com\/wp-content\/uploads\/2021\/02\/DSC00090-Medium.jpg?fit=768%2C1151&ssl=1","width":768,"height":1151},{"@type":"BreadcrumbList","@id":"https:\/\/magnoliasilk.com\/lv\/products\/natural-silk-pillowcase-and-eye-mask-combo\/#breadcrumb","itemListElement":[{"@type":"ListItem","position":1,"name":"Home","item":"https:\/\/magnoliasilk.com\/lv\/"},{"@type":"ListItem","position":2,"name":"Shop","item":"https:\/\/magnoliasilk.com\/lv\/shop-3\/"},{"@type":"ListItem","position":3,"name":"100% z\u012bda spilvendr\u0101nas un miega maskas komplekts"}]},{"@type":"WebSite","@id":"https:\/\/magnoliasilk.com\/#website","url":"https:\/\/magnoliasilk.com\/","name":"Magnolia silk collection","description":"Mulberry silk products by Magnolia","publisher":{"@id":"https:\/\/magnoliasilk.com\/#organization"},"potentialAction":[{"@type":"SearchAction","target":{"@type":"EntryPoint","urlTemplate":"https:\/\/magnoliasilk.com\/?s={search_term_string}"},"query-input":{"@type":"PropertyValueSpecification","valueRequired":true,"valueName":"search_term_string"}}],"inLanguage":"lv-LV"},{"@type":"Organization","@id":"https:\/\/magnoliasilk.com\/#organization","name":"Magnolia silk collection","url":"https:\/\/magnoliasilk.com\/","logo":{"@type":"ImageObject","inLanguage":"lv-LV","@id":"https:\/\/magnoliasilk.com\/#\/schema\/logo\/image\/","url":"https:\/\/i1.wp.com\/magnoliasilk.com\/wp-content\/uploads\/2021\/06\/cropped-magnolia-1.png?fit=369%2C80&ssl=1","contentUrl":"https:\/\/i1.wp.com\/magnoliasilk.com\/wp-content\/uploads\/2021\/06\/cropped-magnolia-1.png?fit=369%2C80&ssl=1","width":369,"height":80,"caption":"Magnolia silk collection"},"image":{"@id":"https:\/\/magnoliasilk.com\/#\/schema\/logo\/image\/"},"sameAs":["https:\/\/www.facebook.com\/Magnoliasilkcollection","https:\/\/www.instagram.com\/magnolia.silk\/","https:\/\/www.pinterest.com\/magnoliasilkcollection\/"]}]}},"jetpack_sharing_enabled":true,"_links":{"self":[{"href":"https:\/\/magnoliasilk.com\/lv\/wp-json\/wp\/v2\/product\/5271","targetHints":{"allow":["GET"]}}],"collection":[{"href":"https:\/\/magnoliasilk.com\/lv\/wp-json\/wp\/v2\/product"}],"about":[{"href":"https:\/\/magnoliasilk.com\/lv\/wp-json\/wp\/v2\/types\/product"}],"wp:featuredmedia":[{"embeddable":true,"href":"https:\/\/magnoliasilk.com\/lv\/wp-json\/wp\/v2\/media\/5273"}],"wp:attachment":[{"href":"https:\/\/magnoliasilk.com\/lv\/wp-json\/wp\/v2\/media?parent=5271"}],"wp:term":[{"taxonomy":"product_brand","embeddable":true,"href":"https:\/\/magnoliasilk.com\/lv\/wp-json\/wp\/v2\/product_brand?post=5271"},{"taxonomy":"product_cat","embeddable":true,"href":"https:\/\/magnoliasilk.com\/lv\/wp-json\/wp\/v2\/product_cat?post=5271"},{"taxonomy":"product_tag","embeddable":true,"href":"https:\/\/magnoliasilk.com\/lv\/wp-json\/wp\/v2\/product_tag?post=5271"}],"curies":[{"name":"wp","href":"https:\/\/api.w.org\/{rel}","templated":true}]}}