{"id":5262,"date":"2021-02-13T12:45:18","date_gmt":"2021-02-13T10:45:18","guid":{"rendered":"https:\/\/magnoliasilk.com\/product\/silk-robe-red\/"},"modified":"2023-01-01T00:06:50","modified_gmt":"2022-12-31T22:06:50","slug":"silk-robe-red","status":"publish","type":"product","link":"https:\/\/magnoliasilk.com\/lv\/products\/silk-robe-red\/","title":{"rendered":"Z\u012bda hal\u0101ts SARKANS"},"content":{"rendered":"<p>Ietin sevi m\u012bkst\u0101 tauri\u0146a sp\u0101rn\u0101&#8230;Tie\u0161i tik m\u012bksts b\u016bs \u0161is hal\u0101ts, jo tas ir izgatavots no augstas kvalit\u0101tes, 100% Mulberry z\u012bda. Komforts ir \u013coti svar\u012bgs, bet Tava \u0101da jut\u012bsies perfekti tikai tad, kad t\u0101 pieskarsies ekolo\u0123iskiem audumiem un z\u012bds ir tie\u0161i tas ko Tu mekl\u0113. Z\u012bda hal\u0101ts ir perfekts sabiedrotais Tavos ik vakara ritu\u0101los, k\u0101 ar\u012b perfekts sabiedrotais no r\u012btiem, kad Tu dzer kafiju no savas m\u012b\u013c\u0101k\u0101s tas\u012btes. Tas ir perfekts sabiedrotais kur iet\u012bties p\u0113c du\u0161as vai vannas, kad esi tikko ieziedusies ar savu m\u012b\u013c\u0101ko \u0137erme\u0146a kr\u0113mu&#8230;nu Tu, d\u0101rg\u0101, m\u016bs saprati&#8230;Tev ir laiks palutin\u0101t sevi ar Magnolia z\u012bda hal\u0101tu. Tu saprati, ka \u0161is hal\u0101ts ir Tavs no pirm\u0101 br\u012b\u017ea, kad Tu to ieraudz\u012bji.<\/p>\n<p>Sast\u0101vs: 100% z\u012bds<br \/>\nKritums: Komfortabls,l\u012bdz ar to hal\u0101ts piel\u0101gosies da\u017e\u0101du apri\u0161u augumiem<br \/>\nPlusi: Z\u012bds neizrasa aler\u0123ijas \u0101dai<\/p>\n<p>Izm\u0113ri:<\/p>\n<p>Garums: 93cm<br \/>\nPleci: 41cm<br \/>\nPiedurk\u0146u garums: 50cm<br \/>\nApk\u0101rtm\u0113rs: 124cm<\/p>\n<p>Viens univers\u0101ls izm\u0113rs, kas perfekti der\u0113s S,M,L Eiropas standarta izm\u0113ra sievietei. Att\u0113l\u0101 redzam\u0101s modeles augums ir 170cm. L\u016bdzu \u0146em v\u0113r\u0101, ka piedurk\u0146u dizains ir izstr\u0101d\u0101ts t\u0101, ka piedurnes nav pilna garuma, ta\u010du veids k\u0101 t\u0101s izskat\u012bsies uz Tevis ir atkar\u012bgs no Tavu roku garuma.<\/p>\n","protected":false},"excerpt":{"rendered":"<p>Izskaties un j\u016bties perfekti uzreiz, kad Tu iet\u0113rp sevi \u0161aj\u0101 skaistaj\u0101 100% z\u012bda hal\u0101t\u0101.<\/p>\n","protected":false},"featured_media":14004,"template":"","meta":[],"product_brand":[],"product_cat":[166],"product_tag":[163],"class_list":{"0":"post-5262","1":"product","2":"type-product","3":"status-publish","4":"has-post-thumbnail","6":"product_cat-silk-robes-lv","7":"product_tag-nightwear-lv","9":"first","10":"instock","11":"sale","12":"taxable","13":"shipping-taxable","14":"purchasable","15":"product-type-variable","16":"has-default-attributes"},"exclude_global_add_ons":[],"addons":[],"yoast_head":"<!-- This site is optimized with the Yoast SEO plugin v27.2 - https:\/\/yoast.com\/product\/yoast-seo-wordpress\/ -->\n<title>Z\u012bda hal\u0101ts SARKANS - Magnolia silk collection<\/title>\n<meta name=\"robots\" content=\"index, follow, max-snippet:-1, max-image-preview:large, max-video-preview:-1\" \/>\n<link rel=\"canonical\" href=\"https:\/\/magnoliasilk.com\/lv\/products\/silk-robe-red\/\" \/>\n<meta property=\"og:locale\" content=\"lv_LV\" \/>\n<meta property=\"og:type\" content=\"article\" \/>\n<meta property=\"og:title\" content=\"Z\u012bda hal\u0101ts SARKANS - Magnolia silk collection\" \/>\n<meta property=\"og:description\" content=\"Izskaties un j\u016bties perfekti uzreiz, kad Tu iet\u0113rp sevi \u0161aj\u0101 skaistaj\u0101 100% z\u012bda hal\u0101t\u0101.\" \/>\n<meta property=\"og:url\" content=\"https:\/\/magnoliasilk.com\/lv\/products\/silk-robe-red\/\" \/>\n<meta property=\"og:site_name\" content=\"Magnolia silk collection\" \/>\n<meta property=\"article:publisher\" content=\"https:\/\/www.facebook.com\/Magnoliasilkcollection\" \/>\n<meta property=\"article:modified_time\" content=\"2022-12-31T22:06:50+00:00\" \/>\n<meta property=\"og:image\" content=\"https:\/\/magnoliasilk.com\/wp-content\/uploads\/2021\/11\/DSC09808-scaled.jpg\" \/>\n\t<meta property=\"og:image:width\" content=\"1707\" \/>\n\t<meta property=\"og:image:height\" content=\"2560\" \/>\n\t<meta property=\"og:image:type\" content=\"image\/jpeg\" \/>\n<meta name=\"twitter:card\" content=\"summary_large_image\" \/>\n<meta name=\"twitter:label1\" content=\"Est. reading time\" \/>\n\t<meta name=\"twitter:data1\" content=\"1 min\u016b\u0161u\" \/>\n<script type=\"application\/ld+json\" class=\"yoast-schema-graph\">{\"@context\":\"https:\/\/schema.org\",\"@graph\":[{\"@type\":\"WebPage\",\"@id\":\"https:\/\/magnoliasilk.com\/lv\/products\/silk-robe-red\/\",\"url\":\"https:\/\/magnoliasilk.com\/lv\/products\/silk-robe-red\/\",\"name\":\"Z\u012bda hal\u0101ts SARKANS - Magnolia silk collection\",\"isPartOf\":{\"@id\":\"https:\/\/magnoliasilk.com\/#website\"},\"primaryImageOfPage\":{\"@id\":\"https:\/\/magnoliasilk.com\/lv\/products\/silk-robe-red\/#primaryimage\"},\"image\":{\"@id\":\"https:\/\/magnoliasilk.com\/lv\/products\/silk-robe-red\/#primaryimage\"},\"thumbnailUrl\":\"https:\/\/i0.wp.com\/magnoliasilk.com\/wp-content\/uploads\/2021\/11\/DSC09808-scaled.jpg?fit=1707%2C2560&ssl=1\",\"datePublished\":\"2021-02-13T10:45:18+00:00\",\"dateModified\":\"2022-12-31T22:06:50+00:00\",\"breadcrumb\":{\"@id\":\"https:\/\/magnoliasilk.com\/lv\/products\/silk-robe-red\/#breadcrumb\"},\"inLanguage\":\"lv-LV\",\"potentialAction\":[{\"@type\":\"ReadAction\",\"target\":[\"https:\/\/magnoliasilk.com\/lv\/products\/silk-robe-red\/\"]}]},{\"@type\":\"ImageObject\",\"inLanguage\":\"lv-LV\",\"@id\":\"https:\/\/magnoliasilk.com\/lv\/products\/silk-robe-red\/#primaryimage\",\"url\":\"https:\/\/i0.wp.com\/magnoliasilk.com\/wp-content\/uploads\/2021\/11\/DSC09808-scaled.jpg?fit=1707%2C2560&ssl=1\",\"contentUrl\":\"https:\/\/i0.wp.com\/magnoliasilk.com\/wp-content\/uploads\/2021\/11\/DSC09808-scaled.jpg?fit=1707%2C2560&ssl=1\",\"width\":1707,\"height\":2560},{\"@type\":\"BreadcrumbList\",\"@id\":\"https:\/\/magnoliasilk.com\/lv\/products\/silk-robe-red\/#breadcrumb\",\"itemListElement\":[{\"@type\":\"ListItem\",\"position\":1,\"name\":\"Home\",\"item\":\"https:\/\/magnoliasilk.com\/lv\/\"},{\"@type\":\"ListItem\",\"position\":2,\"name\":\"Shop\",\"item\":\"https:\/\/magnoliasilk.com\/lv\/shop-3\/\"},{\"@type\":\"ListItem\",\"position\":3,\"name\":\"Z\u012bda hal\u0101ts SARKANS\"}]},{\"@type\":\"WebSite\",\"@id\":\"https:\/\/magnoliasilk.com\/#website\",\"url\":\"https:\/\/magnoliasilk.com\/\",\"name\":\"Magnolia silk collection\",\"description\":\"Mulberry silk products by Magnolia\",\"publisher\":{\"@id\":\"https:\/\/magnoliasilk.com\/#organization\"},\"potentialAction\":[{\"@type\":\"SearchAction\",\"target\":{\"@type\":\"EntryPoint\",\"urlTemplate\":\"https:\/\/magnoliasilk.com\/?s={search_term_string}\"},\"query-input\":{\"@type\":\"PropertyValueSpecification\",\"valueRequired\":true,\"valueName\":\"search_term_string\"}}],\"inLanguage\":\"lv-LV\"},{\"@type\":\"Organization\",\"@id\":\"https:\/\/magnoliasilk.com\/#organization\",\"name\":\"Magnolia silk collection\",\"url\":\"https:\/\/magnoliasilk.com\/\",\"logo\":{\"@type\":\"ImageObject\",\"inLanguage\":\"lv-LV\",\"@id\":\"https:\/\/magnoliasilk.com\/#\/schema\/logo\/image\/\",\"url\":\"https:\/\/i1.wp.com\/magnoliasilk.com\/wp-content\/uploads\/2021\/06\/cropped-magnolia-1.png?fit=369%2C80&ssl=1\",\"contentUrl\":\"https:\/\/i1.wp.com\/magnoliasilk.com\/wp-content\/uploads\/2021\/06\/cropped-magnolia-1.png?fit=369%2C80&ssl=1\",\"width\":369,\"height\":80,\"caption\":\"Magnolia silk collection\"},\"image\":{\"@id\":\"https:\/\/magnoliasilk.com\/#\/schema\/logo\/image\/\"},\"sameAs\":[\"https:\/\/www.facebook.com\/Magnoliasilkcollection\",\"https:\/\/www.instagram.com\/magnolia.silk\/\",\"https:\/\/www.pinterest.com\/magnoliasilkcollection\/\"]}]}<\/script>\n<!-- \/ Yoast SEO plugin. -->","yoast_head_json":{"title":"Z\u012bda hal\u0101ts SARKANS - Magnolia silk collection","robots":{"index":"index","follow":"follow","max-snippet":"max-snippet:-1","max-image-preview":"max-image-preview:large","max-video-preview":"max-video-preview:-1"},"canonical":"https:\/\/magnoliasilk.com\/lv\/products\/silk-robe-red\/","og_locale":"lv_LV","og_type":"article","og_title":"Z\u012bda hal\u0101ts SARKANS - Magnolia silk collection","og_description":"Izskaties un j\u016bties perfekti uzreiz, kad Tu iet\u0113rp sevi \u0161aj\u0101 skaistaj\u0101 100% z\u012bda hal\u0101t\u0101.","og_url":"https:\/\/magnoliasilk.com\/lv\/products\/silk-robe-red\/","og_site_name":"Magnolia silk collection","article_publisher":"https:\/\/www.facebook.com\/Magnoliasilkcollection","article_modified_time":"2022-12-31T22:06:50+00:00","og_image":[{"width":1707,"height":2560,"url":"https:\/\/magnoliasilk.com\/wp-content\/uploads\/2021\/11\/DSC09808-scaled.jpg","type":"image\/jpeg"}],"twitter_card":"summary_large_image","twitter_misc":{"Est. reading time":"1 min\u016b\u0161u"},"schema":{"@context":"https:\/\/schema.org","@graph":[{"@type":"WebPage","@id":"https:\/\/magnoliasilk.com\/lv\/products\/silk-robe-red\/","url":"https:\/\/magnoliasilk.com\/lv\/products\/silk-robe-red\/","name":"Z\u012bda hal\u0101ts SARKANS - Magnolia silk collection","isPartOf":{"@id":"https:\/\/magnoliasilk.com\/#website"},"primaryImageOfPage":{"@id":"https:\/\/magnoliasilk.com\/lv\/products\/silk-robe-red\/#primaryimage"},"image":{"@id":"https:\/\/magnoliasilk.com\/lv\/products\/silk-robe-red\/#primaryimage"},"thumbnailUrl":"https:\/\/i0.wp.com\/magnoliasilk.com\/wp-content\/uploads\/2021\/11\/DSC09808-scaled.jpg?fit=1707%2C2560&ssl=1","datePublished":"2021-02-13T10:45:18+00:00","dateModified":"2022-12-31T22:06:50+00:00","breadcrumb":{"@id":"https:\/\/magnoliasilk.com\/lv\/products\/silk-robe-red\/#breadcrumb"},"inLanguage":"lv-LV","potentialAction":[{"@type":"ReadAction","target":["https:\/\/magnoliasilk.com\/lv\/products\/silk-robe-red\/"]}]},{"@type":"ImageObject","inLanguage":"lv-LV","@id":"https:\/\/magnoliasilk.com\/lv\/products\/silk-robe-red\/#primaryimage","url":"https:\/\/i0.wp.com\/magnoliasilk.com\/wp-content\/uploads\/2021\/11\/DSC09808-scaled.jpg?fit=1707%2C2560&ssl=1","contentUrl":"https:\/\/i0.wp.com\/magnoliasilk.com\/wp-content\/uploads\/2021\/11\/DSC09808-scaled.jpg?fit=1707%2C2560&ssl=1","width":1707,"height":2560},{"@type":"BreadcrumbList","@id":"https:\/\/magnoliasilk.com\/lv\/products\/silk-robe-red\/#breadcrumb","itemListElement":[{"@type":"ListItem","position":1,"name":"Home","item":"https:\/\/magnoliasilk.com\/lv\/"},{"@type":"ListItem","position":2,"name":"Shop","item":"https:\/\/magnoliasilk.com\/lv\/shop-3\/"},{"@type":"ListItem","position":3,"name":"Z\u012bda hal\u0101ts SARKANS"}]},{"@type":"WebSite","@id":"https:\/\/magnoliasilk.com\/#website","url":"https:\/\/magnoliasilk.com\/","name":"Magnolia silk collection","description":"Mulberry silk products by Magnolia","publisher":{"@id":"https:\/\/magnoliasilk.com\/#organization"},"potentialAction":[{"@type":"SearchAction","target":{"@type":"EntryPoint","urlTemplate":"https:\/\/magnoliasilk.com\/?s={search_term_string}"},"query-input":{"@type":"PropertyValueSpecification","valueRequired":true,"valueName":"search_term_string"}}],"inLanguage":"lv-LV"},{"@type":"Organization","@id":"https:\/\/magnoliasilk.com\/#organization","name":"Magnolia silk collection","url":"https:\/\/magnoliasilk.com\/","logo":{"@type":"ImageObject","inLanguage":"lv-LV","@id":"https:\/\/magnoliasilk.com\/#\/schema\/logo\/image\/","url":"https:\/\/i1.wp.com\/magnoliasilk.com\/wp-content\/uploads\/2021\/06\/cropped-magnolia-1.png?fit=369%2C80&ssl=1","contentUrl":"https:\/\/i1.wp.com\/magnoliasilk.com\/wp-content\/uploads\/2021\/06\/cropped-magnolia-1.png?fit=369%2C80&ssl=1","width":369,"height":80,"caption":"Magnolia silk collection"},"image":{"@id":"https:\/\/magnoliasilk.com\/#\/schema\/logo\/image\/"},"sameAs":["https:\/\/www.facebook.com\/Magnoliasilkcollection","https:\/\/www.instagram.com\/magnolia.silk\/","https:\/\/www.pinterest.com\/magnoliasilkcollection\/"]}]}},"jetpack_sharing_enabled":true,"_links":{"self":[{"href":"https:\/\/magnoliasilk.com\/lv\/wp-json\/wp\/v2\/product\/5262","targetHints":{"allow":["GET"]}}],"collection":[{"href":"https:\/\/magnoliasilk.com\/lv\/wp-json\/wp\/v2\/product"}],"about":[{"href":"https:\/\/magnoliasilk.com\/lv\/wp-json\/wp\/v2\/types\/product"}],"wp:featuredmedia":[{"embeddable":true,"href":"https:\/\/magnoliasilk.com\/lv\/wp-json\/wp\/v2\/media\/14004"}],"wp:attachment":[{"href":"https:\/\/magnoliasilk.com\/lv\/wp-json\/wp\/v2\/media?parent=5262"}],"wp:term":[{"taxonomy":"product_brand","embeddable":true,"href":"https:\/\/magnoliasilk.com\/lv\/wp-json\/wp\/v2\/product_brand?post=5262"},{"taxonomy":"product_cat","embeddable":true,"href":"https:\/\/magnoliasilk.com\/lv\/wp-json\/wp\/v2\/product_cat?post=5262"},{"taxonomy":"product_tag","embeddable":true,"href":"https:\/\/magnoliasilk.com\/lv\/wp-json\/wp\/v2\/product_tag?post=5262"}],"curies":[{"name":"wp","href":"https:\/\/api.w.org\/{rel}","templated":true}]}}