{"id":16627,"date":"2024-11-29T12:29:20","date_gmt":"2024-11-29T10:29:20","guid":{"rendered":"https:\/\/magnoliasilk.com\/?post_type=product&#038;p=16627"},"modified":"2024-11-29T12:54:01","modified_gmt":"2024-11-29T10:54:01","slug":"minimalistika-zida-matu-gumija-pure","status":"publish","type":"product","link":"https:\/\/magnoliasilk.com\/lv\/products\/minimalistika-zida-matu-gumija-pure\/","title":{"rendered":"Minim\u0101listik\u0101 z\u012bda matu gumija PURE"},"content":{"rendered":"<p>&#8211; 100% Mulberry z\u012bds<br \/>\n&#8211; Viens izm\u0113rs<br \/>\n&#8211; Kr\u0101sa: balta<br \/>\n&#8211; Elast\u012bga un matiem saudz\u012bga<\/p>\n","protected":false},"excerpt":{"rendered":"<p>Eleganta un minim\u0101listiska z\u012bda matu gumija t\u0101m sieviet\u0113m, kuras m\u012bl matus n\u0113s\u0101t sasietus, bet dod priek\u0161roku gumijai, kas nerada lieku uzman\u012bbu. T\u0101 pat \u0161\u012b z\u012bda matu gumija b\u016bs lieliska izv\u0113le sieviet\u0113m ar \u012bpa\u0161i pl\u0101niem un\/vai \u012bsiem matiem.<\/p>\n","protected":false},"featured_media":16631,"template":"","meta":[],"product_brand":[],"product_cat":[338,172],"product_tag":[],"class_list":{"0":"post-16627","1":"product","2":"type-product","3":"status-publish","4":"has-post-thumbnail","6":"product_cat-melnas-piektdienas-piedavajumi-30","7":"product_cat-silk-schrunchies-lv","9":"first","10":"instock","11":"sale","12":"taxable","13":"shipping-taxable","14":"purchasable","15":"product-type-simple"},"exclude_global_add_ons":false,"addons":[{"name":"\u00a0","type":"multiple_choice","position":0,"required":true,"title_format":"hide","default":"","description_enable":false,"description":"","placeholder_enable":false,"placeholder":"","display":"radiobutton","restrictions_type":"any_text","adjust_price":false,"price":"","price_type":"flat_fee","restrictions":false,"min":"0","max":"0","options":[{"label":"No giftbox","price":"","price_type":"flat_fee","image":0,"visibility":true},{"label":"Luxurious Magnolia white giftbox","price":"2.5","price_type":"quantity_based","image":4077,"visibility":true}],"id":1668980122}],"yoast_head":"<!-- This site is optimized with the Yoast SEO plugin v27.2 - https:\/\/yoast.com\/product\/yoast-seo-wordpress\/ -->\n<title>Minim\u0101listik\u0101 z\u012bda matu gumija PURE - Magnolia silk collection<\/title>\n<meta name=\"robots\" content=\"index, follow, max-snippet:-1, max-image-preview:large, max-video-preview:-1\" \/>\n<link rel=\"canonical\" href=\"https:\/\/magnoliasilk.com\/lv\/products\/minimalistika-zida-matu-gumija-pure\/\" \/>\n<meta property=\"og:locale\" content=\"lv_LV\" \/>\n<meta property=\"og:type\" content=\"article\" \/>\n<meta property=\"og:title\" content=\"Minim\u0101listik\u0101 z\u012bda matu gumija PURE - Magnolia silk collection\" \/>\n<meta property=\"og:description\" content=\"Eleganta un minim\u0101listiska z\u012bda matu gumija t\u0101m sieviet\u0113m, kuras m\u012bl matus n\u0113s\u0101t sasietus, bet dod priek\u0161roku gumijai, kas nerada lieku uzman\u012bbu. T\u0101 pat \u0161\u012b z\u012bda matu gumija b\u016bs lieliska izv\u0113le sieviet\u0113m ar \u012bpa\u0161i pl\u0101niem un\/vai \u012bsiem matiem.\" \/>\n<meta property=\"og:url\" content=\"https:\/\/magnoliasilk.com\/lv\/products\/minimalistika-zida-matu-gumija-pure\/\" \/>\n<meta property=\"og:site_name\" content=\"Magnolia silk collection\" \/>\n<meta property=\"article:publisher\" content=\"https:\/\/www.facebook.com\/Magnoliasilkcollection\" \/>\n<meta property=\"article:modified_time\" content=\"2024-11-29T10:54:01+00:00\" \/>\n<meta property=\"og:image\" content=\"https:\/\/i0.wp.com\/magnoliasilk.com\/wp-content\/uploads\/2024\/11\/pure-scaled.jpeg?fit=1920%2C2560&ssl=1\" \/>\n\t<meta property=\"og:image:width\" content=\"1920\" \/>\n\t<meta property=\"og:image:height\" content=\"2560\" \/>\n\t<meta property=\"og:image:type\" content=\"image\/jpeg\" \/>\n<meta name=\"twitter:card\" content=\"summary_large_image\" \/>\n<meta name=\"twitter:label1\" content=\"Est. reading time\" \/>\n\t<meta name=\"twitter:data1\" content=\"1 min\u016b\u0161u\" \/>\n<script type=\"application\/ld+json\" class=\"yoast-schema-graph\">{\"@context\":\"https:\/\/schema.org\",\"@graph\":[{\"@type\":\"WebPage\",\"@id\":\"https:\/\/magnoliasilk.com\/lv\/products\/minimalistika-zida-matu-gumija-pure\/\",\"url\":\"https:\/\/magnoliasilk.com\/lv\/products\/minimalistika-zida-matu-gumija-pure\/\",\"name\":\"Minim\u0101listik\u0101 z\u012bda matu gumija PURE - Magnolia silk collection\",\"isPartOf\":{\"@id\":\"https:\/\/magnoliasilk.com\/#website\"},\"primaryImageOfPage\":{\"@id\":\"https:\/\/magnoliasilk.com\/lv\/products\/minimalistika-zida-matu-gumija-pure\/#primaryimage\"},\"image\":{\"@id\":\"https:\/\/magnoliasilk.com\/lv\/products\/minimalistika-zida-matu-gumija-pure\/#primaryimage\"},\"thumbnailUrl\":\"https:\/\/i0.wp.com\/magnoliasilk.com\/wp-content\/uploads\/2024\/11\/pure-scaled.jpeg?fit=1920%2C2560&ssl=1\",\"datePublished\":\"2024-11-29T10:29:20+00:00\",\"dateModified\":\"2024-11-29T10:54:01+00:00\",\"breadcrumb\":{\"@id\":\"https:\/\/magnoliasilk.com\/lv\/products\/minimalistika-zida-matu-gumija-pure\/#breadcrumb\"},\"inLanguage\":\"lv-LV\",\"potentialAction\":[{\"@type\":\"ReadAction\",\"target\":[\"https:\/\/magnoliasilk.com\/lv\/products\/minimalistika-zida-matu-gumija-pure\/\"]}]},{\"@type\":\"ImageObject\",\"inLanguage\":\"lv-LV\",\"@id\":\"https:\/\/magnoliasilk.com\/lv\/products\/minimalistika-zida-matu-gumija-pure\/#primaryimage\",\"url\":\"https:\/\/i0.wp.com\/magnoliasilk.com\/wp-content\/uploads\/2024\/11\/pure-scaled.jpeg?fit=1920%2C2560&ssl=1\",\"contentUrl\":\"https:\/\/i0.wp.com\/magnoliasilk.com\/wp-content\/uploads\/2024\/11\/pure-scaled.jpeg?fit=1920%2C2560&ssl=1\",\"width\":1920,\"height\":2560},{\"@type\":\"BreadcrumbList\",\"@id\":\"https:\/\/magnoliasilk.com\/lv\/products\/minimalistika-zida-matu-gumija-pure\/#breadcrumb\",\"itemListElement\":[{\"@type\":\"ListItem\",\"position\":1,\"name\":\"Home\",\"item\":\"https:\/\/magnoliasilk.com\/lv\/\"},{\"@type\":\"ListItem\",\"position\":2,\"name\":\"Shop\",\"item\":\"https:\/\/magnoliasilk.com\/lv\/shop-3\/\"},{\"@type\":\"ListItem\",\"position\":3,\"name\":\"Minim\u0101listik\u0101 z\u012bda matu gumija PURE\"}]},{\"@type\":\"WebSite\",\"@id\":\"https:\/\/magnoliasilk.com\/#website\",\"url\":\"https:\/\/magnoliasilk.com\/\",\"name\":\"Magnolia silk collection\",\"description\":\"Mulberry silk products by Magnolia\",\"publisher\":{\"@id\":\"https:\/\/magnoliasilk.com\/#organization\"},\"potentialAction\":[{\"@type\":\"SearchAction\",\"target\":{\"@type\":\"EntryPoint\",\"urlTemplate\":\"https:\/\/magnoliasilk.com\/?s={search_term_string}\"},\"query-input\":{\"@type\":\"PropertyValueSpecification\",\"valueRequired\":true,\"valueName\":\"search_term_string\"}}],\"inLanguage\":\"lv-LV\"},{\"@type\":\"Organization\",\"@id\":\"https:\/\/magnoliasilk.com\/#organization\",\"name\":\"Magnolia silk collection\",\"url\":\"https:\/\/magnoliasilk.com\/\",\"logo\":{\"@type\":\"ImageObject\",\"inLanguage\":\"lv-LV\",\"@id\":\"https:\/\/magnoliasilk.com\/#\/schema\/logo\/image\/\",\"url\":\"https:\/\/i1.wp.com\/magnoliasilk.com\/wp-content\/uploads\/2021\/06\/cropped-magnolia-1.png?fit=369%2C80&ssl=1\",\"contentUrl\":\"https:\/\/i1.wp.com\/magnoliasilk.com\/wp-content\/uploads\/2021\/06\/cropped-magnolia-1.png?fit=369%2C80&ssl=1\",\"width\":369,\"height\":80,\"caption\":\"Magnolia silk collection\"},\"image\":{\"@id\":\"https:\/\/magnoliasilk.com\/#\/schema\/logo\/image\/\"},\"sameAs\":[\"https:\/\/www.facebook.com\/Magnoliasilkcollection\",\"https:\/\/www.instagram.com\/magnolia.silk\/\",\"https:\/\/www.pinterest.com\/magnoliasilkcollection\/\"]}]}<\/script>\n<!-- \/ Yoast SEO plugin. -->","yoast_head_json":{"title":"Minim\u0101listik\u0101 z\u012bda matu gumija PURE - Magnolia silk collection","robots":{"index":"index","follow":"follow","max-snippet":"max-snippet:-1","max-image-preview":"max-image-preview:large","max-video-preview":"max-video-preview:-1"},"canonical":"https:\/\/magnoliasilk.com\/lv\/products\/minimalistika-zida-matu-gumija-pure\/","og_locale":"lv_LV","og_type":"article","og_title":"Minim\u0101listik\u0101 z\u012bda matu gumija PURE - Magnolia silk collection","og_description":"Eleganta un minim\u0101listiska z\u012bda matu gumija t\u0101m sieviet\u0113m, kuras m\u012bl matus n\u0113s\u0101t sasietus, bet dod priek\u0161roku gumijai, kas nerada lieku uzman\u012bbu. T\u0101 pat \u0161\u012b z\u012bda matu gumija b\u016bs lieliska izv\u0113le sieviet\u0113m ar \u012bpa\u0161i pl\u0101niem un\/vai \u012bsiem matiem.","og_url":"https:\/\/magnoliasilk.com\/lv\/products\/minimalistika-zida-matu-gumija-pure\/","og_site_name":"Magnolia silk collection","article_publisher":"https:\/\/www.facebook.com\/Magnoliasilkcollection","article_modified_time":"2024-11-29T10:54:01+00:00","og_image":[{"width":1920,"height":2560,"url":"https:\/\/i0.wp.com\/magnoliasilk.com\/wp-content\/uploads\/2024\/11\/pure-scaled.jpeg?fit=1920%2C2560&ssl=1","type":"image\/jpeg"}],"twitter_card":"summary_large_image","twitter_misc":{"Est. reading time":"1 min\u016b\u0161u"},"schema":{"@context":"https:\/\/schema.org","@graph":[{"@type":"WebPage","@id":"https:\/\/magnoliasilk.com\/lv\/products\/minimalistika-zida-matu-gumija-pure\/","url":"https:\/\/magnoliasilk.com\/lv\/products\/minimalistika-zida-matu-gumija-pure\/","name":"Minim\u0101listik\u0101 z\u012bda matu gumija PURE - Magnolia silk collection","isPartOf":{"@id":"https:\/\/magnoliasilk.com\/#website"},"primaryImageOfPage":{"@id":"https:\/\/magnoliasilk.com\/lv\/products\/minimalistika-zida-matu-gumija-pure\/#primaryimage"},"image":{"@id":"https:\/\/magnoliasilk.com\/lv\/products\/minimalistika-zida-matu-gumija-pure\/#primaryimage"},"thumbnailUrl":"https:\/\/i0.wp.com\/magnoliasilk.com\/wp-content\/uploads\/2024\/11\/pure-scaled.jpeg?fit=1920%2C2560&ssl=1","datePublished":"2024-11-29T10:29:20+00:00","dateModified":"2024-11-29T10:54:01+00:00","breadcrumb":{"@id":"https:\/\/magnoliasilk.com\/lv\/products\/minimalistika-zida-matu-gumija-pure\/#breadcrumb"},"inLanguage":"lv-LV","potentialAction":[{"@type":"ReadAction","target":["https:\/\/magnoliasilk.com\/lv\/products\/minimalistika-zida-matu-gumija-pure\/"]}]},{"@type":"ImageObject","inLanguage":"lv-LV","@id":"https:\/\/magnoliasilk.com\/lv\/products\/minimalistika-zida-matu-gumija-pure\/#primaryimage","url":"https:\/\/i0.wp.com\/magnoliasilk.com\/wp-content\/uploads\/2024\/11\/pure-scaled.jpeg?fit=1920%2C2560&ssl=1","contentUrl":"https:\/\/i0.wp.com\/magnoliasilk.com\/wp-content\/uploads\/2024\/11\/pure-scaled.jpeg?fit=1920%2C2560&ssl=1","width":1920,"height":2560},{"@type":"BreadcrumbList","@id":"https:\/\/magnoliasilk.com\/lv\/products\/minimalistika-zida-matu-gumija-pure\/#breadcrumb","itemListElement":[{"@type":"ListItem","position":1,"name":"Home","item":"https:\/\/magnoliasilk.com\/lv\/"},{"@type":"ListItem","position":2,"name":"Shop","item":"https:\/\/magnoliasilk.com\/lv\/shop-3\/"},{"@type":"ListItem","position":3,"name":"Minim\u0101listik\u0101 z\u012bda matu gumija PURE"}]},{"@type":"WebSite","@id":"https:\/\/magnoliasilk.com\/#website","url":"https:\/\/magnoliasilk.com\/","name":"Magnolia silk collection","description":"Mulberry silk products by Magnolia","publisher":{"@id":"https:\/\/magnoliasilk.com\/#organization"},"potentialAction":[{"@type":"SearchAction","target":{"@type":"EntryPoint","urlTemplate":"https:\/\/magnoliasilk.com\/?s={search_term_string}"},"query-input":{"@type":"PropertyValueSpecification","valueRequired":true,"valueName":"search_term_string"}}],"inLanguage":"lv-LV"},{"@type":"Organization","@id":"https:\/\/magnoliasilk.com\/#organization","name":"Magnolia silk collection","url":"https:\/\/magnoliasilk.com\/","logo":{"@type":"ImageObject","inLanguage":"lv-LV","@id":"https:\/\/magnoliasilk.com\/#\/schema\/logo\/image\/","url":"https:\/\/i1.wp.com\/magnoliasilk.com\/wp-content\/uploads\/2021\/06\/cropped-magnolia-1.png?fit=369%2C80&ssl=1","contentUrl":"https:\/\/i1.wp.com\/magnoliasilk.com\/wp-content\/uploads\/2021\/06\/cropped-magnolia-1.png?fit=369%2C80&ssl=1","width":369,"height":80,"caption":"Magnolia silk collection"},"image":{"@id":"https:\/\/magnoliasilk.com\/#\/schema\/logo\/image\/"},"sameAs":["https:\/\/www.facebook.com\/Magnoliasilkcollection","https:\/\/www.instagram.com\/magnolia.silk\/","https:\/\/www.pinterest.com\/magnoliasilkcollection\/"]}]}},"jetpack_sharing_enabled":true,"_links":{"self":[{"href":"https:\/\/magnoliasilk.com\/lv\/wp-json\/wp\/v2\/product\/16627","targetHints":{"allow":["GET"]}}],"collection":[{"href":"https:\/\/magnoliasilk.com\/lv\/wp-json\/wp\/v2\/product"}],"about":[{"href":"https:\/\/magnoliasilk.com\/lv\/wp-json\/wp\/v2\/types\/product"}],"wp:featuredmedia":[{"embeddable":true,"href":"https:\/\/magnoliasilk.com\/lv\/wp-json\/wp\/v2\/media\/16631"}],"wp:attachment":[{"href":"https:\/\/magnoliasilk.com\/lv\/wp-json\/wp\/v2\/media?parent=16627"}],"wp:term":[{"taxonomy":"product_brand","embeddable":true,"href":"https:\/\/magnoliasilk.com\/lv\/wp-json\/wp\/v2\/product_brand?post=16627"},{"taxonomy":"product_cat","embeddable":true,"href":"https:\/\/magnoliasilk.com\/lv\/wp-json\/wp\/v2\/product_cat?post=16627"},{"taxonomy":"product_tag","embeddable":true,"href":"https:\/\/magnoliasilk.com\/lv\/wp-json\/wp\/v2\/product_tag?post=16627"}],"curies":[{"name":"wp","href":"https:\/\/api.w.org\/{rel}","templated":true}]}}