{"id":16178,"date":"2024-06-19T10:25:20","date_gmt":"2024-06-19T07:25:20","guid":{"rendered":"https:\/\/magnoliasilk.com\/?post_type=product&#038;p=16178"},"modified":"2024-06-19T13:30:28","modified_gmt":"2024-06-19T10:30:28","slug":"zida-pidzama-champagne","status":"publish","type":"product","link":"https:\/\/magnoliasilk.com\/lv\/products\/zida-pidzama-champagne\/","title":{"rendered":"Luksuss 100% z\u012bda pid\u017eama CHAMPAGNE"},"content":{"rendered":"<p>Skaista,laim\u012bga,starojo\u0161a- t\u0101 esi Tu,d\u0101rg\u0101! Un \u012bpa\u0161i tagad, jo Tu esi noskat\u012bjusi \u0161o skaisto, m\u012bksto, komfortablo pid\u017eamu,izgatavotu no 100% z\u012bda. \u0160\u012b ir t\u0101 perfekt\u0101 pid\u017eama kur\u0101 pavad\u012bt ne tikai naktis un r\u012btus gult\u0101, bet ar\u012b laiku m\u0101j\u0101s. M\u0113s pat teiktu,ka Magnolia pid\u017eama ir tik pat\u012bkama, ka taj\u0101 pat var vad\u012bt virtu\u0101l\u0101s darba sap\u016blces. Tops ir skaisti kr\u012bto\u0161s uz auguma un \u0161ortos ir iestr\u0101d\u0101ta elast\u012bg\u0101 josta, lai Tu var\u0113tu izjust maksim\u0101lu komfortu.\u0160\u012b pid\u017eama pavisam dr\u012bz k\u013c\u016bst par Tavu m\u012b\u013c\u0101ko pid\u017eamu un m\u0101jas t\u0113rpu. Izsmalcin\u0101t\u0101 Magnolia d\u0101vanu kaste ir iek\u013cauta cen\u0101, t\u0101 b\u016bs perfekta d\u0101vana gan Tev pa\u0161ai, gan k\u0101dai Tev d\u0101rgai sievietei.<\/p>\n<p>Izgatavota no: 100% z\u012bda.<br \/>\nPlusi: Z\u012bds neizraisa aler\u0123ijas pat pa\u0161ai j\u016bt\u012bg\u0101kai \u0101adai.<\/p>\n<p>Izm\u0113ri \u0161ortiem:<br \/>\nGarums: 34cm<br \/>\nViduklis: 80cm un vidukl\u012b ir iestr\u0101d\u0101ta elast\u012bga gumija<br \/>\nGurni: 117cm<\/p>\n<p>Izm\u0113ri topam:<br \/>\nGarums: 62cm<br \/>\nKr\u016btis: 102cm<\/p>\n<p>Viens univers\u0101lais izm\u0113rs kas perfekti der\u0113s S, M Eiropas standarta izm\u0113ram. Att\u0113l\u0101 redzam\u0101s modeles augums ir 170cm.<\/p>\n","protected":false},"excerpt":{"rendered":"<p>Tik \u0113rti, tik m\u012bksti, tik relaks\u0113jo\u0161i un skaisti&#8230;j\u0101, tas ir Magnolias 100% z\u012bda pid\u017eamas komplekts.<\/p>\n<p>&nbsp;<\/p>\n","protected":false},"featured_media":16184,"template":"","meta":[],"product_brand":[],"product_cat":[338,328,162],"product_tag":[163],"class_list":{"0":"post-16178","1":"product","2":"type-product","3":"status-publish","4":"has-post-thumbnail","6":"product_cat-melnas-piektdienas-piedavajumi-30","7":"product_cat-jauni-produkti","8":"product_cat-silk-pajamas-lv","9":"product_tag-nightwear-lv","11":"first","12":"outofstock","13":"sale","14":"taxable","15":"shipping-taxable","16":"purchasable","17":"product-type-simple"},"exclude_global_add_ons":[],"addons":[],"yoast_head":"<!-- This site is optimized with the Yoast SEO plugin v27.2 - https:\/\/yoast.com\/product\/yoast-seo-wordpress\/ -->\n<title>Luksuss 100% z\u012bda pid\u017eama CHAMPAGNE - Magnolia silk collection<\/title>\n<meta name=\"robots\" content=\"index, follow, max-snippet:-1, max-image-preview:large, max-video-preview:-1\" \/>\n<link rel=\"canonical\" href=\"https:\/\/magnoliasilk.com\/lv\/products\/zida-pidzama-champagne\/\" \/>\n<meta property=\"og:locale\" content=\"lv_LV\" \/>\n<meta property=\"og:type\" content=\"article\" \/>\n<meta property=\"og:title\" content=\"Luksuss 100% z\u012bda pid\u017eama CHAMPAGNE - Magnolia silk collection\" \/>\n<meta property=\"og:description\" content=\"Tik \u0113rti, tik m\u012bksti, tik relaks\u0113jo\u0161i un skaisti...j\u0101, tas ir Magnolias 100% z\u012bda pid\u017eamas komplekts.  &nbsp;\" \/>\n<meta property=\"og:url\" content=\"https:\/\/magnoliasilk.com\/lv\/products\/zida-pidzama-champagne\/\" \/>\n<meta property=\"og:site_name\" content=\"Magnolia silk collection\" \/>\n<meta property=\"article:publisher\" content=\"https:\/\/www.facebook.com\/Magnoliasilkcollection\" \/>\n<meta property=\"article:modified_time\" content=\"2024-06-19T10:30:28+00:00\" \/>\n<meta property=\"og:image\" content=\"https:\/\/i0.wp.com\/magnoliasilk.com\/wp-content\/uploads\/2024\/06\/IMG_9277-scaled.jpg?fit=1920%2C2560&ssl=1\" \/>\n\t<meta property=\"og:image:width\" content=\"1920\" \/>\n\t<meta property=\"og:image:height\" content=\"2560\" \/>\n\t<meta property=\"og:image:type\" content=\"image\/jpeg\" \/>\n<meta name=\"twitter:card\" content=\"summary_large_image\" \/>\n<meta name=\"twitter:label1\" content=\"Est. reading time\" \/>\n\t<meta name=\"twitter:data1\" content=\"1 min\u016b\u0161u\" \/>\n<script type=\"application\/ld+json\" class=\"yoast-schema-graph\">{\"@context\":\"https:\/\/schema.org\",\"@graph\":[{\"@type\":\"WebPage\",\"@id\":\"https:\/\/magnoliasilk.com\/lv\/products\/zida-pidzama-champagne\/\",\"url\":\"https:\/\/magnoliasilk.com\/lv\/products\/zida-pidzama-champagne\/\",\"name\":\"Luksuss 100% z\u012bda pid\u017eama CHAMPAGNE - Magnolia silk collection\",\"isPartOf\":{\"@id\":\"https:\/\/magnoliasilk.com\/#website\"},\"primaryImageOfPage\":{\"@id\":\"https:\/\/magnoliasilk.com\/lv\/products\/zida-pidzama-champagne\/#primaryimage\"},\"image\":{\"@id\":\"https:\/\/magnoliasilk.com\/lv\/products\/zida-pidzama-champagne\/#primaryimage\"},\"thumbnailUrl\":\"https:\/\/i0.wp.com\/magnoliasilk.com\/wp-content\/uploads\/2024\/06\/IMG_9277-scaled.jpg?fit=1920%2C2560&ssl=1\",\"datePublished\":\"2024-06-19T07:25:20+00:00\",\"dateModified\":\"2024-06-19T10:30:28+00:00\",\"breadcrumb\":{\"@id\":\"https:\/\/magnoliasilk.com\/lv\/products\/zida-pidzama-champagne\/#breadcrumb\"},\"inLanguage\":\"lv-LV\",\"potentialAction\":[{\"@type\":\"ReadAction\",\"target\":[\"https:\/\/magnoliasilk.com\/lv\/products\/zida-pidzama-champagne\/\"]}]},{\"@type\":\"ImageObject\",\"inLanguage\":\"lv-LV\",\"@id\":\"https:\/\/magnoliasilk.com\/lv\/products\/zida-pidzama-champagne\/#primaryimage\",\"url\":\"https:\/\/i0.wp.com\/magnoliasilk.com\/wp-content\/uploads\/2024\/06\/IMG_9277-scaled.jpg?fit=1920%2C2560&ssl=1\",\"contentUrl\":\"https:\/\/i0.wp.com\/magnoliasilk.com\/wp-content\/uploads\/2024\/06\/IMG_9277-scaled.jpg?fit=1920%2C2560&ssl=1\",\"width\":1920,\"height\":2560},{\"@type\":\"BreadcrumbList\",\"@id\":\"https:\/\/magnoliasilk.com\/lv\/products\/zida-pidzama-champagne\/#breadcrumb\",\"itemListElement\":[{\"@type\":\"ListItem\",\"position\":1,\"name\":\"Home\",\"item\":\"https:\/\/magnoliasilk.com\/lv\/\"},{\"@type\":\"ListItem\",\"position\":2,\"name\":\"Shop\",\"item\":\"https:\/\/magnoliasilk.com\/lv\/shop-3\/\"},{\"@type\":\"ListItem\",\"position\":3,\"name\":\"Luksuss 100% z\u012bda pid\u017eama CHAMPAGNE\"}]},{\"@type\":\"WebSite\",\"@id\":\"https:\/\/magnoliasilk.com\/#website\",\"url\":\"https:\/\/magnoliasilk.com\/\",\"name\":\"Magnolia silk collection\",\"description\":\"Mulberry silk products by Magnolia\",\"publisher\":{\"@id\":\"https:\/\/magnoliasilk.com\/#organization\"},\"potentialAction\":[{\"@type\":\"SearchAction\",\"target\":{\"@type\":\"EntryPoint\",\"urlTemplate\":\"https:\/\/magnoliasilk.com\/?s={search_term_string}\"},\"query-input\":{\"@type\":\"PropertyValueSpecification\",\"valueRequired\":true,\"valueName\":\"search_term_string\"}}],\"inLanguage\":\"lv-LV\"},{\"@type\":\"Organization\",\"@id\":\"https:\/\/magnoliasilk.com\/#organization\",\"name\":\"Magnolia silk collection\",\"url\":\"https:\/\/magnoliasilk.com\/\",\"logo\":{\"@type\":\"ImageObject\",\"inLanguage\":\"lv-LV\",\"@id\":\"https:\/\/magnoliasilk.com\/#\/schema\/logo\/image\/\",\"url\":\"https:\/\/i1.wp.com\/magnoliasilk.com\/wp-content\/uploads\/2021\/06\/cropped-magnolia-1.png?fit=369%2C80&ssl=1\",\"contentUrl\":\"https:\/\/i1.wp.com\/magnoliasilk.com\/wp-content\/uploads\/2021\/06\/cropped-magnolia-1.png?fit=369%2C80&ssl=1\",\"width\":369,\"height\":80,\"caption\":\"Magnolia silk collection\"},\"image\":{\"@id\":\"https:\/\/magnoliasilk.com\/#\/schema\/logo\/image\/\"},\"sameAs\":[\"https:\/\/www.facebook.com\/Magnoliasilkcollection\",\"https:\/\/www.instagram.com\/magnolia.silk\/\",\"https:\/\/www.pinterest.com\/magnoliasilkcollection\/\"]}]}<\/script>\n<!-- \/ Yoast SEO plugin. -->","yoast_head_json":{"title":"Luksuss 100% z\u012bda pid\u017eama CHAMPAGNE - Magnolia silk collection","robots":{"index":"index","follow":"follow","max-snippet":"max-snippet:-1","max-image-preview":"max-image-preview:large","max-video-preview":"max-video-preview:-1"},"canonical":"https:\/\/magnoliasilk.com\/lv\/products\/zida-pidzama-champagne\/","og_locale":"lv_LV","og_type":"article","og_title":"Luksuss 100% z\u012bda pid\u017eama CHAMPAGNE - Magnolia silk collection","og_description":"Tik \u0113rti, tik m\u012bksti, tik relaks\u0113jo\u0161i un skaisti...j\u0101, tas ir Magnolias 100% z\u012bda pid\u017eamas komplekts.  &nbsp;","og_url":"https:\/\/magnoliasilk.com\/lv\/products\/zida-pidzama-champagne\/","og_site_name":"Magnolia silk collection","article_publisher":"https:\/\/www.facebook.com\/Magnoliasilkcollection","article_modified_time":"2024-06-19T10:30:28+00:00","og_image":[{"width":1920,"height":2560,"url":"https:\/\/i0.wp.com\/magnoliasilk.com\/wp-content\/uploads\/2024\/06\/IMG_9277-scaled.jpg?fit=1920%2C2560&ssl=1","type":"image\/jpeg"}],"twitter_card":"summary_large_image","twitter_misc":{"Est. reading time":"1 min\u016b\u0161u"},"schema":{"@context":"https:\/\/schema.org","@graph":[{"@type":"WebPage","@id":"https:\/\/magnoliasilk.com\/lv\/products\/zida-pidzama-champagne\/","url":"https:\/\/magnoliasilk.com\/lv\/products\/zida-pidzama-champagne\/","name":"Luksuss 100% z\u012bda pid\u017eama CHAMPAGNE - Magnolia silk collection","isPartOf":{"@id":"https:\/\/magnoliasilk.com\/#website"},"primaryImageOfPage":{"@id":"https:\/\/magnoliasilk.com\/lv\/products\/zida-pidzama-champagne\/#primaryimage"},"image":{"@id":"https:\/\/magnoliasilk.com\/lv\/products\/zida-pidzama-champagne\/#primaryimage"},"thumbnailUrl":"https:\/\/i0.wp.com\/magnoliasilk.com\/wp-content\/uploads\/2024\/06\/IMG_9277-scaled.jpg?fit=1920%2C2560&ssl=1","datePublished":"2024-06-19T07:25:20+00:00","dateModified":"2024-06-19T10:30:28+00:00","breadcrumb":{"@id":"https:\/\/magnoliasilk.com\/lv\/products\/zida-pidzama-champagne\/#breadcrumb"},"inLanguage":"lv-LV","potentialAction":[{"@type":"ReadAction","target":["https:\/\/magnoliasilk.com\/lv\/products\/zida-pidzama-champagne\/"]}]},{"@type":"ImageObject","inLanguage":"lv-LV","@id":"https:\/\/magnoliasilk.com\/lv\/products\/zida-pidzama-champagne\/#primaryimage","url":"https:\/\/i0.wp.com\/magnoliasilk.com\/wp-content\/uploads\/2024\/06\/IMG_9277-scaled.jpg?fit=1920%2C2560&ssl=1","contentUrl":"https:\/\/i0.wp.com\/magnoliasilk.com\/wp-content\/uploads\/2024\/06\/IMG_9277-scaled.jpg?fit=1920%2C2560&ssl=1","width":1920,"height":2560},{"@type":"BreadcrumbList","@id":"https:\/\/magnoliasilk.com\/lv\/products\/zida-pidzama-champagne\/#breadcrumb","itemListElement":[{"@type":"ListItem","position":1,"name":"Home","item":"https:\/\/magnoliasilk.com\/lv\/"},{"@type":"ListItem","position":2,"name":"Shop","item":"https:\/\/magnoliasilk.com\/lv\/shop-3\/"},{"@type":"ListItem","position":3,"name":"Luksuss 100% z\u012bda pid\u017eama CHAMPAGNE"}]},{"@type":"WebSite","@id":"https:\/\/magnoliasilk.com\/#website","url":"https:\/\/magnoliasilk.com\/","name":"Magnolia silk collection","description":"Mulberry silk products by Magnolia","publisher":{"@id":"https:\/\/magnoliasilk.com\/#organization"},"potentialAction":[{"@type":"SearchAction","target":{"@type":"EntryPoint","urlTemplate":"https:\/\/magnoliasilk.com\/?s={search_term_string}"},"query-input":{"@type":"PropertyValueSpecification","valueRequired":true,"valueName":"search_term_string"}}],"inLanguage":"lv-LV"},{"@type":"Organization","@id":"https:\/\/magnoliasilk.com\/#organization","name":"Magnolia silk collection","url":"https:\/\/magnoliasilk.com\/","logo":{"@type":"ImageObject","inLanguage":"lv-LV","@id":"https:\/\/magnoliasilk.com\/#\/schema\/logo\/image\/","url":"https:\/\/i1.wp.com\/magnoliasilk.com\/wp-content\/uploads\/2021\/06\/cropped-magnolia-1.png?fit=369%2C80&ssl=1","contentUrl":"https:\/\/i1.wp.com\/magnoliasilk.com\/wp-content\/uploads\/2021\/06\/cropped-magnolia-1.png?fit=369%2C80&ssl=1","width":369,"height":80,"caption":"Magnolia silk collection"},"image":{"@id":"https:\/\/magnoliasilk.com\/#\/schema\/logo\/image\/"},"sameAs":["https:\/\/www.facebook.com\/Magnoliasilkcollection","https:\/\/www.instagram.com\/magnolia.silk\/","https:\/\/www.pinterest.com\/magnoliasilkcollection\/"]}]}},"jetpack_sharing_enabled":true,"_links":{"self":[{"href":"https:\/\/magnoliasilk.com\/lv\/wp-json\/wp\/v2\/product\/16178","targetHints":{"allow":["GET"]}}],"collection":[{"href":"https:\/\/magnoliasilk.com\/lv\/wp-json\/wp\/v2\/product"}],"about":[{"href":"https:\/\/magnoliasilk.com\/lv\/wp-json\/wp\/v2\/types\/product"}],"wp:featuredmedia":[{"embeddable":true,"href":"https:\/\/magnoliasilk.com\/lv\/wp-json\/wp\/v2\/media\/16184"}],"wp:attachment":[{"href":"https:\/\/magnoliasilk.com\/lv\/wp-json\/wp\/v2\/media?parent=16178"}],"wp:term":[{"taxonomy":"product_brand","embeddable":true,"href":"https:\/\/magnoliasilk.com\/lv\/wp-json\/wp\/v2\/product_brand?post=16178"},{"taxonomy":"product_cat","embeddable":true,"href":"https:\/\/magnoliasilk.com\/lv\/wp-json\/wp\/v2\/product_cat?post=16178"},{"taxonomy":"product_tag","embeddable":true,"href":"https:\/\/magnoliasilk.com\/lv\/wp-json\/wp\/v2\/product_tag?post=16178"}],"curies":[{"name":"wp","href":"https:\/\/api.w.org\/{rel}","templated":true}]}}