{"id":16072,"date":"2024-06-18T10:20:23","date_gmt":"2024-06-18T07:20:26","guid":{"rendered":"https:\/\/magnoliasilk.com\/?post_type=product&#038;p=16072"},"modified":"2024-11-29T11:24:31","modified_gmt":"2024-11-29T09:24:31","slug":"25-momme-luksuss-dabiga-zida-spilvendrana-lilac","status":"publish","type":"product","link":"https:\/\/magnoliasilk.com\/lv\/products\/25-momme-luksuss-dabiga-zida-spilvendrana-lilac\/","title":{"rendered":"25 Momme Luksuss Dab\u012bg\u0101 Z\u012bda Spilvendr\u0101na LILAC"},"content":{"rendered":"<p>Magnolia dab\u012bg\u0101 z\u012bda spilvendr\u0101na izgatavota no<strong>\u00a0 100%\u00a0 Mulberry z\u012bda<\/strong>.<\/p>\n<p><span class=\"JsGRdQ\">T\u0101 ir \u013coti maiga, iztur\u012bga, hipoaler\u0123iska un k\u013c\u016bs par Tavu m\u012b\u013c\u0101ko spilvendr\u0101nu. \u0160\u012b spilvendr\u0101na ir perfekta visiem \u0101das un matu tipiem.<\/span><\/p>\n<p>Ja Tu esi aler\u0123iskas \u0101d\u0101s \u012bpa\u0161niece vai \u012bpa\u0161nieks tad Tev pavisam noteikti ir j\u0101nomaina sava parast\u0101 spilvendr\u0101na uz 100% z\u012bda spilvendr\u0101nu, jo t\u0101 neabsorb\u0113 \u016bdeni un net\u012brumus, l\u012bdz ar to nekairina sejas \u0101du.<\/p>\n<p>Gu\u013cot uz z\u012bda spilvendr\u0101nas t\u0101 uzlabo Tavas \u0101das un matu st\u0101vokli. Ja Tu esi ilgi dom\u0101jusi par z\u012bda nakts gultas ve\u013cu tom\u0113r v\u0113l negribi invest\u0113t taj\u0101, tad pavisam noteikti m\u0113s iesak\u0101m s\u0101kt ar z\u012bda spilvendr\u0101nu.<\/p>\n<p>Magnolia z\u012bda spilvendr\u0101nas tiek pied\u0101v\u0101tas divos izm\u0113ros, tom\u0113r, ja Tev ir nepiecie\u0161ama liel\u0101ka vai maz\u0101ka, l\u016bdzu ats\u016bti mums v\u0113stuli ar nepiecie\u0161amajiem izm\u0113riem un m\u0113s priec\u0101simies sagatavot individu\u0101lo pied\u0101v\u0101jumu. Sazinies ar mums&gt; info@magnoliasilk.com<\/p>\n","protected":false},"excerpt":{"rendered":"<p>Ja Tu nekad nebiji izmantojusi z\u012bda spilvendr\u0101nu tad tagad, apskatot Magnolia z\u012bda spilvendr\u0101nas, Tu pavisam noteikti grib\u0113si k\u0101du no t\u0101m priek\u0161 sevis. Palutini savu \u0101du un matus ar 100% z\u012bda maigo piesk\u0101rienu.<\/p>\n<p><img loading=\"lazy\" decoding=\"async\" class=\"alignnone size-full wp-image-7870\" src=\"https:\/\/magnoliasilk.com\/wp-content\/uploads\/2021\/06\/oeko-tex-standard-100-logo-1D3E592F59-seeklogo.com_.png\" alt=\"\" width=\"300\" height=\"156\" srcset=\"https:\/\/i0.wp.com\/magnoliasilk.com\/wp-content\/uploads\/2021\/06\/oeko-tex-standard-100-logo-1D3E592F59-seeklogo.com_.png?w=300&amp;ssl=1 300w, https:\/\/i0.wp.com\/magnoliasilk.com\/wp-content\/uploads\/2021\/06\/oeko-tex-standard-100-logo-1D3E592F59-seeklogo.com_.png?resize=150%2C78&amp;ssl=1 150w\" sizes=\"auto, (max-width: 300px) 100vw, 300px\" \/><\/p>\n","protected":false},"featured_media":16078,"template":"","meta":[],"product_brand":[],"product_cat":[338,328,169],"product_tag":[],"class_list":{"0":"post-16072","1":"product","2":"type-product","3":"status-publish","4":"has-post-thumbnail","6":"product_cat-melnas-piektdienas-piedavajumi-30","7":"product_cat-jauni-produkti","8":"product_cat-silk-pillowcases-lv","10":"first","11":"outofstock","12":"sale","13":"taxable","14":"shipping-taxable","15":"purchasable","16":"product-type-variable","17":"has-default-attributes"},"exclude_global_add_ons":[],"addons":[],"yoast_head":"<!-- This site is optimized with the Yoast SEO plugin v27.2 - https:\/\/yoast.com\/product\/yoast-seo-wordpress\/ -->\n<title>25 Momme Luksuss Dab\u012bg\u0101 Z\u012bda Spilvendr\u0101na LILAC - Magnolia silk collection<\/title>\n<meta name=\"robots\" content=\"index, follow, max-snippet:-1, max-image-preview:large, max-video-preview:-1\" \/>\n<link rel=\"canonical\" href=\"https:\/\/magnoliasilk.com\/lv\/products\/25-momme-luksuss-dabiga-zida-spilvendrana-lilac\/\" \/>\n<meta property=\"og:locale\" content=\"lv_LV\" \/>\n<meta property=\"og:type\" content=\"article\" \/>\n<meta property=\"og:title\" content=\"25 Momme Luksuss Dab\u012bg\u0101 Z\u012bda Spilvendr\u0101na LILAC - Magnolia silk collection\" \/>\n<meta property=\"og:description\" content=\"Ja Tu nekad nebiji izmantojusi z\u012bda spilvendr\u0101nu tad tagad, apskatot Magnolia z\u012bda spilvendr\u0101nas, Tu pavisam noteikti grib\u0113si k\u0101du no t\u0101m priek\u0161 sevis. Palutini savu \u0101du un matus ar 100% z\u012bda maigo piesk\u0101rienu.\" \/>\n<meta property=\"og:url\" content=\"https:\/\/magnoliasilk.com\/lv\/products\/25-momme-luksuss-dabiga-zida-spilvendrana-lilac\/\" \/>\n<meta property=\"og:site_name\" content=\"Magnolia silk collection\" \/>\n<meta property=\"article:publisher\" content=\"https:\/\/www.facebook.com\/Magnoliasilkcollection\" \/>\n<meta property=\"article:modified_time\" content=\"2024-11-29T09:24:31+00:00\" \/>\n<meta property=\"og:image\" content=\"https:\/\/magnoliasilk.com\/wp-content\/uploads\/2024\/06\/IMG_9163-scaled.jpg\" \/>\n\t<meta property=\"og:image:width\" content=\"1920\" \/>\n\t<meta property=\"og:image:height\" content=\"2560\" \/>\n\t<meta property=\"og:image:type\" content=\"image\/jpeg\" \/>\n<meta name=\"twitter:card\" content=\"summary_large_image\" \/>\n<meta name=\"twitter:label1\" content=\"Est. reading time\" \/>\n\t<meta name=\"twitter:data1\" content=\"1 min\u016b\u0161u\" \/>\n<script type=\"application\/ld+json\" class=\"yoast-schema-graph\">{\"@context\":\"https:\/\/schema.org\",\"@graph\":[{\"@type\":\"WebPage\",\"@id\":\"https:\/\/magnoliasilk.com\/lv\/products\/25-momme-luksuss-dabiga-zida-spilvendrana-lilac\/\",\"url\":\"https:\/\/magnoliasilk.com\/lv\/products\/25-momme-luksuss-dabiga-zida-spilvendrana-lilac\/\",\"name\":\"25 Momme Luksuss Dab\u012bg\u0101 Z\u012bda Spilvendr\u0101na LILAC - Magnolia silk collection\",\"isPartOf\":{\"@id\":\"https:\/\/magnoliasilk.com\/#website\"},\"primaryImageOfPage\":{\"@id\":\"https:\/\/magnoliasilk.com\/lv\/products\/25-momme-luksuss-dabiga-zida-spilvendrana-lilac\/#primaryimage\"},\"image\":{\"@id\":\"https:\/\/magnoliasilk.com\/lv\/products\/25-momme-luksuss-dabiga-zida-spilvendrana-lilac\/#primaryimage\"},\"thumbnailUrl\":\"https:\/\/i0.wp.com\/magnoliasilk.com\/wp-content\/uploads\/2024\/06\/IMG_9163-scaled.jpg?fit=1920%2C2560&ssl=1\",\"datePublished\":\"2024-06-18T07:20:26+00:00\",\"dateModified\":\"2024-11-29T09:24:31+00:00\",\"breadcrumb\":{\"@id\":\"https:\/\/magnoliasilk.com\/lv\/products\/25-momme-luksuss-dabiga-zida-spilvendrana-lilac\/#breadcrumb\"},\"inLanguage\":\"lv-LV\",\"potentialAction\":[{\"@type\":\"ReadAction\",\"target\":[\"https:\/\/magnoliasilk.com\/lv\/products\/25-momme-luksuss-dabiga-zida-spilvendrana-lilac\/\"]}]},{\"@type\":\"ImageObject\",\"inLanguage\":\"lv-LV\",\"@id\":\"https:\/\/magnoliasilk.com\/lv\/products\/25-momme-luksuss-dabiga-zida-spilvendrana-lilac\/#primaryimage\",\"url\":\"https:\/\/i0.wp.com\/magnoliasilk.com\/wp-content\/uploads\/2024\/06\/IMG_9163-scaled.jpg?fit=1920%2C2560&ssl=1\",\"contentUrl\":\"https:\/\/i0.wp.com\/magnoliasilk.com\/wp-content\/uploads\/2024\/06\/IMG_9163-scaled.jpg?fit=1920%2C2560&ssl=1\",\"width\":1920,\"height\":2560},{\"@type\":\"BreadcrumbList\",\"@id\":\"https:\/\/magnoliasilk.com\/lv\/products\/25-momme-luksuss-dabiga-zida-spilvendrana-lilac\/#breadcrumb\",\"itemListElement\":[{\"@type\":\"ListItem\",\"position\":1,\"name\":\"Home\",\"item\":\"https:\/\/magnoliasilk.com\/lv\/\"},{\"@type\":\"ListItem\",\"position\":2,\"name\":\"Shop\",\"item\":\"https:\/\/magnoliasilk.com\/lv\/shop-3\/\"},{\"@type\":\"ListItem\",\"position\":3,\"name\":\"25 Momme Luksuss Dab\u012bg\u0101 Z\u012bda Spilvendr\u0101na LILAC\"}]},{\"@type\":\"WebSite\",\"@id\":\"https:\/\/magnoliasilk.com\/#website\",\"url\":\"https:\/\/magnoliasilk.com\/\",\"name\":\"Magnolia silk collection\",\"description\":\"Mulberry silk products by Magnolia\",\"publisher\":{\"@id\":\"https:\/\/magnoliasilk.com\/#organization\"},\"potentialAction\":[{\"@type\":\"SearchAction\",\"target\":{\"@type\":\"EntryPoint\",\"urlTemplate\":\"https:\/\/magnoliasilk.com\/?s={search_term_string}\"},\"query-input\":{\"@type\":\"PropertyValueSpecification\",\"valueRequired\":true,\"valueName\":\"search_term_string\"}}],\"inLanguage\":\"lv-LV\"},{\"@type\":\"Organization\",\"@id\":\"https:\/\/magnoliasilk.com\/#organization\",\"name\":\"Magnolia silk collection\",\"url\":\"https:\/\/magnoliasilk.com\/\",\"logo\":{\"@type\":\"ImageObject\",\"inLanguage\":\"lv-LV\",\"@id\":\"https:\/\/magnoliasilk.com\/#\/schema\/logo\/image\/\",\"url\":\"https:\/\/i1.wp.com\/magnoliasilk.com\/wp-content\/uploads\/2021\/06\/cropped-magnolia-1.png?fit=369%2C80&ssl=1\",\"contentUrl\":\"https:\/\/i1.wp.com\/magnoliasilk.com\/wp-content\/uploads\/2021\/06\/cropped-magnolia-1.png?fit=369%2C80&ssl=1\",\"width\":369,\"height\":80,\"caption\":\"Magnolia silk collection\"},\"image\":{\"@id\":\"https:\/\/magnoliasilk.com\/#\/schema\/logo\/image\/\"},\"sameAs\":[\"https:\/\/www.facebook.com\/Magnoliasilkcollection\",\"https:\/\/www.instagram.com\/magnolia.silk\/\",\"https:\/\/www.pinterest.com\/magnoliasilkcollection\/\"]}]}<\/script>\n<!-- \/ Yoast SEO plugin. -->","yoast_head_json":{"title":"25 Momme Luksuss Dab\u012bg\u0101 Z\u012bda Spilvendr\u0101na LILAC - Magnolia silk collection","robots":{"index":"index","follow":"follow","max-snippet":"max-snippet:-1","max-image-preview":"max-image-preview:large","max-video-preview":"max-video-preview:-1"},"canonical":"https:\/\/magnoliasilk.com\/lv\/products\/25-momme-luksuss-dabiga-zida-spilvendrana-lilac\/","og_locale":"lv_LV","og_type":"article","og_title":"25 Momme Luksuss Dab\u012bg\u0101 Z\u012bda Spilvendr\u0101na LILAC - Magnolia silk collection","og_description":"Ja Tu nekad nebiji izmantojusi z\u012bda spilvendr\u0101nu tad tagad, apskatot Magnolia z\u012bda spilvendr\u0101nas, Tu pavisam noteikti grib\u0113si k\u0101du no t\u0101m priek\u0161 sevis. Palutini savu \u0101du un matus ar 100% z\u012bda maigo piesk\u0101rienu.","og_url":"https:\/\/magnoliasilk.com\/lv\/products\/25-momme-luksuss-dabiga-zida-spilvendrana-lilac\/","og_site_name":"Magnolia silk collection","article_publisher":"https:\/\/www.facebook.com\/Magnoliasilkcollection","article_modified_time":"2024-11-29T09:24:31+00:00","og_image":[{"width":1920,"height":2560,"url":"https:\/\/magnoliasilk.com\/wp-content\/uploads\/2024\/06\/IMG_9163-scaled.jpg","type":"image\/jpeg"}],"twitter_card":"summary_large_image","twitter_misc":{"Est. reading time":"1 min\u016b\u0161u"},"schema":{"@context":"https:\/\/schema.org","@graph":[{"@type":"WebPage","@id":"https:\/\/magnoliasilk.com\/lv\/products\/25-momme-luksuss-dabiga-zida-spilvendrana-lilac\/","url":"https:\/\/magnoliasilk.com\/lv\/products\/25-momme-luksuss-dabiga-zida-spilvendrana-lilac\/","name":"25 Momme Luksuss Dab\u012bg\u0101 Z\u012bda Spilvendr\u0101na LILAC - Magnolia silk collection","isPartOf":{"@id":"https:\/\/magnoliasilk.com\/#website"},"primaryImageOfPage":{"@id":"https:\/\/magnoliasilk.com\/lv\/products\/25-momme-luksuss-dabiga-zida-spilvendrana-lilac\/#primaryimage"},"image":{"@id":"https:\/\/magnoliasilk.com\/lv\/products\/25-momme-luksuss-dabiga-zida-spilvendrana-lilac\/#primaryimage"},"thumbnailUrl":"https:\/\/i0.wp.com\/magnoliasilk.com\/wp-content\/uploads\/2024\/06\/IMG_9163-scaled.jpg?fit=1920%2C2560&ssl=1","datePublished":"2024-06-18T07:20:26+00:00","dateModified":"2024-11-29T09:24:31+00:00","breadcrumb":{"@id":"https:\/\/magnoliasilk.com\/lv\/products\/25-momme-luksuss-dabiga-zida-spilvendrana-lilac\/#breadcrumb"},"inLanguage":"lv-LV","potentialAction":[{"@type":"ReadAction","target":["https:\/\/magnoliasilk.com\/lv\/products\/25-momme-luksuss-dabiga-zida-spilvendrana-lilac\/"]}]},{"@type":"ImageObject","inLanguage":"lv-LV","@id":"https:\/\/magnoliasilk.com\/lv\/products\/25-momme-luksuss-dabiga-zida-spilvendrana-lilac\/#primaryimage","url":"https:\/\/i0.wp.com\/magnoliasilk.com\/wp-content\/uploads\/2024\/06\/IMG_9163-scaled.jpg?fit=1920%2C2560&ssl=1","contentUrl":"https:\/\/i0.wp.com\/magnoliasilk.com\/wp-content\/uploads\/2024\/06\/IMG_9163-scaled.jpg?fit=1920%2C2560&ssl=1","width":1920,"height":2560},{"@type":"BreadcrumbList","@id":"https:\/\/magnoliasilk.com\/lv\/products\/25-momme-luksuss-dabiga-zida-spilvendrana-lilac\/#breadcrumb","itemListElement":[{"@type":"ListItem","position":1,"name":"Home","item":"https:\/\/magnoliasilk.com\/lv\/"},{"@type":"ListItem","position":2,"name":"Shop","item":"https:\/\/magnoliasilk.com\/lv\/shop-3\/"},{"@type":"ListItem","position":3,"name":"25 Momme Luksuss Dab\u012bg\u0101 Z\u012bda Spilvendr\u0101na LILAC"}]},{"@type":"WebSite","@id":"https:\/\/magnoliasilk.com\/#website","url":"https:\/\/magnoliasilk.com\/","name":"Magnolia silk collection","description":"Mulberry silk products by Magnolia","publisher":{"@id":"https:\/\/magnoliasilk.com\/#organization"},"potentialAction":[{"@type":"SearchAction","target":{"@type":"EntryPoint","urlTemplate":"https:\/\/magnoliasilk.com\/?s={search_term_string}"},"query-input":{"@type":"PropertyValueSpecification","valueRequired":true,"valueName":"search_term_string"}}],"inLanguage":"lv-LV"},{"@type":"Organization","@id":"https:\/\/magnoliasilk.com\/#organization","name":"Magnolia silk collection","url":"https:\/\/magnoliasilk.com\/","logo":{"@type":"ImageObject","inLanguage":"lv-LV","@id":"https:\/\/magnoliasilk.com\/#\/schema\/logo\/image\/","url":"https:\/\/i1.wp.com\/magnoliasilk.com\/wp-content\/uploads\/2021\/06\/cropped-magnolia-1.png?fit=369%2C80&ssl=1","contentUrl":"https:\/\/i1.wp.com\/magnoliasilk.com\/wp-content\/uploads\/2021\/06\/cropped-magnolia-1.png?fit=369%2C80&ssl=1","width":369,"height":80,"caption":"Magnolia silk collection"},"image":{"@id":"https:\/\/magnoliasilk.com\/#\/schema\/logo\/image\/"},"sameAs":["https:\/\/www.facebook.com\/Magnoliasilkcollection","https:\/\/www.instagram.com\/magnolia.silk\/","https:\/\/www.pinterest.com\/magnoliasilkcollection\/"]}]}},"jetpack_sharing_enabled":true,"_links":{"self":[{"href":"https:\/\/magnoliasilk.com\/lv\/wp-json\/wp\/v2\/product\/16072","targetHints":{"allow":["GET"]}}],"collection":[{"href":"https:\/\/magnoliasilk.com\/lv\/wp-json\/wp\/v2\/product"}],"about":[{"href":"https:\/\/magnoliasilk.com\/lv\/wp-json\/wp\/v2\/types\/product"}],"wp:featuredmedia":[{"embeddable":true,"href":"https:\/\/magnoliasilk.com\/lv\/wp-json\/wp\/v2\/media\/16078"}],"wp:attachment":[{"href":"https:\/\/magnoliasilk.com\/lv\/wp-json\/wp\/v2\/media?parent=16072"}],"wp:term":[{"taxonomy":"product_brand","embeddable":true,"href":"https:\/\/magnoliasilk.com\/lv\/wp-json\/wp\/v2\/product_brand?post=16072"},{"taxonomy":"product_cat","embeddable":true,"href":"https:\/\/magnoliasilk.com\/lv\/wp-json\/wp\/v2\/product_cat?post=16072"},{"taxonomy":"product_tag","embeddable":true,"href":"https:\/\/magnoliasilk.com\/lv\/wp-json\/wp\/v2\/product_tag?post=16072"}],"curies":[{"name":"wp","href":"https:\/\/api.w.org\/{rel}","templated":true}]}}