{"id":15789,"date":"2024-01-01T17:58:21","date_gmt":"2024-01-01T15:58:21","guid":{"rendered":"https:\/\/magnoliasilk.com\/product\/magnolia-mystery-silk-scrunchie\/"},"modified":"2024-01-01T22:32:35","modified_gmt":"2024-01-01T20:32:35","slug":"magnolia-mystery-zida-matu-gumija","status":"publish","type":"product","link":"https:\/\/magnoliasilk.com\/lv\/products\/magnolia-mystery-zida-matu-gumija\/","title":{"rendered":"Magnolia Mystery Z\u012bda matu gumija"},"content":{"rendered":"<p>-Magnolia Mystery Z\u012bda matu gumijas pied\u0101v\u0101jum\u0101 ietilpst 1\u00a0M izm\u0113ra z\u012bda matu gumija<\/p>\n<p>-Kr\u0101sa ir p\u0101rsteigums, bet t\u0101 b\u016bs viena no skaistaj\u0101m kr\u0101s\u0101m, kuras vari redz\u0113t m\u016bsu kolekcij\u0101<\/p>\n<p>-D\u0101vanu kast\u012bte nav iek\u013cauta cen\u0101, ta\u010du, ja nepiecie\u0161ams, vari to pievienot par papildus samaksu<\/p>\n","protected":false},"excerpt":{"rendered":"<p>Da\u017ereiz ir gr\u016bti izlemt, kuru z\u012bda matu gumiju v\u0113lies, vai ne? Un varb\u016bt Tu esi cilv\u0113ks, kur\u0161 m\u012bl p\u0101rsteigumus? Esam rad\u012bju\u0161i Magnolia Mystery matu gumiju, pas\u016btot \u0161o produktu, Tu \u013cauj liktenim (un mums) izlemt, k\u0101d\u0101 kr\u0101s\u0101 to sa\u0146emsi. T\u0101 ir lieliska iesp\u0113ja sag\u0101d\u0101t p\u0101rsteigumu no Tevis\u2026 sev vai k\u0101dam citam! Lai aizraujo\u0161ais pas\u016bt\u012bjums s\u0101kas. \ud83d\ude0d \ud83d\ude0d \ud83d\ude0d<\/p>\n<div><\/div>\n<div><\/div>\n<div><\/div>\n","protected":false},"featured_media":15779,"template":"","meta":[],"product_brand":[],"product_cat":[172],"product_tag":[],"class_list":{"0":"post-15789","1":"product","2":"type-product","3":"status-publish","4":"has-post-thumbnail","6":"product_cat-silk-schrunchies-lv","8":"first","9":"instock","10":"sale","11":"taxable","12":"shipping-taxable","13":"purchasable","14":"product-type-simple"},"exclude_global_add_ons":false,"addons":[{"name":"\u00a0","type":"multiple_choice","position":0,"required":true,"title_format":"hide","default":"","description_enable":false,"description":"","placeholder_enable":false,"placeholder":"","display":"radiobutton","restrictions_type":"any_text","adjust_price":false,"price":"","price_type":"flat_fee","restrictions":false,"min":"0","max":"0","options":[{"label":"No giftbox","price":"","price_type":"flat_fee","image":0,"visibility":true},{"label":"Luxurious Magnolia white giftbox","price":"2.5","price_type":"quantity_based","image":4077,"visibility":true}],"id":1668980122}],"yoast_head":"<!-- This site is optimized with the Yoast SEO plugin v27.2 - https:\/\/yoast.com\/product\/yoast-seo-wordpress\/ -->\n<title>Magnolia Mystery Z\u012bda matu gumija - Magnolia silk collection<\/title>\n<meta name=\"robots\" content=\"index, follow, max-snippet:-1, max-image-preview:large, max-video-preview:-1\" \/>\n<link rel=\"canonical\" href=\"https:\/\/magnoliasilk.com\/lv\/products\/magnolia-mystery-zida-matu-gumija\/\" \/>\n<meta property=\"og:locale\" content=\"lv_LV\" \/>\n<meta property=\"og:type\" content=\"article\" \/>\n<meta property=\"og:title\" content=\"Magnolia Mystery Z\u012bda matu gumija - Magnolia silk collection\" \/>\n<meta property=\"og:description\" content=\"Da\u017ereiz ir gr\u016bti izlemt, kuru z\u012bda matu gumiju v\u0113lies, vai ne? Un varb\u016bt Tu esi cilv\u0113ks, kur\u0161 m\u012bl p\u0101rsteigumus? Esam rad\u012bju\u0161i Magnolia Mystery matu gumiju, pas\u016btot \u0161o produktu, Tu \u013cauj liktenim (un mums) izlemt, k\u0101d\u0101 kr\u0101s\u0101 to sa\u0146emsi. T\u0101 ir lieliska iesp\u0113ja sag\u0101d\u0101t p\u0101rsteigumu no Tevis\u2026 sev vai k\u0101dam citam! Lai aizraujo\u0161ais pas\u016bt\u012bjums s\u0101kas. \ud83d\ude0d \ud83d\ude0d \ud83d\ude0d\" \/>\n<meta property=\"og:url\" content=\"https:\/\/magnoliasilk.com\/lv\/products\/magnolia-mystery-zida-matu-gumija\/\" \/>\n<meta property=\"og:site_name\" content=\"Magnolia silk collection\" \/>\n<meta property=\"article:publisher\" content=\"https:\/\/www.facebook.com\/Magnoliasilkcollection\" \/>\n<meta property=\"article:modified_time\" content=\"2024-01-01T20:32:35+00:00\" \/>\n<meta property=\"og:image\" content=\"https:\/\/magnoliasilk.com\/wp-content\/uploads\/2024\/01\/Untitled-design-768x1024.png\" \/>\n\t<meta property=\"og:image:width\" content=\"768\" \/>\n\t<meta property=\"og:image:height\" content=\"1024\" \/>\n\t<meta property=\"og:image:type\" content=\"image\/png\" \/>\n<meta name=\"twitter:card\" content=\"summary_large_image\" \/>\n<script type=\"application\/ld+json\" class=\"yoast-schema-graph\">{\"@context\":\"https:\/\/schema.org\",\"@graph\":[{\"@type\":\"WebPage\",\"@id\":\"https:\/\/magnoliasilk.com\/lv\/products\/magnolia-mystery-zida-matu-gumija\/\",\"url\":\"https:\/\/magnoliasilk.com\/lv\/products\/magnolia-mystery-zida-matu-gumija\/\",\"name\":\"Magnolia Mystery Z\u012bda matu gumija - Magnolia silk collection\",\"isPartOf\":{\"@id\":\"https:\/\/magnoliasilk.com\/#website\"},\"primaryImageOfPage\":{\"@id\":\"https:\/\/magnoliasilk.com\/lv\/products\/magnolia-mystery-zida-matu-gumija\/#primaryimage\"},\"image\":{\"@id\":\"https:\/\/magnoliasilk.com\/lv\/products\/magnolia-mystery-zida-matu-gumija\/#primaryimage\"},\"thumbnailUrl\":\"https:\/\/i0.wp.com\/magnoliasilk.com\/wp-content\/uploads\/2024\/01\/Untitled-design.png?fit=3024%2C4032&ssl=1\",\"datePublished\":\"2024-01-01T15:58:21+00:00\",\"dateModified\":\"2024-01-01T20:32:35+00:00\",\"breadcrumb\":{\"@id\":\"https:\/\/magnoliasilk.com\/lv\/products\/magnolia-mystery-zida-matu-gumija\/#breadcrumb\"},\"inLanguage\":\"lv-LV\",\"potentialAction\":[{\"@type\":\"ReadAction\",\"target\":[\"https:\/\/magnoliasilk.com\/lv\/products\/magnolia-mystery-zida-matu-gumija\/\"]}]},{\"@type\":\"ImageObject\",\"inLanguage\":\"lv-LV\",\"@id\":\"https:\/\/magnoliasilk.com\/lv\/products\/magnolia-mystery-zida-matu-gumija\/#primaryimage\",\"url\":\"https:\/\/i0.wp.com\/magnoliasilk.com\/wp-content\/uploads\/2024\/01\/Untitled-design.png?fit=3024%2C4032&ssl=1\",\"contentUrl\":\"https:\/\/i0.wp.com\/magnoliasilk.com\/wp-content\/uploads\/2024\/01\/Untitled-design.png?fit=3024%2C4032&ssl=1\",\"width\":3024,\"height\":4032},{\"@type\":\"BreadcrumbList\",\"@id\":\"https:\/\/magnoliasilk.com\/lv\/products\/magnolia-mystery-zida-matu-gumija\/#breadcrumb\",\"itemListElement\":[{\"@type\":\"ListItem\",\"position\":1,\"name\":\"Home\",\"item\":\"https:\/\/magnoliasilk.com\/lv\/\"},{\"@type\":\"ListItem\",\"position\":2,\"name\":\"Shop\",\"item\":\"https:\/\/magnoliasilk.com\/lv\/shop-3\/\"},{\"@type\":\"ListItem\",\"position\":3,\"name\":\"Magnolia Mystery Z\u012bda matu gumija\"}]},{\"@type\":\"WebSite\",\"@id\":\"https:\/\/magnoliasilk.com\/#website\",\"url\":\"https:\/\/magnoliasilk.com\/\",\"name\":\"Magnolia silk collection\",\"description\":\"Mulberry silk products by Magnolia\",\"publisher\":{\"@id\":\"https:\/\/magnoliasilk.com\/#organization\"},\"potentialAction\":[{\"@type\":\"SearchAction\",\"target\":{\"@type\":\"EntryPoint\",\"urlTemplate\":\"https:\/\/magnoliasilk.com\/?s={search_term_string}\"},\"query-input\":{\"@type\":\"PropertyValueSpecification\",\"valueRequired\":true,\"valueName\":\"search_term_string\"}}],\"inLanguage\":\"lv-LV\"},{\"@type\":\"Organization\",\"@id\":\"https:\/\/magnoliasilk.com\/#organization\",\"name\":\"Magnolia silk collection\",\"url\":\"https:\/\/magnoliasilk.com\/\",\"logo\":{\"@type\":\"ImageObject\",\"inLanguage\":\"lv-LV\",\"@id\":\"https:\/\/magnoliasilk.com\/#\/schema\/logo\/image\/\",\"url\":\"https:\/\/i1.wp.com\/magnoliasilk.com\/wp-content\/uploads\/2021\/06\/cropped-magnolia-1.png?fit=369%2C80&ssl=1\",\"contentUrl\":\"https:\/\/i1.wp.com\/magnoliasilk.com\/wp-content\/uploads\/2021\/06\/cropped-magnolia-1.png?fit=369%2C80&ssl=1\",\"width\":369,\"height\":80,\"caption\":\"Magnolia silk collection\"},\"image\":{\"@id\":\"https:\/\/magnoliasilk.com\/#\/schema\/logo\/image\/\"},\"sameAs\":[\"https:\/\/www.facebook.com\/Magnoliasilkcollection\",\"https:\/\/www.instagram.com\/magnolia.silk\/\",\"https:\/\/www.pinterest.com\/magnoliasilkcollection\/\"]}]}<\/script>\n<!-- \/ Yoast SEO plugin. -->","yoast_head_json":{"title":"Magnolia Mystery Z\u012bda matu gumija - Magnolia silk collection","robots":{"index":"index","follow":"follow","max-snippet":"max-snippet:-1","max-image-preview":"max-image-preview:large","max-video-preview":"max-video-preview:-1"},"canonical":"https:\/\/magnoliasilk.com\/lv\/products\/magnolia-mystery-zida-matu-gumija\/","og_locale":"lv_LV","og_type":"article","og_title":"Magnolia Mystery Z\u012bda matu gumija - Magnolia silk collection","og_description":"Da\u017ereiz ir gr\u016bti izlemt, kuru z\u012bda matu gumiju v\u0113lies, vai ne? Un varb\u016bt Tu esi cilv\u0113ks, kur\u0161 m\u012bl p\u0101rsteigumus? Esam rad\u012bju\u0161i Magnolia Mystery matu gumiju, pas\u016btot \u0161o produktu, Tu \u013cauj liktenim (un mums) izlemt, k\u0101d\u0101 kr\u0101s\u0101 to sa\u0146emsi. T\u0101 ir lieliska iesp\u0113ja sag\u0101d\u0101t p\u0101rsteigumu no Tevis\u2026 sev vai k\u0101dam citam! Lai aizraujo\u0161ais pas\u016bt\u012bjums s\u0101kas. \ud83d\ude0d \ud83d\ude0d \ud83d\ude0d","og_url":"https:\/\/magnoliasilk.com\/lv\/products\/magnolia-mystery-zida-matu-gumija\/","og_site_name":"Magnolia silk collection","article_publisher":"https:\/\/www.facebook.com\/Magnoliasilkcollection","article_modified_time":"2024-01-01T20:32:35+00:00","og_image":[{"width":768,"height":1024,"url":"https:\/\/magnoliasilk.com\/wp-content\/uploads\/2024\/01\/Untitled-design-768x1024.png","type":"image\/png"}],"twitter_card":"summary_large_image","schema":{"@context":"https:\/\/schema.org","@graph":[{"@type":"WebPage","@id":"https:\/\/magnoliasilk.com\/lv\/products\/magnolia-mystery-zida-matu-gumija\/","url":"https:\/\/magnoliasilk.com\/lv\/products\/magnolia-mystery-zida-matu-gumija\/","name":"Magnolia Mystery Z\u012bda matu gumija - Magnolia silk collection","isPartOf":{"@id":"https:\/\/magnoliasilk.com\/#website"},"primaryImageOfPage":{"@id":"https:\/\/magnoliasilk.com\/lv\/products\/magnolia-mystery-zida-matu-gumija\/#primaryimage"},"image":{"@id":"https:\/\/magnoliasilk.com\/lv\/products\/magnolia-mystery-zida-matu-gumija\/#primaryimage"},"thumbnailUrl":"https:\/\/i0.wp.com\/magnoliasilk.com\/wp-content\/uploads\/2024\/01\/Untitled-design.png?fit=3024%2C4032&ssl=1","datePublished":"2024-01-01T15:58:21+00:00","dateModified":"2024-01-01T20:32:35+00:00","breadcrumb":{"@id":"https:\/\/magnoliasilk.com\/lv\/products\/magnolia-mystery-zida-matu-gumija\/#breadcrumb"},"inLanguage":"lv-LV","potentialAction":[{"@type":"ReadAction","target":["https:\/\/magnoliasilk.com\/lv\/products\/magnolia-mystery-zida-matu-gumija\/"]}]},{"@type":"ImageObject","inLanguage":"lv-LV","@id":"https:\/\/magnoliasilk.com\/lv\/products\/magnolia-mystery-zida-matu-gumija\/#primaryimage","url":"https:\/\/i0.wp.com\/magnoliasilk.com\/wp-content\/uploads\/2024\/01\/Untitled-design.png?fit=3024%2C4032&ssl=1","contentUrl":"https:\/\/i0.wp.com\/magnoliasilk.com\/wp-content\/uploads\/2024\/01\/Untitled-design.png?fit=3024%2C4032&ssl=1","width":3024,"height":4032},{"@type":"BreadcrumbList","@id":"https:\/\/magnoliasilk.com\/lv\/products\/magnolia-mystery-zida-matu-gumija\/#breadcrumb","itemListElement":[{"@type":"ListItem","position":1,"name":"Home","item":"https:\/\/magnoliasilk.com\/lv\/"},{"@type":"ListItem","position":2,"name":"Shop","item":"https:\/\/magnoliasilk.com\/lv\/shop-3\/"},{"@type":"ListItem","position":3,"name":"Magnolia Mystery Z\u012bda matu gumija"}]},{"@type":"WebSite","@id":"https:\/\/magnoliasilk.com\/#website","url":"https:\/\/magnoliasilk.com\/","name":"Magnolia silk collection","description":"Mulberry silk products by Magnolia","publisher":{"@id":"https:\/\/magnoliasilk.com\/#organization"},"potentialAction":[{"@type":"SearchAction","target":{"@type":"EntryPoint","urlTemplate":"https:\/\/magnoliasilk.com\/?s={search_term_string}"},"query-input":{"@type":"PropertyValueSpecification","valueRequired":true,"valueName":"search_term_string"}}],"inLanguage":"lv-LV"},{"@type":"Organization","@id":"https:\/\/magnoliasilk.com\/#organization","name":"Magnolia silk collection","url":"https:\/\/magnoliasilk.com\/","logo":{"@type":"ImageObject","inLanguage":"lv-LV","@id":"https:\/\/magnoliasilk.com\/#\/schema\/logo\/image\/","url":"https:\/\/i1.wp.com\/magnoliasilk.com\/wp-content\/uploads\/2021\/06\/cropped-magnolia-1.png?fit=369%2C80&ssl=1","contentUrl":"https:\/\/i1.wp.com\/magnoliasilk.com\/wp-content\/uploads\/2021\/06\/cropped-magnolia-1.png?fit=369%2C80&ssl=1","width":369,"height":80,"caption":"Magnolia silk collection"},"image":{"@id":"https:\/\/magnoliasilk.com\/#\/schema\/logo\/image\/"},"sameAs":["https:\/\/www.facebook.com\/Magnoliasilkcollection","https:\/\/www.instagram.com\/magnolia.silk\/","https:\/\/www.pinterest.com\/magnoliasilkcollection\/"]}]}},"jetpack_sharing_enabled":true,"_links":{"self":[{"href":"https:\/\/magnoliasilk.com\/lv\/wp-json\/wp\/v2\/product\/15789","targetHints":{"allow":["GET"]}}],"collection":[{"href":"https:\/\/magnoliasilk.com\/lv\/wp-json\/wp\/v2\/product"}],"about":[{"href":"https:\/\/magnoliasilk.com\/lv\/wp-json\/wp\/v2\/types\/product"}],"wp:featuredmedia":[{"embeddable":true,"href":"https:\/\/magnoliasilk.com\/lv\/wp-json\/wp\/v2\/media\/15779"}],"wp:attachment":[{"href":"https:\/\/magnoliasilk.com\/lv\/wp-json\/wp\/v2\/media?parent=15789"}],"wp:term":[{"taxonomy":"product_brand","embeddable":true,"href":"https:\/\/magnoliasilk.com\/lv\/wp-json\/wp\/v2\/product_brand?post=15789"},{"taxonomy":"product_cat","embeddable":true,"href":"https:\/\/magnoliasilk.com\/lv\/wp-json\/wp\/v2\/product_cat?post=15789"},{"taxonomy":"product_tag","embeddable":true,"href":"https:\/\/magnoliasilk.com\/lv\/wp-json\/wp\/v2\/product_tag?post=15789"}],"curies":[{"name":"wp","href":"https:\/\/api.w.org\/{rel}","templated":true}]}}