{"id":14748,"date":"2023-07-30T15:19:40","date_gmt":"2023-07-30T12:19:55","guid":{"rendered":"https:\/\/magnoliasilk.com\/?post_type=product&#038;p=14748"},"modified":"2025-11-27T18:30:31","modified_gmt":"2025-11-27T16:30:31","slug":"25-momme-luksuss-zida-segas-parvalks-purple","status":"publish","type":"product","link":"https:\/\/magnoliasilk.com\/lv\/products\/25-momme-luksuss-zida-segas-parvalks-purple\/","title":{"rendered":"25 Momme Luksuss Z\u012bda Segas P\u0101rvalks PURPLE"},"content":{"rendered":"<p>Audums: 100% Mulberry z\u012bds<br \/>\nStarptautisk\u0101 sertifik\u0101cija: \u00d6eko-Tex Standard 100<br \/>\nKatrs z\u012bda segas p\u0101rvalks ir izgatavots Igaunij\u0101, izpildes laiks ir apm\u0113ram <strong>2 ned\u0113\u013cas<\/strong> + pieg\u0101des laiks.<br \/>\nAploksnes tipa aizdare<br \/>\n\u0160is z\u012bda p\u0101rvalks ir mazg\u0101jams ve\u013cas ma\u0161\u012bn\u0101 saudz\u012bg\u0101 mazg\u0101\u0161anas re\u017e\u012bm\u0101<br \/>\nM\u0113s pied\u0101v\u0101jam 8 da\u017e\u0101dus izm\u0113rus z\u012bda segas p\u0101rvalkam, tom\u0113r, ja Jums ir nepiecie\u0161ams cita izm\u0113ra z\u012bda segas p\u0101rvalks, l\u016bdzu, nos\u016btiet mums v\u0113lamo izm\u0113ru uz info@magnoliasilk.com un m\u0113s sagatavosim pied\u0101v\u0101jumu.<br \/>\nT\u0101 k\u0101 produkts ir izgatavots p\u0113c pas\u016bt\u012bjuma, diem\u017e\u0113,l m\u0113s nevaram pie\u0146emt pre\u010du atgrie\u0161anu, ja vien gad\u012bjumos, ja esiet sa\u0146emu\u0161i produktu ar defektu.<br \/>\nDabiski elpojo\u0161s un hipoaler\u0123isks produkts.<\/p>\n","protected":false},"excerpt":{"rendered":"<p>Mekl\u0113jiet parad\u012bzi? J\u016bs to atrad\u012bsiet \u0161eit (vai vismaz da\u013cu no t\u0101s &#8230; da\u017ereiz ar to pietiek, vai ne?). \u0160is segas p\u0101rvalks ir izgatavots no 100% Mulberry z\u012bda, kuram ir visaugst\u0101k\u0101 kvalit\u0101te un izsmalcin\u0101ts izskats. J\u016bsu \u0101da b\u016bs priec\u012bga par katru \u0161\u012b segas p\u0101rvalka piesk\u0101rienu.Gul\u0113\u0161ana zem z\u012bda p\u0101rvalka segas ir k\u0101 gul\u0113\u0161ana zem viegla p\u016bkaina m\u0101ko\u0146a.<\/p>\n<p><img loading=\"lazy\" decoding=\"async\" class=\"alignnone size-full wp-image-7870\" src=\"https:\/\/magnoliasilk.com\/wp-content\/uploads\/2021\/06\/oeko-tex-standard-100-logo-1D3E592F59-seeklogo.com_.png\" alt=\"\" width=\"300\" height=\"156\" srcset=\"https:\/\/i0.wp.com\/magnoliasilk.com\/wp-content\/uploads\/2021\/06\/oeko-tex-standard-100-logo-1D3E592F59-seeklogo.com_.png?w=300&amp;ssl=1 300w, https:\/\/i0.wp.com\/magnoliasilk.com\/wp-content\/uploads\/2021\/06\/oeko-tex-standard-100-logo-1D3E592F59-seeklogo.com_.png?resize=150%2C78&amp;ssl=1 150w\" sizes=\"auto, (max-width: 300px) 100vw, 300px\" \/><\/p>\n","protected":false},"featured_media":14337,"template":"","meta":[],"product_brand":[],"product_cat":[256],"product_tag":[],"class_list":{"0":"post-14748","1":"product","2":"type-product","3":"status-publish","4":"has-post-thumbnail","6":"product_cat-zida-segas-parvalki","8":"first","9":"instock","10":"taxable","11":"shipping-taxable","12":"purchasable","13":"product-type-variable","14":"has-default-attributes"},"exclude_global_add_ons":[],"addons":[],"yoast_head":"<!-- This site is optimized with the Yoast SEO plugin v27.2 - https:\/\/yoast.com\/product\/yoast-seo-wordpress\/ -->\n<title>25 Momme Luksuss Z\u012bda Segas P\u0101rvalks PURPLE - Magnolia silk collection<\/title>\n<meta name=\"robots\" content=\"index, follow, max-snippet:-1, max-image-preview:large, max-video-preview:-1\" \/>\n<link rel=\"canonical\" href=\"https:\/\/magnoliasilk.com\/lv\/products\/25-momme-luksuss-zida-segas-parvalks-purple\/\" \/>\n<meta property=\"og:locale\" content=\"lv_LV\" \/>\n<meta property=\"og:type\" content=\"article\" \/>\n<meta property=\"og:title\" content=\"25 Momme Luksuss Z\u012bda Segas P\u0101rvalks PURPLE - Magnolia silk collection\" \/>\n<meta property=\"og:description\" content=\"Mekl\u0113jiet parad\u012bzi? J\u016bs to atrad\u012bsiet \u0161eit (vai vismaz da\u013cu no t\u0101s ... da\u017ereiz ar to pietiek, vai ne?). \u0160is segas p\u0101rvalks ir izgatavots no 100% Mulberry z\u012bda, kuram ir visaugst\u0101k\u0101 kvalit\u0101te un izsmalcin\u0101ts izskats. J\u016bsu \u0101da b\u016bs priec\u012bga par katru \u0161\u012b segas p\u0101rvalka piesk\u0101rienu.Gul\u0113\u0161ana zem z\u012bda p\u0101rvalka segas ir k\u0101 gul\u0113\u0161ana zem viegla p\u016bkaina m\u0101ko\u0146a.\" \/>\n<meta property=\"og:url\" content=\"https:\/\/magnoliasilk.com\/lv\/products\/25-momme-luksuss-zida-segas-parvalks-purple\/\" \/>\n<meta property=\"og:site_name\" content=\"Magnolia silk collection\" \/>\n<meta property=\"article:publisher\" content=\"https:\/\/www.facebook.com\/Magnoliasilkcollection\" \/>\n<meta property=\"article:modified_time\" content=\"2025-11-27T16:30:31+00:00\" \/>\n<meta property=\"og:image\" content=\"https:\/\/magnoliasilk.com\/wp-content\/uploads\/2023\/07\/bedding2.webp\" \/>\n\t<meta property=\"og:image:width\" content=\"1588\" \/>\n\t<meta property=\"og:image:height\" content=\"1442\" \/>\n\t<meta property=\"og:image:type\" content=\"image\/webp\" \/>\n<meta name=\"twitter:card\" content=\"summary_large_image\" \/>\n<meta name=\"twitter:label1\" content=\"Est. reading time\" \/>\n\t<meta name=\"twitter:data1\" content=\"1 min\u016b\u0161u\" \/>\n<script type=\"application\/ld+json\" class=\"yoast-schema-graph\">{\"@context\":\"https:\/\/schema.org\",\"@graph\":[{\"@type\":\"WebPage\",\"@id\":\"https:\/\/magnoliasilk.com\/lv\/products\/25-momme-luksuss-zida-segas-parvalks-purple\/\",\"url\":\"https:\/\/magnoliasilk.com\/lv\/products\/25-momme-luksuss-zida-segas-parvalks-purple\/\",\"name\":\"25 Momme Luksuss Z\u012bda Segas P\u0101rvalks PURPLE - Magnolia silk collection\",\"isPartOf\":{\"@id\":\"https:\/\/magnoliasilk.com\/#website\"},\"primaryImageOfPage\":{\"@id\":\"https:\/\/magnoliasilk.com\/lv\/products\/25-momme-luksuss-zida-segas-parvalks-purple\/#primaryimage\"},\"image\":{\"@id\":\"https:\/\/magnoliasilk.com\/lv\/products\/25-momme-luksuss-zida-segas-parvalks-purple\/#primaryimage\"},\"thumbnailUrl\":\"https:\/\/i0.wp.com\/magnoliasilk.com\/wp-content\/uploads\/2023\/07\/bedding2.webp?fit=1588%2C1442&ssl=1\",\"datePublished\":\"2023-07-30T12:19:55+00:00\",\"dateModified\":\"2025-11-27T16:30:31+00:00\",\"breadcrumb\":{\"@id\":\"https:\/\/magnoliasilk.com\/lv\/products\/25-momme-luksuss-zida-segas-parvalks-purple\/#breadcrumb\"},\"inLanguage\":\"lv-LV\",\"potentialAction\":[{\"@type\":\"ReadAction\",\"target\":[\"https:\/\/magnoliasilk.com\/lv\/products\/25-momme-luksuss-zida-segas-parvalks-purple\/\"]}]},{\"@type\":\"ImageObject\",\"inLanguage\":\"lv-LV\",\"@id\":\"https:\/\/magnoliasilk.com\/lv\/products\/25-momme-luksuss-zida-segas-parvalks-purple\/#primaryimage\",\"url\":\"https:\/\/i0.wp.com\/magnoliasilk.com\/wp-content\/uploads\/2023\/07\/bedding2.webp?fit=1588%2C1442&ssl=1\",\"contentUrl\":\"https:\/\/i0.wp.com\/magnoliasilk.com\/wp-content\/uploads\/2023\/07\/bedding2.webp?fit=1588%2C1442&ssl=1\",\"width\":1588,\"height\":1442,\"caption\":\"silk bedding purple\"},{\"@type\":\"BreadcrumbList\",\"@id\":\"https:\/\/magnoliasilk.com\/lv\/products\/25-momme-luksuss-zida-segas-parvalks-purple\/#breadcrumb\",\"itemListElement\":[{\"@type\":\"ListItem\",\"position\":1,\"name\":\"Home\",\"item\":\"https:\/\/magnoliasilk.com\/lv\/\"},{\"@type\":\"ListItem\",\"position\":2,\"name\":\"Shop\",\"item\":\"https:\/\/magnoliasilk.com\/lv\/shop-3\/\"},{\"@type\":\"ListItem\",\"position\":3,\"name\":\"25 Momme Luksuss Z\u012bda Segas P\u0101rvalks PURPLE\"}]},{\"@type\":\"WebSite\",\"@id\":\"https:\/\/magnoliasilk.com\/#website\",\"url\":\"https:\/\/magnoliasilk.com\/\",\"name\":\"Magnolia silk collection\",\"description\":\"Mulberry silk products by Magnolia\",\"publisher\":{\"@id\":\"https:\/\/magnoliasilk.com\/#organization\"},\"potentialAction\":[{\"@type\":\"SearchAction\",\"target\":{\"@type\":\"EntryPoint\",\"urlTemplate\":\"https:\/\/magnoliasilk.com\/?s={search_term_string}\"},\"query-input\":{\"@type\":\"PropertyValueSpecification\",\"valueRequired\":true,\"valueName\":\"search_term_string\"}}],\"inLanguage\":\"lv-LV\"},{\"@type\":\"Organization\",\"@id\":\"https:\/\/magnoliasilk.com\/#organization\",\"name\":\"Magnolia silk collection\",\"url\":\"https:\/\/magnoliasilk.com\/\",\"logo\":{\"@type\":\"ImageObject\",\"inLanguage\":\"lv-LV\",\"@id\":\"https:\/\/magnoliasilk.com\/#\/schema\/logo\/image\/\",\"url\":\"https:\/\/i1.wp.com\/magnoliasilk.com\/wp-content\/uploads\/2021\/06\/cropped-magnolia-1.png?fit=369%2C80&ssl=1\",\"contentUrl\":\"https:\/\/i1.wp.com\/magnoliasilk.com\/wp-content\/uploads\/2021\/06\/cropped-magnolia-1.png?fit=369%2C80&ssl=1\",\"width\":369,\"height\":80,\"caption\":\"Magnolia silk collection\"},\"image\":{\"@id\":\"https:\/\/magnoliasilk.com\/#\/schema\/logo\/image\/\"},\"sameAs\":[\"https:\/\/www.facebook.com\/Magnoliasilkcollection\",\"https:\/\/www.instagram.com\/magnolia.silk\/\",\"https:\/\/www.pinterest.com\/magnoliasilkcollection\/\"]}]}<\/script>\n<!-- \/ Yoast SEO plugin. -->","yoast_head_json":{"title":"25 Momme Luksuss Z\u012bda Segas P\u0101rvalks PURPLE - Magnolia silk collection","robots":{"index":"index","follow":"follow","max-snippet":"max-snippet:-1","max-image-preview":"max-image-preview:large","max-video-preview":"max-video-preview:-1"},"canonical":"https:\/\/magnoliasilk.com\/lv\/products\/25-momme-luksuss-zida-segas-parvalks-purple\/","og_locale":"lv_LV","og_type":"article","og_title":"25 Momme Luksuss Z\u012bda Segas P\u0101rvalks PURPLE - Magnolia silk collection","og_description":"Mekl\u0113jiet parad\u012bzi? J\u016bs to atrad\u012bsiet \u0161eit (vai vismaz da\u013cu no t\u0101s ... da\u017ereiz ar to pietiek, vai ne?). \u0160is segas p\u0101rvalks ir izgatavots no 100% Mulberry z\u012bda, kuram ir visaugst\u0101k\u0101 kvalit\u0101te un izsmalcin\u0101ts izskats. J\u016bsu \u0101da b\u016bs priec\u012bga par katru \u0161\u012b segas p\u0101rvalka piesk\u0101rienu.Gul\u0113\u0161ana zem z\u012bda p\u0101rvalka segas ir k\u0101 gul\u0113\u0161ana zem viegla p\u016bkaina m\u0101ko\u0146a.","og_url":"https:\/\/magnoliasilk.com\/lv\/products\/25-momme-luksuss-zida-segas-parvalks-purple\/","og_site_name":"Magnolia silk collection","article_publisher":"https:\/\/www.facebook.com\/Magnoliasilkcollection","article_modified_time":"2025-11-27T16:30:31+00:00","og_image":[{"width":1588,"height":1442,"url":"https:\/\/magnoliasilk.com\/wp-content\/uploads\/2023\/07\/bedding2.webp","type":"image\/webp"}],"twitter_card":"summary_large_image","twitter_misc":{"Est. reading time":"1 min\u016b\u0161u"},"schema":{"@context":"https:\/\/schema.org","@graph":[{"@type":"WebPage","@id":"https:\/\/magnoliasilk.com\/lv\/products\/25-momme-luksuss-zida-segas-parvalks-purple\/","url":"https:\/\/magnoliasilk.com\/lv\/products\/25-momme-luksuss-zida-segas-parvalks-purple\/","name":"25 Momme Luksuss Z\u012bda Segas P\u0101rvalks PURPLE - Magnolia silk collection","isPartOf":{"@id":"https:\/\/magnoliasilk.com\/#website"},"primaryImageOfPage":{"@id":"https:\/\/magnoliasilk.com\/lv\/products\/25-momme-luksuss-zida-segas-parvalks-purple\/#primaryimage"},"image":{"@id":"https:\/\/magnoliasilk.com\/lv\/products\/25-momme-luksuss-zida-segas-parvalks-purple\/#primaryimage"},"thumbnailUrl":"https:\/\/i0.wp.com\/magnoliasilk.com\/wp-content\/uploads\/2023\/07\/bedding2.webp?fit=1588%2C1442&ssl=1","datePublished":"2023-07-30T12:19:55+00:00","dateModified":"2025-11-27T16:30:31+00:00","breadcrumb":{"@id":"https:\/\/magnoliasilk.com\/lv\/products\/25-momme-luksuss-zida-segas-parvalks-purple\/#breadcrumb"},"inLanguage":"lv-LV","potentialAction":[{"@type":"ReadAction","target":["https:\/\/magnoliasilk.com\/lv\/products\/25-momme-luksuss-zida-segas-parvalks-purple\/"]}]},{"@type":"ImageObject","inLanguage":"lv-LV","@id":"https:\/\/magnoliasilk.com\/lv\/products\/25-momme-luksuss-zida-segas-parvalks-purple\/#primaryimage","url":"https:\/\/i0.wp.com\/magnoliasilk.com\/wp-content\/uploads\/2023\/07\/bedding2.webp?fit=1588%2C1442&ssl=1","contentUrl":"https:\/\/i0.wp.com\/magnoliasilk.com\/wp-content\/uploads\/2023\/07\/bedding2.webp?fit=1588%2C1442&ssl=1","width":1588,"height":1442,"caption":"silk bedding purple"},{"@type":"BreadcrumbList","@id":"https:\/\/magnoliasilk.com\/lv\/products\/25-momme-luksuss-zida-segas-parvalks-purple\/#breadcrumb","itemListElement":[{"@type":"ListItem","position":1,"name":"Home","item":"https:\/\/magnoliasilk.com\/lv\/"},{"@type":"ListItem","position":2,"name":"Shop","item":"https:\/\/magnoliasilk.com\/lv\/shop-3\/"},{"@type":"ListItem","position":3,"name":"25 Momme Luksuss Z\u012bda Segas P\u0101rvalks PURPLE"}]},{"@type":"WebSite","@id":"https:\/\/magnoliasilk.com\/#website","url":"https:\/\/magnoliasilk.com\/","name":"Magnolia silk collection","description":"Mulberry silk products by Magnolia","publisher":{"@id":"https:\/\/magnoliasilk.com\/#organization"},"potentialAction":[{"@type":"SearchAction","target":{"@type":"EntryPoint","urlTemplate":"https:\/\/magnoliasilk.com\/?s={search_term_string}"},"query-input":{"@type":"PropertyValueSpecification","valueRequired":true,"valueName":"search_term_string"}}],"inLanguage":"lv-LV"},{"@type":"Organization","@id":"https:\/\/magnoliasilk.com\/#organization","name":"Magnolia silk collection","url":"https:\/\/magnoliasilk.com\/","logo":{"@type":"ImageObject","inLanguage":"lv-LV","@id":"https:\/\/magnoliasilk.com\/#\/schema\/logo\/image\/","url":"https:\/\/i1.wp.com\/magnoliasilk.com\/wp-content\/uploads\/2021\/06\/cropped-magnolia-1.png?fit=369%2C80&ssl=1","contentUrl":"https:\/\/i1.wp.com\/magnoliasilk.com\/wp-content\/uploads\/2021\/06\/cropped-magnolia-1.png?fit=369%2C80&ssl=1","width":369,"height":80,"caption":"Magnolia silk collection"},"image":{"@id":"https:\/\/magnoliasilk.com\/#\/schema\/logo\/image\/"},"sameAs":["https:\/\/www.facebook.com\/Magnoliasilkcollection","https:\/\/www.instagram.com\/magnolia.silk\/","https:\/\/www.pinterest.com\/magnoliasilkcollection\/"]}]}},"jetpack_sharing_enabled":true,"_links":{"self":[{"href":"https:\/\/magnoliasilk.com\/lv\/wp-json\/wp\/v2\/product\/14748","targetHints":{"allow":["GET"]}}],"collection":[{"href":"https:\/\/magnoliasilk.com\/lv\/wp-json\/wp\/v2\/product"}],"about":[{"href":"https:\/\/magnoliasilk.com\/lv\/wp-json\/wp\/v2\/types\/product"}],"wp:featuredmedia":[{"embeddable":true,"href":"https:\/\/magnoliasilk.com\/lv\/wp-json\/wp\/v2\/media\/14337"}],"wp:attachment":[{"href":"https:\/\/magnoliasilk.com\/lv\/wp-json\/wp\/v2\/media?parent=14748"}],"wp:term":[{"taxonomy":"product_brand","embeddable":true,"href":"https:\/\/magnoliasilk.com\/lv\/wp-json\/wp\/v2\/product_brand?post=14748"},{"taxonomy":"product_cat","embeddable":true,"href":"https:\/\/magnoliasilk.com\/lv\/wp-json\/wp\/v2\/product_cat?post=14748"},{"taxonomy":"product_tag","embeddable":true,"href":"https:\/\/magnoliasilk.com\/lv\/wp-json\/wp\/v2\/product_tag?post=14748"}],"curies":[{"name":"wp","href":"https:\/\/api.w.org\/{rel}","templated":true}]}}