{"id":14415,"date":"2023-07-30T14:32:28","date_gmt":"2023-07-30T11:32:45","guid":{"rendered":"https:\/\/magnoliasilk.com\/?post_type=product&#038;p=14415"},"modified":"2025-11-27T18:30:28","modified_gmt":"2025-11-27T16:30:28","slug":"25-momme-luksuss-zida-palags-navy-blue","status":"publish","type":"product","link":"https:\/\/magnoliasilk.com\/lv\/products\/25-momme-luksuss-zida-palags-navy-blue\/","title":{"rendered":"25 Momme Luksuss Z\u012bda palags NAVY BLUE"},"content":{"rendered":"<p>Audums: 25mm 100% Mulberry z\u012bds<br \/>\nStarptautisk\u0101 sertifik\u0101cija: STANDARD 100 by OEKO-TEX\u00ae<br \/>\nKatrs z\u012bda segas p\u0101rvalks ir izgatavots Igaunij\u0101, izpildes laiks ir apm\u0113ram <strong>2 ned\u0113\u013cas<\/strong> + pieg\u0101des laiks.<br \/>\nZ\u012bda palag\u0101 ir iestr\u0101d\u0101ta gumija,ko aplikt ap matraci<br \/>\n\u0160is z\u012bda palags ir mazg\u0101jams ve\u013cas ma\u0161\u012bn\u0101 saudz\u012bg\u0101 mazg\u0101\u0161anas re\u017e\u012bm\u0101<br \/>\nM\u0113s pied\u0101v\u0101jam 9 da\u017e\u0101dus izm\u0113rus z\u012bda palagam, tom\u0113r, ja Jums ir nepiecie\u0161ams cita izm\u0113ra z\u012bda palags, l\u016bdzu, nos\u016btiet mums v\u0113lamo izm\u0113ru uz info@magnoliasilk.com un m\u0113s sagatavosim pied\u0101v\u0101jumu.<br \/>\nT\u0101 k\u0101 produkts ir izgatavots p\u0113c pas\u016bt\u012bjuma, diem\u017e\u0113,l m\u0113s nevaram pie\u0146emt pre\u010du atgrie\u0161anu, ja vien gad\u012bjumos, ja esiet sa\u0146emu\u0161i produktu ar defektu.<br \/>\nDabiski elpojo\u0161s un hipoaler\u0123isks produkts.<\/p>\n","protected":false},"excerpt":{"rendered":"<p>Gul\u0113\u0161ana uz z\u012bda palaga ir viena no lab\u0101kaj\u0101m grezn\u012bb\u0101m dz\u012bv\u0113. Vienk\u0101r\u0161i iedom\u0101jieties maigu z\u012bda piesk\u0101rienu uz J\u016bsu \u0101das. Neatk\u0101rtojamas saj\u016btas. Gul\u0113\u0161ana uz z\u012bda palaga ir glu\u017ei k\u0101 SPA apmekl\u0113jums, tikai gu\u013cot uz z\u012bda palaga Jums nav j\u0101atst\u0101j sava istabu. Pavadot vienu nakti uz sava jaun\u0101 z\u012bda palaga, J\u016bs katru n\u0101kamo dienu pavad\u012bsiet dom\u0101jot par br\u012bdi,kad var\u0113siet atkal ieritin\u0101ties gult\u0101 un baud\u012bt z\u012bda piesk\u0101rienus.<\/p>\n<p><img loading=\"lazy\" decoding=\"async\" class=\"alignnone size-full wp-image-7868\" src=\"https:\/\/magnoliasilk.com\/wp-content\/uploads\/2021\/06\/oeko-tex-standard-100-logo-1D3E592F59-seeklogo.com_.png\" alt=\"\" width=\"300\" height=\"156\" srcset=\"https:\/\/i0.wp.com\/magnoliasilk.com\/wp-content\/uploads\/2021\/06\/oeko-tex-standard-100-logo-1D3E592F59-seeklogo.com_.png?w=300&amp;ssl=1 300w, https:\/\/i0.wp.com\/magnoliasilk.com\/wp-content\/uploads\/2021\/06\/oeko-tex-standard-100-logo-1D3E592F59-seeklogo.com_.png?resize=150%2C78&amp;ssl=1 150w\" sizes=\"auto, (max-width: 300px) 100vw, 300px\" \/><\/p>\n","protected":false},"featured_media":14464,"template":"","meta":[],"product_brand":[],"product_cat":[262],"product_tag":[],"class_list":{"0":"post-14415","1":"product","2":"type-product","3":"status-publish","4":"has-post-thumbnail","6":"product_cat-silk-bed-sheets-lv","8":"first","9":"instock","10":"taxable","11":"shipping-taxable","12":"purchasable","13":"product-type-variable","14":"has-default-attributes"},"exclude_global_add_ons":[],"addons":[],"yoast_head":"<!-- This site is optimized with the Yoast SEO plugin v27.2 - https:\/\/yoast.com\/product\/yoast-seo-wordpress\/ -->\n<title>25 Momme Luksuss Z\u012bda palags NAVY BLUE - Magnolia silk collection<\/title>\n<meta name=\"robots\" content=\"index, follow, max-snippet:-1, max-image-preview:large, max-video-preview:-1\" \/>\n<link rel=\"canonical\" href=\"https:\/\/magnoliasilk.com\/lv\/products\/25-momme-luksuss-zida-palags-navy-blue\/\" \/>\n<meta property=\"og:locale\" content=\"lv_LV\" \/>\n<meta property=\"og:type\" content=\"article\" \/>\n<meta property=\"og:title\" content=\"25 Momme Luksuss Z\u012bda palags NAVY BLUE - Magnolia silk collection\" \/>\n<meta property=\"og:description\" content=\"Gul\u0113\u0161ana uz z\u012bda palaga ir viena no lab\u0101kaj\u0101m grezn\u012bb\u0101m dz\u012bv\u0113. Vienk\u0101r\u0161i iedom\u0101jieties maigu z\u012bda piesk\u0101rienu uz J\u016bsu \u0101das. Neatk\u0101rtojamas saj\u016btas. Gul\u0113\u0161ana uz z\u012bda palaga ir glu\u017ei k\u0101 SPA apmekl\u0113jums, tikai gu\u013cot uz z\u012bda palaga Jums nav j\u0101atst\u0101j sava istabu. Pavadot vienu nakti uz sava jaun\u0101 z\u012bda palaga, J\u016bs katru n\u0101kamo dienu pavad\u012bsiet dom\u0101jot par br\u012bdi,kad var\u0113siet atkal ieritin\u0101ties gult\u0101 un baud\u012bt z\u012bda piesk\u0101rienus.\" \/>\n<meta property=\"og:url\" content=\"https:\/\/magnoliasilk.com\/lv\/products\/25-momme-luksuss-zida-palags-navy-blue\/\" \/>\n<meta property=\"og:site_name\" content=\"Magnolia silk collection\" \/>\n<meta property=\"article:publisher\" content=\"https:\/\/www.facebook.com\/Magnoliasilkcollection\" \/>\n<meta property=\"article:modified_time\" content=\"2025-11-27T16:30:28+00:00\" \/>\n<meta property=\"og:image\" content=\"https:\/\/magnoliasilk.com\/wp-content\/uploads\/2023\/07\/bedding3.webp\" \/>\n\t<meta property=\"og:image:width\" content=\"1588\" \/>\n\t<meta property=\"og:image:height\" content=\"1429\" \/>\n\t<meta property=\"og:image:type\" content=\"image\/webp\" \/>\n<meta name=\"twitter:card\" content=\"summary_large_image\" \/>\n<meta name=\"twitter:label1\" content=\"Est. reading time\" \/>\n\t<meta name=\"twitter:data1\" content=\"1 min\u016b\u0161u\" \/>\n<script type=\"application\/ld+json\" class=\"yoast-schema-graph\">{\"@context\":\"https:\/\/schema.org\",\"@graph\":[{\"@type\":\"WebPage\",\"@id\":\"https:\/\/magnoliasilk.com\/lv\/products\/25-momme-luksuss-zida-palags-navy-blue\/\",\"url\":\"https:\/\/magnoliasilk.com\/lv\/products\/25-momme-luksuss-zida-palags-navy-blue\/\",\"name\":\"25 Momme Luksuss Z\u012bda palags NAVY BLUE - Magnolia silk collection\",\"isPartOf\":{\"@id\":\"https:\/\/magnoliasilk.com\/#website\"},\"primaryImageOfPage\":{\"@id\":\"https:\/\/magnoliasilk.com\/lv\/products\/25-momme-luksuss-zida-palags-navy-blue\/#primaryimage\"},\"image\":{\"@id\":\"https:\/\/magnoliasilk.com\/lv\/products\/25-momme-luksuss-zida-palags-navy-blue\/#primaryimage\"},\"thumbnailUrl\":\"https:\/\/i0.wp.com\/magnoliasilk.com\/wp-content\/uploads\/2023\/07\/bedding3.webp?fit=1588%2C1429&ssl=1\",\"datePublished\":\"2023-07-30T11:32:45+00:00\",\"dateModified\":\"2025-11-27T16:30:28+00:00\",\"breadcrumb\":{\"@id\":\"https:\/\/magnoliasilk.com\/lv\/products\/25-momme-luksuss-zida-palags-navy-blue\/#breadcrumb\"},\"inLanguage\":\"lv-LV\",\"potentialAction\":[{\"@type\":\"ReadAction\",\"target\":[\"https:\/\/magnoliasilk.com\/lv\/products\/25-momme-luksuss-zida-palags-navy-blue\/\"]}]},{\"@type\":\"ImageObject\",\"inLanguage\":\"lv-LV\",\"@id\":\"https:\/\/magnoliasilk.com\/lv\/products\/25-momme-luksuss-zida-palags-navy-blue\/#primaryimage\",\"url\":\"https:\/\/i0.wp.com\/magnoliasilk.com\/wp-content\/uploads\/2023\/07\/bedding3.webp?fit=1588%2C1429&ssl=1\",\"contentUrl\":\"https:\/\/i0.wp.com\/magnoliasilk.com\/wp-content\/uploads\/2023\/07\/bedding3.webp?fit=1588%2C1429&ssl=1\",\"width\":1588,\"height\":1429,\"caption\":\"silk bedding navy blue\"},{\"@type\":\"BreadcrumbList\",\"@id\":\"https:\/\/magnoliasilk.com\/lv\/products\/25-momme-luksuss-zida-palags-navy-blue\/#breadcrumb\",\"itemListElement\":[{\"@type\":\"ListItem\",\"position\":1,\"name\":\"Home\",\"item\":\"https:\/\/magnoliasilk.com\/lv\/\"},{\"@type\":\"ListItem\",\"position\":2,\"name\":\"Shop\",\"item\":\"https:\/\/magnoliasilk.com\/lv\/shop-3\/\"},{\"@type\":\"ListItem\",\"position\":3,\"name\":\"25 Momme Luksuss Z\u012bda palags NAVY BLUE\"}]},{\"@type\":\"WebSite\",\"@id\":\"https:\/\/magnoliasilk.com\/#website\",\"url\":\"https:\/\/magnoliasilk.com\/\",\"name\":\"Magnolia silk collection\",\"description\":\"Mulberry silk products by Magnolia\",\"publisher\":{\"@id\":\"https:\/\/magnoliasilk.com\/#organization\"},\"potentialAction\":[{\"@type\":\"SearchAction\",\"target\":{\"@type\":\"EntryPoint\",\"urlTemplate\":\"https:\/\/magnoliasilk.com\/?s={search_term_string}\"},\"query-input\":{\"@type\":\"PropertyValueSpecification\",\"valueRequired\":true,\"valueName\":\"search_term_string\"}}],\"inLanguage\":\"lv-LV\"},{\"@type\":\"Organization\",\"@id\":\"https:\/\/magnoliasilk.com\/#organization\",\"name\":\"Magnolia silk collection\",\"url\":\"https:\/\/magnoliasilk.com\/\",\"logo\":{\"@type\":\"ImageObject\",\"inLanguage\":\"lv-LV\",\"@id\":\"https:\/\/magnoliasilk.com\/#\/schema\/logo\/image\/\",\"url\":\"https:\/\/i1.wp.com\/magnoliasilk.com\/wp-content\/uploads\/2021\/06\/cropped-magnolia-1.png?fit=369%2C80&ssl=1\",\"contentUrl\":\"https:\/\/i1.wp.com\/magnoliasilk.com\/wp-content\/uploads\/2021\/06\/cropped-magnolia-1.png?fit=369%2C80&ssl=1\",\"width\":369,\"height\":80,\"caption\":\"Magnolia silk collection\"},\"image\":{\"@id\":\"https:\/\/magnoliasilk.com\/#\/schema\/logo\/image\/\"},\"sameAs\":[\"https:\/\/www.facebook.com\/Magnoliasilkcollection\",\"https:\/\/www.instagram.com\/magnolia.silk\/\",\"https:\/\/www.pinterest.com\/magnoliasilkcollection\/\"]}]}<\/script>\n<!-- \/ Yoast SEO plugin. -->","yoast_head_json":{"title":"25 Momme Luksuss Z\u012bda palags NAVY BLUE - Magnolia silk collection","robots":{"index":"index","follow":"follow","max-snippet":"max-snippet:-1","max-image-preview":"max-image-preview:large","max-video-preview":"max-video-preview:-1"},"canonical":"https:\/\/magnoliasilk.com\/lv\/products\/25-momme-luksuss-zida-palags-navy-blue\/","og_locale":"lv_LV","og_type":"article","og_title":"25 Momme Luksuss Z\u012bda palags NAVY BLUE - Magnolia silk collection","og_description":"Gul\u0113\u0161ana uz z\u012bda palaga ir viena no lab\u0101kaj\u0101m grezn\u012bb\u0101m dz\u012bv\u0113. Vienk\u0101r\u0161i iedom\u0101jieties maigu z\u012bda piesk\u0101rienu uz J\u016bsu \u0101das. Neatk\u0101rtojamas saj\u016btas. Gul\u0113\u0161ana uz z\u012bda palaga ir glu\u017ei k\u0101 SPA apmekl\u0113jums, tikai gu\u013cot uz z\u012bda palaga Jums nav j\u0101atst\u0101j sava istabu. Pavadot vienu nakti uz sava jaun\u0101 z\u012bda palaga, J\u016bs katru n\u0101kamo dienu pavad\u012bsiet dom\u0101jot par br\u012bdi,kad var\u0113siet atkal ieritin\u0101ties gult\u0101 un baud\u012bt z\u012bda piesk\u0101rienus.","og_url":"https:\/\/magnoliasilk.com\/lv\/products\/25-momme-luksuss-zida-palags-navy-blue\/","og_site_name":"Magnolia silk collection","article_publisher":"https:\/\/www.facebook.com\/Magnoliasilkcollection","article_modified_time":"2025-11-27T16:30:28+00:00","og_image":[{"width":1588,"height":1429,"url":"https:\/\/magnoliasilk.com\/wp-content\/uploads\/2023\/07\/bedding3.webp","type":"image\/webp"}],"twitter_card":"summary_large_image","twitter_misc":{"Est. reading time":"1 min\u016b\u0161u"},"schema":{"@context":"https:\/\/schema.org","@graph":[{"@type":"WebPage","@id":"https:\/\/magnoliasilk.com\/lv\/products\/25-momme-luksuss-zida-palags-navy-blue\/","url":"https:\/\/magnoliasilk.com\/lv\/products\/25-momme-luksuss-zida-palags-navy-blue\/","name":"25 Momme Luksuss Z\u012bda palags NAVY BLUE - Magnolia silk collection","isPartOf":{"@id":"https:\/\/magnoliasilk.com\/#website"},"primaryImageOfPage":{"@id":"https:\/\/magnoliasilk.com\/lv\/products\/25-momme-luksuss-zida-palags-navy-blue\/#primaryimage"},"image":{"@id":"https:\/\/magnoliasilk.com\/lv\/products\/25-momme-luksuss-zida-palags-navy-blue\/#primaryimage"},"thumbnailUrl":"https:\/\/i0.wp.com\/magnoliasilk.com\/wp-content\/uploads\/2023\/07\/bedding3.webp?fit=1588%2C1429&ssl=1","datePublished":"2023-07-30T11:32:45+00:00","dateModified":"2025-11-27T16:30:28+00:00","breadcrumb":{"@id":"https:\/\/magnoliasilk.com\/lv\/products\/25-momme-luksuss-zida-palags-navy-blue\/#breadcrumb"},"inLanguage":"lv-LV","potentialAction":[{"@type":"ReadAction","target":["https:\/\/magnoliasilk.com\/lv\/products\/25-momme-luksuss-zida-palags-navy-blue\/"]}]},{"@type":"ImageObject","inLanguage":"lv-LV","@id":"https:\/\/magnoliasilk.com\/lv\/products\/25-momme-luksuss-zida-palags-navy-blue\/#primaryimage","url":"https:\/\/i0.wp.com\/magnoliasilk.com\/wp-content\/uploads\/2023\/07\/bedding3.webp?fit=1588%2C1429&ssl=1","contentUrl":"https:\/\/i0.wp.com\/magnoliasilk.com\/wp-content\/uploads\/2023\/07\/bedding3.webp?fit=1588%2C1429&ssl=1","width":1588,"height":1429,"caption":"silk bedding navy blue"},{"@type":"BreadcrumbList","@id":"https:\/\/magnoliasilk.com\/lv\/products\/25-momme-luksuss-zida-palags-navy-blue\/#breadcrumb","itemListElement":[{"@type":"ListItem","position":1,"name":"Home","item":"https:\/\/magnoliasilk.com\/lv\/"},{"@type":"ListItem","position":2,"name":"Shop","item":"https:\/\/magnoliasilk.com\/lv\/shop-3\/"},{"@type":"ListItem","position":3,"name":"25 Momme Luksuss Z\u012bda palags NAVY BLUE"}]},{"@type":"WebSite","@id":"https:\/\/magnoliasilk.com\/#website","url":"https:\/\/magnoliasilk.com\/","name":"Magnolia silk collection","description":"Mulberry silk products by Magnolia","publisher":{"@id":"https:\/\/magnoliasilk.com\/#organization"},"potentialAction":[{"@type":"SearchAction","target":{"@type":"EntryPoint","urlTemplate":"https:\/\/magnoliasilk.com\/?s={search_term_string}"},"query-input":{"@type":"PropertyValueSpecification","valueRequired":true,"valueName":"search_term_string"}}],"inLanguage":"lv-LV"},{"@type":"Organization","@id":"https:\/\/magnoliasilk.com\/#organization","name":"Magnolia silk collection","url":"https:\/\/magnoliasilk.com\/","logo":{"@type":"ImageObject","inLanguage":"lv-LV","@id":"https:\/\/magnoliasilk.com\/#\/schema\/logo\/image\/","url":"https:\/\/i1.wp.com\/magnoliasilk.com\/wp-content\/uploads\/2021\/06\/cropped-magnolia-1.png?fit=369%2C80&ssl=1","contentUrl":"https:\/\/i1.wp.com\/magnoliasilk.com\/wp-content\/uploads\/2021\/06\/cropped-magnolia-1.png?fit=369%2C80&ssl=1","width":369,"height":80,"caption":"Magnolia silk collection"},"image":{"@id":"https:\/\/magnoliasilk.com\/#\/schema\/logo\/image\/"},"sameAs":["https:\/\/www.facebook.com\/Magnoliasilkcollection","https:\/\/www.instagram.com\/magnolia.silk\/","https:\/\/www.pinterest.com\/magnoliasilkcollection\/"]}]}},"jetpack_sharing_enabled":true,"_links":{"self":[{"href":"https:\/\/magnoliasilk.com\/lv\/wp-json\/wp\/v2\/product\/14415","targetHints":{"allow":["GET"]}}],"collection":[{"href":"https:\/\/magnoliasilk.com\/lv\/wp-json\/wp\/v2\/product"}],"about":[{"href":"https:\/\/magnoliasilk.com\/lv\/wp-json\/wp\/v2\/types\/product"}],"wp:featuredmedia":[{"embeddable":true,"href":"https:\/\/magnoliasilk.com\/lv\/wp-json\/wp\/v2\/media\/14464"}],"wp:attachment":[{"href":"https:\/\/magnoliasilk.com\/lv\/wp-json\/wp\/v2\/media?parent=14415"}],"wp:term":[{"taxonomy":"product_brand","embeddable":true,"href":"https:\/\/magnoliasilk.com\/lv\/wp-json\/wp\/v2\/product_brand?post=14415"},{"taxonomy":"product_cat","embeddable":true,"href":"https:\/\/magnoliasilk.com\/lv\/wp-json\/wp\/v2\/product_cat?post=14415"},{"taxonomy":"product_tag","embeddable":true,"href":"https:\/\/magnoliasilk.com\/lv\/wp-json\/wp\/v2\/product_tag?post=14415"}],"curies":[{"name":"wp","href":"https:\/\/api.w.org\/{rel}","templated":true}]}}