{"id":12157,"date":"2022-10-20T17:07:27","date_gmt":"2022-10-20T14:07:33","guid":{"rendered":"https:\/\/magnoliasilk.com\/?post_type=product&#038;p=12157"},"modified":"2023-12-21T13:50:01","modified_gmt":"2023-12-21T11:50:01","slug":"100-zida-gumija-english-cottage-rose","status":"publish","type":"product","link":"https:\/\/magnoliasilk.com\/lv\/products\/100-zida-gumija-english-cottage-rose\/","title":{"rendered":"100% z\u012bda gumija ENGLISH COTTAGE ROSE"},"content":{"rendered":"<p>Izsmalcin\u0101ta ENGLISH COTTAGE ROSE z\u012bda matu gumija izgatavota no 100% Mulberry z\u012bda. Elegant\u0101 MAGNOLIA d\u0101vanu kaste ir iek\u013cauta cen\u0101. Mulberry z\u012bds laist\u0101s, ir \u013coti m\u012bksts un pat\u012bkams. \u0160\u012b matu gumija pasarg\u0101s un atjaunos Tavus matus. Magnolia ENGLISH COTTAGE ROSE z\u012bda matu gumija ir k\u0101 sapnis.<\/p>\n<p><strong>Visas MAGNOLIA z\u012bda matu gumijas ir pieejamas 3 izm\u0113ros;<\/strong><\/p>\n<div>\n<div>S izm\u0113rs- z\u012bda platums 2cm<br \/>\nM izm\u0113rs- z\u012bda platums 5,5cm<br \/>\nL izm\u0113rs- z\u012bda platums 7cm<\/div>\n<div><\/div>\n<div>\n<div>\n<div><strong>S izm\u0113ra gumija<\/strong> b\u016bs perfekta sieviet\u0113m kam pat\u012bk minim\u0101lisms,<strong> M izm\u0113ra gumija <\/strong>b\u016bs lieliska izv\u0113le ikdienas matu sak\u0101rtojumiem, and <strong>L izm\u0113ra<\/strong> matu gumija b\u016bs pareiz\u0101 izv\u0113le sieviet\u0113m ar \u013coti bieziem,\u010dirkainiem, nesavald\u0101miem matiem, k\u0101 ar\u012b sieviet\u0113m kam pat\u012bk akcent\u0113t savu matu sak\u0101rtojumu.<\/div>\n<\/div>\n<div><\/div>\n<\/div>\n<\/div>\n<div><strong>Pas\u016bt\u012bjuma izs\u016bt\u012b\u0161anas inform\u0101cija:<\/strong><\/div>\n<div><\/div>\n<div>Visi pas\u016bt\u012bjumi tiek izs\u016bt\u012bti 1-3 darba dienu laik\u0101 p\u0113c pas\u016bt\u012bjuma noform\u0113\u0161anas dienas. Pas\u016bt\u012bjumi netiek izs\u016bt\u012bti ned\u0113\u013cas nogal\u0113s vai sv\u0113tku dien\u0101s. L\u016bdzu \u0146em v\u0113ra, ka Magnolia neatbild par m\u016bsu s\u016bt\u012bjumu partneru (DPD, Omniva) pieg\u0101des tempiem un kav\u0113\u0161anos.<\/div>\n<div><\/div>\n<div><strong>Atteik\u0161an\u0101s no preces:<\/strong><\/div>\n<div><\/div>\n<div>\n<p>Preces atgrie\u0161anas laiks ir 14 dienas. Ja Tu v\u0113lies atgriezt atpaka\u013c vai apmain\u012bt preci v\u0113l\u0101k k\u0101 14 dienas p\u0113c pas\u016bt\u012bjuma veik\u0161anas, tad, diem\u017e\u0113l, m\u0113s to nevar\u0113sim izdar\u012bt.<\/p>\n<p>Preces atgrie\u0161anas gad\u012bjum\u0101 s\u016bt\u012b\u0161anas izdevumus sedz klients. Pieg\u0101des izmaksas netiek atgrieztas.<\/p>\n<p>Lai Tu sp\u0113tu atgriezt preci, tai noteikti ir j\u0101b\u016bt neizmantotai un j\u0101satur Magnolia ori\u0123in\u0101lo d\u0101vanu kasti bez defektiem.<\/p>\n<\/div>\n","protected":false},"excerpt":{"rendered":"<p>Lai saprastu skaistumu ko sniedz \u0161\u012b z\u012bda matu gumija, pieskaries tai, ieliec savos matos&#8230;t\u0101 ir tik sap\u0146aina, t\u0101 ir tik m\u012bksta un pat\u012bkama! Atvadies no nevesel\u012bgiem, sal\u016bzu\u0161iem matiem!<\/p>\n","protected":false},"featured_media":13285,"template":"","meta":[],"product_brand":[],"product_cat":[338,172],"product_tag":[],"class_list":{"0":"post-12157","1":"product","2":"type-product","3":"status-publish","4":"has-post-thumbnail","6":"product_cat-melnas-piektdienas-piedavajumi-30","7":"product_cat-silk-schrunchies-lv","9":"first","10":"instock","11":"sale","12":"taxable","13":"shipping-taxable","14":"purchasable","15":"product-type-variable","16":"has-default-attributes"},"exclude_global_add_ons":false,"addons":[{"name":"\u00a0","type":"multiple_choice","position":0,"required":true,"title_format":"hide","default":"","description_enable":false,"description":"","placeholder_enable":false,"placeholder":"","display":"radiobutton","restrictions_type":"any_text","adjust_price":false,"price":"","price_type":"flat_fee","restrictions":false,"min":"0","max":"0","options":[{"label":"No giftbox","price":"","price_type":"flat_fee","image":0,"visibility":true},{"label":"Luxurious Magnolia white giftbox","price":"2.5","price_type":"quantity_based","image":4077,"visibility":true}],"id":1668980122}],"yoast_head":"<!-- This site is optimized with the Yoast SEO plugin v27.2 - https:\/\/yoast.com\/product\/yoast-seo-wordpress\/ -->\n<title>100% z\u012bda gumija ENGLISH COTTAGE ROSE - Magnolia silk collection<\/title>\n<meta name=\"robots\" content=\"index, follow, max-snippet:-1, max-image-preview:large, max-video-preview:-1\" \/>\n<link rel=\"canonical\" href=\"https:\/\/magnoliasilk.com\/lv\/products\/100-zida-gumija-english-cottage-rose\/\" \/>\n<meta property=\"og:locale\" content=\"lv_LV\" \/>\n<meta property=\"og:type\" content=\"article\" \/>\n<meta property=\"og:title\" content=\"100% z\u012bda gumija ENGLISH COTTAGE ROSE - Magnolia silk collection\" \/>\n<meta property=\"og:description\" content=\"Lai saprastu skaistumu ko sniedz \u0161\u012b z\u012bda matu gumija, pieskaries tai, ieliec savos matos...t\u0101 ir tik sap\u0146aina, t\u0101 ir tik m\u012bksta un pat\u012bkama! Atvadies no nevesel\u012bgiem, sal\u016bzu\u0161iem matiem!\" \/>\n<meta property=\"og:url\" content=\"https:\/\/magnoliasilk.com\/lv\/products\/100-zida-gumija-english-cottage-rose\/\" \/>\n<meta property=\"og:site_name\" content=\"Magnolia silk collection\" \/>\n<meta property=\"article:publisher\" content=\"https:\/\/www.facebook.com\/Magnoliasilkcollection\" \/>\n<meta property=\"article:modified_time\" content=\"2023-12-21T11:50:01+00:00\" \/>\n<meta property=\"og:image\" content=\"https:\/\/magnoliasilk.com\/wp-content\/uploads\/2022\/10\/DSC05733-scaled.jpg\" \/>\n\t<meta property=\"og:image:width\" content=\"1707\" \/>\n\t<meta property=\"og:image:height\" content=\"2560\" \/>\n\t<meta property=\"og:image:type\" content=\"image\/jpeg\" \/>\n<meta name=\"twitter:card\" content=\"summary_large_image\" \/>\n<meta name=\"twitter:label1\" content=\"Est. reading time\" \/>\n\t<meta name=\"twitter:data1\" content=\"1 min\u016b\u0161u\" \/>\n<script type=\"application\/ld+json\" class=\"yoast-schema-graph\">{\"@context\":\"https:\/\/schema.org\",\"@graph\":[{\"@type\":\"WebPage\",\"@id\":\"https:\/\/magnoliasilk.com\/lv\/products\/100-zida-gumija-english-cottage-rose\/\",\"url\":\"https:\/\/magnoliasilk.com\/lv\/products\/100-zida-gumija-english-cottage-rose\/\",\"name\":\"100% z\u012bda gumija ENGLISH COTTAGE ROSE - Magnolia silk collection\",\"isPartOf\":{\"@id\":\"https:\/\/magnoliasilk.com\/#website\"},\"primaryImageOfPage\":{\"@id\":\"https:\/\/magnoliasilk.com\/lv\/products\/100-zida-gumija-english-cottage-rose\/#primaryimage\"},\"image\":{\"@id\":\"https:\/\/magnoliasilk.com\/lv\/products\/100-zida-gumija-english-cottage-rose\/#primaryimage\"},\"thumbnailUrl\":\"https:\/\/i0.wp.com\/magnoliasilk.com\/wp-content\/uploads\/2022\/10\/DSC08755-scaled.jpg?fit=1707%2C2560&ssl=1\",\"datePublished\":\"2022-10-20T14:07:33+00:00\",\"dateModified\":\"2023-12-21T11:50:01+00:00\",\"breadcrumb\":{\"@id\":\"https:\/\/magnoliasilk.com\/lv\/products\/100-zida-gumija-english-cottage-rose\/#breadcrumb\"},\"inLanguage\":\"lv-LV\",\"potentialAction\":[{\"@type\":\"ReadAction\",\"target\":[\"https:\/\/magnoliasilk.com\/lv\/products\/100-zida-gumija-english-cottage-rose\/\"]}]},{\"@type\":\"ImageObject\",\"inLanguage\":\"lv-LV\",\"@id\":\"https:\/\/magnoliasilk.com\/lv\/products\/100-zida-gumija-english-cottage-rose\/#primaryimage\",\"url\":\"https:\/\/i0.wp.com\/magnoliasilk.com\/wp-content\/uploads\/2022\/10\/DSC08755-scaled.jpg?fit=1707%2C2560&ssl=1\",\"contentUrl\":\"https:\/\/i0.wp.com\/magnoliasilk.com\/wp-content\/uploads\/2022\/10\/DSC08755-scaled.jpg?fit=1707%2C2560&ssl=1\",\"width\":1707,\"height\":2560},{\"@type\":\"BreadcrumbList\",\"@id\":\"https:\/\/magnoliasilk.com\/lv\/products\/100-zida-gumija-english-cottage-rose\/#breadcrumb\",\"itemListElement\":[{\"@type\":\"ListItem\",\"position\":1,\"name\":\"Home\",\"item\":\"https:\/\/magnoliasilk.com\/lv\/\"},{\"@type\":\"ListItem\",\"position\":2,\"name\":\"Shop\",\"item\":\"https:\/\/magnoliasilk.com\/lv\/shop-3\/\"},{\"@type\":\"ListItem\",\"position\":3,\"name\":\"100% z\u012bda gumija ENGLISH COTTAGE ROSE\"}]},{\"@type\":\"WebSite\",\"@id\":\"https:\/\/magnoliasilk.com\/#website\",\"url\":\"https:\/\/magnoliasilk.com\/\",\"name\":\"Magnolia silk collection\",\"description\":\"Mulberry silk products by Magnolia\",\"publisher\":{\"@id\":\"https:\/\/magnoliasilk.com\/#organization\"},\"potentialAction\":[{\"@type\":\"SearchAction\",\"target\":{\"@type\":\"EntryPoint\",\"urlTemplate\":\"https:\/\/magnoliasilk.com\/?s={search_term_string}\"},\"query-input\":{\"@type\":\"PropertyValueSpecification\",\"valueRequired\":true,\"valueName\":\"search_term_string\"}}],\"inLanguage\":\"lv-LV\"},{\"@type\":\"Organization\",\"@id\":\"https:\/\/magnoliasilk.com\/#organization\",\"name\":\"Magnolia silk collection\",\"url\":\"https:\/\/magnoliasilk.com\/\",\"logo\":{\"@type\":\"ImageObject\",\"inLanguage\":\"lv-LV\",\"@id\":\"https:\/\/magnoliasilk.com\/#\/schema\/logo\/image\/\",\"url\":\"https:\/\/i1.wp.com\/magnoliasilk.com\/wp-content\/uploads\/2021\/06\/cropped-magnolia-1.png?fit=369%2C80&ssl=1\",\"contentUrl\":\"https:\/\/i1.wp.com\/magnoliasilk.com\/wp-content\/uploads\/2021\/06\/cropped-magnolia-1.png?fit=369%2C80&ssl=1\",\"width\":369,\"height\":80,\"caption\":\"Magnolia silk collection\"},\"image\":{\"@id\":\"https:\/\/magnoliasilk.com\/#\/schema\/logo\/image\/\"},\"sameAs\":[\"https:\/\/www.facebook.com\/Magnoliasilkcollection\",\"https:\/\/www.instagram.com\/magnolia.silk\/\",\"https:\/\/www.pinterest.com\/magnoliasilkcollection\/\"]}]}<\/script>\n<!-- \/ Yoast SEO plugin. -->","yoast_head_json":{"title":"100% z\u012bda gumija ENGLISH COTTAGE ROSE - Magnolia silk collection","robots":{"index":"index","follow":"follow","max-snippet":"max-snippet:-1","max-image-preview":"max-image-preview:large","max-video-preview":"max-video-preview:-1"},"canonical":"https:\/\/magnoliasilk.com\/lv\/products\/100-zida-gumija-english-cottage-rose\/","og_locale":"lv_LV","og_type":"article","og_title":"100% z\u012bda gumija ENGLISH COTTAGE ROSE - Magnolia silk collection","og_description":"Lai saprastu skaistumu ko sniedz \u0161\u012b z\u012bda matu gumija, pieskaries tai, ieliec savos matos...t\u0101 ir tik sap\u0146aina, t\u0101 ir tik m\u012bksta un pat\u012bkama! Atvadies no nevesel\u012bgiem, sal\u016bzu\u0161iem matiem!","og_url":"https:\/\/magnoliasilk.com\/lv\/products\/100-zida-gumija-english-cottage-rose\/","og_site_name":"Magnolia silk collection","article_publisher":"https:\/\/www.facebook.com\/Magnoliasilkcollection","article_modified_time":"2023-12-21T11:50:01+00:00","og_image":[{"width":1707,"height":2560,"url":"https:\/\/magnoliasilk.com\/wp-content\/uploads\/2022\/10\/DSC05733-scaled.jpg","type":"image\/jpeg"}],"twitter_card":"summary_large_image","twitter_misc":{"Est. reading time":"1 min\u016b\u0161u"},"schema":{"@context":"https:\/\/schema.org","@graph":[{"@type":"WebPage","@id":"https:\/\/magnoliasilk.com\/lv\/products\/100-zida-gumija-english-cottage-rose\/","url":"https:\/\/magnoliasilk.com\/lv\/products\/100-zida-gumija-english-cottage-rose\/","name":"100% z\u012bda gumija ENGLISH COTTAGE ROSE - Magnolia silk collection","isPartOf":{"@id":"https:\/\/magnoliasilk.com\/#website"},"primaryImageOfPage":{"@id":"https:\/\/magnoliasilk.com\/lv\/products\/100-zida-gumija-english-cottage-rose\/#primaryimage"},"image":{"@id":"https:\/\/magnoliasilk.com\/lv\/products\/100-zida-gumija-english-cottage-rose\/#primaryimage"},"thumbnailUrl":"https:\/\/i0.wp.com\/magnoliasilk.com\/wp-content\/uploads\/2022\/10\/DSC08755-scaled.jpg?fit=1707%2C2560&ssl=1","datePublished":"2022-10-20T14:07:33+00:00","dateModified":"2023-12-21T11:50:01+00:00","breadcrumb":{"@id":"https:\/\/magnoliasilk.com\/lv\/products\/100-zida-gumija-english-cottage-rose\/#breadcrumb"},"inLanguage":"lv-LV","potentialAction":[{"@type":"ReadAction","target":["https:\/\/magnoliasilk.com\/lv\/products\/100-zida-gumija-english-cottage-rose\/"]}]},{"@type":"ImageObject","inLanguage":"lv-LV","@id":"https:\/\/magnoliasilk.com\/lv\/products\/100-zida-gumija-english-cottage-rose\/#primaryimage","url":"https:\/\/i0.wp.com\/magnoliasilk.com\/wp-content\/uploads\/2022\/10\/DSC08755-scaled.jpg?fit=1707%2C2560&ssl=1","contentUrl":"https:\/\/i0.wp.com\/magnoliasilk.com\/wp-content\/uploads\/2022\/10\/DSC08755-scaled.jpg?fit=1707%2C2560&ssl=1","width":1707,"height":2560},{"@type":"BreadcrumbList","@id":"https:\/\/magnoliasilk.com\/lv\/products\/100-zida-gumija-english-cottage-rose\/#breadcrumb","itemListElement":[{"@type":"ListItem","position":1,"name":"Home","item":"https:\/\/magnoliasilk.com\/lv\/"},{"@type":"ListItem","position":2,"name":"Shop","item":"https:\/\/magnoliasilk.com\/lv\/shop-3\/"},{"@type":"ListItem","position":3,"name":"100% z\u012bda gumija ENGLISH COTTAGE ROSE"}]},{"@type":"WebSite","@id":"https:\/\/magnoliasilk.com\/#website","url":"https:\/\/magnoliasilk.com\/","name":"Magnolia silk collection","description":"Mulberry silk products by Magnolia","publisher":{"@id":"https:\/\/magnoliasilk.com\/#organization"},"potentialAction":[{"@type":"SearchAction","target":{"@type":"EntryPoint","urlTemplate":"https:\/\/magnoliasilk.com\/?s={search_term_string}"},"query-input":{"@type":"PropertyValueSpecification","valueRequired":true,"valueName":"search_term_string"}}],"inLanguage":"lv-LV"},{"@type":"Organization","@id":"https:\/\/magnoliasilk.com\/#organization","name":"Magnolia silk collection","url":"https:\/\/magnoliasilk.com\/","logo":{"@type":"ImageObject","inLanguage":"lv-LV","@id":"https:\/\/magnoliasilk.com\/#\/schema\/logo\/image\/","url":"https:\/\/i1.wp.com\/magnoliasilk.com\/wp-content\/uploads\/2021\/06\/cropped-magnolia-1.png?fit=369%2C80&ssl=1","contentUrl":"https:\/\/i1.wp.com\/magnoliasilk.com\/wp-content\/uploads\/2021\/06\/cropped-magnolia-1.png?fit=369%2C80&ssl=1","width":369,"height":80,"caption":"Magnolia silk collection"},"image":{"@id":"https:\/\/magnoliasilk.com\/#\/schema\/logo\/image\/"},"sameAs":["https:\/\/www.facebook.com\/Magnoliasilkcollection","https:\/\/www.instagram.com\/magnolia.silk\/","https:\/\/www.pinterest.com\/magnoliasilkcollection\/"]}]}},"jetpack_sharing_enabled":true,"_links":{"self":[{"href":"https:\/\/magnoliasilk.com\/lv\/wp-json\/wp\/v2\/product\/12157","targetHints":{"allow":["GET"]}}],"collection":[{"href":"https:\/\/magnoliasilk.com\/lv\/wp-json\/wp\/v2\/product"}],"about":[{"href":"https:\/\/magnoliasilk.com\/lv\/wp-json\/wp\/v2\/types\/product"}],"wp:featuredmedia":[{"embeddable":true,"href":"https:\/\/magnoliasilk.com\/lv\/wp-json\/wp\/v2\/media\/13285"}],"wp:attachment":[{"href":"https:\/\/magnoliasilk.com\/lv\/wp-json\/wp\/v2\/media?parent=12157"}],"wp:term":[{"taxonomy":"product_brand","embeddable":true,"href":"https:\/\/magnoliasilk.com\/lv\/wp-json\/wp\/v2\/product_brand?post=12157"},{"taxonomy":"product_cat","embeddable":true,"href":"https:\/\/magnoliasilk.com\/lv\/wp-json\/wp\/v2\/product_cat?post=12157"},{"taxonomy":"product_tag","embeddable":true,"href":"https:\/\/magnoliasilk.com\/lv\/wp-json\/wp\/v2\/product_tag?post=12157"}],"curies":[{"name":"wp","href":"https:\/\/api.w.org\/{rel}","templated":true}]}}