{"id":10416,"date":"2022-03-31T18:24:22","date_gmt":"2022-03-31T15:24:22","guid":{"rendered":"https:\/\/magnoliasilk.com\/?post_type=product&#038;p=10416"},"modified":"2023-08-23T22:19:36","modified_gmt":"2023-08-23T19:19:36","slug":"magnolia-zida-galvas-lente-cream","status":"publish","type":"product","link":"https:\/\/magnoliasilk.com\/lv\/products\/magnolia-zida-galvas-lente-cream\/","title":{"rendered":"Magnolia z\u012bda galvas lente CREAM"},"content":{"rendered":"<p>S\u012bk\u0101ka inform\u0101cija:<\/p>\n<p>-Magnolia Cream z\u012bda galvas lente skaistumam &amp; r\u016bp\u0113m par sevi<br \/>\n-100% Mulberry z\u012bds<br \/>\n-Magnolia d\u0101vanu kast\u012bte ir iek\u013cauta cen\u0101<br \/>\n-Sertific\u0113ts: OEKO-TEX Standard 100<br \/>\n-Kr\u0101sa: kr\u0113m\u012bga<br \/>\n-Viens izm\u0113rs: garums: 54 cm platums: 2 cm<\/p>\n<p>L\u016bdzu \u0146em v\u0113ra, ka da\u017e\u0101do apgaismoju un ekr\u0101nu d\u0113\u013c, preces kr\u0101sa dz\u012bv\u0113 var pavisam nedaudz at\u0161\u0137irties.<\/p>\n","protected":false},"excerpt":{"rendered":"<p>Z\u012bda galvas lente ir ne tikai matiem draudz\u012bgs aksesu\u0101rs, ko var izmantot da\u017e\u0101diem ritu\u0101liem, piem\u0113ram, spa, sejas kop\u0161anai, jogai, trena\u017eieru z\u0101lei, bet ar\u012b \u0161\u012b lente b\u016bs stil\u012bgs aksesu\u0101rs, ko var viegli pievilkt pie visa. Minim\u0101listisks dizains, lai piest\u0101v\u0113tu katra gaumei.<\/p>\n","protected":false},"featured_media":10422,"template":"","meta":[],"product_brand":[],"product_cat":[338,290],"product_tag":[],"class_list":{"0":"post-10416","1":"product","2":"type-product","3":"status-publish","4":"has-post-thumbnail","6":"product_cat-melnas-piektdienas-piedavajumi-30","7":"product_cat-zida-galvas-lentes","9":"first","10":"instock","11":"sale","12":"taxable","13":"shipping-taxable","14":"purchasable","15":"product-type-simple"},"exclude_global_add_ons":false,"addons":[{"name":"\u00a0","type":"multiple_choice","position":0,"required":true,"title_format":"hide","default":"","description_enable":false,"description":"","placeholder_enable":false,"placeholder":"","display":"radiobutton","restrictions_type":"any_text","adjust_price":false,"price":"","price_type":"flat_fee","restrictions":false,"min":"0","max":"0","options":[{"label":"No giftbox","price":"","price_type":"flat_fee","image":0,"visibility":true},{"label":"Luxurious Magnolia white giftbox","price":"2.5","price_type":"quantity_based","image":4077,"visibility":true}],"id":1668980122}],"yoast_head":"<!-- This site is optimized with the Yoast SEO plugin v27.2 - https:\/\/yoast.com\/product\/yoast-seo-wordpress\/ -->\n<title>Magnolia z\u012bda galvas lente CREAM - Magnolia silk collection<\/title>\n<meta name=\"robots\" content=\"index, follow, max-snippet:-1, max-image-preview:large, max-video-preview:-1\" \/>\n<link rel=\"canonical\" href=\"https:\/\/magnoliasilk.com\/products\/cream-silk-headband-for-style-self-care\/\" \/>\n<meta property=\"og:locale\" content=\"lv_LV\" \/>\n<meta property=\"og:type\" content=\"article\" \/>\n<meta property=\"og:title\" content=\"Magnolia z\u012bda galvas lente CREAM - Magnolia silk collection\" \/>\n<meta property=\"og:description\" content=\"Z\u012bda galvas lente ir ne tikai matiem draudz\u012bgs aksesu\u0101rs, ko var izmantot da\u017e\u0101diem ritu\u0101liem, piem\u0113ram, spa, sejas kop\u0161anai, jogai, trena\u017eieru z\u0101lei, bet ar\u012b \u0161\u012b lente b\u016bs stil\u012bgs aksesu\u0101rs, ko var viegli pievilkt pie visa. Minim\u0101listisks dizains, lai piest\u0101v\u0113tu katra gaumei.\" \/>\n<meta property=\"og:url\" content=\"https:\/\/magnoliasilk.com\/products\/cream-silk-headband-for-style-self-care\/\" \/>\n<meta property=\"og:site_name\" content=\"Magnolia silk collection\" \/>\n<meta property=\"article:publisher\" content=\"https:\/\/www.facebook.com\/Magnoliasilkcollection\" \/>\n<meta property=\"article:modified_time\" content=\"2023-08-23T19:19:36+00:00\" \/>\n<meta property=\"og:image\" content=\"https:\/\/magnoliasilk.com\/wp-content\/uploads\/2022\/03\/250E969C-EB1F-4E67-922B-F0A7751EF2B4-scaled.jpg\" \/>\n\t<meta property=\"og:image:width\" content=\"1920\" \/>\n\t<meta property=\"og:image:height\" content=\"2560\" \/>\n\t<meta property=\"og:image:type\" content=\"image\/jpeg\" \/>\n<meta name=\"twitter:card\" content=\"summary_large_image\" \/>\n<meta name=\"twitter:label1\" content=\"Est. reading time\" \/>\n\t<meta name=\"twitter:data1\" content=\"1 min\u016b\u0161u\" \/>\n<script type=\"application\/ld+json\" class=\"yoast-schema-graph\">{\"@context\":\"https:\/\/schema.org\",\"@graph\":[{\"@type\":\"WebPage\",\"@id\":\"https:\/\/magnoliasilk.com\/products\/cream-silk-headband-for-style-self-care\/\",\"url\":\"https:\/\/magnoliasilk.com\/products\/cream-silk-headband-for-style-self-care\/\",\"name\":\"Magnolia z\u012bda galvas lente CREAM - Magnolia silk collection\",\"isPartOf\":{\"@id\":\"https:\/\/magnoliasilk.com\/#website\"},\"primaryImageOfPage\":{\"@id\":\"https:\/\/magnoliasilk.com\/products\/cream-silk-headband-for-style-self-care\/#primaryimage\"},\"image\":{\"@id\":\"https:\/\/magnoliasilk.com\/products\/cream-silk-headband-for-style-self-care\/#primaryimage\"},\"thumbnailUrl\":\"https:\/\/i0.wp.com\/magnoliasilk.com\/wp-content\/uploads\/2022\/03\/250E969C-EB1F-4E67-922B-F0A7751EF2B4-scaled.jpg?fit=1920%2C2560&ssl=1\",\"datePublished\":\"2022-03-31T15:24:22+00:00\",\"dateModified\":\"2023-08-23T19:19:36+00:00\",\"breadcrumb\":{\"@id\":\"https:\/\/magnoliasilk.com\/products\/cream-silk-headband-for-style-self-care\/#breadcrumb\"},\"inLanguage\":\"lv-LV\",\"potentialAction\":[{\"@type\":\"ReadAction\",\"target\":[\"https:\/\/magnoliasilk.com\/products\/cream-silk-headband-for-style-self-care\/\"]}]},{\"@type\":\"ImageObject\",\"inLanguage\":\"lv-LV\",\"@id\":\"https:\/\/magnoliasilk.com\/products\/cream-silk-headband-for-style-self-care\/#primaryimage\",\"url\":\"https:\/\/i0.wp.com\/magnoliasilk.com\/wp-content\/uploads\/2022\/03\/250E969C-EB1F-4E67-922B-F0A7751EF2B4-scaled.jpg?fit=1920%2C2560&ssl=1\",\"contentUrl\":\"https:\/\/i0.wp.com\/magnoliasilk.com\/wp-content\/uploads\/2022\/03\/250E969C-EB1F-4E67-922B-F0A7751EF2B4-scaled.jpg?fit=1920%2C2560&ssl=1\",\"width\":1920,\"height\":2560},{\"@type\":\"BreadcrumbList\",\"@id\":\"https:\/\/magnoliasilk.com\/products\/cream-silk-headband-for-style-self-care\/#breadcrumb\",\"itemListElement\":[{\"@type\":\"ListItem\",\"position\":1,\"name\":\"Home\",\"item\":\"https:\/\/magnoliasilk.com\/lv\/\"},{\"@type\":\"ListItem\",\"position\":2,\"name\":\"Shop\",\"item\":\"https:\/\/magnoliasilk.com\/lv\/shop-3\/\"},{\"@type\":\"ListItem\",\"position\":3,\"name\":\"Magnolia z\u012bda galvas lente CREAM\"}]},{\"@type\":\"WebSite\",\"@id\":\"https:\/\/magnoliasilk.com\/#website\",\"url\":\"https:\/\/magnoliasilk.com\/\",\"name\":\"Magnolia silk collection\",\"description\":\"Mulberry silk products by Magnolia\",\"publisher\":{\"@id\":\"https:\/\/magnoliasilk.com\/#organization\"},\"potentialAction\":[{\"@type\":\"SearchAction\",\"target\":{\"@type\":\"EntryPoint\",\"urlTemplate\":\"https:\/\/magnoliasilk.com\/?s={search_term_string}\"},\"query-input\":{\"@type\":\"PropertyValueSpecification\",\"valueRequired\":true,\"valueName\":\"search_term_string\"}}],\"inLanguage\":\"lv-LV\"},{\"@type\":\"Organization\",\"@id\":\"https:\/\/magnoliasilk.com\/#organization\",\"name\":\"Magnolia silk collection\",\"url\":\"https:\/\/magnoliasilk.com\/\",\"logo\":{\"@type\":\"ImageObject\",\"inLanguage\":\"lv-LV\",\"@id\":\"https:\/\/magnoliasilk.com\/#\/schema\/logo\/image\/\",\"url\":\"https:\/\/i1.wp.com\/magnoliasilk.com\/wp-content\/uploads\/2021\/06\/cropped-magnolia-1.png?fit=369%2C80&ssl=1\",\"contentUrl\":\"https:\/\/i1.wp.com\/magnoliasilk.com\/wp-content\/uploads\/2021\/06\/cropped-magnolia-1.png?fit=369%2C80&ssl=1\",\"width\":369,\"height\":80,\"caption\":\"Magnolia silk collection\"},\"image\":{\"@id\":\"https:\/\/magnoliasilk.com\/#\/schema\/logo\/image\/\"},\"sameAs\":[\"https:\/\/www.facebook.com\/Magnoliasilkcollection\",\"https:\/\/www.instagram.com\/magnolia.silk\/\",\"https:\/\/www.pinterest.com\/magnoliasilkcollection\/\"]}]}<\/script>\n<!-- \/ Yoast SEO plugin. -->","yoast_head_json":{"title":"Magnolia z\u012bda galvas lente CREAM - Magnolia silk collection","robots":{"index":"index","follow":"follow","max-snippet":"max-snippet:-1","max-image-preview":"max-image-preview:large","max-video-preview":"max-video-preview:-1"},"canonical":"https:\/\/magnoliasilk.com\/products\/cream-silk-headband-for-style-self-care\/","og_locale":"lv_LV","og_type":"article","og_title":"Magnolia z\u012bda galvas lente CREAM - Magnolia silk collection","og_description":"Z\u012bda galvas lente ir ne tikai matiem draudz\u012bgs aksesu\u0101rs, ko var izmantot da\u017e\u0101diem ritu\u0101liem, piem\u0113ram, spa, sejas kop\u0161anai, jogai, trena\u017eieru z\u0101lei, bet ar\u012b \u0161\u012b lente b\u016bs stil\u012bgs aksesu\u0101rs, ko var viegli pievilkt pie visa. Minim\u0101listisks dizains, lai piest\u0101v\u0113tu katra gaumei.","og_url":"https:\/\/magnoliasilk.com\/products\/cream-silk-headband-for-style-self-care\/","og_site_name":"Magnolia silk collection","article_publisher":"https:\/\/www.facebook.com\/Magnoliasilkcollection","article_modified_time":"2023-08-23T19:19:36+00:00","og_image":[{"width":1920,"height":2560,"url":"https:\/\/magnoliasilk.com\/wp-content\/uploads\/2022\/03\/250E969C-EB1F-4E67-922B-F0A7751EF2B4-scaled.jpg","type":"image\/jpeg"}],"twitter_card":"summary_large_image","twitter_misc":{"Est. reading time":"1 min\u016b\u0161u"},"schema":{"@context":"https:\/\/schema.org","@graph":[{"@type":"WebPage","@id":"https:\/\/magnoliasilk.com\/products\/cream-silk-headband-for-style-self-care\/","url":"https:\/\/magnoliasilk.com\/products\/cream-silk-headband-for-style-self-care\/","name":"Magnolia z\u012bda galvas lente CREAM - Magnolia silk collection","isPartOf":{"@id":"https:\/\/magnoliasilk.com\/#website"},"primaryImageOfPage":{"@id":"https:\/\/magnoliasilk.com\/products\/cream-silk-headband-for-style-self-care\/#primaryimage"},"image":{"@id":"https:\/\/magnoliasilk.com\/products\/cream-silk-headband-for-style-self-care\/#primaryimage"},"thumbnailUrl":"https:\/\/i0.wp.com\/magnoliasilk.com\/wp-content\/uploads\/2022\/03\/250E969C-EB1F-4E67-922B-F0A7751EF2B4-scaled.jpg?fit=1920%2C2560&ssl=1","datePublished":"2022-03-31T15:24:22+00:00","dateModified":"2023-08-23T19:19:36+00:00","breadcrumb":{"@id":"https:\/\/magnoliasilk.com\/products\/cream-silk-headband-for-style-self-care\/#breadcrumb"},"inLanguage":"lv-LV","potentialAction":[{"@type":"ReadAction","target":["https:\/\/magnoliasilk.com\/products\/cream-silk-headband-for-style-self-care\/"]}]},{"@type":"ImageObject","inLanguage":"lv-LV","@id":"https:\/\/magnoliasilk.com\/products\/cream-silk-headband-for-style-self-care\/#primaryimage","url":"https:\/\/i0.wp.com\/magnoliasilk.com\/wp-content\/uploads\/2022\/03\/250E969C-EB1F-4E67-922B-F0A7751EF2B4-scaled.jpg?fit=1920%2C2560&ssl=1","contentUrl":"https:\/\/i0.wp.com\/magnoliasilk.com\/wp-content\/uploads\/2022\/03\/250E969C-EB1F-4E67-922B-F0A7751EF2B4-scaled.jpg?fit=1920%2C2560&ssl=1","width":1920,"height":2560},{"@type":"BreadcrumbList","@id":"https:\/\/magnoliasilk.com\/products\/cream-silk-headband-for-style-self-care\/#breadcrumb","itemListElement":[{"@type":"ListItem","position":1,"name":"Home","item":"https:\/\/magnoliasilk.com\/lv\/"},{"@type":"ListItem","position":2,"name":"Shop","item":"https:\/\/magnoliasilk.com\/lv\/shop-3\/"},{"@type":"ListItem","position":3,"name":"Magnolia z\u012bda galvas lente CREAM"}]},{"@type":"WebSite","@id":"https:\/\/magnoliasilk.com\/#website","url":"https:\/\/magnoliasilk.com\/","name":"Magnolia silk collection","description":"Mulberry silk products by Magnolia","publisher":{"@id":"https:\/\/magnoliasilk.com\/#organization"},"potentialAction":[{"@type":"SearchAction","target":{"@type":"EntryPoint","urlTemplate":"https:\/\/magnoliasilk.com\/?s={search_term_string}"},"query-input":{"@type":"PropertyValueSpecification","valueRequired":true,"valueName":"search_term_string"}}],"inLanguage":"lv-LV"},{"@type":"Organization","@id":"https:\/\/magnoliasilk.com\/#organization","name":"Magnolia silk collection","url":"https:\/\/magnoliasilk.com\/","logo":{"@type":"ImageObject","inLanguage":"lv-LV","@id":"https:\/\/magnoliasilk.com\/#\/schema\/logo\/image\/","url":"https:\/\/i1.wp.com\/magnoliasilk.com\/wp-content\/uploads\/2021\/06\/cropped-magnolia-1.png?fit=369%2C80&ssl=1","contentUrl":"https:\/\/i1.wp.com\/magnoliasilk.com\/wp-content\/uploads\/2021\/06\/cropped-magnolia-1.png?fit=369%2C80&ssl=1","width":369,"height":80,"caption":"Magnolia silk collection"},"image":{"@id":"https:\/\/magnoliasilk.com\/#\/schema\/logo\/image\/"},"sameAs":["https:\/\/www.facebook.com\/Magnoliasilkcollection","https:\/\/www.instagram.com\/magnolia.silk\/","https:\/\/www.pinterest.com\/magnoliasilkcollection\/"]}]}},"jetpack_sharing_enabled":true,"_links":{"self":[{"href":"https:\/\/magnoliasilk.com\/lv\/wp-json\/wp\/v2\/product\/10416","targetHints":{"allow":["GET"]}}],"collection":[{"href":"https:\/\/magnoliasilk.com\/lv\/wp-json\/wp\/v2\/product"}],"about":[{"href":"https:\/\/magnoliasilk.com\/lv\/wp-json\/wp\/v2\/types\/product"}],"wp:featuredmedia":[{"embeddable":true,"href":"https:\/\/magnoliasilk.com\/lv\/wp-json\/wp\/v2\/media\/10422"}],"wp:attachment":[{"href":"https:\/\/magnoliasilk.com\/lv\/wp-json\/wp\/v2\/media?parent=10416"}],"wp:term":[{"taxonomy":"product_brand","embeddable":true,"href":"https:\/\/magnoliasilk.com\/lv\/wp-json\/wp\/v2\/product_brand?post=10416"},{"taxonomy":"product_cat","embeddable":true,"href":"https:\/\/magnoliasilk.com\/lv\/wp-json\/wp\/v2\/product_cat?post=10416"},{"taxonomy":"product_tag","embeddable":true,"href":"https:\/\/magnoliasilk.com\/lv\/wp-json\/wp\/v2\/product_tag?post=10416"}],"curies":[{"name":"wp","href":"https:\/\/api.w.org\/{rel}","templated":true}]}}