{"id":5341,"date":"2019-03-20T04:12:33","date_gmt":"2019-03-20T04:12:33","guid":{"rendered":"https:\/\/magnoliasilk.com\/about-us\/"},"modified":"2023-04-12T13:04:18","modified_gmt":"2023-04-12T10:04:18","slug":"about-us","status":"publish","type":"page","link":"https:\/\/magnoliasilk.com\/lv\/about-us\/","title":{"rendered":"Par mums"},"content":{"rendered":"<div class=\"wpb-content-wrapper\">[vc_row et_full_width=&#8221;true&#8221; et_row_padding=&#8221;true&#8221; disable_element=&#8221;yes&#8221; css=&#8221;.vc_custom_1610970674727{padding-top: 60px !important;padding-bottom: 60px !important;}&#8221;][vc_column][vc_row_inner content_placement=&#8221;middle&#8221; el_class=&#8221;align-center&#8221;][vc_column_inner animation=&#8221;animation left-to-right&#8221; offset=&#8221;vc_col-md-7&#8243;]\n\t<div id=\"et-video-lightbox-69d23feca5589\" class=\"et-lightbox et-video-lightbox mfp-video lightbox-image icon-pulse icon-color-  medium animation bottom-to-top\" data-mfp-type=\"iframe\" data-mfp-src=\"https:\/\/www.youtube.com\/watch?v=1KahlicghaE\" >\n\t\t\t\t\t\n\t\t\t<img decoding=\"async\" src=\"https:\/\/i0.wp.com\/magnoliasilk.com\/wp-content\/uploads\/2020\/01\/rib_tank.jpg?fit=1000%2C1000&#038;ssl=1\" alt=\"rib_tank\" \/>\n\t\t\t\t\n\t\t<div class=\"et-video-icon\">\n\t\t\t<svg xmlns=\"http:\/\/www.w3.org\/2000\/svg\" width=\"24\" height=\"24\" viewBox=\"0 0 24 24\" fill=\"none\" stroke=\"currentColor\" stroke-width=\"2\" stroke-linecap=\"round\" stroke-linejoin=\"round\" class=\"feather feather-play\"><polygon points=\"5 3 19 12 5 21 5 3\"><\/polygon><\/svg>\t\t<\/div>\n\n\t\t\t<\/div>\n\t[\/vc_column_inner][vc_column_inner animation=&#8221;animation right-to-left&#8221; offset=&#8221;vc_col-md-5&#8243; css=&#8221;.vc_custom_1578532669392{padding-top: 40px !important;}&#8221;][vc_column_text]\n<h5 class=\"fancy-title\">Our History<\/h5>\n<h2>Setting Industry Standards<\/h2>\n<p>Portland meggings chartreuse plaid palo santo, gluten-free ramps iPhone etsy salvia cray kombucha copper mug single-origin coffee.[\/vc_column_text]\n\t<div id=\"et-counter-69d23feca5978\" class=\"et-counter animation bottom-to-top counter-color-dark icon-color- text-color- counter-left\" >\n\t\t\t\t\t<div class=\"counter-container\">\n\t\t\t\t\t\t\t\t\t<div class=\"h1\" data-count=\"12346\" data-speed=\"2000\">0<\/div>\n\t\t\t\t\t\t\t\t\t\t\t\t\t<h4>Customers<\/h4>\n\t\t\t\t\t\t\t<\/div>\n\t\t\t\t\t\t\t<div class=\"description\"><p>Satisfied customers worldwide and growing<\/p><\/div>\n\t\t\t\t\t\t\t\t\t\t\n\t<\/div>\n\t[\/vc_column_inner][\/vc_row_inner][\/vc_column][\/vc_row][vc_row et_full_width=&#8221;true&#8221; et_row_padding=&#8221;true&#8221; css=&#8221;.vc_custom_1588129008197{padding-top: 80px !important;padding-bottom: 45px !important;background-color: #f2f2f2 !important;}&#8221;][vc_column][vc_row_inner et_column_align=&#8221;align-center&#8221; equal_height=&#8221;yes&#8221; el_class=&#8221;align-center&#8221;][vc_column_inner animation=&#8221;animation bottom-to-top&#8221; offset=&#8221;vc_col-lg-5&#8243;][vc_column_text]\n<h5 class=\"fancy-title\" style=\"text-align: center;\"><\/h5>\n<h2 style=\"text-align: center;\">Par mums<\/h2>\n[\/vc_column_text][\/vc_column_inner][\/vc_row_inner][vc_row_inner et_column_align=&#8221;align-center&#8221; equal_height=&#8221;yes&#8221; el_class=&#8221;align-center&#8221;][vc_column_inner animation=&#8221;animation bottom-to-top&#8221; offset=&#8221;vc_col-lg-4&#8243;][vc_column_text]\n<p style=\"text-align: center;\">Hei! Paldies, ka apmekl\u0113 Magnoliasilk.com internet-veikalu.<\/p>\n<p style=\"text-align: center;\">Mani sauc Sandra un es kop\u0101 ar savu v\u012bru Martinu esam Igaunijas z\u012bmola Magnolia Silk \u012bpa\u0161nieki.<\/p>\n<p style=\"text-align: center;\">M\u016bsu Magnolia silk st\u0101sts s\u0101k\u0101s pirms da\u017eiem gadiem Austr\u0101lij\u0101, kad ierad\u0101mies \u0161eit m\u016bsu ikgad\u0113j\u0101 ziemas ce\u013cojum\u0101 un pavad\u012bj\u0101m \u0161eit m\u0113nesi&#8230; Tas bija tik aizraujo\u0161i redz\u0113t visus stil\u012bgos Austr\u0101lijas veikalus, novatorisk\u0101s lietas un jaun\u0101k\u0101s modes tendences. Nav nosl\u0113pums, ka tik lielai valstij k\u0101 Austr\u0101lijai, ir tik daudz, ko pied\u0101v\u0101t, un vien\u0101 no m\u016bsu iepirk\u0161an\u0101s dien\u0101m es atkl\u0101ju savu pirmo z\u012bda matu gumiju.<\/p>\n<p style=\"text-align: center;\">\u0160\u012b matu gumija bija mana sabiedrot\u0101 p\u0101rg\u0101jienu laik\u0101, t\u0101 bija mana lab\u0101k\u0101 draudzene, kad saulei rietot, es skr\u0113ju pa balto smil\u0161u pludmali, gumija bija manos matos pat tad, kad es gl\u0101st\u012bju smiekl\u012bgos Austr\u0101lijas \u0137engurus. \u0160\u012b z\u012bda matu gumija izskat\u012bj\u0101s gaum\u012bgi, t\u0101 rais\u012bja \u0113rtas izj\u016btas esot manos matos un pats galvenais- t\u0101 nesaboj\u0101ja manus matus- mati neie\u0137\u0113r\u0101s un netika izrauti k\u0101 tas bie\u017ei gad\u0101s ar parastaj\u0101m matu gumij\u0101m.<\/p>\n<p style=\"text-align: center;\">Kad m\u0113s atgriez\u0101mies Igaunij\u0101 (m\u0113s \u0161eit dz\u012bvojam), es skat\u012bjos uz \u0161o Austr\u0101lij\u0101 pirkto matu gumiju un dom\u0101ju, ko es var\u0113tu taj\u0101 main\u012bt, ja man k\u0101dreiz b\u016btu iesp\u0113ja kaut ko main\u012bt? Tie\u0161i taj\u0101 mirkl\u012b rad\u0101s ideja par manis pa\u0161as z\u012bmolu.<\/p>\n<p style=\"text-align: center;\">Kop\u0161 t\u0101 br\u012b\u017ea esam izaugu\u0161i ar\u012b l\u012bdz citiem produktiem, piem\u0113ram, z\u012bda spilvendr\u0101n\u0101m, acu mask\u0101m, kleit\u0101m un pat grezniem z\u012bda gultasve\u013cas komplektiem.<\/p>\n<p style=\"text-align: center;\">Magnolija Silk ir vair\u0101k nek\u0101 tikai produkts un veikals. Es person\u012bgi p\u0101rbaudu katru dizainu, t\u0101p\u0113c varu nodro\u0161in\u0101t, ka tikai skaist\u0101kie un funkcion\u0113jo\u0161\u0101kie produkti sasniedz m\u016bsu m\u012b\u013cos klientus vis\u0101 pasaul\u0113.<\/p>\n<p style=\"text-align: center;\">Izv\u0113loties iepirkties pie mums, j\u016bs atbalst\u0101t god\u012bgu \u0123imenes uz\u0146\u0113mumu, kas r\u016bp\u0113jas par katru klientu un vi\u0146a vajadz\u012bb\u0101m. Visi m\u016bsu produkti ir izgatavoti t\u0101, lai tie b\u016btu ilgsp\u0113j\u012bgi un j\u016bs b\u016bsiet pat\u012bkami p\u0101rsteigti no s\u016bt\u012bjuma sa\u0146em\u0161anas br\u012b\u017ea.<\/p>\n<p style=\"text-align: center;\">Sandra un Martin<\/p>\n[\/vc_column_text]\t<div class=\"et-image-919 et-image     et_image_link\">\n\t\t<div class=\"et-image-inner animation right-to-left\">\n\t\t\t\t\t\t\t<div class=\"et-image-thumb \">\n\t\t\t\t\t<img loading=\"lazy\" decoding=\"async\" width=\"768\" height=\"1024\" src=\"https:\/\/i0.wp.com\/magnoliasilk.com\/wp-content\/uploads\/2023\/04\/WhatsApp-Image-2023-04-12-at-12.44.23.jpeg?fit=768%2C1024&amp;ssl=1\" class=\"attachment-large\" alt=\"\" title=\"\" srcset=\"https:\/\/i0.wp.com\/magnoliasilk.com\/wp-content\/uploads\/2023\/04\/WhatsApp-Image-2023-04-12-at-12.44.23.jpeg?w=768&amp;ssl=1 768w, https:\/\/i0.wp.com\/magnoliasilk.com\/wp-content\/uploads\/2023\/04\/WhatsApp-Image-2023-04-12-at-12.44.23.jpeg?resize=225%2C300&amp;ssl=1 225w, https:\/\/i0.wp.com\/magnoliasilk.com\/wp-content\/uploads\/2023\/04\/WhatsApp-Image-2023-04-12-at-12.44.23.jpeg?resize=113%2C150&amp;ssl=1 113w, https:\/\/i0.wp.com\/magnoliasilk.com\/wp-content\/uploads\/2023\/04\/WhatsApp-Image-2023-04-12-at-12.44.23.jpeg?resize=600%2C800&amp;ssl=1 600w\" sizes=\"auto, (max-width: 768px) 100vw, 768px\" \/>\t\t\t\t<\/div>\n\t\t\t\t\t\t\t\t\t\t\t<\/div>\n\t<\/div>\n  [\/vc_column_inner][\/vc_row_inner][\/vc_column][\/vc_row]\n<\/div>","protected":false},"excerpt":{"rendered":"<p>[vc_row et_full_width=&#8221;true&#8221; et_row_padding=&#8221;true&#8221; disable_element=&#8221;yes&#8221; css=&#8221;.vc_custom_1610970674727{padding-top: 60px !important;padding-bottom: 60px !important;}&#8221;][vc_column][vc_row_inner content_placement=&#8221;middle&#8221; el_class=&#8221;align-center&#8221;][vc_column_inner animation=&#8221;animation left-to-right&#8221; offset=&#8221;vc_col-md-7&#8243;][\/vc_column_inner][vc_column_inner animation=&#8221;animation right-to-left&#8221; offset=&#8221;vc_col-md-5&#8243; css=&#8221;.vc_custom_1578532669392{padding-top: 40px !important;}&#8221;][vc_column_text] Our History Setting Industry Standards Portland meggings chartreuse plaid palo santo, gluten-free ramps iPhone etsy salvia cray kombucha copper mug single-origin coffee.[\/vc_column_text][\/vc_column_inner][\/vc_row_inner][\/vc_column][\/vc_row][vc_row et_full_width=&#8221;true&#8221; et_row_padding=&#8221;true&#8221; css=&#8221;.vc_custom_1588129008197{padding-top: 80px !important;padding-bottom: 45px !important;background-color: #f2f2f2 [&hellip;]<\/p>\n","protected":false},"author":1,"featured_media":0,"parent":0,"menu_order":0,"comment_status":"closed","ping_status":"closed","template":"","meta":{"footnotes":""},"class_list":["post-5341","page","type-page","status-publish","hentry"],"yoast_head":"<!-- This site is optimized with the Yoast SEO plugin v27.2 - https:\/\/yoast.com\/product\/yoast-seo-wordpress\/ -->\n<title>Par mums - Magnolia silk collection<\/title>\n<meta name=\"robots\" content=\"index, follow, max-snippet:-1, max-image-preview:large, max-video-preview:-1\" \/>\n<link rel=\"canonical\" href=\"https:\/\/magnoliasilk.com\/lv\/about-us\/\" \/>\n<meta property=\"og:locale\" content=\"lv_LV\" \/>\n<meta property=\"og:type\" content=\"article\" \/>\n<meta property=\"og:title\" content=\"Par mums - Magnolia silk collection\" \/>\n<meta property=\"og:description\" content=\"[vc_row et_full_width=&#8221;true&#8221; et_row_padding=&#8221;true&#8221; disable_element=&#8221;yes&#8221; css=&#8221;.vc_custom_1610970674727{padding-top: 60px !important;padding-bottom: 60px !important;}&#8221;][vc_column][vc_row_inner content_placement=&#8221;middle&#8221; el_class=&#8221;align-center&#8221;][vc_column_inner animation=&#8221;animation left-to-right&#8221; offset=&#8221;vc_col-md-7&#8243;][\/vc_column_inner][vc_column_inner animation=&#8221;animation right-to-left&#8221; offset=&#8221;vc_col-md-5&#8243; css=&#8221;.vc_custom_1578532669392{padding-top: 40px !important;}&#8221;][vc_column_text] Our History Setting Industry Standards Portland meggings chartreuse plaid palo santo, gluten-free ramps iPhone etsy salvia cray kombucha copper mug single-origin coffee.[\/vc_column_text][\/vc_column_inner][\/vc_row_inner][\/vc_column][\/vc_row][vc_row et_full_width=&#8221;true&#8221; et_row_padding=&#8221;true&#8221; css=&#8221;.vc_custom_1588129008197{padding-top: 80px !important;padding-bottom: 45px !important;background-color: #f2f2f2 [&hellip;]\" \/>\n<meta property=\"og:url\" content=\"https:\/\/magnoliasilk.com\/lv\/about-us\/\" \/>\n<meta property=\"og:site_name\" content=\"Magnolia silk collection\" \/>\n<meta property=\"article:publisher\" content=\"https:\/\/www.facebook.com\/Magnoliasilkcollection\" \/>\n<meta property=\"article:modified_time\" content=\"2023-04-12T10:04:18+00:00\" \/>\n<meta property=\"og:image\" content=\"https:\/\/i0.wp.com\/magnoliasilk.com\/wp-content\/uploads\/2021\/02\/A339F2C3-10CD-44DC-8D0B-7E5DE0E2E248.jpg?fit=1536%2C2048&ssl=1\" \/>\n\t<meta property=\"og:image:width\" content=\"1536\" \/>\n\t<meta property=\"og:image:height\" content=\"2048\" \/>\n\t<meta property=\"og:image:type\" content=\"image\/jpeg\" \/>\n<meta name=\"twitter:card\" content=\"summary_large_image\" \/>\n<meta name=\"twitter:label1\" content=\"Est. reading time\" \/>\n\t<meta name=\"twitter:data1\" content=\"2 min\u016btes\" \/>\n<script type=\"application\/ld+json\" class=\"yoast-schema-graph\">{\"@context\":\"https:\/\/schema.org\",\"@graph\":[{\"@type\":\"WebPage\",\"@id\":\"https:\/\/magnoliasilk.com\/lv\/about-us\/\",\"url\":\"https:\/\/magnoliasilk.com\/lv\/about-us\/\",\"name\":\"Par mums - Magnolia silk collection\",\"isPartOf\":{\"@id\":\"https:\/\/magnoliasilk.com\/#website\"},\"datePublished\":\"2019-03-20T04:12:33+00:00\",\"dateModified\":\"2023-04-12T10:04:18+00:00\",\"breadcrumb\":{\"@id\":\"https:\/\/magnoliasilk.com\/lv\/about-us\/#breadcrumb\"},\"inLanguage\":\"lv-LV\",\"potentialAction\":[{\"@type\":\"ReadAction\",\"target\":[\"https:\/\/magnoliasilk.com\/lv\/about-us\/\"]}]},{\"@type\":\"BreadcrumbList\",\"@id\":\"https:\/\/magnoliasilk.com\/lv\/about-us\/#breadcrumb\",\"itemListElement\":[{\"@type\":\"ListItem\",\"position\":1,\"name\":\"Home\",\"item\":\"https:\/\/magnoliasilk.com\/lv\/\"},{\"@type\":\"ListItem\",\"position\":2,\"name\":\"Par mums\"}]},{\"@type\":\"WebSite\",\"@id\":\"https:\/\/magnoliasilk.com\/#website\",\"url\":\"https:\/\/magnoliasilk.com\/\",\"name\":\"Magnolia silk collection\",\"description\":\"Mulberry silk products by Magnolia\",\"publisher\":{\"@id\":\"https:\/\/magnoliasilk.com\/#organization\"},\"potentialAction\":[{\"@type\":\"SearchAction\",\"target\":{\"@type\":\"EntryPoint\",\"urlTemplate\":\"https:\/\/magnoliasilk.com\/?s={search_term_string}\"},\"query-input\":{\"@type\":\"PropertyValueSpecification\",\"valueRequired\":true,\"valueName\":\"search_term_string\"}}],\"inLanguage\":\"lv-LV\"},{\"@type\":\"Organization\",\"@id\":\"https:\/\/magnoliasilk.com\/#organization\",\"name\":\"Magnolia silk collection\",\"url\":\"https:\/\/magnoliasilk.com\/\",\"logo\":{\"@type\":\"ImageObject\",\"inLanguage\":\"lv-LV\",\"@id\":\"https:\/\/magnoliasilk.com\/#\/schema\/logo\/image\/\",\"url\":\"https:\/\/i1.wp.com\/magnoliasilk.com\/wp-content\/uploads\/2021\/06\/cropped-magnolia-1.png?fit=369%2C80&ssl=1\",\"contentUrl\":\"https:\/\/i1.wp.com\/magnoliasilk.com\/wp-content\/uploads\/2021\/06\/cropped-magnolia-1.png?fit=369%2C80&ssl=1\",\"width\":369,\"height\":80,\"caption\":\"Magnolia silk collection\"},\"image\":{\"@id\":\"https:\/\/magnoliasilk.com\/#\/schema\/logo\/image\/\"},\"sameAs\":[\"https:\/\/www.facebook.com\/Magnoliasilkcollection\",\"https:\/\/www.instagram.com\/magnolia.silk\/\",\"https:\/\/www.pinterest.com\/magnoliasilkcollection\/\"]}]}<\/script>\n<!-- \/ Yoast SEO plugin. -->","yoast_head_json":{"title":"Par mums - Magnolia silk collection","robots":{"index":"index","follow":"follow","max-snippet":"max-snippet:-1","max-image-preview":"max-image-preview:large","max-video-preview":"max-video-preview:-1"},"canonical":"https:\/\/magnoliasilk.com\/lv\/about-us\/","og_locale":"lv_LV","og_type":"article","og_title":"Par mums - Magnolia silk collection","og_description":"[vc_row et_full_width=&#8221;true&#8221; et_row_padding=&#8221;true&#8221; disable_element=&#8221;yes&#8221; css=&#8221;.vc_custom_1610970674727{padding-top: 60px !important;padding-bottom: 60px !important;}&#8221;][vc_column][vc_row_inner content_placement=&#8221;middle&#8221; el_class=&#8221;align-center&#8221;][vc_column_inner animation=&#8221;animation left-to-right&#8221; offset=&#8221;vc_col-md-7&#8243;][\/vc_column_inner][vc_column_inner animation=&#8221;animation right-to-left&#8221; offset=&#8221;vc_col-md-5&#8243; css=&#8221;.vc_custom_1578532669392{padding-top: 40px !important;}&#8221;][vc_column_text] Our History Setting Industry Standards Portland meggings chartreuse plaid palo santo, gluten-free ramps iPhone etsy salvia cray kombucha copper mug single-origin coffee.[\/vc_column_text][\/vc_column_inner][\/vc_row_inner][\/vc_column][\/vc_row][vc_row et_full_width=&#8221;true&#8221; et_row_padding=&#8221;true&#8221; css=&#8221;.vc_custom_1588129008197{padding-top: 80px !important;padding-bottom: 45px !important;background-color: #f2f2f2 [&hellip;]","og_url":"https:\/\/magnoliasilk.com\/lv\/about-us\/","og_site_name":"Magnolia silk collection","article_publisher":"https:\/\/www.facebook.com\/Magnoliasilkcollection","article_modified_time":"2023-04-12T10:04:18+00:00","og_image":[{"width":1536,"height":2048,"url":"https:\/\/i0.wp.com\/magnoliasilk.com\/wp-content\/uploads\/2021\/02\/A339F2C3-10CD-44DC-8D0B-7E5DE0E2E248.jpg?fit=1536%2C2048&ssl=1","type":"image\/jpeg"}],"twitter_card":"summary_large_image","twitter_misc":{"Est. reading time":"2 min\u016btes"},"schema":{"@context":"https:\/\/schema.org","@graph":[{"@type":"WebPage","@id":"https:\/\/magnoliasilk.com\/lv\/about-us\/","url":"https:\/\/magnoliasilk.com\/lv\/about-us\/","name":"Par mums - Magnolia silk collection","isPartOf":{"@id":"https:\/\/magnoliasilk.com\/#website"},"datePublished":"2019-03-20T04:12:33+00:00","dateModified":"2023-04-12T10:04:18+00:00","breadcrumb":{"@id":"https:\/\/magnoliasilk.com\/lv\/about-us\/#breadcrumb"},"inLanguage":"lv-LV","potentialAction":[{"@type":"ReadAction","target":["https:\/\/magnoliasilk.com\/lv\/about-us\/"]}]},{"@type":"BreadcrumbList","@id":"https:\/\/magnoliasilk.com\/lv\/about-us\/#breadcrumb","itemListElement":[{"@type":"ListItem","position":1,"name":"Home","item":"https:\/\/magnoliasilk.com\/lv\/"},{"@type":"ListItem","position":2,"name":"Par mums"}]},{"@type":"WebSite","@id":"https:\/\/magnoliasilk.com\/#website","url":"https:\/\/magnoliasilk.com\/","name":"Magnolia silk collection","description":"Mulberry silk products by Magnolia","publisher":{"@id":"https:\/\/magnoliasilk.com\/#organization"},"potentialAction":[{"@type":"SearchAction","target":{"@type":"EntryPoint","urlTemplate":"https:\/\/magnoliasilk.com\/?s={search_term_string}"},"query-input":{"@type":"PropertyValueSpecification","valueRequired":true,"valueName":"search_term_string"}}],"inLanguage":"lv-LV"},{"@type":"Organization","@id":"https:\/\/magnoliasilk.com\/#organization","name":"Magnolia silk collection","url":"https:\/\/magnoliasilk.com\/","logo":{"@type":"ImageObject","inLanguage":"lv-LV","@id":"https:\/\/magnoliasilk.com\/#\/schema\/logo\/image\/","url":"https:\/\/i1.wp.com\/magnoliasilk.com\/wp-content\/uploads\/2021\/06\/cropped-magnolia-1.png?fit=369%2C80&ssl=1","contentUrl":"https:\/\/i1.wp.com\/magnoliasilk.com\/wp-content\/uploads\/2021\/06\/cropped-magnolia-1.png?fit=369%2C80&ssl=1","width":369,"height":80,"caption":"Magnolia silk collection"},"image":{"@id":"https:\/\/magnoliasilk.com\/#\/schema\/logo\/image\/"},"sameAs":["https:\/\/www.facebook.com\/Magnoliasilkcollection","https:\/\/www.instagram.com\/magnolia.silk\/","https:\/\/www.pinterest.com\/magnoliasilkcollection\/"]}]}},"jetpack_sharing_enabled":true,"_links":{"self":[{"href":"https:\/\/magnoliasilk.com\/lv\/wp-json\/wp\/v2\/pages\/5341","targetHints":{"allow":["GET"]}}],"collection":[{"href":"https:\/\/magnoliasilk.com\/lv\/wp-json\/wp\/v2\/pages"}],"about":[{"href":"https:\/\/magnoliasilk.com\/lv\/wp-json\/wp\/v2\/types\/page"}],"author":[{"embeddable":true,"href":"https:\/\/magnoliasilk.com\/lv\/wp-json\/wp\/v2\/users\/1"}],"replies":[{"embeddable":true,"href":"https:\/\/magnoliasilk.com\/lv\/wp-json\/wp\/v2\/comments?post=5341"}],"version-history":[{"count":6,"href":"https:\/\/magnoliasilk.com\/lv\/wp-json\/wp\/v2\/pages\/5341\/revisions"}],"predecessor-version":[{"id":13633,"href":"https:\/\/magnoliasilk.com\/lv\/wp-json\/wp\/v2\/pages\/5341\/revisions\/13633"}],"wp:attachment":[{"href":"https:\/\/magnoliasilk.com\/lv\/wp-json\/wp\/v2\/media?parent=5341"}],"curies":[{"name":"wp","href":"https:\/\/api.w.org\/{rel}","templated":true}]}}