{"id":9572,"date":"2022-03-23T20:48:25","date_gmt":"2022-03-23T18:48:25","guid":{"rendered":"https:\/\/magnoliasilk.com\/?post_type=product&#038;p=9572"},"modified":"2023-01-01T00:06:42","modified_gmt":"2022-12-31T22:06:42","slug":"lino-silko-gumyte-papaya","status":"publish","type":"product","link":"https:\/\/magnoliasilk.com\/lt\/produktas\/lino-silko-gumyte-papaya\/","title":{"rendered":"Lino-\u0161ilko gumyt\u0117 PAPAYA"},"content":{"rendered":"<p><span style=\"font-weight: 400;\">Susipa\u017einkite su m\u016bs\u0173 naujausiu papildymu lino-\u0161ilko gumyt\u0117 PAPAYA. \u0160i gumyt\u0117 yra vieno dyd\u017eio (one-size) ir puikiai tiks j\u016bs\u0173 plaukams. Gumyt\u0117 atrodo ir jau\u010diasi kaip linas, bet turi ger\u0173 \u0161ilko privalum\u0173. \u012e kain\u0105 \u012feina dovan\u0173 d\u0117\u017eut\u0117. \u0160i gumyt\u0117 yra ne tik \u0161velni j\u016bs\u0173 plaukams, nes nepe\u0161ios j\u016bs\u0173 plauk\u0173, bet ir b\u016btinas bet kurio sezono aksesuaras.<\/span><\/p>\n<p><span style=\"font-weight: 400;\">Atminkite, kad d\u0117l skirting\u0173 ekran\u0173 spalvos realiame gyvenime gali \u0161iek tiek skirtis.<\/span><\/p>\n","protected":false},"excerpt":{"rendered":"<p><span style=\"font-weight: 400;\">Tikrai nor\u0117site \u012fsigyti \u0161i\u0105 puiki\u0105 lino-\u0161ilko plauk\u0173 gumyt\u0117. Gra\u017e\u016bs aksesuarai visada randa viet\u0105 moters garderobe.<\/span><\/p>\n","protected":false},"featured_media":9584,"template":"","meta":[],"product_brand":[],"product_cat":[202],"product_tag":[],"class_list":{"0":"post-9572","1":"product","2":"type-product","3":"status-publish","4":"has-post-thumbnail","6":"product_cat-silk-schrunchies-lt","8":"first","9":"outofstock","10":"taxable","11":"shipping-taxable","12":"purchasable","13":"product-type-simple"},"exclude_global_add_ons":false,"addons":[{"name":"\u00a0","type":"multiple_choice","position":0,"required":true,"title_format":"hide","default":"","description_enable":false,"description":"","placeholder_enable":false,"placeholder":"","display":"radiobutton","restrictions_type":"any_text","adjust_price":false,"price":"","price_type":"flat_fee","restrictions":false,"min":"0","max":"0","options":[{"label":"No giftbox","price":"","price_type":"flat_fee","image":0,"visibility":true},{"label":"Luxurious Magnolia white giftbox","price":"2.5","price_type":"quantity_based","image":4077,"visibility":true}],"id":1668980122}],"yoast_head":"<!-- This site is optimized with the Yoast SEO plugin v27.2 - https:\/\/yoast.com\/product\/yoast-seo-wordpress\/ -->\n<title>Lino-\u0161ilko gumyt\u0117 PAPAYA - Magnolia silk collection<\/title>\n<meta name=\"robots\" content=\"index, follow, max-snippet:-1, max-image-preview:large, max-video-preview:-1\" \/>\n<link rel=\"canonical\" href=\"https:\/\/magnoliasilk.com\/lt\/produktas\/lino-silko-gumyte-papaya\/\" \/>\n<meta property=\"og:locale\" content=\"lt_LT\" \/>\n<meta property=\"og:type\" content=\"article\" \/>\n<meta property=\"og:title\" content=\"Lino-\u0161ilko gumyt\u0117 PAPAYA - Magnolia silk collection\" \/>\n<meta property=\"og:description\" content=\"Tikrai nor\u0117site \u012fsigyti \u0161i\u0105 puiki\u0105 lino-\u0161ilko plauk\u0173 gumyt\u0117. Gra\u017e\u016bs aksesuarai visada randa viet\u0105 moters garderobe.\" \/>\n<meta property=\"og:url\" content=\"https:\/\/magnoliasilk.com\/lt\/produktas\/lino-silko-gumyte-papaya\/\" \/>\n<meta property=\"og:site_name\" content=\"Magnolia silk collection\" \/>\n<meta property=\"article:publisher\" content=\"https:\/\/www.facebook.com\/Magnoliasilkcollection\" \/>\n<meta property=\"article:modified_time\" content=\"2022-12-31T22:06:42+00:00\" \/>\n<meta property=\"og:image\" content=\"https:\/\/magnoliasilk.com\/wp-content\/uploads\/2022\/03\/DSC03084-scaled.jpg\" \/>\n\t<meta property=\"og:image:width\" content=\"1707\" \/>\n\t<meta property=\"og:image:height\" content=\"2560\" \/>\n\t<meta property=\"og:image:type\" content=\"image\/jpeg\" \/>\n<meta name=\"twitter:card\" content=\"summary_large_image\" \/>\n<meta name=\"twitter:label1\" content=\"Est. reading time\" \/>\n\t<meta name=\"twitter:data1\" content=\"1 minut\u0117\" \/>\n<script type=\"application\/ld+json\" class=\"yoast-schema-graph\">{\"@context\":\"https:\/\/schema.org\",\"@graph\":[{\"@type\":\"WebPage\",\"@id\":\"https:\/\/magnoliasilk.com\/lt\/produktas\/lino-silko-gumyte-papaya\/\",\"url\":\"https:\/\/magnoliasilk.com\/lt\/produktas\/lino-silko-gumyte-papaya\/\",\"name\":\"Lino-\u0161ilko gumyt\u0117 PAPAYA - Magnolia silk collection\",\"isPartOf\":{\"@id\":\"https:\/\/magnoliasilk.com\/#website\"},\"primaryImageOfPage\":{\"@id\":\"https:\/\/magnoliasilk.com\/lt\/produktas\/lino-silko-gumyte-papaya\/#primaryimage\"},\"image\":{\"@id\":\"https:\/\/magnoliasilk.com\/lt\/produktas\/lino-silko-gumyte-papaya\/#primaryimage\"},\"thumbnailUrl\":\"https:\/\/i0.wp.com\/magnoliasilk.com\/wp-content\/uploads\/2022\/03\/DSC03084-scaled.jpg?fit=1707%2C2560&ssl=1\",\"datePublished\":\"2022-03-23T18:48:25+00:00\",\"dateModified\":\"2022-12-31T22:06:42+00:00\",\"breadcrumb\":{\"@id\":\"https:\/\/magnoliasilk.com\/lt\/produktas\/lino-silko-gumyte-papaya\/#breadcrumb\"},\"inLanguage\":\"lt-LT\",\"potentialAction\":[{\"@type\":\"ReadAction\",\"target\":[\"https:\/\/magnoliasilk.com\/lt\/produktas\/lino-silko-gumyte-papaya\/\"]}]},{\"@type\":\"ImageObject\",\"inLanguage\":\"lt-LT\",\"@id\":\"https:\/\/magnoliasilk.com\/lt\/produktas\/lino-silko-gumyte-papaya\/#primaryimage\",\"url\":\"https:\/\/i0.wp.com\/magnoliasilk.com\/wp-content\/uploads\/2022\/03\/DSC03084-scaled.jpg?fit=1707%2C2560&ssl=1\",\"contentUrl\":\"https:\/\/i0.wp.com\/magnoliasilk.com\/wp-content\/uploads\/2022\/03\/DSC03084-scaled.jpg?fit=1707%2C2560&ssl=1\",\"width\":1707,\"height\":2560},{\"@type\":\"BreadcrumbList\",\"@id\":\"https:\/\/magnoliasilk.com\/lt\/produktas\/lino-silko-gumyte-papaya\/#breadcrumb\",\"itemListElement\":[{\"@type\":\"ListItem\",\"position\":1,\"name\":\"Home\",\"item\":\"https:\/\/magnoliasilk.com\/lt\/\"},{\"@type\":\"ListItem\",\"position\":2,\"name\":\"Shop\",\"item\":\"https:\/\/magnoliasilk.com\/lt\/shop-3\/\"},{\"@type\":\"ListItem\",\"position\":3,\"name\":\"Lino-\u0161ilko gumyt\u0117 PAPAYA\"}]},{\"@type\":\"WebSite\",\"@id\":\"https:\/\/magnoliasilk.com\/#website\",\"url\":\"https:\/\/magnoliasilk.com\/\",\"name\":\"Magnolia silk collection\",\"description\":\"Mulberry silk products by Magnolia\",\"publisher\":{\"@id\":\"https:\/\/magnoliasilk.com\/#organization\"},\"potentialAction\":[{\"@type\":\"SearchAction\",\"target\":{\"@type\":\"EntryPoint\",\"urlTemplate\":\"https:\/\/magnoliasilk.com\/?s={search_term_string}\"},\"query-input\":{\"@type\":\"PropertyValueSpecification\",\"valueRequired\":true,\"valueName\":\"search_term_string\"}}],\"inLanguage\":\"lt-LT\"},{\"@type\":\"Organization\",\"@id\":\"https:\/\/magnoliasilk.com\/#organization\",\"name\":\"Magnolia silk collection\",\"url\":\"https:\/\/magnoliasilk.com\/\",\"logo\":{\"@type\":\"ImageObject\",\"inLanguage\":\"lt-LT\",\"@id\":\"https:\/\/magnoliasilk.com\/#\/schema\/logo\/image\/\",\"url\":\"https:\/\/i1.wp.com\/magnoliasilk.com\/wp-content\/uploads\/2021\/06\/cropped-magnolia-1.png?fit=369%2C80&ssl=1\",\"contentUrl\":\"https:\/\/i1.wp.com\/magnoliasilk.com\/wp-content\/uploads\/2021\/06\/cropped-magnolia-1.png?fit=369%2C80&ssl=1\",\"width\":369,\"height\":80,\"caption\":\"Magnolia silk collection\"},\"image\":{\"@id\":\"https:\/\/magnoliasilk.com\/#\/schema\/logo\/image\/\"},\"sameAs\":[\"https:\/\/www.facebook.com\/Magnoliasilkcollection\",\"https:\/\/www.instagram.com\/magnolia.silk\/\",\"https:\/\/www.pinterest.com\/magnoliasilkcollection\/\"]}]}<\/script>\n<!-- \/ Yoast SEO plugin. -->","yoast_head_json":{"title":"Lino-\u0161ilko gumyt\u0117 PAPAYA - Magnolia silk collection","robots":{"index":"index","follow":"follow","max-snippet":"max-snippet:-1","max-image-preview":"max-image-preview:large","max-video-preview":"max-video-preview:-1"},"canonical":"https:\/\/magnoliasilk.com\/lt\/produktas\/lino-silko-gumyte-papaya\/","og_locale":"lt_LT","og_type":"article","og_title":"Lino-\u0161ilko gumyt\u0117 PAPAYA - Magnolia silk collection","og_description":"Tikrai nor\u0117site \u012fsigyti \u0161i\u0105 puiki\u0105 lino-\u0161ilko plauk\u0173 gumyt\u0117. Gra\u017e\u016bs aksesuarai visada randa viet\u0105 moters garderobe.","og_url":"https:\/\/magnoliasilk.com\/lt\/produktas\/lino-silko-gumyte-papaya\/","og_site_name":"Magnolia silk collection","article_publisher":"https:\/\/www.facebook.com\/Magnoliasilkcollection","article_modified_time":"2022-12-31T22:06:42+00:00","og_image":[{"width":1707,"height":2560,"url":"https:\/\/magnoliasilk.com\/wp-content\/uploads\/2022\/03\/DSC03084-scaled.jpg","type":"image\/jpeg"}],"twitter_card":"summary_large_image","twitter_misc":{"Est. reading time":"1 minut\u0117"},"schema":{"@context":"https:\/\/schema.org","@graph":[{"@type":"WebPage","@id":"https:\/\/magnoliasilk.com\/lt\/produktas\/lino-silko-gumyte-papaya\/","url":"https:\/\/magnoliasilk.com\/lt\/produktas\/lino-silko-gumyte-papaya\/","name":"Lino-\u0161ilko gumyt\u0117 PAPAYA - Magnolia silk collection","isPartOf":{"@id":"https:\/\/magnoliasilk.com\/#website"},"primaryImageOfPage":{"@id":"https:\/\/magnoliasilk.com\/lt\/produktas\/lino-silko-gumyte-papaya\/#primaryimage"},"image":{"@id":"https:\/\/magnoliasilk.com\/lt\/produktas\/lino-silko-gumyte-papaya\/#primaryimage"},"thumbnailUrl":"https:\/\/i0.wp.com\/magnoliasilk.com\/wp-content\/uploads\/2022\/03\/DSC03084-scaled.jpg?fit=1707%2C2560&ssl=1","datePublished":"2022-03-23T18:48:25+00:00","dateModified":"2022-12-31T22:06:42+00:00","breadcrumb":{"@id":"https:\/\/magnoliasilk.com\/lt\/produktas\/lino-silko-gumyte-papaya\/#breadcrumb"},"inLanguage":"lt-LT","potentialAction":[{"@type":"ReadAction","target":["https:\/\/magnoliasilk.com\/lt\/produktas\/lino-silko-gumyte-papaya\/"]}]},{"@type":"ImageObject","inLanguage":"lt-LT","@id":"https:\/\/magnoliasilk.com\/lt\/produktas\/lino-silko-gumyte-papaya\/#primaryimage","url":"https:\/\/i0.wp.com\/magnoliasilk.com\/wp-content\/uploads\/2022\/03\/DSC03084-scaled.jpg?fit=1707%2C2560&ssl=1","contentUrl":"https:\/\/i0.wp.com\/magnoliasilk.com\/wp-content\/uploads\/2022\/03\/DSC03084-scaled.jpg?fit=1707%2C2560&ssl=1","width":1707,"height":2560},{"@type":"BreadcrumbList","@id":"https:\/\/magnoliasilk.com\/lt\/produktas\/lino-silko-gumyte-papaya\/#breadcrumb","itemListElement":[{"@type":"ListItem","position":1,"name":"Home","item":"https:\/\/magnoliasilk.com\/lt\/"},{"@type":"ListItem","position":2,"name":"Shop","item":"https:\/\/magnoliasilk.com\/lt\/shop-3\/"},{"@type":"ListItem","position":3,"name":"Lino-\u0161ilko gumyt\u0117 PAPAYA"}]},{"@type":"WebSite","@id":"https:\/\/magnoliasilk.com\/#website","url":"https:\/\/magnoliasilk.com\/","name":"Magnolia silk collection","description":"Mulberry silk products by Magnolia","publisher":{"@id":"https:\/\/magnoliasilk.com\/#organization"},"potentialAction":[{"@type":"SearchAction","target":{"@type":"EntryPoint","urlTemplate":"https:\/\/magnoliasilk.com\/?s={search_term_string}"},"query-input":{"@type":"PropertyValueSpecification","valueRequired":true,"valueName":"search_term_string"}}],"inLanguage":"lt-LT"},{"@type":"Organization","@id":"https:\/\/magnoliasilk.com\/#organization","name":"Magnolia silk collection","url":"https:\/\/magnoliasilk.com\/","logo":{"@type":"ImageObject","inLanguage":"lt-LT","@id":"https:\/\/magnoliasilk.com\/#\/schema\/logo\/image\/","url":"https:\/\/i1.wp.com\/magnoliasilk.com\/wp-content\/uploads\/2021\/06\/cropped-magnolia-1.png?fit=369%2C80&ssl=1","contentUrl":"https:\/\/i1.wp.com\/magnoliasilk.com\/wp-content\/uploads\/2021\/06\/cropped-magnolia-1.png?fit=369%2C80&ssl=1","width":369,"height":80,"caption":"Magnolia silk collection"},"image":{"@id":"https:\/\/magnoliasilk.com\/#\/schema\/logo\/image\/"},"sameAs":["https:\/\/www.facebook.com\/Magnoliasilkcollection","https:\/\/www.instagram.com\/magnolia.silk\/","https:\/\/www.pinterest.com\/magnoliasilkcollection\/"]}]}},"jetpack_sharing_enabled":true,"_links":{"self":[{"href":"https:\/\/magnoliasilk.com\/lt\/wp-json\/wp\/v2\/product\/9572","targetHints":{"allow":["GET"]}}],"collection":[{"href":"https:\/\/magnoliasilk.com\/lt\/wp-json\/wp\/v2\/product"}],"about":[{"href":"https:\/\/magnoliasilk.com\/lt\/wp-json\/wp\/v2\/types\/product"}],"wp:featuredmedia":[{"embeddable":true,"href":"https:\/\/magnoliasilk.com\/lt\/wp-json\/wp\/v2\/media\/9584"}],"wp:attachment":[{"href":"https:\/\/magnoliasilk.com\/lt\/wp-json\/wp\/v2\/media?parent=9572"}],"wp:term":[{"taxonomy":"product_brand","embeddable":true,"href":"https:\/\/magnoliasilk.com\/lt\/wp-json\/wp\/v2\/product_brand?post=9572"},{"taxonomy":"product_cat","embeddable":true,"href":"https:\/\/magnoliasilk.com\/lt\/wp-json\/wp\/v2\/product_cat?post=9572"},{"taxonomy":"product_tag","embeddable":true,"href":"https:\/\/magnoliasilk.com\/lt\/wp-json\/wp\/v2\/product_tag?post=9572"}],"curies":[{"name":"wp","href":"https:\/\/api.w.org\/{rel}","templated":true}]}}