{"id":6018,"date":"2021-01-17T19:58:58","date_gmt":"2021-01-17T17:58:58","guid":{"rendered":"https:\/\/magnoliasilk.com\/product\/natural-silk-pillowcase-french-beige\/"},"modified":"2023-01-01T00:06:57","modified_gmt":"2022-12-31T22:06:57","slug":"natural-silk-pillowcase-french-beige","status":"publish","type":"product","link":"https:\/\/magnoliasilk.com\/lt\/produktas\/natural-silk-pillowcase-french-beige\/","title":{"rendered":"Nat\u016bralaus \u0161ilko pagalv\u0117s u\u017evalkalas FRENCH BEIGE"},"content":{"rendered":"<p>Nat\u016bralaus \u0161ilko pagalvi\u0173 u\u017evalkalas, pagamintas i\u0161 <strong>100% Mulberry \u0161ilko<\/strong>. Ekologi\u0161kas produktas, j\u016bs\u0173 plaukams ir odai.<\/p>\n<p>Puikiai tinkantis pagalvi\u0173 u\u017evalkalas vis\u0173 tip\u0173 odai ir plaukams.<\/p>\n<p>Eleganti\u0161ka dovan\u0173 d\u0117\u017eut\u0117 \u012fskai\u010diuota \u012f kain\u0105<\/p>\n<p>\u0160ilko pagalvi\u0173 u\u017evalkalai sugeria ma\u017eiau dr\u0117gm\u0117s ir ne\u0161varum\u0173, tod\u0117l gali b\u016bti geresnis pasirinkimas \u017emon\u0117ms, turintiems spuog\u0173 ir kit\u0173 odos problem\u0173.<br \/>\nMiegojimas ant \u0161ilko pagalv\u0117s u\u017evalkalo gali pad\u0117ti j\u016bs\u0173 odai i\u0161likti sveikai ir lygiai bei suma\u017einti veido rauk\u0161li\u0173 atsiradim\u0105. Jei pirmiausia ketinate investuoti tik \u012f vien\u0105 \u0161ilko patalyn\u0117s gabal\u0105, \u0161ilko pagalv\u0117s u\u017evalkalas suteikia daug naudos u\u017e kain\u0105.<\/p>\n<p>Jei jums reikia tinkinto dyd\u017eio pagalv\u0117s u\u017evalkalo, pra\u0161ym\u0105 si\u0173skite adresu info@magnoliasilk.com<\/p>\n","protected":false},"excerpt":{"rendered":"<p>\u0160is dievi\u0161kas \u0161ilko pagalv\u0117s u\u017evalkalas paglostys j\u016bs\u0173 veid\u0105 \u0161velniu prabangaus \u0161ilko prisilietimu. Jei dar neband\u0117te \u0161ilko pagalv\u0117s u\u017evalkalo, nor\u0117site i\u0161bandyti \u0161\u012f.<\/p>\n<p><img loading=\"lazy\" decoding=\"async\" class=\"alignnone size-full wp-image-7870\" src=\"https:\/\/magnoliasilk.com\/wp-content\/uploads\/2021\/06\/oeko-tex-standard-100-logo-1D3E592F59-seeklogo.com_.png\" alt=\"\" width=\"300\" height=\"156\" srcset=\"https:\/\/i0.wp.com\/magnoliasilk.com\/wp-content\/uploads\/2021\/06\/oeko-tex-standard-100-logo-1D3E592F59-seeklogo.com_.png?w=300&amp;ssl=1 300w, https:\/\/i0.wp.com\/magnoliasilk.com\/wp-content\/uploads\/2021\/06\/oeko-tex-standard-100-logo-1D3E592F59-seeklogo.com_.png?resize=150%2C78&amp;ssl=1 150w\" sizes=\"auto, (max-width: 300px) 100vw, 300px\" \/><\/p>\n","protected":false},"featured_media":6019,"template":"","meta":[],"product_brand":[],"product_cat":[339,217],"product_tag":[],"class_list":{"0":"post-6018","1":"product","2":"type-product","3":"status-publish","4":"has-post-thumbnail","6":"product_cat-black-friday-offers-30-lt","7":"product_cat-silk-pillowcases-lt","9":"first","10":"outofstock","11":"sale","12":"taxable","13":"shipping-taxable","14":"purchasable","15":"product-type-variable","16":"has-default-attributes"},"exclude_global_add_ons":[],"addons":[],"yoast_head":"<!-- This site is optimized with the Yoast SEO plugin v27.2 - https:\/\/yoast.com\/product\/yoast-seo-wordpress\/ -->\n<title>Nat\u016bralaus \u0161ilko pagalv\u0117s u\u017evalkalas FRENCH BEIGE - Magnolia silk collection<\/title>\n<meta name=\"robots\" content=\"index, follow, max-snippet:-1, max-image-preview:large, max-video-preview:-1\" \/>\n<link rel=\"canonical\" href=\"https:\/\/magnoliasilk.com\/lt\/produktas\/natural-silk-pillowcase-french-beige\/\" \/>\n<meta property=\"og:locale\" content=\"lt_LT\" \/>\n<meta property=\"og:type\" content=\"article\" \/>\n<meta property=\"og:title\" content=\"Nat\u016bralaus \u0161ilko pagalv\u0117s u\u017evalkalas FRENCH BEIGE - Magnolia silk collection\" \/>\n<meta property=\"og:description\" content=\"\u0160is dievi\u0161kas \u0161ilko pagalv\u0117s u\u017evalkalas paglostys j\u016bs\u0173 veid\u0105 \u0161velniu prabangaus \u0161ilko prisilietimu. Jei dar neband\u0117te \u0161ilko pagalv\u0117s u\u017evalkalo, nor\u0117site i\u0161bandyti \u0161\u012f.\" \/>\n<meta property=\"og:url\" content=\"https:\/\/magnoliasilk.com\/lt\/produktas\/natural-silk-pillowcase-french-beige\/\" \/>\n<meta property=\"og:site_name\" content=\"Magnolia silk collection\" \/>\n<meta property=\"article:publisher\" content=\"https:\/\/www.facebook.com\/Magnoliasilkcollection\" \/>\n<meta property=\"article:modified_time\" content=\"2022-12-31T22:06:57+00:00\" \/>\n<meta property=\"og:image\" content=\"https:\/\/i2.wp.com\/magnoliasilk.com\/wp-content\/uploads\/2021\/01\/DSC00022-Small.jpg?fit=480%2C720&ssl=1\" \/>\n\t<meta property=\"og:image:width\" content=\"480\" \/>\n\t<meta property=\"og:image:height\" content=\"720\" \/>\n\t<meta property=\"og:image:type\" content=\"image\/jpeg\" \/>\n<meta name=\"twitter:card\" content=\"summary_large_image\" \/>\n<meta name=\"twitter:label1\" content=\"Est. reading time\" \/>\n\t<meta name=\"twitter:data1\" content=\"1 minut\u0117\" \/>\n<script type=\"application\/ld+json\" class=\"yoast-schema-graph\">{\"@context\":\"https:\/\/schema.org\",\"@graph\":[{\"@type\":\"WebPage\",\"@id\":\"https:\/\/magnoliasilk.com\/lt\/produktas\/natural-silk-pillowcase-french-beige\/\",\"url\":\"https:\/\/magnoliasilk.com\/lt\/produktas\/natural-silk-pillowcase-french-beige\/\",\"name\":\"Nat\u016bralaus \u0161ilko pagalv\u0117s u\u017evalkalas FRENCH BEIGE - Magnolia silk collection\",\"isPartOf\":{\"@id\":\"https:\/\/magnoliasilk.com\/#website\"},\"primaryImageOfPage\":{\"@id\":\"https:\/\/magnoliasilk.com\/lt\/produktas\/natural-silk-pillowcase-french-beige\/#primaryimage\"},\"image\":{\"@id\":\"https:\/\/magnoliasilk.com\/lt\/produktas\/natural-silk-pillowcase-french-beige\/#primaryimage\"},\"thumbnailUrl\":\"https:\/\/i0.wp.com\/magnoliasilk.com\/wp-content\/uploads\/2021\/01\/DSC00022-Small.jpg?fit=480%2C720&ssl=1\",\"datePublished\":\"2021-01-17T17:58:58+00:00\",\"dateModified\":\"2022-12-31T22:06:57+00:00\",\"breadcrumb\":{\"@id\":\"https:\/\/magnoliasilk.com\/lt\/produktas\/natural-silk-pillowcase-french-beige\/#breadcrumb\"},\"inLanguage\":\"lt-LT\",\"potentialAction\":[{\"@type\":\"ReadAction\",\"target\":[\"https:\/\/magnoliasilk.com\/lt\/produktas\/natural-silk-pillowcase-french-beige\/\"]}]},{\"@type\":\"ImageObject\",\"inLanguage\":\"lt-LT\",\"@id\":\"https:\/\/magnoliasilk.com\/lt\/produktas\/natural-silk-pillowcase-french-beige\/#primaryimage\",\"url\":\"https:\/\/i0.wp.com\/magnoliasilk.com\/wp-content\/uploads\/2021\/01\/DSC00022-Small.jpg?fit=480%2C720&ssl=1\",\"contentUrl\":\"https:\/\/i0.wp.com\/magnoliasilk.com\/wp-content\/uploads\/2021\/01\/DSC00022-Small.jpg?fit=480%2C720&ssl=1\",\"width\":480,\"height\":720},{\"@type\":\"BreadcrumbList\",\"@id\":\"https:\/\/magnoliasilk.com\/lt\/produktas\/natural-silk-pillowcase-french-beige\/#breadcrumb\",\"itemListElement\":[{\"@type\":\"ListItem\",\"position\":1,\"name\":\"Home\",\"item\":\"https:\/\/magnoliasilk.com\/lt\/\"},{\"@type\":\"ListItem\",\"position\":2,\"name\":\"Shop\",\"item\":\"https:\/\/magnoliasilk.com\/lt\/shop-3\/\"},{\"@type\":\"ListItem\",\"position\":3,\"name\":\"Nat\u016bralaus \u0161ilko pagalv\u0117s u\u017evalkalas FRENCH BEIGE\"}]},{\"@type\":\"WebSite\",\"@id\":\"https:\/\/magnoliasilk.com\/#website\",\"url\":\"https:\/\/magnoliasilk.com\/\",\"name\":\"Magnolia silk collection\",\"description\":\"Mulberry silk products by Magnolia\",\"publisher\":{\"@id\":\"https:\/\/magnoliasilk.com\/#organization\"},\"potentialAction\":[{\"@type\":\"SearchAction\",\"target\":{\"@type\":\"EntryPoint\",\"urlTemplate\":\"https:\/\/magnoliasilk.com\/?s={search_term_string}\"},\"query-input\":{\"@type\":\"PropertyValueSpecification\",\"valueRequired\":true,\"valueName\":\"search_term_string\"}}],\"inLanguage\":\"lt-LT\"},{\"@type\":\"Organization\",\"@id\":\"https:\/\/magnoliasilk.com\/#organization\",\"name\":\"Magnolia silk collection\",\"url\":\"https:\/\/magnoliasilk.com\/\",\"logo\":{\"@type\":\"ImageObject\",\"inLanguage\":\"lt-LT\",\"@id\":\"https:\/\/magnoliasilk.com\/#\/schema\/logo\/image\/\",\"url\":\"https:\/\/i1.wp.com\/magnoliasilk.com\/wp-content\/uploads\/2021\/06\/cropped-magnolia-1.png?fit=369%2C80&ssl=1\",\"contentUrl\":\"https:\/\/i1.wp.com\/magnoliasilk.com\/wp-content\/uploads\/2021\/06\/cropped-magnolia-1.png?fit=369%2C80&ssl=1\",\"width\":369,\"height\":80,\"caption\":\"Magnolia silk collection\"},\"image\":{\"@id\":\"https:\/\/magnoliasilk.com\/#\/schema\/logo\/image\/\"},\"sameAs\":[\"https:\/\/www.facebook.com\/Magnoliasilkcollection\",\"https:\/\/www.instagram.com\/magnolia.silk\/\",\"https:\/\/www.pinterest.com\/magnoliasilkcollection\/\"]}]}<\/script>\n<!-- \/ Yoast SEO plugin. -->","yoast_head_json":{"title":"Nat\u016bralaus \u0161ilko pagalv\u0117s u\u017evalkalas FRENCH BEIGE - Magnolia silk collection","robots":{"index":"index","follow":"follow","max-snippet":"max-snippet:-1","max-image-preview":"max-image-preview:large","max-video-preview":"max-video-preview:-1"},"canonical":"https:\/\/magnoliasilk.com\/lt\/produktas\/natural-silk-pillowcase-french-beige\/","og_locale":"lt_LT","og_type":"article","og_title":"Nat\u016bralaus \u0161ilko pagalv\u0117s u\u017evalkalas FRENCH BEIGE - Magnolia silk collection","og_description":"\u0160is dievi\u0161kas \u0161ilko pagalv\u0117s u\u017evalkalas paglostys j\u016bs\u0173 veid\u0105 \u0161velniu prabangaus \u0161ilko prisilietimu. Jei dar neband\u0117te \u0161ilko pagalv\u0117s u\u017evalkalo, nor\u0117site i\u0161bandyti \u0161\u012f.","og_url":"https:\/\/magnoliasilk.com\/lt\/produktas\/natural-silk-pillowcase-french-beige\/","og_site_name":"Magnolia silk collection","article_publisher":"https:\/\/www.facebook.com\/Magnoliasilkcollection","article_modified_time":"2022-12-31T22:06:57+00:00","og_image":[{"width":480,"height":720,"url":"https:\/\/i2.wp.com\/magnoliasilk.com\/wp-content\/uploads\/2021\/01\/DSC00022-Small.jpg?fit=480%2C720&ssl=1","type":"image\/jpeg"}],"twitter_card":"summary_large_image","twitter_misc":{"Est. reading time":"1 minut\u0117"},"schema":{"@context":"https:\/\/schema.org","@graph":[{"@type":"WebPage","@id":"https:\/\/magnoliasilk.com\/lt\/produktas\/natural-silk-pillowcase-french-beige\/","url":"https:\/\/magnoliasilk.com\/lt\/produktas\/natural-silk-pillowcase-french-beige\/","name":"Nat\u016bralaus \u0161ilko pagalv\u0117s u\u017evalkalas FRENCH BEIGE - Magnolia silk collection","isPartOf":{"@id":"https:\/\/magnoliasilk.com\/#website"},"primaryImageOfPage":{"@id":"https:\/\/magnoliasilk.com\/lt\/produktas\/natural-silk-pillowcase-french-beige\/#primaryimage"},"image":{"@id":"https:\/\/magnoliasilk.com\/lt\/produktas\/natural-silk-pillowcase-french-beige\/#primaryimage"},"thumbnailUrl":"https:\/\/i0.wp.com\/magnoliasilk.com\/wp-content\/uploads\/2021\/01\/DSC00022-Small.jpg?fit=480%2C720&ssl=1","datePublished":"2021-01-17T17:58:58+00:00","dateModified":"2022-12-31T22:06:57+00:00","breadcrumb":{"@id":"https:\/\/magnoliasilk.com\/lt\/produktas\/natural-silk-pillowcase-french-beige\/#breadcrumb"},"inLanguage":"lt-LT","potentialAction":[{"@type":"ReadAction","target":["https:\/\/magnoliasilk.com\/lt\/produktas\/natural-silk-pillowcase-french-beige\/"]}]},{"@type":"ImageObject","inLanguage":"lt-LT","@id":"https:\/\/magnoliasilk.com\/lt\/produktas\/natural-silk-pillowcase-french-beige\/#primaryimage","url":"https:\/\/i0.wp.com\/magnoliasilk.com\/wp-content\/uploads\/2021\/01\/DSC00022-Small.jpg?fit=480%2C720&ssl=1","contentUrl":"https:\/\/i0.wp.com\/magnoliasilk.com\/wp-content\/uploads\/2021\/01\/DSC00022-Small.jpg?fit=480%2C720&ssl=1","width":480,"height":720},{"@type":"BreadcrumbList","@id":"https:\/\/magnoliasilk.com\/lt\/produktas\/natural-silk-pillowcase-french-beige\/#breadcrumb","itemListElement":[{"@type":"ListItem","position":1,"name":"Home","item":"https:\/\/magnoliasilk.com\/lt\/"},{"@type":"ListItem","position":2,"name":"Shop","item":"https:\/\/magnoliasilk.com\/lt\/shop-3\/"},{"@type":"ListItem","position":3,"name":"Nat\u016bralaus \u0161ilko pagalv\u0117s u\u017evalkalas FRENCH BEIGE"}]},{"@type":"WebSite","@id":"https:\/\/magnoliasilk.com\/#website","url":"https:\/\/magnoliasilk.com\/","name":"Magnolia silk collection","description":"Mulberry silk products by Magnolia","publisher":{"@id":"https:\/\/magnoliasilk.com\/#organization"},"potentialAction":[{"@type":"SearchAction","target":{"@type":"EntryPoint","urlTemplate":"https:\/\/magnoliasilk.com\/?s={search_term_string}"},"query-input":{"@type":"PropertyValueSpecification","valueRequired":true,"valueName":"search_term_string"}}],"inLanguage":"lt-LT"},{"@type":"Organization","@id":"https:\/\/magnoliasilk.com\/#organization","name":"Magnolia silk collection","url":"https:\/\/magnoliasilk.com\/","logo":{"@type":"ImageObject","inLanguage":"lt-LT","@id":"https:\/\/magnoliasilk.com\/#\/schema\/logo\/image\/","url":"https:\/\/i1.wp.com\/magnoliasilk.com\/wp-content\/uploads\/2021\/06\/cropped-magnolia-1.png?fit=369%2C80&ssl=1","contentUrl":"https:\/\/i1.wp.com\/magnoliasilk.com\/wp-content\/uploads\/2021\/06\/cropped-magnolia-1.png?fit=369%2C80&ssl=1","width":369,"height":80,"caption":"Magnolia silk collection"},"image":{"@id":"https:\/\/magnoliasilk.com\/#\/schema\/logo\/image\/"},"sameAs":["https:\/\/www.facebook.com\/Magnoliasilkcollection","https:\/\/www.instagram.com\/magnolia.silk\/","https:\/\/www.pinterest.com\/magnoliasilkcollection\/"]}]}},"jetpack_sharing_enabled":true,"_links":{"self":[{"href":"https:\/\/magnoliasilk.com\/lt\/wp-json\/wp\/v2\/product\/6018","targetHints":{"allow":["GET"]}}],"collection":[{"href":"https:\/\/magnoliasilk.com\/lt\/wp-json\/wp\/v2\/product"}],"about":[{"href":"https:\/\/magnoliasilk.com\/lt\/wp-json\/wp\/v2\/types\/product"}],"wp:featuredmedia":[{"embeddable":true,"href":"https:\/\/magnoliasilk.com\/lt\/wp-json\/wp\/v2\/media\/6019"}],"wp:attachment":[{"href":"https:\/\/magnoliasilk.com\/lt\/wp-json\/wp\/v2\/media?parent=6018"}],"wp:term":[{"taxonomy":"product_brand","embeddable":true,"href":"https:\/\/magnoliasilk.com\/lt\/wp-json\/wp\/v2\/product_brand?post=6018"},{"taxonomy":"product_cat","embeddable":true,"href":"https:\/\/magnoliasilk.com\/lt\/wp-json\/wp\/v2\/product_cat?post=6018"},{"taxonomy":"product_tag","embeddable":true,"href":"https:\/\/magnoliasilk.com\/lt\/wp-json\/wp\/v2\/product_tag?post=6018"}],"curies":[{"name":"wp","href":"https:\/\/api.w.org\/{rel}","templated":true}]}}