{"id":6007,"date":"2021-01-23T22:18:27","date_gmt":"2021-01-23T20:18:27","guid":{"rendered":"https:\/\/magnoliasilk.com\/product\/natural-silk-pale-pink-nightgown\/"},"modified":"2021-05-02T15:03:00","modified_gmt":"2021-05-02T12:03:00","slug":"natural-silk-pale-pink-nightgown","status":"publish","type":"product","link":"https:\/\/magnoliasilk.com\/lt\/produktas\/natural-silk-pale-pink-nightgown\/","title":{"rendered":"Nat\u016bralaus \u0161ilko naktiniai PALE PINK"},"content":{"rendered":"<p>Kaip kadaise sak\u0117 Leonardo Da Vinci, \u201ePaprastumas yra did\u017eiausias rafinuotumas\u201c. Manome, kad sutiksite, kai pagaliau gal\u0117site patirti \u201eMagnolia\u201c \u0161ilko suknel\u0117. Tai bus j\u016bs\u0173 m\u0117gstamiausias drabu\u017eis, kur\u012f ne\u0161ioti namuose ar pasiimti su savimi i gra\u017eiai kelione\u2026<\/p>\n<p>\u0160is keli\u0173 ilgio naktinukas yra pagamintas i\u0161 100% \u0161ilko ir jau\u010diasi toks \u0161velnus ant j\u016bs\u0173 odos. Jausit\u0117s ir atrodysite taip gra\u017eiai&#8230;Kiekviena mergina turi tur\u0117ti bent vien\u0105 tobul\u0105 suknel\u0119 nak\u010diai, mes pasir\u016bpinsime jumis.<\/p>\n<p>Spalvos: \u0161viesiai ro\u017ein\u0117, sm\u0117lio, juoda<br \/>\nRankov\u0117s ilgis: be rankovi\u0173<br \/>\nSud\u0117tis: 100% \u0161ilkas<br \/>\nSavyb\u0117: hipoalergi\u0161kas produktas<br \/>\nApykakl\u0117: V kaklas<br \/>\nMatavimai:<br \/>\nIlgis: 86cm<br \/>\nKr\u016btin\u0117: 92 cm<br \/>\nLiemuo: 86cm<br \/>\nJei d\u0117v\u0117ste S arba M dyd\u012f, \u0161i suknel\u0117 jums puikiai tiks. Peties dir\u017eeliai yra reguliuojami.<\/p>\n<p>(Modelio auk\u0161tis nuotraukose yra 166 cm)<\/p>\n<p>Prie\u017ei\u016bra: Sausas valymas arba skalbimas rankomis drungnu vandeniu.<\/p>\n","protected":false},"excerpt":{"rendered":"<p>Prabangi. Rafinuota. Nepamir\u0161tama. Viskas \u0161ioje \u0161ilkin\u0117je naktin\u0117je suknel\u0117je.<\/p>\n","protected":false},"featured_media":6011,"template":"","meta":[],"product_brand":[],"product_cat":[221],"product_tag":[165],"class_list":{"0":"post-6007","1":"product","2":"type-product","3":"status-publish","4":"has-post-thumbnail","6":"product_cat-silk-nightgowns-lt","7":"product_tag-nightwear-lt","9":"first","10":"outofstock","11":"sale","12":"taxable","13":"shipping-taxable","14":"purchasable","15":"product-type-simple"},"exclude_global_add_ons":[],"addons":[],"yoast_head":"<!-- This site is optimized with the Yoast SEO plugin v27.2 - https:\/\/yoast.com\/product\/yoast-seo-wordpress\/ -->\n<title>Nat\u016bralaus \u0161ilko naktiniai PALE PINK - Magnolia silk collection<\/title>\n<meta name=\"robots\" content=\"index, follow, max-snippet:-1, max-image-preview:large, max-video-preview:-1\" \/>\n<link rel=\"canonical\" href=\"https:\/\/magnoliasilk.com\/lt\/produktas\/natural-silk-pale-pink-nightgown\/\" \/>\n<meta property=\"og:locale\" content=\"lt_LT\" \/>\n<meta property=\"og:type\" content=\"article\" \/>\n<meta property=\"og:title\" content=\"Nat\u016bralaus \u0161ilko naktiniai PALE PINK - Magnolia silk collection\" \/>\n<meta property=\"og:description\" content=\"Prabangi. Rafinuota. Nepamir\u0161tama. Viskas \u0161ioje \u0161ilkin\u0117je naktin\u0117je suknel\u0117je.\" \/>\n<meta property=\"og:url\" content=\"https:\/\/magnoliasilk.com\/lt\/produktas\/natural-silk-pale-pink-nightgown\/\" \/>\n<meta property=\"og:site_name\" content=\"Magnolia silk collection\" \/>\n<meta property=\"article:publisher\" content=\"https:\/\/www.facebook.com\/Magnoliasilkcollection\" \/>\n<meta property=\"article:modified_time\" content=\"2021-05-02T12:03:00+00:00\" \/>\n<meta property=\"og:image\" content=\"https:\/\/i0.wp.com\/magnoliasilk.com\/wp-content\/uploads\/2021\/01\/2021.01.20-Sandra-silk1191edited-Small.jpg?fit=480%2C720&ssl=1\" \/>\n\t<meta property=\"og:image:width\" content=\"480\" \/>\n\t<meta property=\"og:image:height\" content=\"720\" \/>\n\t<meta property=\"og:image:type\" content=\"image\/jpeg\" \/>\n<meta name=\"twitter:card\" content=\"summary_large_image\" \/>\n<meta name=\"twitter:label1\" content=\"Est. reading time\" \/>\n\t<meta name=\"twitter:data1\" content=\"1 minut\u0117\" \/>\n<script type=\"application\/ld+json\" class=\"yoast-schema-graph\">{\"@context\":\"https:\/\/schema.org\",\"@graph\":[{\"@type\":\"WebPage\",\"@id\":\"https:\/\/magnoliasilk.com\/lt\/produktas\/natural-silk-pale-pink-nightgown\/\",\"url\":\"https:\/\/magnoliasilk.com\/lt\/produktas\/natural-silk-pale-pink-nightgown\/\",\"name\":\"Nat\u016bralaus \u0161ilko naktiniai PALE PINK - Magnolia silk collection\",\"isPartOf\":{\"@id\":\"https:\/\/magnoliasilk.com\/#website\"},\"primaryImageOfPage\":{\"@id\":\"https:\/\/magnoliasilk.com\/lt\/produktas\/natural-silk-pale-pink-nightgown\/#primaryimage\"},\"image\":{\"@id\":\"https:\/\/magnoliasilk.com\/lt\/produktas\/natural-silk-pale-pink-nightgown\/#primaryimage\"},\"thumbnailUrl\":\"https:\/\/i0.wp.com\/magnoliasilk.com\/wp-content\/uploads\/2021\/01\/2021.01.20-Sandra-silk1191edited-Small.jpg?fit=480%2C720&ssl=1\",\"datePublished\":\"2021-01-23T20:18:27+00:00\",\"dateModified\":\"2021-05-02T12:03:00+00:00\",\"breadcrumb\":{\"@id\":\"https:\/\/magnoliasilk.com\/lt\/produktas\/natural-silk-pale-pink-nightgown\/#breadcrumb\"},\"inLanguage\":\"lt-LT\",\"potentialAction\":[{\"@type\":\"ReadAction\",\"target\":[\"https:\/\/magnoliasilk.com\/lt\/produktas\/natural-silk-pale-pink-nightgown\/\"]}]},{\"@type\":\"ImageObject\",\"inLanguage\":\"lt-LT\",\"@id\":\"https:\/\/magnoliasilk.com\/lt\/produktas\/natural-silk-pale-pink-nightgown\/#primaryimage\",\"url\":\"https:\/\/i0.wp.com\/magnoliasilk.com\/wp-content\/uploads\/2021\/01\/2021.01.20-Sandra-silk1191edited-Small.jpg?fit=480%2C720&ssl=1\",\"contentUrl\":\"https:\/\/i0.wp.com\/magnoliasilk.com\/wp-content\/uploads\/2021\/01\/2021.01.20-Sandra-silk1191edited-Small.jpg?fit=480%2C720&ssl=1\",\"width\":480,\"height\":720},{\"@type\":\"BreadcrumbList\",\"@id\":\"https:\/\/magnoliasilk.com\/lt\/produktas\/natural-silk-pale-pink-nightgown\/#breadcrumb\",\"itemListElement\":[{\"@type\":\"ListItem\",\"position\":1,\"name\":\"Home\",\"item\":\"https:\/\/magnoliasilk.com\/lt\/\"},{\"@type\":\"ListItem\",\"position\":2,\"name\":\"Shop\",\"item\":\"https:\/\/magnoliasilk.com\/lt\/shop-3\/\"},{\"@type\":\"ListItem\",\"position\":3,\"name\":\"Nat\u016bralaus \u0161ilko naktiniai PALE PINK\"}]},{\"@type\":\"WebSite\",\"@id\":\"https:\/\/magnoliasilk.com\/#website\",\"url\":\"https:\/\/magnoliasilk.com\/\",\"name\":\"Magnolia silk collection\",\"description\":\"Mulberry silk products by Magnolia\",\"publisher\":{\"@id\":\"https:\/\/magnoliasilk.com\/#organization\"},\"potentialAction\":[{\"@type\":\"SearchAction\",\"target\":{\"@type\":\"EntryPoint\",\"urlTemplate\":\"https:\/\/magnoliasilk.com\/?s={search_term_string}\"},\"query-input\":{\"@type\":\"PropertyValueSpecification\",\"valueRequired\":true,\"valueName\":\"search_term_string\"}}],\"inLanguage\":\"lt-LT\"},{\"@type\":\"Organization\",\"@id\":\"https:\/\/magnoliasilk.com\/#organization\",\"name\":\"Magnolia silk collection\",\"url\":\"https:\/\/magnoliasilk.com\/\",\"logo\":{\"@type\":\"ImageObject\",\"inLanguage\":\"lt-LT\",\"@id\":\"https:\/\/magnoliasilk.com\/#\/schema\/logo\/image\/\",\"url\":\"https:\/\/i1.wp.com\/magnoliasilk.com\/wp-content\/uploads\/2021\/06\/cropped-magnolia-1.png?fit=369%2C80&ssl=1\",\"contentUrl\":\"https:\/\/i1.wp.com\/magnoliasilk.com\/wp-content\/uploads\/2021\/06\/cropped-magnolia-1.png?fit=369%2C80&ssl=1\",\"width\":369,\"height\":80,\"caption\":\"Magnolia silk collection\"},\"image\":{\"@id\":\"https:\/\/magnoliasilk.com\/#\/schema\/logo\/image\/\"},\"sameAs\":[\"https:\/\/www.facebook.com\/Magnoliasilkcollection\",\"https:\/\/www.instagram.com\/magnolia.silk\/\",\"https:\/\/www.pinterest.com\/magnoliasilkcollection\/\"]}]}<\/script>\n<!-- \/ Yoast SEO plugin. -->","yoast_head_json":{"title":"Nat\u016bralaus \u0161ilko naktiniai PALE PINK - Magnolia silk collection","robots":{"index":"index","follow":"follow","max-snippet":"max-snippet:-1","max-image-preview":"max-image-preview:large","max-video-preview":"max-video-preview:-1"},"canonical":"https:\/\/magnoliasilk.com\/lt\/produktas\/natural-silk-pale-pink-nightgown\/","og_locale":"lt_LT","og_type":"article","og_title":"Nat\u016bralaus \u0161ilko naktiniai PALE PINK - Magnolia silk collection","og_description":"Prabangi. Rafinuota. Nepamir\u0161tama. Viskas \u0161ioje \u0161ilkin\u0117je naktin\u0117je suknel\u0117je.","og_url":"https:\/\/magnoliasilk.com\/lt\/produktas\/natural-silk-pale-pink-nightgown\/","og_site_name":"Magnolia silk collection","article_publisher":"https:\/\/www.facebook.com\/Magnoliasilkcollection","article_modified_time":"2021-05-02T12:03:00+00:00","og_image":[{"width":480,"height":720,"url":"https:\/\/i0.wp.com\/magnoliasilk.com\/wp-content\/uploads\/2021\/01\/2021.01.20-Sandra-silk1191edited-Small.jpg?fit=480%2C720&ssl=1","type":"image\/jpeg"}],"twitter_card":"summary_large_image","twitter_misc":{"Est. reading time":"1 minut\u0117"},"schema":{"@context":"https:\/\/schema.org","@graph":[{"@type":"WebPage","@id":"https:\/\/magnoliasilk.com\/lt\/produktas\/natural-silk-pale-pink-nightgown\/","url":"https:\/\/magnoliasilk.com\/lt\/produktas\/natural-silk-pale-pink-nightgown\/","name":"Nat\u016bralaus \u0161ilko naktiniai PALE PINK - Magnolia silk collection","isPartOf":{"@id":"https:\/\/magnoliasilk.com\/#website"},"primaryImageOfPage":{"@id":"https:\/\/magnoliasilk.com\/lt\/produktas\/natural-silk-pale-pink-nightgown\/#primaryimage"},"image":{"@id":"https:\/\/magnoliasilk.com\/lt\/produktas\/natural-silk-pale-pink-nightgown\/#primaryimage"},"thumbnailUrl":"https:\/\/i0.wp.com\/magnoliasilk.com\/wp-content\/uploads\/2021\/01\/2021.01.20-Sandra-silk1191edited-Small.jpg?fit=480%2C720&ssl=1","datePublished":"2021-01-23T20:18:27+00:00","dateModified":"2021-05-02T12:03:00+00:00","breadcrumb":{"@id":"https:\/\/magnoliasilk.com\/lt\/produktas\/natural-silk-pale-pink-nightgown\/#breadcrumb"},"inLanguage":"lt-LT","potentialAction":[{"@type":"ReadAction","target":["https:\/\/magnoliasilk.com\/lt\/produktas\/natural-silk-pale-pink-nightgown\/"]}]},{"@type":"ImageObject","inLanguage":"lt-LT","@id":"https:\/\/magnoliasilk.com\/lt\/produktas\/natural-silk-pale-pink-nightgown\/#primaryimage","url":"https:\/\/i0.wp.com\/magnoliasilk.com\/wp-content\/uploads\/2021\/01\/2021.01.20-Sandra-silk1191edited-Small.jpg?fit=480%2C720&ssl=1","contentUrl":"https:\/\/i0.wp.com\/magnoliasilk.com\/wp-content\/uploads\/2021\/01\/2021.01.20-Sandra-silk1191edited-Small.jpg?fit=480%2C720&ssl=1","width":480,"height":720},{"@type":"BreadcrumbList","@id":"https:\/\/magnoliasilk.com\/lt\/produktas\/natural-silk-pale-pink-nightgown\/#breadcrumb","itemListElement":[{"@type":"ListItem","position":1,"name":"Home","item":"https:\/\/magnoliasilk.com\/lt\/"},{"@type":"ListItem","position":2,"name":"Shop","item":"https:\/\/magnoliasilk.com\/lt\/shop-3\/"},{"@type":"ListItem","position":3,"name":"Nat\u016bralaus \u0161ilko naktiniai PALE PINK"}]},{"@type":"WebSite","@id":"https:\/\/magnoliasilk.com\/#website","url":"https:\/\/magnoliasilk.com\/","name":"Magnolia silk collection","description":"Mulberry silk products by Magnolia","publisher":{"@id":"https:\/\/magnoliasilk.com\/#organization"},"potentialAction":[{"@type":"SearchAction","target":{"@type":"EntryPoint","urlTemplate":"https:\/\/magnoliasilk.com\/?s={search_term_string}"},"query-input":{"@type":"PropertyValueSpecification","valueRequired":true,"valueName":"search_term_string"}}],"inLanguage":"lt-LT"},{"@type":"Organization","@id":"https:\/\/magnoliasilk.com\/#organization","name":"Magnolia silk collection","url":"https:\/\/magnoliasilk.com\/","logo":{"@type":"ImageObject","inLanguage":"lt-LT","@id":"https:\/\/magnoliasilk.com\/#\/schema\/logo\/image\/","url":"https:\/\/i1.wp.com\/magnoliasilk.com\/wp-content\/uploads\/2021\/06\/cropped-magnolia-1.png?fit=369%2C80&ssl=1","contentUrl":"https:\/\/i1.wp.com\/magnoliasilk.com\/wp-content\/uploads\/2021\/06\/cropped-magnolia-1.png?fit=369%2C80&ssl=1","width":369,"height":80,"caption":"Magnolia silk collection"},"image":{"@id":"https:\/\/magnoliasilk.com\/#\/schema\/logo\/image\/"},"sameAs":["https:\/\/www.facebook.com\/Magnoliasilkcollection","https:\/\/www.instagram.com\/magnolia.silk\/","https:\/\/www.pinterest.com\/magnoliasilkcollection\/"]}]}},"jetpack_sharing_enabled":true,"_links":{"self":[{"href":"https:\/\/magnoliasilk.com\/lt\/wp-json\/wp\/v2\/product\/6007","targetHints":{"allow":["GET"]}}],"collection":[{"href":"https:\/\/magnoliasilk.com\/lt\/wp-json\/wp\/v2\/product"}],"about":[{"href":"https:\/\/magnoliasilk.com\/lt\/wp-json\/wp\/v2\/types\/product"}],"wp:featuredmedia":[{"embeddable":true,"href":"https:\/\/magnoliasilk.com\/lt\/wp-json\/wp\/v2\/media\/6011"}],"wp:attachment":[{"href":"https:\/\/magnoliasilk.com\/lt\/wp-json\/wp\/v2\/media?parent=6007"}],"wp:term":[{"taxonomy":"product_brand","embeddable":true,"href":"https:\/\/magnoliasilk.com\/lt\/wp-json\/wp\/v2\/product_brand?post=6007"},{"taxonomy":"product_cat","embeddable":true,"href":"https:\/\/magnoliasilk.com\/lt\/wp-json\/wp\/v2\/product_cat?post=6007"},{"taxonomy":"product_tag","embeddable":true,"href":"https:\/\/magnoliasilk.com\/lt\/wp-json\/wp\/v2\/product_tag?post=6007"}],"curies":[{"name":"wp","href":"https:\/\/api.w.org\/{rel}","templated":true}]}}