{"id":5929,"date":"2021-01-24T15:35:19","date_gmt":"2021-01-24T13:35:19","guid":{"rendered":"https:\/\/magnoliasilk.com\/product\/natural-silk-eye-mask-silver\/"},"modified":"2023-01-01T00:06:47","modified_gmt":"2022-12-31T22:06:47","slug":"natural-silk-eye-mask-silver","status":"publish","type":"product","link":"https:\/\/magnoliasilk.com\/lt\/produktas\/natural-silk-eye-mask-silver\/","title":{"rendered":"Nat\u016bralaus \u0161ilko aki\u0173 kauk\u0117 FOG"},"content":{"rendered":"<p>Pagerinkite miego komfort\u0105 ir kokyb\u0117 ir komforta. M\u016bs\u0173 aki\u0173 kauk\u0117s padeda jums atsipalaiduoti ir grei\u010diau u\u017emigti bet kuriuo metu.<\/p>\n<p>Pagamintos i\u0161 auk\u0161tos kokyb\u0117s Mulberry \u0161ilko. Ne\u012ftik\u0117tinai mink\u0161ta aki\u0173 kauk\u0117. U\u017estoja \u0161vies\u0105 j\u016bs\u0173 poilsiui.<\/p>\n<p>Pakelkite savo mieg\u0105 \u012f kit\u0105 lyg\u012f. Kiekviena aki\u0173 kauk\u0117 yra eleganti\u0161koje Magnolia dovan\u0173 d\u0117\u017eut\u0117je.<\/p>\n<p>I\u0161sami informacija:<\/p>\n<p>-Matmenys: 21cm x 9cm<br \/>\n-100% \u0161ilko u\u017epildas<br \/>\n-Mink\u0161ta ir \u0161velni elastin\u0117 juosta<br \/>\n&#8211; U\u017eblokuoja \u0161vies\u0105<br \/>\n&#8211; Kv\u0117puojanti ir mink\u0161ta<br \/>\n-U formos dizainas, kuris jau\u010diasi patogiai ant veido<br \/>\n-\u0160ilkas nepasisavina odos krem\u0173 ir losjon\u0173.<\/p>\n","protected":false},"excerpt":{"rendered":"<p>Mink\u0161\u010diausia, patogiausia aki\u0173 kauk\u0117. Sukomplektuokite ja su viena i\u0161 \u201eMagnolia\u201c \u0161ilko pagalvi\u0173 u\u017evalkal\u0173 ir net mes jums pavyd\u0117sime!<\/p>\n","protected":false},"featured_media":13579,"template":"","meta":[],"product_brand":[],"product_cat":[339,216],"product_tag":[],"class_list":{"0":"post-5929","1":"product","2":"type-product","3":"status-publish","4":"has-post-thumbnail","6":"product_cat-black-friday-offers-30-lt","7":"product_cat-silk-eye-masks-lt","9":"first","10":"instock","11":"sale","12":"taxable","13":"shipping-taxable","14":"purchasable","15":"product-type-simple"},"exclude_global_add_ons":false,"addons":[{"name":"\u00a0","type":"multiple_choice","position":0,"required":true,"title_format":"hide","default":"","description_enable":false,"description":"","placeholder_enable":false,"placeholder":"","display":"radiobutton","restrictions_type":"any_text","adjust_price":false,"price":"","price_type":"flat_fee","restrictions":false,"min":"0","max":"0","options":[{"label":"No giftbox","price":"","price_type":"flat_fee","image":0,"visibility":true},{"label":"Luxurious Magnolia big white giftbox","price":"5","price_type":"quantity_based","image":0,"visibility":true}],"id":1668979028}],"yoast_head":"<!-- This site is optimized with the Yoast SEO plugin v27.2 - https:\/\/yoast.com\/product\/yoast-seo-wordpress\/ -->\n<title>Nat\u016bralaus \u0161ilko aki\u0173 kauk\u0117 FOG - Magnolia silk collection<\/title>\n<meta name=\"robots\" content=\"index, follow, max-snippet:-1, max-image-preview:large, max-video-preview:-1\" \/>\n<link rel=\"canonical\" href=\"https:\/\/magnoliasilk.com\/lt\/produktas\/natural-silk-eye-mask-silver\/\" \/>\n<meta property=\"og:locale\" content=\"lt_LT\" \/>\n<meta property=\"og:type\" content=\"article\" \/>\n<meta property=\"og:title\" content=\"Nat\u016bralaus \u0161ilko aki\u0173 kauk\u0117 FOG - Magnolia silk collection\" \/>\n<meta property=\"og:description\" content=\"Mink\u0161\u010diausia, patogiausia aki\u0173 kauk\u0117. Sukomplektuokite ja su viena i\u0161 \u201eMagnolia\u201c \u0161ilko pagalvi\u0173 u\u017evalkal\u0173 ir net mes jums pavyd\u0117sime!\" \/>\n<meta property=\"og:url\" content=\"https:\/\/magnoliasilk.com\/lt\/produktas\/natural-silk-eye-mask-silver\/\" \/>\n<meta property=\"og:site_name\" content=\"Magnolia silk collection\" \/>\n<meta property=\"article:publisher\" content=\"https:\/\/www.facebook.com\/Magnoliasilkcollection\" \/>\n<meta property=\"article:modified_time\" content=\"2022-12-31T22:06:47+00:00\" \/>\n<meta property=\"og:image\" content=\"https:\/\/i0.wp.com\/magnoliasilk.com\/wp-content\/uploads\/2021\/01\/28AB7E8E-F382-4E77-9F15-ED447933C0A0-scaled.jpg?fit=1920%2C2560&ssl=1\" \/>\n\t<meta property=\"og:image:width\" content=\"1920\" \/>\n\t<meta property=\"og:image:height\" content=\"2560\" \/>\n\t<meta property=\"og:image:type\" content=\"image\/jpeg\" \/>\n<meta name=\"twitter:card\" content=\"summary_large_image\" \/>\n<meta name=\"twitter:label1\" content=\"Est. reading time\" \/>\n\t<meta name=\"twitter:data1\" content=\"1 minut\u0117\" \/>\n<script type=\"application\/ld+json\" class=\"yoast-schema-graph\">{\"@context\":\"https:\/\/schema.org\",\"@graph\":[{\"@type\":\"WebPage\",\"@id\":\"https:\/\/magnoliasilk.com\/lt\/produktas\/natural-silk-eye-mask-silver\/\",\"url\":\"https:\/\/magnoliasilk.com\/lt\/produktas\/natural-silk-eye-mask-silver\/\",\"name\":\"Nat\u016bralaus \u0161ilko aki\u0173 kauk\u0117 FOG - Magnolia silk collection\",\"isPartOf\":{\"@id\":\"https:\/\/magnoliasilk.com\/#website\"},\"primaryImageOfPage\":{\"@id\":\"https:\/\/magnoliasilk.com\/lt\/produktas\/natural-silk-eye-mask-silver\/#primaryimage\"},\"image\":{\"@id\":\"https:\/\/magnoliasilk.com\/lt\/produktas\/natural-silk-eye-mask-silver\/#primaryimage\"},\"thumbnailUrl\":\"https:\/\/i0.wp.com\/magnoliasilk.com\/wp-content\/uploads\/2021\/01\/28AB7E8E-F382-4E77-9F15-ED447933C0A0-scaled.jpg?fit=1920%2C2560&ssl=1\",\"datePublished\":\"2021-01-24T13:35:19+00:00\",\"dateModified\":\"2022-12-31T22:06:47+00:00\",\"breadcrumb\":{\"@id\":\"https:\/\/magnoliasilk.com\/lt\/produktas\/natural-silk-eye-mask-silver\/#breadcrumb\"},\"inLanguage\":\"lt-LT\",\"potentialAction\":[{\"@type\":\"ReadAction\",\"target\":[\"https:\/\/magnoliasilk.com\/lt\/produktas\/natural-silk-eye-mask-silver\/\"]}]},{\"@type\":\"ImageObject\",\"inLanguage\":\"lt-LT\",\"@id\":\"https:\/\/magnoliasilk.com\/lt\/produktas\/natural-silk-eye-mask-silver\/#primaryimage\",\"url\":\"https:\/\/i0.wp.com\/magnoliasilk.com\/wp-content\/uploads\/2021\/01\/28AB7E8E-F382-4E77-9F15-ED447933C0A0-scaled.jpg?fit=1920%2C2560&ssl=1\",\"contentUrl\":\"https:\/\/i0.wp.com\/magnoliasilk.com\/wp-content\/uploads\/2021\/01\/28AB7E8E-F382-4E77-9F15-ED447933C0A0-scaled.jpg?fit=1920%2C2560&ssl=1\",\"width\":1920,\"height\":2560},{\"@type\":\"BreadcrumbList\",\"@id\":\"https:\/\/magnoliasilk.com\/lt\/produktas\/natural-silk-eye-mask-silver\/#breadcrumb\",\"itemListElement\":[{\"@type\":\"ListItem\",\"position\":1,\"name\":\"Home\",\"item\":\"https:\/\/magnoliasilk.com\/lt\/\"},{\"@type\":\"ListItem\",\"position\":2,\"name\":\"Shop\",\"item\":\"https:\/\/magnoliasilk.com\/lt\/shop-3\/\"},{\"@type\":\"ListItem\",\"position\":3,\"name\":\"Nat\u016bralaus \u0161ilko aki\u0173 kauk\u0117 FOG\"}]},{\"@type\":\"WebSite\",\"@id\":\"https:\/\/magnoliasilk.com\/#website\",\"url\":\"https:\/\/magnoliasilk.com\/\",\"name\":\"Magnolia silk collection\",\"description\":\"Mulberry silk products by Magnolia\",\"publisher\":{\"@id\":\"https:\/\/magnoliasilk.com\/#organization\"},\"potentialAction\":[{\"@type\":\"SearchAction\",\"target\":{\"@type\":\"EntryPoint\",\"urlTemplate\":\"https:\/\/magnoliasilk.com\/?s={search_term_string}\"},\"query-input\":{\"@type\":\"PropertyValueSpecification\",\"valueRequired\":true,\"valueName\":\"search_term_string\"}}],\"inLanguage\":\"lt-LT\"},{\"@type\":\"Organization\",\"@id\":\"https:\/\/magnoliasilk.com\/#organization\",\"name\":\"Magnolia silk collection\",\"url\":\"https:\/\/magnoliasilk.com\/\",\"logo\":{\"@type\":\"ImageObject\",\"inLanguage\":\"lt-LT\",\"@id\":\"https:\/\/magnoliasilk.com\/#\/schema\/logo\/image\/\",\"url\":\"https:\/\/i1.wp.com\/magnoliasilk.com\/wp-content\/uploads\/2021\/06\/cropped-magnolia-1.png?fit=369%2C80&ssl=1\",\"contentUrl\":\"https:\/\/i1.wp.com\/magnoliasilk.com\/wp-content\/uploads\/2021\/06\/cropped-magnolia-1.png?fit=369%2C80&ssl=1\",\"width\":369,\"height\":80,\"caption\":\"Magnolia silk collection\"},\"image\":{\"@id\":\"https:\/\/magnoliasilk.com\/#\/schema\/logo\/image\/\"},\"sameAs\":[\"https:\/\/www.facebook.com\/Magnoliasilkcollection\",\"https:\/\/www.instagram.com\/magnolia.silk\/\",\"https:\/\/www.pinterest.com\/magnoliasilkcollection\/\"]}]}<\/script>\n<!-- \/ Yoast SEO plugin. -->","yoast_head_json":{"title":"Nat\u016bralaus \u0161ilko aki\u0173 kauk\u0117 FOG - Magnolia silk collection","robots":{"index":"index","follow":"follow","max-snippet":"max-snippet:-1","max-image-preview":"max-image-preview:large","max-video-preview":"max-video-preview:-1"},"canonical":"https:\/\/magnoliasilk.com\/lt\/produktas\/natural-silk-eye-mask-silver\/","og_locale":"lt_LT","og_type":"article","og_title":"Nat\u016bralaus \u0161ilko aki\u0173 kauk\u0117 FOG - Magnolia silk collection","og_description":"Mink\u0161\u010diausia, patogiausia aki\u0173 kauk\u0117. Sukomplektuokite ja su viena i\u0161 \u201eMagnolia\u201c \u0161ilko pagalvi\u0173 u\u017evalkal\u0173 ir net mes jums pavyd\u0117sime!","og_url":"https:\/\/magnoliasilk.com\/lt\/produktas\/natural-silk-eye-mask-silver\/","og_site_name":"Magnolia silk collection","article_publisher":"https:\/\/www.facebook.com\/Magnoliasilkcollection","article_modified_time":"2022-12-31T22:06:47+00:00","og_image":[{"width":1920,"height":2560,"url":"https:\/\/i0.wp.com\/magnoliasilk.com\/wp-content\/uploads\/2021\/01\/28AB7E8E-F382-4E77-9F15-ED447933C0A0-scaled.jpg?fit=1920%2C2560&ssl=1","type":"image\/jpeg"}],"twitter_card":"summary_large_image","twitter_misc":{"Est. reading time":"1 minut\u0117"},"schema":{"@context":"https:\/\/schema.org","@graph":[{"@type":"WebPage","@id":"https:\/\/magnoliasilk.com\/lt\/produktas\/natural-silk-eye-mask-silver\/","url":"https:\/\/magnoliasilk.com\/lt\/produktas\/natural-silk-eye-mask-silver\/","name":"Nat\u016bralaus \u0161ilko aki\u0173 kauk\u0117 FOG - Magnolia silk collection","isPartOf":{"@id":"https:\/\/magnoliasilk.com\/#website"},"primaryImageOfPage":{"@id":"https:\/\/magnoliasilk.com\/lt\/produktas\/natural-silk-eye-mask-silver\/#primaryimage"},"image":{"@id":"https:\/\/magnoliasilk.com\/lt\/produktas\/natural-silk-eye-mask-silver\/#primaryimage"},"thumbnailUrl":"https:\/\/i0.wp.com\/magnoliasilk.com\/wp-content\/uploads\/2021\/01\/28AB7E8E-F382-4E77-9F15-ED447933C0A0-scaled.jpg?fit=1920%2C2560&ssl=1","datePublished":"2021-01-24T13:35:19+00:00","dateModified":"2022-12-31T22:06:47+00:00","breadcrumb":{"@id":"https:\/\/magnoliasilk.com\/lt\/produktas\/natural-silk-eye-mask-silver\/#breadcrumb"},"inLanguage":"lt-LT","potentialAction":[{"@type":"ReadAction","target":["https:\/\/magnoliasilk.com\/lt\/produktas\/natural-silk-eye-mask-silver\/"]}]},{"@type":"ImageObject","inLanguage":"lt-LT","@id":"https:\/\/magnoliasilk.com\/lt\/produktas\/natural-silk-eye-mask-silver\/#primaryimage","url":"https:\/\/i0.wp.com\/magnoliasilk.com\/wp-content\/uploads\/2021\/01\/28AB7E8E-F382-4E77-9F15-ED447933C0A0-scaled.jpg?fit=1920%2C2560&ssl=1","contentUrl":"https:\/\/i0.wp.com\/magnoliasilk.com\/wp-content\/uploads\/2021\/01\/28AB7E8E-F382-4E77-9F15-ED447933C0A0-scaled.jpg?fit=1920%2C2560&ssl=1","width":1920,"height":2560},{"@type":"BreadcrumbList","@id":"https:\/\/magnoliasilk.com\/lt\/produktas\/natural-silk-eye-mask-silver\/#breadcrumb","itemListElement":[{"@type":"ListItem","position":1,"name":"Home","item":"https:\/\/magnoliasilk.com\/lt\/"},{"@type":"ListItem","position":2,"name":"Shop","item":"https:\/\/magnoliasilk.com\/lt\/shop-3\/"},{"@type":"ListItem","position":3,"name":"Nat\u016bralaus \u0161ilko aki\u0173 kauk\u0117 FOG"}]},{"@type":"WebSite","@id":"https:\/\/magnoliasilk.com\/#website","url":"https:\/\/magnoliasilk.com\/","name":"Magnolia silk collection","description":"Mulberry silk products by Magnolia","publisher":{"@id":"https:\/\/magnoliasilk.com\/#organization"},"potentialAction":[{"@type":"SearchAction","target":{"@type":"EntryPoint","urlTemplate":"https:\/\/magnoliasilk.com\/?s={search_term_string}"},"query-input":{"@type":"PropertyValueSpecification","valueRequired":true,"valueName":"search_term_string"}}],"inLanguage":"lt-LT"},{"@type":"Organization","@id":"https:\/\/magnoliasilk.com\/#organization","name":"Magnolia silk collection","url":"https:\/\/magnoliasilk.com\/","logo":{"@type":"ImageObject","inLanguage":"lt-LT","@id":"https:\/\/magnoliasilk.com\/#\/schema\/logo\/image\/","url":"https:\/\/i1.wp.com\/magnoliasilk.com\/wp-content\/uploads\/2021\/06\/cropped-magnolia-1.png?fit=369%2C80&ssl=1","contentUrl":"https:\/\/i1.wp.com\/magnoliasilk.com\/wp-content\/uploads\/2021\/06\/cropped-magnolia-1.png?fit=369%2C80&ssl=1","width":369,"height":80,"caption":"Magnolia silk collection"},"image":{"@id":"https:\/\/magnoliasilk.com\/#\/schema\/logo\/image\/"},"sameAs":["https:\/\/www.facebook.com\/Magnoliasilkcollection","https:\/\/www.instagram.com\/magnolia.silk\/","https:\/\/www.pinterest.com\/magnoliasilkcollection\/"]}]}},"jetpack_sharing_enabled":true,"_links":{"self":[{"href":"https:\/\/magnoliasilk.com\/lt\/wp-json\/wp\/v2\/product\/5929","targetHints":{"allow":["GET"]}}],"collection":[{"href":"https:\/\/magnoliasilk.com\/lt\/wp-json\/wp\/v2\/product"}],"about":[{"href":"https:\/\/magnoliasilk.com\/lt\/wp-json\/wp\/v2\/types\/product"}],"wp:featuredmedia":[{"embeddable":true,"href":"https:\/\/magnoliasilk.com\/lt\/wp-json\/wp\/v2\/media\/13579"}],"wp:attachment":[{"href":"https:\/\/magnoliasilk.com\/lt\/wp-json\/wp\/v2\/media?parent=5929"}],"wp:term":[{"taxonomy":"product_brand","embeddable":true,"href":"https:\/\/magnoliasilk.com\/lt\/wp-json\/wp\/v2\/product_brand?post=5929"},{"taxonomy":"product_cat","embeddable":true,"href":"https:\/\/magnoliasilk.com\/lt\/wp-json\/wp\/v2\/product_cat?post=5929"},{"taxonomy":"product_tag","embeddable":true,"href":"https:\/\/magnoliasilk.com\/lt\/wp-json\/wp\/v2\/product_tag?post=5929"}],"curies":[{"name":"wp","href":"https:\/\/api.w.org\/{rel}","templated":true}]}}