{"id":5875,"date":"2021-02-13T12:37:27","date_gmt":"2021-02-13T10:37:27","guid":{"rendered":"https:\/\/magnoliasilk.com\/product\/silk-robe-cream\/"},"modified":"2023-01-01T00:06:50","modified_gmt":"2022-12-31T22:06:50","slug":"silk-robe-cream","status":"publish","type":"product","link":"https:\/\/magnoliasilk.com\/lt\/produktas\/silk-robe-cream\/","title":{"rendered":"\u0160ilko chalatas CREAM"},"content":{"rendered":"<p>Atrodyk ir jauskis gra\u017eiai t\u0105 minut\u0119, kai apsivilksi savo Magnolia \u0161ilko chalata.<\/p>\n<p>Apvyniokite save drugelio sparnu. \u0160is 100% \u0161ilko chalatas b\u016bs b\u016btent toks mink\u0161tas, nes yra pagamintas i\u0161 \u0161velniausio, auk\u0161\u010diausios kokyb\u0117s 100% Mulberry \u0161ilko. \u0160ilko chalatas yra puikus dalykas ryte, kai gurk\u0161noti m\u0117gstam\u0105 g\u0117rim\u0105 i\u0161 megstamiausio puodelio. Tai taip pat puikus chalatas, kur\u012f reikia d\u0117v\u0117ti prie\u0161 sald\u0173 mieg\u0105. Arba d\u0117v\u0117kite j\u012f bet kada tarp Zoom susitikim\u0173. Tu \u017einojai, kad \u0161is chalatas tavo, kai tik j\u012f pamatei.<\/p>\n<p>Sud\u0117tis: 100% \u0161ilkas<\/p>\n<p>Matavimai:<\/p>\n<p>Ilgis: 93cm<br \/>\nPe\u010di\u0173 plotis: 41cm<br \/>\nRankov\u0117s ilgis: 50cm<br \/>\nApimtis: 124cm<\/p>\n<p>Vienas universalus dydis puikiai tiks S, M, L dyd\u017eiams. Modelio auk\u0161tis nuotraukose yra 170 cm.<\/p>\n","protected":false},"excerpt":{"rendered":"<p>Pasijuskite nuostabiai t\u0105 akimirk\u0105, kai apsivilksite Magnolijos \u0161ilko chalat\u0105.<\/p>\n","protected":false},"featured_media":5882,"template":"","meta":[],"product_brand":[],"product_cat":[209],"product_tag":[165],"class_list":{"0":"post-5875","1":"product","2":"type-product","3":"status-publish","4":"has-post-thumbnail","6":"product_cat-silk-robes-lt","7":"product_tag-nightwear-lt","9":"first","10":"instock","11":"sale","12":"taxable","13":"shipping-taxable","14":"purchasable","15":"product-type-variable","16":"has-default-attributes"},"exclude_global_add_ons":[],"addons":[],"yoast_head":"<!-- This site is optimized with the Yoast SEO plugin v27.2 - https:\/\/yoast.com\/product\/yoast-seo-wordpress\/ -->\n<title>\u0160ilko chalatas CREAM - Magnolia silk collection<\/title>\n<meta name=\"robots\" content=\"index, follow, max-snippet:-1, max-image-preview:large, max-video-preview:-1\" \/>\n<link rel=\"canonical\" href=\"https:\/\/magnoliasilk.com\/lt\/produktas\/silk-robe-cream\/\" \/>\n<meta property=\"og:locale\" content=\"lt_LT\" \/>\n<meta property=\"og:type\" content=\"article\" \/>\n<meta property=\"og:title\" content=\"\u0160ilko chalatas CREAM - Magnolia silk collection\" \/>\n<meta property=\"og:description\" content=\"Pasijuskite nuostabiai t\u0105 akimirk\u0105, kai apsivilksite Magnolijos \u0161ilko chalat\u0105.\" \/>\n<meta property=\"og:url\" content=\"https:\/\/magnoliasilk.com\/lt\/produktas\/silk-robe-cream\/\" \/>\n<meta property=\"og:site_name\" content=\"Magnolia silk collection\" \/>\n<meta property=\"article:publisher\" content=\"https:\/\/www.facebook.com\/Magnoliasilkcollection\" \/>\n<meta property=\"article:modified_time\" content=\"2022-12-31T22:06:50+00:00\" \/>\n<meta property=\"og:image\" content=\"https:\/\/magnoliasilk.com\/wp-content\/uploads\/2021\/02\/DSC01403-Medium.jpg\" \/>\n\t<meta property=\"og:image:width\" content=\"768\" \/>\n\t<meta property=\"og:image:height\" content=\"1151\" \/>\n\t<meta property=\"og:image:type\" content=\"image\/jpeg\" \/>\n<meta name=\"twitter:card\" content=\"summary_large_image\" \/>\n<meta name=\"twitter:label1\" content=\"Est. reading time\" \/>\n\t<meta name=\"twitter:data1\" content=\"1 minut\u0117\" \/>\n<script type=\"application\/ld+json\" class=\"yoast-schema-graph\">{\"@context\":\"https:\/\/schema.org\",\"@graph\":[{\"@type\":\"WebPage\",\"@id\":\"https:\/\/magnoliasilk.com\/lt\/produktas\/silk-robe-cream\/\",\"url\":\"https:\/\/magnoliasilk.com\/lt\/produktas\/silk-robe-cream\/\",\"name\":\"\u0160ilko chalatas CREAM - Magnolia silk collection\",\"isPartOf\":{\"@id\":\"https:\/\/magnoliasilk.com\/#website\"},\"primaryImageOfPage\":{\"@id\":\"https:\/\/magnoliasilk.com\/lt\/produktas\/silk-robe-cream\/#primaryimage\"},\"image\":{\"@id\":\"https:\/\/magnoliasilk.com\/lt\/produktas\/silk-robe-cream\/#primaryimage\"},\"thumbnailUrl\":\"https:\/\/i0.wp.com\/magnoliasilk.com\/wp-content\/uploads\/2021\/02\/DSC01403-Medium.jpg?fit=768%2C1151&ssl=1\",\"datePublished\":\"2021-02-13T10:37:27+00:00\",\"dateModified\":\"2022-12-31T22:06:50+00:00\",\"breadcrumb\":{\"@id\":\"https:\/\/magnoliasilk.com\/lt\/produktas\/silk-robe-cream\/#breadcrumb\"},\"inLanguage\":\"lt-LT\",\"potentialAction\":[{\"@type\":\"ReadAction\",\"target\":[\"https:\/\/magnoliasilk.com\/lt\/produktas\/silk-robe-cream\/\"]}]},{\"@type\":\"ImageObject\",\"inLanguage\":\"lt-LT\",\"@id\":\"https:\/\/magnoliasilk.com\/lt\/produktas\/silk-robe-cream\/#primaryimage\",\"url\":\"https:\/\/i0.wp.com\/magnoliasilk.com\/wp-content\/uploads\/2021\/02\/DSC01403-Medium.jpg?fit=768%2C1151&ssl=1\",\"contentUrl\":\"https:\/\/i0.wp.com\/magnoliasilk.com\/wp-content\/uploads\/2021\/02\/DSC01403-Medium.jpg?fit=768%2C1151&ssl=1\",\"width\":768,\"height\":1151},{\"@type\":\"BreadcrumbList\",\"@id\":\"https:\/\/magnoliasilk.com\/lt\/produktas\/silk-robe-cream\/#breadcrumb\",\"itemListElement\":[{\"@type\":\"ListItem\",\"position\":1,\"name\":\"Home\",\"item\":\"https:\/\/magnoliasilk.com\/lt\/\"},{\"@type\":\"ListItem\",\"position\":2,\"name\":\"Shop\",\"item\":\"https:\/\/magnoliasilk.com\/lt\/shop-3\/\"},{\"@type\":\"ListItem\",\"position\":3,\"name\":\"\u0160ilko chalatas CREAM\"}]},{\"@type\":\"WebSite\",\"@id\":\"https:\/\/magnoliasilk.com\/#website\",\"url\":\"https:\/\/magnoliasilk.com\/\",\"name\":\"Magnolia silk collection\",\"description\":\"Mulberry silk products by Magnolia\",\"publisher\":{\"@id\":\"https:\/\/magnoliasilk.com\/#organization\"},\"potentialAction\":[{\"@type\":\"SearchAction\",\"target\":{\"@type\":\"EntryPoint\",\"urlTemplate\":\"https:\/\/magnoliasilk.com\/?s={search_term_string}\"},\"query-input\":{\"@type\":\"PropertyValueSpecification\",\"valueRequired\":true,\"valueName\":\"search_term_string\"}}],\"inLanguage\":\"lt-LT\"},{\"@type\":\"Organization\",\"@id\":\"https:\/\/magnoliasilk.com\/#organization\",\"name\":\"Magnolia silk collection\",\"url\":\"https:\/\/magnoliasilk.com\/\",\"logo\":{\"@type\":\"ImageObject\",\"inLanguage\":\"lt-LT\",\"@id\":\"https:\/\/magnoliasilk.com\/#\/schema\/logo\/image\/\",\"url\":\"https:\/\/i1.wp.com\/magnoliasilk.com\/wp-content\/uploads\/2021\/06\/cropped-magnolia-1.png?fit=369%2C80&ssl=1\",\"contentUrl\":\"https:\/\/i1.wp.com\/magnoliasilk.com\/wp-content\/uploads\/2021\/06\/cropped-magnolia-1.png?fit=369%2C80&ssl=1\",\"width\":369,\"height\":80,\"caption\":\"Magnolia silk collection\"},\"image\":{\"@id\":\"https:\/\/magnoliasilk.com\/#\/schema\/logo\/image\/\"},\"sameAs\":[\"https:\/\/www.facebook.com\/Magnoliasilkcollection\",\"https:\/\/www.instagram.com\/magnolia.silk\/\",\"https:\/\/www.pinterest.com\/magnoliasilkcollection\/\"]}]}<\/script>\n<!-- \/ Yoast SEO plugin. -->","yoast_head_json":{"title":"\u0160ilko chalatas CREAM - Magnolia silk collection","robots":{"index":"index","follow":"follow","max-snippet":"max-snippet:-1","max-image-preview":"max-image-preview:large","max-video-preview":"max-video-preview:-1"},"canonical":"https:\/\/magnoliasilk.com\/lt\/produktas\/silk-robe-cream\/","og_locale":"lt_LT","og_type":"article","og_title":"\u0160ilko chalatas CREAM - Magnolia silk collection","og_description":"Pasijuskite nuostabiai t\u0105 akimirk\u0105, kai apsivilksite Magnolijos \u0161ilko chalat\u0105.","og_url":"https:\/\/magnoliasilk.com\/lt\/produktas\/silk-robe-cream\/","og_site_name":"Magnolia silk collection","article_publisher":"https:\/\/www.facebook.com\/Magnoliasilkcollection","article_modified_time":"2022-12-31T22:06:50+00:00","og_image":[{"width":768,"height":1151,"url":"https:\/\/magnoliasilk.com\/wp-content\/uploads\/2021\/02\/DSC01403-Medium.jpg","type":"image\/jpeg"}],"twitter_card":"summary_large_image","twitter_misc":{"Est. reading time":"1 minut\u0117"},"schema":{"@context":"https:\/\/schema.org","@graph":[{"@type":"WebPage","@id":"https:\/\/magnoliasilk.com\/lt\/produktas\/silk-robe-cream\/","url":"https:\/\/magnoliasilk.com\/lt\/produktas\/silk-robe-cream\/","name":"\u0160ilko chalatas CREAM - Magnolia silk collection","isPartOf":{"@id":"https:\/\/magnoliasilk.com\/#website"},"primaryImageOfPage":{"@id":"https:\/\/magnoliasilk.com\/lt\/produktas\/silk-robe-cream\/#primaryimage"},"image":{"@id":"https:\/\/magnoliasilk.com\/lt\/produktas\/silk-robe-cream\/#primaryimage"},"thumbnailUrl":"https:\/\/i0.wp.com\/magnoliasilk.com\/wp-content\/uploads\/2021\/02\/DSC01403-Medium.jpg?fit=768%2C1151&ssl=1","datePublished":"2021-02-13T10:37:27+00:00","dateModified":"2022-12-31T22:06:50+00:00","breadcrumb":{"@id":"https:\/\/magnoliasilk.com\/lt\/produktas\/silk-robe-cream\/#breadcrumb"},"inLanguage":"lt-LT","potentialAction":[{"@type":"ReadAction","target":["https:\/\/magnoliasilk.com\/lt\/produktas\/silk-robe-cream\/"]}]},{"@type":"ImageObject","inLanguage":"lt-LT","@id":"https:\/\/magnoliasilk.com\/lt\/produktas\/silk-robe-cream\/#primaryimage","url":"https:\/\/i0.wp.com\/magnoliasilk.com\/wp-content\/uploads\/2021\/02\/DSC01403-Medium.jpg?fit=768%2C1151&ssl=1","contentUrl":"https:\/\/i0.wp.com\/magnoliasilk.com\/wp-content\/uploads\/2021\/02\/DSC01403-Medium.jpg?fit=768%2C1151&ssl=1","width":768,"height":1151},{"@type":"BreadcrumbList","@id":"https:\/\/magnoliasilk.com\/lt\/produktas\/silk-robe-cream\/#breadcrumb","itemListElement":[{"@type":"ListItem","position":1,"name":"Home","item":"https:\/\/magnoliasilk.com\/lt\/"},{"@type":"ListItem","position":2,"name":"Shop","item":"https:\/\/magnoliasilk.com\/lt\/shop-3\/"},{"@type":"ListItem","position":3,"name":"\u0160ilko chalatas CREAM"}]},{"@type":"WebSite","@id":"https:\/\/magnoliasilk.com\/#website","url":"https:\/\/magnoliasilk.com\/","name":"Magnolia silk collection","description":"Mulberry silk products by Magnolia","publisher":{"@id":"https:\/\/magnoliasilk.com\/#organization"},"potentialAction":[{"@type":"SearchAction","target":{"@type":"EntryPoint","urlTemplate":"https:\/\/magnoliasilk.com\/?s={search_term_string}"},"query-input":{"@type":"PropertyValueSpecification","valueRequired":true,"valueName":"search_term_string"}}],"inLanguage":"lt-LT"},{"@type":"Organization","@id":"https:\/\/magnoliasilk.com\/#organization","name":"Magnolia silk collection","url":"https:\/\/magnoliasilk.com\/","logo":{"@type":"ImageObject","inLanguage":"lt-LT","@id":"https:\/\/magnoliasilk.com\/#\/schema\/logo\/image\/","url":"https:\/\/i1.wp.com\/magnoliasilk.com\/wp-content\/uploads\/2021\/06\/cropped-magnolia-1.png?fit=369%2C80&ssl=1","contentUrl":"https:\/\/i1.wp.com\/magnoliasilk.com\/wp-content\/uploads\/2021\/06\/cropped-magnolia-1.png?fit=369%2C80&ssl=1","width":369,"height":80,"caption":"Magnolia silk collection"},"image":{"@id":"https:\/\/magnoliasilk.com\/#\/schema\/logo\/image\/"},"sameAs":["https:\/\/www.facebook.com\/Magnoliasilkcollection","https:\/\/www.instagram.com\/magnolia.silk\/","https:\/\/www.pinterest.com\/magnoliasilkcollection\/"]}]}},"jetpack_sharing_enabled":true,"_links":{"self":[{"href":"https:\/\/magnoliasilk.com\/lt\/wp-json\/wp\/v2\/product\/5875","targetHints":{"allow":["GET"]}}],"collection":[{"href":"https:\/\/magnoliasilk.com\/lt\/wp-json\/wp\/v2\/product"}],"about":[{"href":"https:\/\/magnoliasilk.com\/lt\/wp-json\/wp\/v2\/types\/product"}],"wp:featuredmedia":[{"embeddable":true,"href":"https:\/\/magnoliasilk.com\/lt\/wp-json\/wp\/v2\/media\/5882"}],"wp:attachment":[{"href":"https:\/\/magnoliasilk.com\/lt\/wp-json\/wp\/v2\/media?parent=5875"}],"wp:term":[{"taxonomy":"product_brand","embeddable":true,"href":"https:\/\/magnoliasilk.com\/lt\/wp-json\/wp\/v2\/product_brand?post=5875"},{"taxonomy":"product_cat","embeddable":true,"href":"https:\/\/magnoliasilk.com\/lt\/wp-json\/wp\/v2\/product_cat?post=5875"},{"taxonomy":"product_tag","embeddable":true,"href":"https:\/\/magnoliasilk.com\/lt\/wp-json\/wp\/v2\/product_tag?post=5875"}],"curies":[{"name":"wp","href":"https:\/\/api.w.org\/{rel}","templated":true}]}}