{"id":5812,"date":"2021-04-14T16:56:11","date_gmt":"2021-04-14T13:56:11","guid":{"rendered":"https:\/\/magnoliasilk.com\/product\/natural-silk-scrunchie-creme-de-mint\/"},"modified":"2021-05-19T12:18:20","modified_gmt":"2021-05-19T09:18:20","slug":"natural-silk-scrunchie-creme-de-mint","status":"publish","type":"product","link":"https:\/\/magnoliasilk.com\/lt\/produktas\/natural-silk-scrunchie-creme-de-mint\/","title":{"rendered":"\u0160ilko gumyt\u0117 Cr\u00e8me de MINT"},"content":{"rendered":"<p>Rafinuota \u201eCr\u00e8me de MINT\u201c \u0161ilko gumyt\u0117, pagaminta i\u0161 100% Mulberry \u0161ilko. \u012e kain\u0105 \u012fskai\u010diuota Magnolia dovan\u0173 d\u0117\u017eut\u0117. Mulberry \u0161ilkas yra labai mink\u0161tas ir eleganti\u0161kas. \u0160i \u0161ilko gumyt\u0117 yra tarsi svajon\u0117.Leisk sau svajoti!<\/p>\n<p>S dyd\u017eio \u0161ilko gumyt\u0117 bus puikus pasirinkimas eleganti\u0161kesnei i\u0161vaizdai, M dyd\u017eio \u0161ilko gumyt\u0117 yra puikus kasdienis pasirinkimas, o L dyd\u017eio \u0161ilko gumyt\u0117 tikrai yra tinkamas pasirinkimas moterims su storais ar garbanotais plaukais, arba moterims, kurioms tiesiog patinka labai efektinga i\u0161vaizda.<\/p>\n<div>\n<div>\n<div><\/div>\n<\/div>\n<\/div>\n<div><\/div>\n","protected":false},"excerpt":{"rendered":"<p>Nor\u0117dami suprasti \u0161ios \u0161ilko gumyt\u0117s gro\u017e\u012f, laikykite ja plaukuose, pir\u0161tais palieskite mink\u0161t\u0105 \u0161ilk\u0105 &#8230; Atsisveikink su nesveikais, nul\u016b\u017eusiais plaukais!<\/p>\n","protected":false},"featured_media":5236,"template":"","meta":[],"product_brand":[],"product_cat":[202],"product_tag":[],"class_list":{"0":"post-5812","1":"product","2":"type-product","3":"status-publish","4":"has-post-thumbnail","6":"product_cat-silk-schrunchies-lt","8":"first","9":"outofstock","10":"sale","11":"taxable","12":"shipping-taxable","13":"purchasable","14":"product-type-variable","15":"has-default-attributes"},"exclude_global_add_ons":false,"addons":[{"name":"\u00a0","type":"multiple_choice","position":0,"required":true,"title_format":"hide","default":"","description_enable":false,"description":"","placeholder_enable":false,"placeholder":"","display":"radiobutton","restrictions_type":"any_text","adjust_price":false,"price":"","price_type":"flat_fee","restrictions":false,"min":"0","max":"0","options":[{"label":"No giftbox","price":"","price_type":"flat_fee","image":0,"visibility":true},{"label":"Luxurious Magnolia white giftbox","price":"2.5","price_type":"quantity_based","image":4077,"visibility":true}],"id":1668980122}],"yoast_head":"<!-- This site is optimized with the Yoast SEO plugin v27.2 - https:\/\/yoast.com\/product\/yoast-seo-wordpress\/ -->\n<title>\u0160ilko gumyt\u0117 Cr\u00e8me de MINT - Magnolia silk collection<\/title>\n<meta name=\"robots\" content=\"index, follow, max-snippet:-1, max-image-preview:large, max-video-preview:-1\" \/>\n<link rel=\"canonical\" href=\"https:\/\/magnoliasilk.com\/lt\/produktas\/natural-silk-scrunchie-creme-de-mint\/\" \/>\n<meta property=\"og:locale\" content=\"lt_LT\" \/>\n<meta property=\"og:type\" content=\"article\" \/>\n<meta property=\"og:title\" content=\"\u0160ilko gumyt\u0117 Cr\u00e8me de MINT - Magnolia silk collection\" \/>\n<meta property=\"og:description\" content=\"Nor\u0117dami suprasti \u0161ios \u0161ilko gumyt\u0117s gro\u017e\u012f, laikykite ja plaukuose, pir\u0161tais palieskite mink\u0161t\u0105 \u0161ilk\u0105 ... Atsisveikink su nesveikais, nul\u016b\u017eusiais plaukais!\" \/>\n<meta property=\"og:url\" content=\"https:\/\/magnoliasilk.com\/lt\/produktas\/natural-silk-scrunchie-creme-de-mint\/\" \/>\n<meta property=\"og:site_name\" content=\"Magnolia silk collection\" \/>\n<meta property=\"article:publisher\" content=\"https:\/\/www.facebook.com\/Magnoliasilkcollection\" \/>\n<meta property=\"article:modified_time\" content=\"2021-05-19T09:18:20+00:00\" \/>\n<meta property=\"og:image\" content=\"https:\/\/magnoliasilk.com\/wp-content\/uploads\/2021\/04\/2A11FDEC-0CF7-46B3-819F-FA1930A67E33.jpg\" \/>\n\t<meta property=\"og:image:width\" content=\"1536\" \/>\n\t<meta property=\"og:image:height\" content=\"2048\" \/>\n\t<meta property=\"og:image:type\" content=\"image\/jpeg\" \/>\n<meta name=\"twitter:card\" content=\"summary_large_image\" \/>\n<meta name=\"twitter:label1\" content=\"Est. reading time\" \/>\n\t<meta name=\"twitter:data1\" content=\"1 minut\u0117\" \/>\n<script type=\"application\/ld+json\" class=\"yoast-schema-graph\">{\"@context\":\"https:\/\/schema.org\",\"@graph\":[{\"@type\":\"WebPage\",\"@id\":\"https:\/\/magnoliasilk.com\/lt\/produktas\/natural-silk-scrunchie-creme-de-mint\/\",\"url\":\"https:\/\/magnoliasilk.com\/lt\/produktas\/natural-silk-scrunchie-creme-de-mint\/\",\"name\":\"\u0160ilko gumyt\u0117 Cr\u00e8me de MINT - Magnolia silk collection\",\"isPartOf\":{\"@id\":\"https:\/\/magnoliasilk.com\/#website\"},\"primaryImageOfPage\":{\"@id\":\"https:\/\/magnoliasilk.com\/lt\/produktas\/natural-silk-scrunchie-creme-de-mint\/#primaryimage\"},\"image\":{\"@id\":\"https:\/\/magnoliasilk.com\/lt\/produktas\/natural-silk-scrunchie-creme-de-mint\/#primaryimage\"},\"thumbnailUrl\":\"https:\/\/i0.wp.com\/magnoliasilk.com\/wp-content\/uploads\/2021\/04\/2A11FDEC-0CF7-46B3-819F-FA1930A67E33.jpg?fit=1536%2C2048&ssl=1\",\"datePublished\":\"2021-04-14T13:56:11+00:00\",\"dateModified\":\"2021-05-19T09:18:20+00:00\",\"breadcrumb\":{\"@id\":\"https:\/\/magnoliasilk.com\/lt\/produktas\/natural-silk-scrunchie-creme-de-mint\/#breadcrumb\"},\"inLanguage\":\"lt-LT\",\"potentialAction\":[{\"@type\":\"ReadAction\",\"target\":[\"https:\/\/magnoliasilk.com\/lt\/produktas\/natural-silk-scrunchie-creme-de-mint\/\"]}]},{\"@type\":\"ImageObject\",\"inLanguage\":\"lt-LT\",\"@id\":\"https:\/\/magnoliasilk.com\/lt\/produktas\/natural-silk-scrunchie-creme-de-mint\/#primaryimage\",\"url\":\"https:\/\/i0.wp.com\/magnoliasilk.com\/wp-content\/uploads\/2021\/04\/2A11FDEC-0CF7-46B3-819F-FA1930A67E33.jpg?fit=1536%2C2048&ssl=1\",\"contentUrl\":\"https:\/\/i0.wp.com\/magnoliasilk.com\/wp-content\/uploads\/2021\/04\/2A11FDEC-0CF7-46B3-819F-FA1930A67E33.jpg?fit=1536%2C2048&ssl=1\",\"width\":1536,\"height\":2048,\"caption\":\"creme de mint scrunchie\"},{\"@type\":\"BreadcrumbList\",\"@id\":\"https:\/\/magnoliasilk.com\/lt\/produktas\/natural-silk-scrunchie-creme-de-mint\/#breadcrumb\",\"itemListElement\":[{\"@type\":\"ListItem\",\"position\":1,\"name\":\"Home\",\"item\":\"https:\/\/magnoliasilk.com\/lt\/\"},{\"@type\":\"ListItem\",\"position\":2,\"name\":\"Shop\",\"item\":\"https:\/\/magnoliasilk.com\/lt\/shop-3\/\"},{\"@type\":\"ListItem\",\"position\":3,\"name\":\"\u0160ilko gumyt\u0117 Cr\u00e8me de MINT\"}]},{\"@type\":\"WebSite\",\"@id\":\"https:\/\/magnoliasilk.com\/#website\",\"url\":\"https:\/\/magnoliasilk.com\/\",\"name\":\"Magnolia silk collection\",\"description\":\"Mulberry silk products by Magnolia\",\"publisher\":{\"@id\":\"https:\/\/magnoliasilk.com\/#organization\"},\"potentialAction\":[{\"@type\":\"SearchAction\",\"target\":{\"@type\":\"EntryPoint\",\"urlTemplate\":\"https:\/\/magnoliasilk.com\/?s={search_term_string}\"},\"query-input\":{\"@type\":\"PropertyValueSpecification\",\"valueRequired\":true,\"valueName\":\"search_term_string\"}}],\"inLanguage\":\"lt-LT\"},{\"@type\":\"Organization\",\"@id\":\"https:\/\/magnoliasilk.com\/#organization\",\"name\":\"Magnolia silk collection\",\"url\":\"https:\/\/magnoliasilk.com\/\",\"logo\":{\"@type\":\"ImageObject\",\"inLanguage\":\"lt-LT\",\"@id\":\"https:\/\/magnoliasilk.com\/#\/schema\/logo\/image\/\",\"url\":\"https:\/\/i1.wp.com\/magnoliasilk.com\/wp-content\/uploads\/2021\/06\/cropped-magnolia-1.png?fit=369%2C80&ssl=1\",\"contentUrl\":\"https:\/\/i1.wp.com\/magnoliasilk.com\/wp-content\/uploads\/2021\/06\/cropped-magnolia-1.png?fit=369%2C80&ssl=1\",\"width\":369,\"height\":80,\"caption\":\"Magnolia silk collection\"},\"image\":{\"@id\":\"https:\/\/magnoliasilk.com\/#\/schema\/logo\/image\/\"},\"sameAs\":[\"https:\/\/www.facebook.com\/Magnoliasilkcollection\",\"https:\/\/www.instagram.com\/magnolia.silk\/\",\"https:\/\/www.pinterest.com\/magnoliasilkcollection\/\"]}]}<\/script>\n<!-- \/ Yoast SEO plugin. -->","yoast_head_json":{"title":"\u0160ilko gumyt\u0117 Cr\u00e8me de MINT - Magnolia silk collection","robots":{"index":"index","follow":"follow","max-snippet":"max-snippet:-1","max-image-preview":"max-image-preview:large","max-video-preview":"max-video-preview:-1"},"canonical":"https:\/\/magnoliasilk.com\/lt\/produktas\/natural-silk-scrunchie-creme-de-mint\/","og_locale":"lt_LT","og_type":"article","og_title":"\u0160ilko gumyt\u0117 Cr\u00e8me de MINT - Magnolia silk collection","og_description":"Nor\u0117dami suprasti \u0161ios \u0161ilko gumyt\u0117s gro\u017e\u012f, laikykite ja plaukuose, pir\u0161tais palieskite mink\u0161t\u0105 \u0161ilk\u0105 ... Atsisveikink su nesveikais, nul\u016b\u017eusiais plaukais!","og_url":"https:\/\/magnoliasilk.com\/lt\/produktas\/natural-silk-scrunchie-creme-de-mint\/","og_site_name":"Magnolia silk collection","article_publisher":"https:\/\/www.facebook.com\/Magnoliasilkcollection","article_modified_time":"2021-05-19T09:18:20+00:00","og_image":[{"width":1536,"height":2048,"url":"https:\/\/magnoliasilk.com\/wp-content\/uploads\/2021\/04\/2A11FDEC-0CF7-46B3-819F-FA1930A67E33.jpg","type":"image\/jpeg"}],"twitter_card":"summary_large_image","twitter_misc":{"Est. reading time":"1 minut\u0117"},"schema":{"@context":"https:\/\/schema.org","@graph":[{"@type":"WebPage","@id":"https:\/\/magnoliasilk.com\/lt\/produktas\/natural-silk-scrunchie-creme-de-mint\/","url":"https:\/\/magnoliasilk.com\/lt\/produktas\/natural-silk-scrunchie-creme-de-mint\/","name":"\u0160ilko gumyt\u0117 Cr\u00e8me de MINT - Magnolia silk collection","isPartOf":{"@id":"https:\/\/magnoliasilk.com\/#website"},"primaryImageOfPage":{"@id":"https:\/\/magnoliasilk.com\/lt\/produktas\/natural-silk-scrunchie-creme-de-mint\/#primaryimage"},"image":{"@id":"https:\/\/magnoliasilk.com\/lt\/produktas\/natural-silk-scrunchie-creme-de-mint\/#primaryimage"},"thumbnailUrl":"https:\/\/i0.wp.com\/magnoliasilk.com\/wp-content\/uploads\/2021\/04\/2A11FDEC-0CF7-46B3-819F-FA1930A67E33.jpg?fit=1536%2C2048&ssl=1","datePublished":"2021-04-14T13:56:11+00:00","dateModified":"2021-05-19T09:18:20+00:00","breadcrumb":{"@id":"https:\/\/magnoliasilk.com\/lt\/produktas\/natural-silk-scrunchie-creme-de-mint\/#breadcrumb"},"inLanguage":"lt-LT","potentialAction":[{"@type":"ReadAction","target":["https:\/\/magnoliasilk.com\/lt\/produktas\/natural-silk-scrunchie-creme-de-mint\/"]}]},{"@type":"ImageObject","inLanguage":"lt-LT","@id":"https:\/\/magnoliasilk.com\/lt\/produktas\/natural-silk-scrunchie-creme-de-mint\/#primaryimage","url":"https:\/\/i0.wp.com\/magnoliasilk.com\/wp-content\/uploads\/2021\/04\/2A11FDEC-0CF7-46B3-819F-FA1930A67E33.jpg?fit=1536%2C2048&ssl=1","contentUrl":"https:\/\/i0.wp.com\/magnoliasilk.com\/wp-content\/uploads\/2021\/04\/2A11FDEC-0CF7-46B3-819F-FA1930A67E33.jpg?fit=1536%2C2048&ssl=1","width":1536,"height":2048,"caption":"creme de mint scrunchie"},{"@type":"BreadcrumbList","@id":"https:\/\/magnoliasilk.com\/lt\/produktas\/natural-silk-scrunchie-creme-de-mint\/#breadcrumb","itemListElement":[{"@type":"ListItem","position":1,"name":"Home","item":"https:\/\/magnoliasilk.com\/lt\/"},{"@type":"ListItem","position":2,"name":"Shop","item":"https:\/\/magnoliasilk.com\/lt\/shop-3\/"},{"@type":"ListItem","position":3,"name":"\u0160ilko gumyt\u0117 Cr\u00e8me de MINT"}]},{"@type":"WebSite","@id":"https:\/\/magnoliasilk.com\/#website","url":"https:\/\/magnoliasilk.com\/","name":"Magnolia silk collection","description":"Mulberry silk products by Magnolia","publisher":{"@id":"https:\/\/magnoliasilk.com\/#organization"},"potentialAction":[{"@type":"SearchAction","target":{"@type":"EntryPoint","urlTemplate":"https:\/\/magnoliasilk.com\/?s={search_term_string}"},"query-input":{"@type":"PropertyValueSpecification","valueRequired":true,"valueName":"search_term_string"}}],"inLanguage":"lt-LT"},{"@type":"Organization","@id":"https:\/\/magnoliasilk.com\/#organization","name":"Magnolia silk collection","url":"https:\/\/magnoliasilk.com\/","logo":{"@type":"ImageObject","inLanguage":"lt-LT","@id":"https:\/\/magnoliasilk.com\/#\/schema\/logo\/image\/","url":"https:\/\/i1.wp.com\/magnoliasilk.com\/wp-content\/uploads\/2021\/06\/cropped-magnolia-1.png?fit=369%2C80&ssl=1","contentUrl":"https:\/\/i1.wp.com\/magnoliasilk.com\/wp-content\/uploads\/2021\/06\/cropped-magnolia-1.png?fit=369%2C80&ssl=1","width":369,"height":80,"caption":"Magnolia silk collection"},"image":{"@id":"https:\/\/magnoliasilk.com\/#\/schema\/logo\/image\/"},"sameAs":["https:\/\/www.facebook.com\/Magnoliasilkcollection","https:\/\/www.instagram.com\/magnolia.silk\/","https:\/\/www.pinterest.com\/magnoliasilkcollection\/"]}]}},"jetpack_sharing_enabled":true,"_links":{"self":[{"href":"https:\/\/magnoliasilk.com\/lt\/wp-json\/wp\/v2\/product\/5812","targetHints":{"allow":["GET"]}}],"collection":[{"href":"https:\/\/magnoliasilk.com\/lt\/wp-json\/wp\/v2\/product"}],"about":[{"href":"https:\/\/magnoliasilk.com\/lt\/wp-json\/wp\/v2\/types\/product"}],"wp:featuredmedia":[{"embeddable":true,"href":"https:\/\/magnoliasilk.com\/lt\/wp-json\/wp\/v2\/media\/5236"}],"wp:attachment":[{"href":"https:\/\/magnoliasilk.com\/lt\/wp-json\/wp\/v2\/media?parent=5812"}],"wp:term":[{"taxonomy":"product_brand","embeddable":true,"href":"https:\/\/magnoliasilk.com\/lt\/wp-json\/wp\/v2\/product_brand?post=5812"},{"taxonomy":"product_cat","embeddable":true,"href":"https:\/\/magnoliasilk.com\/lt\/wp-json\/wp\/v2\/product_cat?post=5812"},{"taxonomy":"product_tag","embeddable":true,"href":"https:\/\/magnoliasilk.com\/lt\/wp-json\/wp\/v2\/product_tag?post=5812"}],"curies":[{"name":"wp","href":"https:\/\/api.w.org\/{rel}","templated":true}]}}