{"id":16179,"date":"2024-06-19T10:25:20","date_gmt":"2024-06-19T07:25:20","guid":{"rendered":"https:\/\/magnoliasilk.com\/?post_type=product&#038;p=16179"},"modified":"2024-06-19T13:19:53","modified_gmt":"2024-06-19T10:19:53","slug":"silko-pizama-champagne","status":"publish","type":"product","link":"https:\/\/magnoliasilk.com\/lt\/produktas\/silko-pizama-champagne\/","title":{"rendered":"\u0160ilko pi\u017eama CHAMPAGNE"},"content":{"rendered":"<p>B\u016bk laiminga! Ir ypa\u010d dabar, kai tu turi \u0161ia nuostabia gryno \u0161ilko pi\u017eama. Tai ne tik pi\u017eama, bet ir puikus drabu\u017eis praleisti dienas namuose\u2026\u0160is rinkinys netrukus bus j\u016bs\u0173 nauja m\u0117gstamiausia pi\u017eama!<\/p>\n<p>Sud\u0117tis: 100% \u0161ilkas<br \/>\nPatogi pi\u017eama, tod\u0117l puikiai tiks kiekvienai k\u016bno formai<br \/>\nHipoalergi\u0161kas produktas<\/p>\n<p>\u0160ort\u0173 matavimai:<br \/>\nIlgis: 34cm<br \/>\nLiemuo: 80 cm,<br \/>\nKlubai: 117cm<\/p>\n<p>Vir\u0161utin\u0117s dalies matavimai:<br \/>\nIlgis: 62cm<br \/>\nKr\u016btin\u0117: 102cm<\/p>\n<p>Vienas universalus dydis puikiai tiks S, M dyd\u017eiams. Modelio auk\u0161tis nuotraukose yra 170 cm.<\/p>\n","protected":false},"excerpt":{"rendered":"<p>Toki patogi, toki mink\u0161ta pi\u017eama &#8230; Magnolia 100% \u0161ilko pi\u017eamos rinkinys.<\/p>\n","protected":false},"featured_media":16185,"template":"","meta":[],"product_brand":[],"product_cat":[339,330,164],"product_tag":[165],"class_list":{"0":"post-16179","1":"product","2":"type-product","3":"status-publish","4":"has-post-thumbnail","6":"product_cat-black-friday-offers-30-lt","7":"product_cat-new-products-lt","8":"product_cat-silk-pajamas-lt","9":"product_tag-nightwear-lt","11":"first","12":"outofstock","13":"sale","14":"taxable","15":"shipping-taxable","16":"purchasable","17":"product-type-simple"},"exclude_global_add_ons":[],"addons":[],"yoast_head":"<!-- This site is optimized with the Yoast SEO plugin v27.2 - https:\/\/yoast.com\/product\/yoast-seo-wordpress\/ -->\n<title>\u0160ilko pi\u017eama CHAMPAGNE - Magnolia silk collection<\/title>\n<meta name=\"robots\" content=\"index, follow, max-snippet:-1, max-image-preview:large, max-video-preview:-1\" \/>\n<link rel=\"canonical\" href=\"https:\/\/magnoliasilk.com\/lt\/produktas\/silko-pizama-champagne\/\" \/>\n<meta property=\"og:locale\" content=\"lt_LT\" \/>\n<meta property=\"og:type\" content=\"article\" \/>\n<meta property=\"og:title\" content=\"\u0160ilko pi\u017eama CHAMPAGNE - Magnolia silk collection\" \/>\n<meta property=\"og:description\" content=\"Toki patogi, toki mink\u0161ta pi\u017eama ... Magnolia 100% \u0161ilko pi\u017eamos rinkinys.\" \/>\n<meta property=\"og:url\" content=\"https:\/\/magnoliasilk.com\/lt\/produktas\/silko-pizama-champagne\/\" \/>\n<meta property=\"og:site_name\" content=\"Magnolia silk collection\" \/>\n<meta property=\"article:publisher\" content=\"https:\/\/www.facebook.com\/Magnoliasilkcollection\" \/>\n<meta property=\"article:modified_time\" content=\"2024-06-19T10:19:53+00:00\" \/>\n<meta property=\"og:image\" content=\"https:\/\/i0.wp.com\/magnoliasilk.com\/wp-content\/uploads\/2024\/06\/IMG_9277-scaled.jpg?fit=1920%2C2560&ssl=1\" \/>\n\t<meta property=\"og:image:width\" content=\"1920\" \/>\n\t<meta property=\"og:image:height\" content=\"2560\" \/>\n\t<meta property=\"og:image:type\" content=\"image\/jpeg\" \/>\n<meta name=\"twitter:card\" content=\"summary_large_image\" \/>\n<meta name=\"twitter:label1\" content=\"Est. reading time\" \/>\n\t<meta name=\"twitter:data1\" content=\"1 minut\u0117\" \/>\n<script type=\"application\/ld+json\" class=\"yoast-schema-graph\">{\"@context\":\"https:\/\/schema.org\",\"@graph\":[{\"@type\":\"WebPage\",\"@id\":\"https:\/\/magnoliasilk.com\/lt\/produktas\/silko-pizama-champagne\/\",\"url\":\"https:\/\/magnoliasilk.com\/lt\/produktas\/silko-pizama-champagne\/\",\"name\":\"\u0160ilko pi\u017eama CHAMPAGNE - Magnolia silk collection\",\"isPartOf\":{\"@id\":\"https:\/\/magnoliasilk.com\/#website\"},\"primaryImageOfPage\":{\"@id\":\"https:\/\/magnoliasilk.com\/lt\/produktas\/silko-pizama-champagne\/#primaryimage\"},\"image\":{\"@id\":\"https:\/\/magnoliasilk.com\/lt\/produktas\/silko-pizama-champagne\/#primaryimage\"},\"thumbnailUrl\":\"https:\/\/i0.wp.com\/magnoliasilk.com\/wp-content\/uploads\/2024\/06\/IMG_9277-scaled.jpg?fit=1920%2C2560&ssl=1\",\"datePublished\":\"2024-06-19T07:25:20+00:00\",\"dateModified\":\"2024-06-19T10:19:53+00:00\",\"breadcrumb\":{\"@id\":\"https:\/\/magnoliasilk.com\/lt\/produktas\/silko-pizama-champagne\/#breadcrumb\"},\"inLanguage\":\"lt-LT\",\"potentialAction\":[{\"@type\":\"ReadAction\",\"target\":[\"https:\/\/magnoliasilk.com\/lt\/produktas\/silko-pizama-champagne\/\"]}]},{\"@type\":\"ImageObject\",\"inLanguage\":\"lt-LT\",\"@id\":\"https:\/\/magnoliasilk.com\/lt\/produktas\/silko-pizama-champagne\/#primaryimage\",\"url\":\"https:\/\/i0.wp.com\/magnoliasilk.com\/wp-content\/uploads\/2024\/06\/IMG_9277-scaled.jpg?fit=1920%2C2560&ssl=1\",\"contentUrl\":\"https:\/\/i0.wp.com\/magnoliasilk.com\/wp-content\/uploads\/2024\/06\/IMG_9277-scaled.jpg?fit=1920%2C2560&ssl=1\",\"width\":1920,\"height\":2560},{\"@type\":\"BreadcrumbList\",\"@id\":\"https:\/\/magnoliasilk.com\/lt\/produktas\/silko-pizama-champagne\/#breadcrumb\",\"itemListElement\":[{\"@type\":\"ListItem\",\"position\":1,\"name\":\"Home\",\"item\":\"https:\/\/magnoliasilk.com\/lt\/\"},{\"@type\":\"ListItem\",\"position\":2,\"name\":\"Shop\",\"item\":\"https:\/\/magnoliasilk.com\/lt\/shop-3\/\"},{\"@type\":\"ListItem\",\"position\":3,\"name\":\"\u0160ilko pi\u017eama CHAMPAGNE\"}]},{\"@type\":\"WebSite\",\"@id\":\"https:\/\/magnoliasilk.com\/#website\",\"url\":\"https:\/\/magnoliasilk.com\/\",\"name\":\"Magnolia silk collection\",\"description\":\"Mulberry silk products by Magnolia\",\"publisher\":{\"@id\":\"https:\/\/magnoliasilk.com\/#organization\"},\"potentialAction\":[{\"@type\":\"SearchAction\",\"target\":{\"@type\":\"EntryPoint\",\"urlTemplate\":\"https:\/\/magnoliasilk.com\/?s={search_term_string}\"},\"query-input\":{\"@type\":\"PropertyValueSpecification\",\"valueRequired\":true,\"valueName\":\"search_term_string\"}}],\"inLanguage\":\"lt-LT\"},{\"@type\":\"Organization\",\"@id\":\"https:\/\/magnoliasilk.com\/#organization\",\"name\":\"Magnolia silk collection\",\"url\":\"https:\/\/magnoliasilk.com\/\",\"logo\":{\"@type\":\"ImageObject\",\"inLanguage\":\"lt-LT\",\"@id\":\"https:\/\/magnoliasilk.com\/#\/schema\/logo\/image\/\",\"url\":\"https:\/\/i1.wp.com\/magnoliasilk.com\/wp-content\/uploads\/2021\/06\/cropped-magnolia-1.png?fit=369%2C80&ssl=1\",\"contentUrl\":\"https:\/\/i1.wp.com\/magnoliasilk.com\/wp-content\/uploads\/2021\/06\/cropped-magnolia-1.png?fit=369%2C80&ssl=1\",\"width\":369,\"height\":80,\"caption\":\"Magnolia silk collection\"},\"image\":{\"@id\":\"https:\/\/magnoliasilk.com\/#\/schema\/logo\/image\/\"},\"sameAs\":[\"https:\/\/www.facebook.com\/Magnoliasilkcollection\",\"https:\/\/www.instagram.com\/magnolia.silk\/\",\"https:\/\/www.pinterest.com\/magnoliasilkcollection\/\"]}]}<\/script>\n<!-- \/ Yoast SEO plugin. -->","yoast_head_json":{"title":"\u0160ilko pi\u017eama CHAMPAGNE - Magnolia silk collection","robots":{"index":"index","follow":"follow","max-snippet":"max-snippet:-1","max-image-preview":"max-image-preview:large","max-video-preview":"max-video-preview:-1"},"canonical":"https:\/\/magnoliasilk.com\/lt\/produktas\/silko-pizama-champagne\/","og_locale":"lt_LT","og_type":"article","og_title":"\u0160ilko pi\u017eama CHAMPAGNE - Magnolia silk collection","og_description":"Toki patogi, toki mink\u0161ta pi\u017eama ... Magnolia 100% \u0161ilko pi\u017eamos rinkinys.","og_url":"https:\/\/magnoliasilk.com\/lt\/produktas\/silko-pizama-champagne\/","og_site_name":"Magnolia silk collection","article_publisher":"https:\/\/www.facebook.com\/Magnoliasilkcollection","article_modified_time":"2024-06-19T10:19:53+00:00","og_image":[{"width":1920,"height":2560,"url":"https:\/\/i0.wp.com\/magnoliasilk.com\/wp-content\/uploads\/2024\/06\/IMG_9277-scaled.jpg?fit=1920%2C2560&ssl=1","type":"image\/jpeg"}],"twitter_card":"summary_large_image","twitter_misc":{"Est. reading time":"1 minut\u0117"},"schema":{"@context":"https:\/\/schema.org","@graph":[{"@type":"WebPage","@id":"https:\/\/magnoliasilk.com\/lt\/produktas\/silko-pizama-champagne\/","url":"https:\/\/magnoliasilk.com\/lt\/produktas\/silko-pizama-champagne\/","name":"\u0160ilko pi\u017eama CHAMPAGNE - Magnolia silk collection","isPartOf":{"@id":"https:\/\/magnoliasilk.com\/#website"},"primaryImageOfPage":{"@id":"https:\/\/magnoliasilk.com\/lt\/produktas\/silko-pizama-champagne\/#primaryimage"},"image":{"@id":"https:\/\/magnoliasilk.com\/lt\/produktas\/silko-pizama-champagne\/#primaryimage"},"thumbnailUrl":"https:\/\/i0.wp.com\/magnoliasilk.com\/wp-content\/uploads\/2024\/06\/IMG_9277-scaled.jpg?fit=1920%2C2560&ssl=1","datePublished":"2024-06-19T07:25:20+00:00","dateModified":"2024-06-19T10:19:53+00:00","breadcrumb":{"@id":"https:\/\/magnoliasilk.com\/lt\/produktas\/silko-pizama-champagne\/#breadcrumb"},"inLanguage":"lt-LT","potentialAction":[{"@type":"ReadAction","target":["https:\/\/magnoliasilk.com\/lt\/produktas\/silko-pizama-champagne\/"]}]},{"@type":"ImageObject","inLanguage":"lt-LT","@id":"https:\/\/magnoliasilk.com\/lt\/produktas\/silko-pizama-champagne\/#primaryimage","url":"https:\/\/i0.wp.com\/magnoliasilk.com\/wp-content\/uploads\/2024\/06\/IMG_9277-scaled.jpg?fit=1920%2C2560&ssl=1","contentUrl":"https:\/\/i0.wp.com\/magnoliasilk.com\/wp-content\/uploads\/2024\/06\/IMG_9277-scaled.jpg?fit=1920%2C2560&ssl=1","width":1920,"height":2560},{"@type":"BreadcrumbList","@id":"https:\/\/magnoliasilk.com\/lt\/produktas\/silko-pizama-champagne\/#breadcrumb","itemListElement":[{"@type":"ListItem","position":1,"name":"Home","item":"https:\/\/magnoliasilk.com\/lt\/"},{"@type":"ListItem","position":2,"name":"Shop","item":"https:\/\/magnoliasilk.com\/lt\/shop-3\/"},{"@type":"ListItem","position":3,"name":"\u0160ilko pi\u017eama CHAMPAGNE"}]},{"@type":"WebSite","@id":"https:\/\/magnoliasilk.com\/#website","url":"https:\/\/magnoliasilk.com\/","name":"Magnolia silk collection","description":"Mulberry silk products by Magnolia","publisher":{"@id":"https:\/\/magnoliasilk.com\/#organization"},"potentialAction":[{"@type":"SearchAction","target":{"@type":"EntryPoint","urlTemplate":"https:\/\/magnoliasilk.com\/?s={search_term_string}"},"query-input":{"@type":"PropertyValueSpecification","valueRequired":true,"valueName":"search_term_string"}}],"inLanguage":"lt-LT"},{"@type":"Organization","@id":"https:\/\/magnoliasilk.com\/#organization","name":"Magnolia silk collection","url":"https:\/\/magnoliasilk.com\/","logo":{"@type":"ImageObject","inLanguage":"lt-LT","@id":"https:\/\/magnoliasilk.com\/#\/schema\/logo\/image\/","url":"https:\/\/i1.wp.com\/magnoliasilk.com\/wp-content\/uploads\/2021\/06\/cropped-magnolia-1.png?fit=369%2C80&ssl=1","contentUrl":"https:\/\/i1.wp.com\/magnoliasilk.com\/wp-content\/uploads\/2021\/06\/cropped-magnolia-1.png?fit=369%2C80&ssl=1","width":369,"height":80,"caption":"Magnolia silk collection"},"image":{"@id":"https:\/\/magnoliasilk.com\/#\/schema\/logo\/image\/"},"sameAs":["https:\/\/www.facebook.com\/Magnoliasilkcollection","https:\/\/www.instagram.com\/magnolia.silk\/","https:\/\/www.pinterest.com\/magnoliasilkcollection\/"]}]}},"jetpack_sharing_enabled":true,"_links":{"self":[{"href":"https:\/\/magnoliasilk.com\/lt\/wp-json\/wp\/v2\/product\/16179","targetHints":{"allow":["GET"]}}],"collection":[{"href":"https:\/\/magnoliasilk.com\/lt\/wp-json\/wp\/v2\/product"}],"about":[{"href":"https:\/\/magnoliasilk.com\/lt\/wp-json\/wp\/v2\/types\/product"}],"wp:featuredmedia":[{"embeddable":true,"href":"https:\/\/magnoliasilk.com\/lt\/wp-json\/wp\/v2\/media\/16185"}],"wp:attachment":[{"href":"https:\/\/magnoliasilk.com\/lt\/wp-json\/wp\/v2\/media?parent=16179"}],"wp:term":[{"taxonomy":"product_brand","embeddable":true,"href":"https:\/\/magnoliasilk.com\/lt\/wp-json\/wp\/v2\/product_brand?post=16179"},{"taxonomy":"product_cat","embeddable":true,"href":"https:\/\/magnoliasilk.com\/lt\/wp-json\/wp\/v2\/product_cat?post=16179"},{"taxonomy":"product_tag","embeddable":true,"href":"https:\/\/magnoliasilk.com\/lt\/wp-json\/wp\/v2\/product_tag?post=16179"}],"curies":[{"name":"wp","href":"https:\/\/api.w.org\/{rel}","templated":true}]}}