{"id":10322,"date":"2022-03-31T18:04:08","date_gmt":"2022-03-31T15:04:08","guid":{"rendered":"https:\/\/magnoliasilk.com\/?post_type=product&#038;p=10322"},"modified":"2023-01-01T00:06:50","modified_gmt":"2022-12-31T22:06:50","slug":"magnolia-silkine-galvos-juostele-pink","status":"publish","type":"product","link":"https:\/\/magnoliasilk.com\/lt\/produktas\/magnolia-silkine-galvos-juostele-pink\/","title":{"rendered":"Magnolia \u0160ilkin\u0117 galvos juostel\u0117 PEONY"},"content":{"rendered":"<p>I\u0161sami informacija:<\/p>\n<p>-Magnolia PEONY Silk galvos juostel\u0117 stiliui ir sav\u0119s prie\u017ei\u016brai<br \/>\n&#8211; Grynas 100% Mulberry \u0161ilkas<br \/>\n-Magnolia dovan\u0173 d\u0117\u017eut\u0117 \u012fskai\u010diuota \u012f kain\u0105<br \/>\n-Sertifikuotas: OEKO-TEX Standard 100<br \/>\n&#8211; Plok\u0161\u010dia elastin\u0117 juosta<br \/>\n-Spalva: kremin\u0117<br \/>\n-Vienas dydis, ilgis: 54 cm plotis: 2 cm<\/p>\n","protected":false},"excerpt":{"rendered":"<p>\u0160ilkin\u0117 galvos juostel\u0117 yra ne tik plaukams nekenksmingas aksesuaras, kur\u012f galima naudoti atliekant \u012fvairius sav\u0119s prie\u017ei\u016bros ritualus, tokius kaip SPA, veido prie\u017ei\u016bra, joga,bet ir stilingas aksesuaras, kur\u012f gal\u0117site \u012ftraukti \u012f savo garderob\u0105. Kadangi dizainas yra minimalistinis ir rafinuotas, juostel\u0117 der\u0117s prie visko.<\/p>\n","protected":false},"featured_media":13584,"template":"","meta":[],"product_brand":[],"product_cat":[339,291],"product_tag":[],"class_list":{"0":"post-10322","1":"product","2":"type-product","3":"status-publish","4":"has-post-thumbnail","6":"product_cat-black-friday-offers-30-lt","7":"product_cat-silko-galvos-juostele","9":"first","10":"outofstock","11":"sale","12":"taxable","13":"shipping-taxable","14":"purchasable","15":"product-type-simple"},"exclude_global_add_ons":false,"addons":[{"name":"\u00a0","type":"multiple_choice","position":0,"required":true,"title_format":"hide","default":"","description_enable":false,"description":"","placeholder_enable":false,"placeholder":"","display":"radiobutton","restrictions_type":"any_text","adjust_price":false,"price":"","price_type":"flat_fee","restrictions":false,"min":"0","max":"0","options":[{"label":"No giftbox","price":"","price_type":"flat_fee","image":0,"visibility":true},{"label":"Luxurious Magnolia white giftbox","price":"2.5","price_type":"quantity_based","image":4077,"visibility":true}],"id":1668980122}],"yoast_head":"<!-- This site is optimized with the Yoast SEO plugin v27.2 - https:\/\/yoast.com\/product\/yoast-seo-wordpress\/ -->\n<title>Magnolia \u0160ilkin\u0117 galvos juostel\u0117 PEONY - Magnolia silk collection<\/title>\n<meta name=\"robots\" content=\"index, follow, max-snippet:-1, max-image-preview:large, max-video-preview:-1\" \/>\n<link rel=\"canonical\" href=\"https:\/\/magnoliasilk.com\/?post_type=product&p=10313\" \/>\n<meta property=\"og:locale\" content=\"lt_LT\" \/>\n<meta property=\"og:type\" content=\"article\" \/>\n<meta property=\"og:title\" content=\"Magnolia \u0160ilkin\u0117 galvos juostel\u0117 PEONY - Magnolia silk collection\" \/>\n<meta property=\"og:description\" content=\"\u0160ilkin\u0117 galvos juostel\u0117 yra ne tik plaukams nekenksmingas aksesuaras, kur\u012f galima naudoti atliekant \u012fvairius sav\u0119s prie\u017ei\u016bros ritualus, tokius kaip SPA, veido prie\u017ei\u016bra, joga,bet ir stilingas aksesuaras, kur\u012f gal\u0117site \u012ftraukti \u012f savo garderob\u0105. Kadangi dizainas yra minimalistinis ir rafinuotas, juostel\u0117 der\u0117s prie visko.\" \/>\n<meta property=\"og:url\" content=\"https:\/\/magnoliasilk.com\/?post_type=product&amp;p=10313\" \/>\n<meta property=\"og:site_name\" content=\"Magnolia silk collection\" \/>\n<meta property=\"article:publisher\" content=\"https:\/\/www.facebook.com\/Magnoliasilkcollection\" \/>\n<meta property=\"article:modified_time\" content=\"2022-12-31T22:06:50+00:00\" \/>\n<meta property=\"og:image\" content=\"https:\/\/magnoliasilk.com\/wp-content\/uploads\/2022\/03\/73C62982-4D1F-435E-8494-CFADF406FBF0-scaled.jpg\" \/>\n\t<meta property=\"og:image:width\" content=\"1920\" \/>\n\t<meta property=\"og:image:height\" content=\"2560\" \/>\n\t<meta property=\"og:image:type\" content=\"image\/jpeg\" \/>\n<meta name=\"twitter:card\" content=\"summary_large_image\" \/>\n<meta name=\"twitter:label1\" content=\"Est. reading time\" \/>\n\t<meta name=\"twitter:data1\" content=\"1 minut\u0117\" \/>\n<script type=\"application\/ld+json\" class=\"yoast-schema-graph\">{\"@context\":\"https:\/\/schema.org\",\"@graph\":[{\"@type\":\"WebPage\",\"@id\":\"https:\/\/magnoliasilk.com\/?post_type=product&p=10313\",\"url\":\"https:\/\/magnoliasilk.com\/?post_type=product&p=10313\",\"name\":\"Magnolia \u0160ilkin\u0117 galvos juostel\u0117 PEONY - Magnolia silk collection\",\"isPartOf\":{\"@id\":\"https:\/\/magnoliasilk.com\/#website\"},\"primaryImageOfPage\":{\"@id\":\"https:\/\/magnoliasilk.com\/?post_type=product&p=10313#primaryimage\"},\"image\":{\"@id\":\"https:\/\/magnoliasilk.com\/?post_type=product&p=10313#primaryimage\"},\"thumbnailUrl\":\"https:\/\/i0.wp.com\/magnoliasilk.com\/wp-content\/uploads\/2022\/03\/73C62982-4D1F-435E-8494-CFADF406FBF0-scaled.jpg?fit=1920%2C2560&ssl=1\",\"datePublished\":\"2022-03-31T15:04:08+00:00\",\"dateModified\":\"2022-12-31T22:06:50+00:00\",\"breadcrumb\":{\"@id\":\"https:\/\/magnoliasilk.com\/?post_type=product&p=10313#breadcrumb\"},\"inLanguage\":\"lt-LT\",\"potentialAction\":[{\"@type\":\"ReadAction\",\"target\":[\"https:\/\/magnoliasilk.com\/?post_type=product&p=10313\"]}]},{\"@type\":\"ImageObject\",\"inLanguage\":\"lt-LT\",\"@id\":\"https:\/\/magnoliasilk.com\/?post_type=product&p=10313#primaryimage\",\"url\":\"https:\/\/i0.wp.com\/magnoliasilk.com\/wp-content\/uploads\/2022\/03\/73C62982-4D1F-435E-8494-CFADF406FBF0-scaled.jpg?fit=1920%2C2560&ssl=1\",\"contentUrl\":\"https:\/\/i0.wp.com\/magnoliasilk.com\/wp-content\/uploads\/2022\/03\/73C62982-4D1F-435E-8494-CFADF406FBF0-scaled.jpg?fit=1920%2C2560&ssl=1\",\"width\":1920,\"height\":2560},{\"@type\":\"BreadcrumbList\",\"@id\":\"https:\/\/magnoliasilk.com\/?post_type=product&p=10313#breadcrumb\",\"itemListElement\":[{\"@type\":\"ListItem\",\"position\":1,\"name\":\"Home\",\"item\":\"https:\/\/magnoliasilk.com\/lt\/\"},{\"@type\":\"ListItem\",\"position\":2,\"name\":\"Shop\",\"item\":\"https:\/\/magnoliasilk.com\/lt\/shop-3\/\"},{\"@type\":\"ListItem\",\"position\":3,\"name\":\"Magnolia \u0160ilkin\u0117 galvos juostel\u0117 PEONY\"}]},{\"@type\":\"WebSite\",\"@id\":\"https:\/\/magnoliasilk.com\/#website\",\"url\":\"https:\/\/magnoliasilk.com\/\",\"name\":\"Magnolia silk collection\",\"description\":\"Mulberry silk products by Magnolia\",\"publisher\":{\"@id\":\"https:\/\/magnoliasilk.com\/#organization\"},\"potentialAction\":[{\"@type\":\"SearchAction\",\"target\":{\"@type\":\"EntryPoint\",\"urlTemplate\":\"https:\/\/magnoliasilk.com\/?s={search_term_string}\"},\"query-input\":{\"@type\":\"PropertyValueSpecification\",\"valueRequired\":true,\"valueName\":\"search_term_string\"}}],\"inLanguage\":\"lt-LT\"},{\"@type\":\"Organization\",\"@id\":\"https:\/\/magnoliasilk.com\/#organization\",\"name\":\"Magnolia silk collection\",\"url\":\"https:\/\/magnoliasilk.com\/\",\"logo\":{\"@type\":\"ImageObject\",\"inLanguage\":\"lt-LT\",\"@id\":\"https:\/\/magnoliasilk.com\/#\/schema\/logo\/image\/\",\"url\":\"https:\/\/i1.wp.com\/magnoliasilk.com\/wp-content\/uploads\/2021\/06\/cropped-magnolia-1.png?fit=369%2C80&ssl=1\",\"contentUrl\":\"https:\/\/i1.wp.com\/magnoliasilk.com\/wp-content\/uploads\/2021\/06\/cropped-magnolia-1.png?fit=369%2C80&ssl=1\",\"width\":369,\"height\":80,\"caption\":\"Magnolia silk collection\"},\"image\":{\"@id\":\"https:\/\/magnoliasilk.com\/#\/schema\/logo\/image\/\"},\"sameAs\":[\"https:\/\/www.facebook.com\/Magnoliasilkcollection\",\"https:\/\/www.instagram.com\/magnolia.silk\/\",\"https:\/\/www.pinterest.com\/magnoliasilkcollection\/\"]}]}<\/script>\n<!-- \/ Yoast SEO plugin. -->","yoast_head_json":{"title":"Magnolia \u0160ilkin\u0117 galvos juostel\u0117 PEONY - Magnolia silk collection","robots":{"index":"index","follow":"follow","max-snippet":"max-snippet:-1","max-image-preview":"max-image-preview:large","max-video-preview":"max-video-preview:-1"},"canonical":"https:\/\/magnoliasilk.com\/?post_type=product&p=10313","og_locale":"lt_LT","og_type":"article","og_title":"Magnolia \u0160ilkin\u0117 galvos juostel\u0117 PEONY - Magnolia silk collection","og_description":"\u0160ilkin\u0117 galvos juostel\u0117 yra ne tik plaukams nekenksmingas aksesuaras, kur\u012f galima naudoti atliekant \u012fvairius sav\u0119s prie\u017ei\u016bros ritualus, tokius kaip SPA, veido prie\u017ei\u016bra, joga,bet ir stilingas aksesuaras, kur\u012f gal\u0117site \u012ftraukti \u012f savo garderob\u0105. Kadangi dizainas yra minimalistinis ir rafinuotas, juostel\u0117 der\u0117s prie visko.","og_url":"https:\/\/magnoliasilk.com\/?post_type=product&p=10313","og_site_name":"Magnolia silk collection","article_publisher":"https:\/\/www.facebook.com\/Magnoliasilkcollection","article_modified_time":"2022-12-31T22:06:50+00:00","og_image":[{"width":1920,"height":2560,"url":"https:\/\/magnoliasilk.com\/wp-content\/uploads\/2022\/03\/73C62982-4D1F-435E-8494-CFADF406FBF0-scaled.jpg","type":"image\/jpeg"}],"twitter_card":"summary_large_image","twitter_misc":{"Est. reading time":"1 minut\u0117"},"schema":{"@context":"https:\/\/schema.org","@graph":[{"@type":"WebPage","@id":"https:\/\/magnoliasilk.com\/?post_type=product&p=10313","url":"https:\/\/magnoliasilk.com\/?post_type=product&p=10313","name":"Magnolia \u0160ilkin\u0117 galvos juostel\u0117 PEONY - Magnolia silk collection","isPartOf":{"@id":"https:\/\/magnoliasilk.com\/#website"},"primaryImageOfPage":{"@id":"https:\/\/magnoliasilk.com\/?post_type=product&p=10313#primaryimage"},"image":{"@id":"https:\/\/magnoliasilk.com\/?post_type=product&p=10313#primaryimage"},"thumbnailUrl":"https:\/\/i0.wp.com\/magnoliasilk.com\/wp-content\/uploads\/2022\/03\/73C62982-4D1F-435E-8494-CFADF406FBF0-scaled.jpg?fit=1920%2C2560&ssl=1","datePublished":"2022-03-31T15:04:08+00:00","dateModified":"2022-12-31T22:06:50+00:00","breadcrumb":{"@id":"https:\/\/magnoliasilk.com\/?post_type=product&p=10313#breadcrumb"},"inLanguage":"lt-LT","potentialAction":[{"@type":"ReadAction","target":["https:\/\/magnoliasilk.com\/?post_type=product&p=10313"]}]},{"@type":"ImageObject","inLanguage":"lt-LT","@id":"https:\/\/magnoliasilk.com\/?post_type=product&p=10313#primaryimage","url":"https:\/\/i0.wp.com\/magnoliasilk.com\/wp-content\/uploads\/2022\/03\/73C62982-4D1F-435E-8494-CFADF406FBF0-scaled.jpg?fit=1920%2C2560&ssl=1","contentUrl":"https:\/\/i0.wp.com\/magnoliasilk.com\/wp-content\/uploads\/2022\/03\/73C62982-4D1F-435E-8494-CFADF406FBF0-scaled.jpg?fit=1920%2C2560&ssl=1","width":1920,"height":2560},{"@type":"BreadcrumbList","@id":"https:\/\/magnoliasilk.com\/?post_type=product&p=10313#breadcrumb","itemListElement":[{"@type":"ListItem","position":1,"name":"Home","item":"https:\/\/magnoliasilk.com\/lt\/"},{"@type":"ListItem","position":2,"name":"Shop","item":"https:\/\/magnoliasilk.com\/lt\/shop-3\/"},{"@type":"ListItem","position":3,"name":"Magnolia \u0160ilkin\u0117 galvos juostel\u0117 PEONY"}]},{"@type":"WebSite","@id":"https:\/\/magnoliasilk.com\/#website","url":"https:\/\/magnoliasilk.com\/","name":"Magnolia silk collection","description":"Mulberry silk products by Magnolia","publisher":{"@id":"https:\/\/magnoliasilk.com\/#organization"},"potentialAction":[{"@type":"SearchAction","target":{"@type":"EntryPoint","urlTemplate":"https:\/\/magnoliasilk.com\/?s={search_term_string}"},"query-input":{"@type":"PropertyValueSpecification","valueRequired":true,"valueName":"search_term_string"}}],"inLanguage":"lt-LT"},{"@type":"Organization","@id":"https:\/\/magnoliasilk.com\/#organization","name":"Magnolia silk collection","url":"https:\/\/magnoliasilk.com\/","logo":{"@type":"ImageObject","inLanguage":"lt-LT","@id":"https:\/\/magnoliasilk.com\/#\/schema\/logo\/image\/","url":"https:\/\/i1.wp.com\/magnoliasilk.com\/wp-content\/uploads\/2021\/06\/cropped-magnolia-1.png?fit=369%2C80&ssl=1","contentUrl":"https:\/\/i1.wp.com\/magnoliasilk.com\/wp-content\/uploads\/2021\/06\/cropped-magnolia-1.png?fit=369%2C80&ssl=1","width":369,"height":80,"caption":"Magnolia silk collection"},"image":{"@id":"https:\/\/magnoliasilk.com\/#\/schema\/logo\/image\/"},"sameAs":["https:\/\/www.facebook.com\/Magnoliasilkcollection","https:\/\/www.instagram.com\/magnolia.silk\/","https:\/\/www.pinterest.com\/magnoliasilkcollection\/"]}]}},"jetpack_sharing_enabled":true,"_links":{"self":[{"href":"https:\/\/magnoliasilk.com\/lt\/wp-json\/wp\/v2\/product\/10322","targetHints":{"allow":["GET"]}}],"collection":[{"href":"https:\/\/magnoliasilk.com\/lt\/wp-json\/wp\/v2\/product"}],"about":[{"href":"https:\/\/magnoliasilk.com\/lt\/wp-json\/wp\/v2\/types\/product"}],"wp:featuredmedia":[{"embeddable":true,"href":"https:\/\/magnoliasilk.com\/lt\/wp-json\/wp\/v2\/media\/13584"}],"wp:attachment":[{"href":"https:\/\/magnoliasilk.com\/lt\/wp-json\/wp\/v2\/media?parent=10322"}],"wp:term":[{"taxonomy":"product_brand","embeddable":true,"href":"https:\/\/magnoliasilk.com\/lt\/wp-json\/wp\/v2\/product_brand?post=10322"},{"taxonomy":"product_cat","embeddable":true,"href":"https:\/\/magnoliasilk.com\/lt\/wp-json\/wp\/v2\/product_cat?post=10322"},{"taxonomy":"product_tag","embeddable":true,"href":"https:\/\/magnoliasilk.com\/lt\/wp-json\/wp\/v2\/product_tag?post=10322"}],"curies":[{"name":"wp","href":"https:\/\/api.w.org\/{rel}","templated":true}]}}