{"id":9900,"date":"2022-03-23T23:47:59","date_gmt":"2022-03-23T21:48:00","guid":{"rendered":"https:\/\/magnoliasilk.com\/?post_type=product&#038;p=9900"},"modified":"2022-11-28T00:00:46","modified_gmt":"2022-11-27T22:00:46","slug":"luonnollinen-silkki-scrunshie-savanna","status":"publish","type":"product","link":"https:\/\/magnoliasilk.com\/fi\/tuote\/luonnollinen-silkki-scrunshie-savanna\/","title":{"rendered":"Luonnollinen silkki scrunshie SAVANNA"},"content":{"rendered":"<p>Hienostunut SAVANNA scrunshie on tehty charmeuse 100% mulberry silkist\u00e4. Lahjapaketti sis\u00e4ltyy hintaan. Charmeuse mulberry silk on hyvin kiilt\u00e4v\u00e4, pehme\u00e4\u00e4 sek\u00e4 elegantti. Se suojaa, parantaa sek\u00e4 tasoittaa hiuksiasi.<\/p>\n<p>S kokoinen scrunshie on t\u00e4ydellinen valinta elegantin hiustyylin luomiseksi. M kokoinen scrunshie on paras jokap\u00e4iv\u00e4iseen k\u00e4ytt\u00f6\u00f6n ja L kokoinen scrunshie on varmasti paras mahdollinen paksuille ja kiharaisille hiuksille tai naiselle joka pit\u00e4\u00e4 n\u00e4ytt\u00e4v\u00e4mm\u00e4st\u00e4 tyylist\u00e4.<\/p>\n","protected":false},"excerpt":{"rendered":"<p>Jotta voit ymm\u00e4rt\u00e4\u00e4 t\u00e4m\u00e4n scrunshien kauneuden, pitele sit\u00e4 k\u00e4dess\u00e4, kiedo se hiuksiisi \u2026 se on niin unelmallista! Sano hyv\u00e4stit katkeaville ja huonolaatuisille hiuksille!<\/p>\n","protected":false},"featured_media":9924,"template":"","meta":[],"product_brand":[],"product_cat":[340,198],"product_tag":[],"class_list":{"0":"post-9900","1":"product","2":"type-product","3":"status-publish","4":"has-post-thumbnail","6":"product_cat-black-friday-offers-30-fi","7":"product_cat-silk-schrunchies-fi","9":"first","10":"instock","11":"sale","12":"taxable","13":"shipping-taxable","14":"purchasable","15":"product-type-variable","16":"has-default-attributes"},"exclude_global_add_ons":false,"addons":[{"name":"\u00a0","type":"multiple_choice","position":0,"required":true,"title_format":"hide","default":"","description_enable":false,"description":"","placeholder_enable":false,"placeholder":"","display":"radiobutton","restrictions_type":"any_text","adjust_price":false,"price":"","price_type":"flat_fee","restrictions":false,"min":"0","max":"0","options":[{"label":"No giftbox","price":"","price_type":"flat_fee","image":0,"visibility":true},{"label":"Luxurious Magnolia white giftbox","price":"2.5","price_type":"quantity_based","image":4077,"visibility":true}],"id":1668980122}],"yoast_head":"<!-- This site is optimized with the Yoast SEO plugin v27.2 - https:\/\/yoast.com\/product\/yoast-seo-wordpress\/ -->\n<title>Luonnollinen silkki scrunshie SAVANNA - Magnolia silk collection<\/title>\n<meta name=\"robots\" content=\"index, follow, max-snippet:-1, max-image-preview:large, max-video-preview:-1\" \/>\n<link rel=\"canonical\" href=\"https:\/\/magnoliasilk.com\/fi\/tuote\/luonnollinen-silkki-scrunshie-savanna\/\" \/>\n<meta property=\"og:locale\" content=\"fi_FI\" \/>\n<meta property=\"og:type\" content=\"article\" \/>\n<meta property=\"og:title\" content=\"Luonnollinen silkki scrunshie SAVANNA - Magnolia silk collection\" \/>\n<meta property=\"og:description\" content=\"Jotta voit ymm\u00e4rt\u00e4\u00e4 t\u00e4m\u00e4n scrunshien kauneuden, pitele sit\u00e4 k\u00e4dess\u00e4, kiedo se hiuksiisi \u2026 se on niin unelmallista! Sano hyv\u00e4stit katkeaville ja huonolaatuisille hiuksille!\" \/>\n<meta property=\"og:url\" content=\"https:\/\/magnoliasilk.com\/fi\/tuote\/luonnollinen-silkki-scrunshie-savanna\/\" \/>\n<meta property=\"og:site_name\" content=\"Magnolia silk collection\" \/>\n<meta property=\"article:publisher\" content=\"https:\/\/www.facebook.com\/Magnoliasilkcollection\" \/>\n<meta property=\"article:modified_time\" content=\"2022-11-27T22:00:46+00:00\" \/>\n<meta property=\"og:image\" content=\"https:\/\/magnoliasilk.com\/wp-content\/uploads\/2022\/03\/DSC02906-scaled.jpg\" \/>\n\t<meta property=\"og:image:width\" content=\"1707\" \/>\n\t<meta property=\"og:image:height\" content=\"2560\" \/>\n\t<meta property=\"og:image:type\" content=\"image\/jpeg\" \/>\n<meta name=\"twitter:card\" content=\"summary_large_image\" \/>\n<meta name=\"twitter:label1\" content=\"Arvioitu lukuaika\" \/>\n\t<meta name=\"twitter:data1\" content=\"1 minuutti\" \/>\n<script type=\"application\/ld+json\" class=\"yoast-schema-graph\">{\"@context\":\"https:\/\/schema.org\",\"@graph\":[{\"@type\":\"WebPage\",\"@id\":\"https:\/\/magnoliasilk.com\/fi\/tuote\/luonnollinen-silkki-scrunshie-savanna\/\",\"url\":\"https:\/\/magnoliasilk.com\/fi\/tuote\/luonnollinen-silkki-scrunshie-savanna\/\",\"name\":\"Luonnollinen silkki scrunshie SAVANNA - Magnolia silk collection\",\"isPartOf\":{\"@id\":\"https:\/\/magnoliasilk.com\/#website\"},\"primaryImageOfPage\":{\"@id\":\"https:\/\/magnoliasilk.com\/fi\/tuote\/luonnollinen-silkki-scrunshie-savanna\/#primaryimage\"},\"image\":{\"@id\":\"https:\/\/magnoliasilk.com\/fi\/tuote\/luonnollinen-silkki-scrunshie-savanna\/#primaryimage\"},\"thumbnailUrl\":\"https:\/\/i0.wp.com\/magnoliasilk.com\/wp-content\/uploads\/2022\/03\/DSC02897-scaled.jpg?fit=1707%2C2560&ssl=1\",\"datePublished\":\"2022-03-23T21:48:00+00:00\",\"dateModified\":\"2022-11-27T22:00:46+00:00\",\"breadcrumb\":{\"@id\":\"https:\/\/magnoliasilk.com\/fi\/tuote\/luonnollinen-silkki-scrunshie-savanna\/#breadcrumb\"},\"inLanguage\":\"fi\",\"potentialAction\":[{\"@type\":\"ReadAction\",\"target\":[\"https:\/\/magnoliasilk.com\/fi\/tuote\/luonnollinen-silkki-scrunshie-savanna\/\"]}]},{\"@type\":\"ImageObject\",\"inLanguage\":\"fi\",\"@id\":\"https:\/\/magnoliasilk.com\/fi\/tuote\/luonnollinen-silkki-scrunshie-savanna\/#primaryimage\",\"url\":\"https:\/\/i0.wp.com\/magnoliasilk.com\/wp-content\/uploads\/2022\/03\/DSC02897-scaled.jpg?fit=1707%2C2560&ssl=1\",\"contentUrl\":\"https:\/\/i0.wp.com\/magnoliasilk.com\/wp-content\/uploads\/2022\/03\/DSC02897-scaled.jpg?fit=1707%2C2560&ssl=1\",\"width\":1707,\"height\":2560},{\"@type\":\"BreadcrumbList\",\"@id\":\"https:\/\/magnoliasilk.com\/fi\/tuote\/luonnollinen-silkki-scrunshie-savanna\/#breadcrumb\",\"itemListElement\":[{\"@type\":\"ListItem\",\"position\":1,\"name\":\"Home\",\"item\":\"https:\/\/magnoliasilk.com\/fi\/\"},{\"@type\":\"ListItem\",\"position\":2,\"name\":\"Magnolia silk collection\",\"item\":\"https:\/\/magnoliasilk.com\/fi\/shop-2\/\"},{\"@type\":\"ListItem\",\"position\":3,\"name\":\"Luonnollinen silkki scrunshie SAVANNA\"}]},{\"@type\":\"WebSite\",\"@id\":\"https:\/\/magnoliasilk.com\/#website\",\"url\":\"https:\/\/magnoliasilk.com\/\",\"name\":\"Magnolia silk collection\",\"description\":\"Mulberry silk products by Magnolia\",\"publisher\":{\"@id\":\"https:\/\/magnoliasilk.com\/#organization\"},\"potentialAction\":[{\"@type\":\"SearchAction\",\"target\":{\"@type\":\"EntryPoint\",\"urlTemplate\":\"https:\/\/magnoliasilk.com\/?s={search_term_string}\"},\"query-input\":{\"@type\":\"PropertyValueSpecification\",\"valueRequired\":true,\"valueName\":\"search_term_string\"}}],\"inLanguage\":\"fi\"},{\"@type\":\"Organization\",\"@id\":\"https:\/\/magnoliasilk.com\/#organization\",\"name\":\"Magnolia silk collection\",\"url\":\"https:\/\/magnoliasilk.com\/\",\"logo\":{\"@type\":\"ImageObject\",\"inLanguage\":\"fi\",\"@id\":\"https:\/\/magnoliasilk.com\/#\/schema\/logo\/image\/\",\"url\":\"https:\/\/i1.wp.com\/magnoliasilk.com\/wp-content\/uploads\/2021\/06\/cropped-magnolia-1.png?fit=369%2C80&ssl=1\",\"contentUrl\":\"https:\/\/i1.wp.com\/magnoliasilk.com\/wp-content\/uploads\/2021\/06\/cropped-magnolia-1.png?fit=369%2C80&ssl=1\",\"width\":369,\"height\":80,\"caption\":\"Magnolia silk collection\"},\"image\":{\"@id\":\"https:\/\/magnoliasilk.com\/#\/schema\/logo\/image\/\"},\"sameAs\":[\"https:\/\/www.facebook.com\/Magnoliasilkcollection\",\"https:\/\/www.instagram.com\/magnolia.silk\/\",\"https:\/\/www.pinterest.com\/magnoliasilkcollection\/\"]}]}<\/script>\n<!-- \/ Yoast SEO plugin. -->","yoast_head_json":{"title":"Luonnollinen silkki scrunshie SAVANNA - Magnolia silk collection","robots":{"index":"index","follow":"follow","max-snippet":"max-snippet:-1","max-image-preview":"max-image-preview:large","max-video-preview":"max-video-preview:-1"},"canonical":"https:\/\/magnoliasilk.com\/fi\/tuote\/luonnollinen-silkki-scrunshie-savanna\/","og_locale":"fi_FI","og_type":"article","og_title":"Luonnollinen silkki scrunshie SAVANNA - Magnolia silk collection","og_description":"Jotta voit ymm\u00e4rt\u00e4\u00e4 t\u00e4m\u00e4n scrunshien kauneuden, pitele sit\u00e4 k\u00e4dess\u00e4, kiedo se hiuksiisi \u2026 se on niin unelmallista! Sano hyv\u00e4stit katkeaville ja huonolaatuisille hiuksille!","og_url":"https:\/\/magnoliasilk.com\/fi\/tuote\/luonnollinen-silkki-scrunshie-savanna\/","og_site_name":"Magnolia silk collection","article_publisher":"https:\/\/www.facebook.com\/Magnoliasilkcollection","article_modified_time":"2022-11-27T22:00:46+00:00","og_image":[{"width":1707,"height":2560,"url":"https:\/\/magnoliasilk.com\/wp-content\/uploads\/2022\/03\/DSC02906-scaled.jpg","type":"image\/jpeg"}],"twitter_card":"summary_large_image","twitter_misc":{"Arvioitu lukuaika":"1 minuutti"},"schema":{"@context":"https:\/\/schema.org","@graph":[{"@type":"WebPage","@id":"https:\/\/magnoliasilk.com\/fi\/tuote\/luonnollinen-silkki-scrunshie-savanna\/","url":"https:\/\/magnoliasilk.com\/fi\/tuote\/luonnollinen-silkki-scrunshie-savanna\/","name":"Luonnollinen silkki scrunshie SAVANNA - Magnolia silk collection","isPartOf":{"@id":"https:\/\/magnoliasilk.com\/#website"},"primaryImageOfPage":{"@id":"https:\/\/magnoliasilk.com\/fi\/tuote\/luonnollinen-silkki-scrunshie-savanna\/#primaryimage"},"image":{"@id":"https:\/\/magnoliasilk.com\/fi\/tuote\/luonnollinen-silkki-scrunshie-savanna\/#primaryimage"},"thumbnailUrl":"https:\/\/i0.wp.com\/magnoliasilk.com\/wp-content\/uploads\/2022\/03\/DSC02897-scaled.jpg?fit=1707%2C2560&ssl=1","datePublished":"2022-03-23T21:48:00+00:00","dateModified":"2022-11-27T22:00:46+00:00","breadcrumb":{"@id":"https:\/\/magnoliasilk.com\/fi\/tuote\/luonnollinen-silkki-scrunshie-savanna\/#breadcrumb"},"inLanguage":"fi","potentialAction":[{"@type":"ReadAction","target":["https:\/\/magnoliasilk.com\/fi\/tuote\/luonnollinen-silkki-scrunshie-savanna\/"]}]},{"@type":"ImageObject","inLanguage":"fi","@id":"https:\/\/magnoliasilk.com\/fi\/tuote\/luonnollinen-silkki-scrunshie-savanna\/#primaryimage","url":"https:\/\/i0.wp.com\/magnoliasilk.com\/wp-content\/uploads\/2022\/03\/DSC02897-scaled.jpg?fit=1707%2C2560&ssl=1","contentUrl":"https:\/\/i0.wp.com\/magnoliasilk.com\/wp-content\/uploads\/2022\/03\/DSC02897-scaled.jpg?fit=1707%2C2560&ssl=1","width":1707,"height":2560},{"@type":"BreadcrumbList","@id":"https:\/\/magnoliasilk.com\/fi\/tuote\/luonnollinen-silkki-scrunshie-savanna\/#breadcrumb","itemListElement":[{"@type":"ListItem","position":1,"name":"Home","item":"https:\/\/magnoliasilk.com\/fi\/"},{"@type":"ListItem","position":2,"name":"Magnolia silk collection","item":"https:\/\/magnoliasilk.com\/fi\/shop-2\/"},{"@type":"ListItem","position":3,"name":"Luonnollinen silkki scrunshie SAVANNA"}]},{"@type":"WebSite","@id":"https:\/\/magnoliasilk.com\/#website","url":"https:\/\/magnoliasilk.com\/","name":"Magnolia silk collection","description":"Mulberry silk products by Magnolia","publisher":{"@id":"https:\/\/magnoliasilk.com\/#organization"},"potentialAction":[{"@type":"SearchAction","target":{"@type":"EntryPoint","urlTemplate":"https:\/\/magnoliasilk.com\/?s={search_term_string}"},"query-input":{"@type":"PropertyValueSpecification","valueRequired":true,"valueName":"search_term_string"}}],"inLanguage":"fi"},{"@type":"Organization","@id":"https:\/\/magnoliasilk.com\/#organization","name":"Magnolia silk collection","url":"https:\/\/magnoliasilk.com\/","logo":{"@type":"ImageObject","inLanguage":"fi","@id":"https:\/\/magnoliasilk.com\/#\/schema\/logo\/image\/","url":"https:\/\/i1.wp.com\/magnoliasilk.com\/wp-content\/uploads\/2021\/06\/cropped-magnolia-1.png?fit=369%2C80&ssl=1","contentUrl":"https:\/\/i1.wp.com\/magnoliasilk.com\/wp-content\/uploads\/2021\/06\/cropped-magnolia-1.png?fit=369%2C80&ssl=1","width":369,"height":80,"caption":"Magnolia silk collection"},"image":{"@id":"https:\/\/magnoliasilk.com\/#\/schema\/logo\/image\/"},"sameAs":["https:\/\/www.facebook.com\/Magnoliasilkcollection","https:\/\/www.instagram.com\/magnolia.silk\/","https:\/\/www.pinterest.com\/magnoliasilkcollection\/"]}]}},"jetpack_sharing_enabled":true,"_links":{"self":[{"href":"https:\/\/magnoliasilk.com\/fi\/wp-json\/wp\/v2\/product\/9900","targetHints":{"allow":["GET"]}}],"collection":[{"href":"https:\/\/magnoliasilk.com\/fi\/wp-json\/wp\/v2\/product"}],"about":[{"href":"https:\/\/magnoliasilk.com\/fi\/wp-json\/wp\/v2\/types\/product"}],"wp:featuredmedia":[{"embeddable":true,"href":"https:\/\/magnoliasilk.com\/fi\/wp-json\/wp\/v2\/media\/9924"}],"wp:attachment":[{"href":"https:\/\/magnoliasilk.com\/fi\/wp-json\/wp\/v2\/media?parent=9900"}],"wp:term":[{"taxonomy":"product_brand","embeddable":true,"href":"https:\/\/magnoliasilk.com\/fi\/wp-json\/wp\/v2\/product_brand?post=9900"},{"taxonomy":"product_cat","embeddable":true,"href":"https:\/\/magnoliasilk.com\/fi\/wp-json\/wp\/v2\/product_cat?post=9900"},{"taxonomy":"product_tag","embeddable":true,"href":"https:\/\/magnoliasilk.com\/fi\/wp-json\/wp\/v2\/product_tag?post=9900"}],"curies":[{"name":"wp","href":"https:\/\/api.w.org\/{rel}","templated":true}]}}