{"id":6065,"date":"2021-01-17T19:49:27","date_gmt":"2021-01-17T17:49:27","guid":{"rendered":"https:\/\/magnoliasilk.com\/product\/natural-silk-pillowcase-midnight\/"},"modified":"2023-11-24T21:41:27","modified_gmt":"2023-11-24T19:41:27","slug":"natural-silk-pillowcase-midnight","status":"publish","type":"product","link":"https:\/\/magnoliasilk.com\/fi\/tuote\/natural-silk-pillowcase-midnight\/","title":{"rendered":"25 Momme Luonnollinen Silkkityynyliina MIDNIGHT BLACK"},"content":{"rendered":"<p><span class=\"JsGRdQ\">Luonnollinen 100% mulberry silkist\u00e4 tehty tyynyliina. Se on tuntuvasti pehme\u00e4, kest\u00e4v\u00e4, hypoallergeeninen, hengitt\u00e4v\u00e4 ja orgaaninen tuote. <\/span><\/p>\n<p>Ota kaikki irti kauneusunistasi t\u00e4m\u00e4n yleellisen silkist\u00e4 tehdyn tyynyliinan kanssa. T\u00e4ydellinen jokaiselle iho- sek\u00e4 hius tyypeille.<\/p>\n<p>Saapuu eleganttisessa lahjapaketissa.<\/p>\n<p>Silkist\u00e4 tehdyt tyynyliinat imaisevat v\u00e4hemm\u00e4n kosteutta ja likaa, mink\u00e4 takia se voi olla parempi vaihtoehto ihmisille, joilla on ongelmia aknen tai muiden iho sairauksien kanssa.<\/p>\n<p>Nukkuminen silkist\u00e4 tehdyn tyynyliinan kanssa voi auttaa ihoasi pysym\u00e4\u00e4n pehme\u00e4n\u00e4, sek\u00e4 pit\u00e4\u00e4 poissa rypyt kasvoilta. Jos tilaat vain yhden tyynyliinan, se on hyv\u00e4 aloitus parempaa ihoterveytt\u00e4 p\u00e4in.<\/p>\n<p>Jos tarvitset tyynyliinan mittatilausty\u00f6n\u00e4, ole hyv\u00e4 ja ota meihin yhteytt\u00e4 <a href=\"mailto:info@magnoliasilk.com\">info@magnoliasilk.com<\/a><\/p>\n","protected":false},"excerpt":{"rendered":"<p>T\u00e4m\u00e4 taivaallinen tyynyliina hyv\u00e4ilee ihoasi hell\u00e4sti, yleellisen silkin kosketuksella. Jos et ole viel\u00e4 kokeillut silkist\u00e4 tehty\u00e4 tyynyliinaa, suosittelemme varmasti kokeilemaan!<\/p>\n<p><img loading=\"lazy\" decoding=\"async\" class=\"alignnone size-full wp-image-7870\" src=\"https:\/\/magnoliasilk.com\/wp-content\/uploads\/2021\/06\/oeko-tex-standard-100-logo-1D3E592F59-seeklogo.com_.png\" alt=\"\" width=\"300\" height=\"156\" srcset=\"https:\/\/i0.wp.com\/magnoliasilk.com\/wp-content\/uploads\/2021\/06\/oeko-tex-standard-100-logo-1D3E592F59-seeklogo.com_.png?w=300&amp;ssl=1 300w, https:\/\/i0.wp.com\/magnoliasilk.com\/wp-content\/uploads\/2021\/06\/oeko-tex-standard-100-logo-1D3E592F59-seeklogo.com_.png?resize=150%2C78&amp;ssl=1 150w\" sizes=\"auto, (max-width: 300px) 100vw, 300px\" \/><\/p>\n","protected":false},"featured_media":6069,"template":"","meta":[],"product_brand":[],"product_cat":[340,212],"product_tag":[196],"class_list":{"0":"post-6065","1":"product","2":"type-product","3":"status-publish","4":"has-post-thumbnail","6":"product_cat-black-friday-offers-30-fi","7":"product_cat-silkkityynyliinat","8":"product_tag-midnight-black-fi","10":"first","11":"instock","12":"sale","13":"taxable","14":"shipping-taxable","15":"purchasable","16":"product-type-variable","17":"has-default-attributes"},"exclude_global_add_ons":[],"addons":[],"yoast_head":"<!-- This site is optimized with the Yoast SEO plugin v27.2 - https:\/\/yoast.com\/product\/yoast-seo-wordpress\/ -->\n<title>25 Momme Luonnollinen Silkkityynyliina MIDNIGHT BLACK - Magnolia silk collection<\/title>\n<meta name=\"robots\" content=\"index, follow, max-snippet:-1, max-image-preview:large, max-video-preview:-1\" \/>\n<link rel=\"canonical\" href=\"https:\/\/magnoliasilk.com\/fi\/tuote\/natural-silk-pillowcase-midnight\/\" \/>\n<meta property=\"og:locale\" content=\"fi_FI\" \/>\n<meta property=\"og:type\" content=\"article\" \/>\n<meta property=\"og:title\" content=\"25 Momme Luonnollinen Silkkityynyliina MIDNIGHT BLACK - Magnolia silk collection\" \/>\n<meta property=\"og:description\" content=\"T\u00e4m\u00e4 taivaallinen tyynyliina hyv\u00e4ilee ihoasi hell\u00e4sti, yleellisen silkin kosketuksella. Jos et ole viel\u00e4 kokeillut silkist\u00e4 tehty\u00e4 tyynyliinaa, suosittelemme varmasti kokeilemaan!\" \/>\n<meta property=\"og:url\" content=\"https:\/\/magnoliasilk.com\/fi\/tuote\/natural-silk-pillowcase-midnight\/\" \/>\n<meta property=\"og:site_name\" content=\"Magnolia silk collection\" \/>\n<meta property=\"article:publisher\" content=\"https:\/\/www.facebook.com\/Magnoliasilkcollection\" \/>\n<meta property=\"article:modified_time\" content=\"2023-11-24T19:41:27+00:00\" \/>\n<meta property=\"og:image\" content=\"https:\/\/magnoliasilk.com\/wp-content\/uploads\/2021\/01\/DSC00026-Small.jpg\" \/>\n\t<meta property=\"og:image:width\" content=\"480\" \/>\n\t<meta property=\"og:image:height\" content=\"720\" \/>\n\t<meta property=\"og:image:type\" content=\"image\/jpeg\" \/>\n<meta name=\"twitter:card\" content=\"summary_large_image\" \/>\n<meta name=\"twitter:label1\" content=\"Arvioitu lukuaika\" \/>\n\t<meta name=\"twitter:data1\" content=\"1 minuutti\" \/>\n<script type=\"application\/ld+json\" class=\"yoast-schema-graph\">{\"@context\":\"https:\/\/schema.org\",\"@graph\":[{\"@type\":\"WebPage\",\"@id\":\"https:\/\/magnoliasilk.com\/fi\/tuote\/natural-silk-pillowcase-midnight\/\",\"url\":\"https:\/\/magnoliasilk.com\/fi\/tuote\/natural-silk-pillowcase-midnight\/\",\"name\":\"25 Momme Luonnollinen Silkkityynyliina MIDNIGHT BLACK - Magnolia silk collection\",\"isPartOf\":{\"@id\":\"https:\/\/magnoliasilk.com\/#website\"},\"primaryImageOfPage\":{\"@id\":\"https:\/\/magnoliasilk.com\/fi\/tuote\/natural-silk-pillowcase-midnight\/#primaryimage\"},\"image\":{\"@id\":\"https:\/\/magnoliasilk.com\/fi\/tuote\/natural-silk-pillowcase-midnight\/#primaryimage\"},\"thumbnailUrl\":\"https:\/\/i0.wp.com\/magnoliasilk.com\/wp-content\/uploads\/2021\/01\/DSC00026-Small.jpg?fit=480%2C720&ssl=1\",\"datePublished\":\"2021-01-17T17:49:27+00:00\",\"dateModified\":\"2023-11-24T19:41:27+00:00\",\"breadcrumb\":{\"@id\":\"https:\/\/magnoliasilk.com\/fi\/tuote\/natural-silk-pillowcase-midnight\/#breadcrumb\"},\"inLanguage\":\"fi\",\"potentialAction\":[{\"@type\":\"ReadAction\",\"target\":[\"https:\/\/magnoliasilk.com\/fi\/tuote\/natural-silk-pillowcase-midnight\/\"]}]},{\"@type\":\"ImageObject\",\"inLanguage\":\"fi\",\"@id\":\"https:\/\/magnoliasilk.com\/fi\/tuote\/natural-silk-pillowcase-midnight\/#primaryimage\",\"url\":\"https:\/\/i0.wp.com\/magnoliasilk.com\/wp-content\/uploads\/2021\/01\/DSC00026-Small.jpg?fit=480%2C720&ssl=1\",\"contentUrl\":\"https:\/\/i0.wp.com\/magnoliasilk.com\/wp-content\/uploads\/2021\/01\/DSC00026-Small.jpg?fit=480%2C720&ssl=1\",\"width\":480,\"height\":720},{\"@type\":\"BreadcrumbList\",\"@id\":\"https:\/\/magnoliasilk.com\/fi\/tuote\/natural-silk-pillowcase-midnight\/#breadcrumb\",\"itemListElement\":[{\"@type\":\"ListItem\",\"position\":1,\"name\":\"Home\",\"item\":\"https:\/\/magnoliasilk.com\/fi\/\"},{\"@type\":\"ListItem\",\"position\":2,\"name\":\"Magnolia silk collection\",\"item\":\"https:\/\/magnoliasilk.com\/fi\/shop-2\/\"},{\"@type\":\"ListItem\",\"position\":3,\"name\":\"25 Momme Luonnollinen Silkkityynyliina MIDNIGHT BLACK\"}]},{\"@type\":\"WebSite\",\"@id\":\"https:\/\/magnoliasilk.com\/#website\",\"url\":\"https:\/\/magnoliasilk.com\/\",\"name\":\"Magnolia silk collection\",\"description\":\"Mulberry silk products by Magnolia\",\"publisher\":{\"@id\":\"https:\/\/magnoliasilk.com\/#organization\"},\"potentialAction\":[{\"@type\":\"SearchAction\",\"target\":{\"@type\":\"EntryPoint\",\"urlTemplate\":\"https:\/\/magnoliasilk.com\/?s={search_term_string}\"},\"query-input\":{\"@type\":\"PropertyValueSpecification\",\"valueRequired\":true,\"valueName\":\"search_term_string\"}}],\"inLanguage\":\"fi\"},{\"@type\":\"Organization\",\"@id\":\"https:\/\/magnoliasilk.com\/#organization\",\"name\":\"Magnolia silk collection\",\"url\":\"https:\/\/magnoliasilk.com\/\",\"logo\":{\"@type\":\"ImageObject\",\"inLanguage\":\"fi\",\"@id\":\"https:\/\/magnoliasilk.com\/#\/schema\/logo\/image\/\",\"url\":\"https:\/\/i1.wp.com\/magnoliasilk.com\/wp-content\/uploads\/2021\/06\/cropped-magnolia-1.png?fit=369%2C80&ssl=1\",\"contentUrl\":\"https:\/\/i1.wp.com\/magnoliasilk.com\/wp-content\/uploads\/2021\/06\/cropped-magnolia-1.png?fit=369%2C80&ssl=1\",\"width\":369,\"height\":80,\"caption\":\"Magnolia silk collection\"},\"image\":{\"@id\":\"https:\/\/magnoliasilk.com\/#\/schema\/logo\/image\/\"},\"sameAs\":[\"https:\/\/www.facebook.com\/Magnoliasilkcollection\",\"https:\/\/www.instagram.com\/magnolia.silk\/\",\"https:\/\/www.pinterest.com\/magnoliasilkcollection\/\"]}]}<\/script>\n<!-- \/ Yoast SEO plugin. -->","yoast_head_json":{"title":"25 Momme Luonnollinen Silkkityynyliina MIDNIGHT BLACK - Magnolia silk collection","robots":{"index":"index","follow":"follow","max-snippet":"max-snippet:-1","max-image-preview":"max-image-preview:large","max-video-preview":"max-video-preview:-1"},"canonical":"https:\/\/magnoliasilk.com\/fi\/tuote\/natural-silk-pillowcase-midnight\/","og_locale":"fi_FI","og_type":"article","og_title":"25 Momme Luonnollinen Silkkityynyliina MIDNIGHT BLACK - Magnolia silk collection","og_description":"T\u00e4m\u00e4 taivaallinen tyynyliina hyv\u00e4ilee ihoasi hell\u00e4sti, yleellisen silkin kosketuksella. Jos et ole viel\u00e4 kokeillut silkist\u00e4 tehty\u00e4 tyynyliinaa, suosittelemme varmasti kokeilemaan!","og_url":"https:\/\/magnoliasilk.com\/fi\/tuote\/natural-silk-pillowcase-midnight\/","og_site_name":"Magnolia silk collection","article_publisher":"https:\/\/www.facebook.com\/Magnoliasilkcollection","article_modified_time":"2023-11-24T19:41:27+00:00","og_image":[{"width":480,"height":720,"url":"https:\/\/magnoliasilk.com\/wp-content\/uploads\/2021\/01\/DSC00026-Small.jpg","type":"image\/jpeg"}],"twitter_card":"summary_large_image","twitter_misc":{"Arvioitu lukuaika":"1 minuutti"},"schema":{"@context":"https:\/\/schema.org","@graph":[{"@type":"WebPage","@id":"https:\/\/magnoliasilk.com\/fi\/tuote\/natural-silk-pillowcase-midnight\/","url":"https:\/\/magnoliasilk.com\/fi\/tuote\/natural-silk-pillowcase-midnight\/","name":"25 Momme Luonnollinen Silkkityynyliina MIDNIGHT BLACK - Magnolia silk collection","isPartOf":{"@id":"https:\/\/magnoliasilk.com\/#website"},"primaryImageOfPage":{"@id":"https:\/\/magnoliasilk.com\/fi\/tuote\/natural-silk-pillowcase-midnight\/#primaryimage"},"image":{"@id":"https:\/\/magnoliasilk.com\/fi\/tuote\/natural-silk-pillowcase-midnight\/#primaryimage"},"thumbnailUrl":"https:\/\/i0.wp.com\/magnoliasilk.com\/wp-content\/uploads\/2021\/01\/DSC00026-Small.jpg?fit=480%2C720&ssl=1","datePublished":"2021-01-17T17:49:27+00:00","dateModified":"2023-11-24T19:41:27+00:00","breadcrumb":{"@id":"https:\/\/magnoliasilk.com\/fi\/tuote\/natural-silk-pillowcase-midnight\/#breadcrumb"},"inLanguage":"fi","potentialAction":[{"@type":"ReadAction","target":["https:\/\/magnoliasilk.com\/fi\/tuote\/natural-silk-pillowcase-midnight\/"]}]},{"@type":"ImageObject","inLanguage":"fi","@id":"https:\/\/magnoliasilk.com\/fi\/tuote\/natural-silk-pillowcase-midnight\/#primaryimage","url":"https:\/\/i0.wp.com\/magnoliasilk.com\/wp-content\/uploads\/2021\/01\/DSC00026-Small.jpg?fit=480%2C720&ssl=1","contentUrl":"https:\/\/i0.wp.com\/magnoliasilk.com\/wp-content\/uploads\/2021\/01\/DSC00026-Small.jpg?fit=480%2C720&ssl=1","width":480,"height":720},{"@type":"BreadcrumbList","@id":"https:\/\/magnoliasilk.com\/fi\/tuote\/natural-silk-pillowcase-midnight\/#breadcrumb","itemListElement":[{"@type":"ListItem","position":1,"name":"Home","item":"https:\/\/magnoliasilk.com\/fi\/"},{"@type":"ListItem","position":2,"name":"Magnolia silk collection","item":"https:\/\/magnoliasilk.com\/fi\/shop-2\/"},{"@type":"ListItem","position":3,"name":"25 Momme Luonnollinen Silkkityynyliina MIDNIGHT BLACK"}]},{"@type":"WebSite","@id":"https:\/\/magnoliasilk.com\/#website","url":"https:\/\/magnoliasilk.com\/","name":"Magnolia silk collection","description":"Mulberry silk products by Magnolia","publisher":{"@id":"https:\/\/magnoliasilk.com\/#organization"},"potentialAction":[{"@type":"SearchAction","target":{"@type":"EntryPoint","urlTemplate":"https:\/\/magnoliasilk.com\/?s={search_term_string}"},"query-input":{"@type":"PropertyValueSpecification","valueRequired":true,"valueName":"search_term_string"}}],"inLanguage":"fi"},{"@type":"Organization","@id":"https:\/\/magnoliasilk.com\/#organization","name":"Magnolia silk collection","url":"https:\/\/magnoliasilk.com\/","logo":{"@type":"ImageObject","inLanguage":"fi","@id":"https:\/\/magnoliasilk.com\/#\/schema\/logo\/image\/","url":"https:\/\/i1.wp.com\/magnoliasilk.com\/wp-content\/uploads\/2021\/06\/cropped-magnolia-1.png?fit=369%2C80&ssl=1","contentUrl":"https:\/\/i1.wp.com\/magnoliasilk.com\/wp-content\/uploads\/2021\/06\/cropped-magnolia-1.png?fit=369%2C80&ssl=1","width":369,"height":80,"caption":"Magnolia silk collection"},"image":{"@id":"https:\/\/magnoliasilk.com\/#\/schema\/logo\/image\/"},"sameAs":["https:\/\/www.facebook.com\/Magnoliasilkcollection","https:\/\/www.instagram.com\/magnolia.silk\/","https:\/\/www.pinterest.com\/magnoliasilkcollection\/"]}]}},"jetpack_sharing_enabled":true,"_links":{"self":[{"href":"https:\/\/magnoliasilk.com\/fi\/wp-json\/wp\/v2\/product\/6065","targetHints":{"allow":["GET"]}}],"collection":[{"href":"https:\/\/magnoliasilk.com\/fi\/wp-json\/wp\/v2\/product"}],"about":[{"href":"https:\/\/magnoliasilk.com\/fi\/wp-json\/wp\/v2\/types\/product"}],"wp:featuredmedia":[{"embeddable":true,"href":"https:\/\/magnoliasilk.com\/fi\/wp-json\/wp\/v2\/media\/6069"}],"wp:attachment":[{"href":"https:\/\/magnoliasilk.com\/fi\/wp-json\/wp\/v2\/media?parent=6065"}],"wp:term":[{"taxonomy":"product_brand","embeddable":true,"href":"https:\/\/magnoliasilk.com\/fi\/wp-json\/wp\/v2\/product_brand?post=6065"},{"taxonomy":"product_cat","embeddable":true,"href":"https:\/\/magnoliasilk.com\/fi\/wp-json\/wp\/v2\/product_cat?post=6065"},{"taxonomy":"product_tag","embeddable":true,"href":"https:\/\/magnoliasilk.com\/fi\/wp-json\/wp\/v2\/product_tag?post=6065"}],"curies":[{"name":"wp","href":"https:\/\/api.w.org\/{rel}","templated":true}]}}