{"id":6002,"date":"2021-01-23T22:18:27","date_gmt":"2021-01-23T20:18:27","guid":{"rendered":"https:\/\/magnoliasilk.com\/product\/natural-silk-pale-pink-nightgown\/"},"modified":"2022-09-07T20:25:56","modified_gmt":"2022-09-07T17:25:56","slug":"natural-silk-pale-pink-nightgown","status":"publish","type":"product","link":"https:\/\/magnoliasilk.com\/fi\/tuote\/natural-silk-pale-pink-nightgown\/","title":{"rendered":"Luonnollinen silkki y\u00f6asu PALE PINK"},"content":{"rendered":"<p>Kuten Leonardo Da Vinci kerran sanoi, \u201cyksinkertaisuus on perimm\u00e4inen hienostuneisuus\u201d. Uskomme, ett\u00e4 olet samaa mielt\u00e4, kun p\u00e4\u00e4set vihdoin k\u00e4ytt\u00e4m\u00e4\u00e4n Magnolia-silkkist\u00e4 y\u00f6asua. T\u00e4m\u00e4 tulee olemaan suosikki asuste jota voit k\u00e4ytt\u00e4\u00e4 kotona tai pakata kauniille matkallesi jonnekin hurmaavaan paikkaan kuten Italia tai Ranska \u2026<\/p>\n<p>T\u00e4m\u00e4 polvipitk\u00e4 y\u00f6asu on valmistettu 100% silkist\u00e4 ja tuntuu niin pehme\u00e4lt\u00e4 ihollasi. Tunnet itsesi yht\u00e4 kauniiksi kuin n\u00e4yt\u00e4t.<\/p>\n<p>Viel\u00e4 enemm\u00e4n, lis\u00e4\u00e4 pusero tai takki ja pid\u00e4 t\u00e4ydellinen p\u00e4iv\u00e4llisesi kes\u00e4 asussa. Jokaisella naisella on oltava v\u00e4hint\u00e4\u00e4n yksi t\u00e4ydellinen mekko y\u00f6ksi, me hoidamme sinulle omasi.<\/p>\n<p>Hihan pituus: hihaton<br \/>\nKoostumus: 100% silkki\u00e4<br \/>\nIstuvuus: klassinen<br \/>\nOminaisuus: hengitt\u00e4v\u00e4, hypoallergeeninen<br \/>\nKaulus: V-kaula<\/p>\n<p>Mitat:<br \/>\nPituus &#8211; 86cm<br \/>\nRinta &#8211; 92cm<br \/>\nVy\u00f6t\u00e4r\u00f6 &#8211; 86cm<\/p>\n<p>Jos k\u00e4yt\u00e4t S- tai M- kokoista EU-kokoa, t\u00e4m\u00e4 mekko sopii sinulle t\u00e4ydellisesti. Hihnat ovat s\u00e4\u00e4dett\u00e4viss\u00e4, joten voit valita, kuinka syv\u00e4lle V-leikkaukseen haluat dekolteesi. Kuvien mallin pituus on 166cm.<\/p>\n","protected":false},"excerpt":{"rendered":"<p>Yleelline. Puhdistettu. Uohtumaton. Kaikki t\u00e4ss\u00e4 silkkisess\u00e4 y\u00f6asussa.<\/p>\n","protected":false},"featured_media":6006,"template":"","meta":[],"product_brand":[],"product_cat":[220],"product_tag":[207],"class_list":{"0":"post-6002","1":"product","2":"type-product","3":"status-publish","4":"has-post-thumbnail","6":"product_cat-silk-nightgowns-fi","7":"product_tag-nightwear-fi","9":"first","10":"outofstock","11":"sale","12":"taxable","13":"shipping-taxable","14":"purchasable","15":"product-type-simple"},"exclude_global_add_ons":[],"addons":[],"yoast_head":"<!-- This site is optimized with the Yoast SEO plugin v27.4 - https:\/\/yoast.com\/product\/yoast-seo-wordpress\/ -->\n<title>Luonnollinen silkki y\u00f6asu PALE PINK - Magnolia silk collection<\/title>\n<meta name=\"robots\" content=\"index, follow, max-snippet:-1, max-image-preview:large, max-video-preview:-1\" \/>\n<link rel=\"canonical\" href=\"https:\/\/magnoliasilk.com\/fi\/tuote\/natural-silk-pale-pink-nightgown\/\" \/>\n<meta property=\"og:locale\" content=\"fi_FI\" \/>\n<meta property=\"og:type\" content=\"article\" \/>\n<meta property=\"og:title\" content=\"Luonnollinen silkki y\u00f6asu PALE PINK - Magnolia silk collection\" \/>\n<meta property=\"og:description\" content=\"Yleelline. Puhdistettu. Uohtumaton. Kaikki t\u00e4ss\u00e4 silkkisess\u00e4 y\u00f6asussa.\" \/>\n<meta property=\"og:url\" content=\"https:\/\/magnoliasilk.com\/fi\/tuote\/natural-silk-pale-pink-nightgown\/\" \/>\n<meta property=\"og:site_name\" content=\"Magnolia silk collection\" \/>\n<meta property=\"article:publisher\" content=\"https:\/\/www.facebook.com\/Magnoliasilkcollection\" \/>\n<meta property=\"article:modified_time\" content=\"2022-09-07T17:25:56+00:00\" \/>\n<meta property=\"og:image\" content=\"https:\/\/i0.wp.com\/magnoliasilk.com\/wp-content\/uploads\/2021\/01\/2021.01.20-Sandra-silk1191edited-Small.jpg?fit=480%2C720&ssl=1\" \/>\n\t<meta property=\"og:image:width\" content=\"480\" \/>\n\t<meta property=\"og:image:height\" content=\"720\" \/>\n\t<meta property=\"og:image:type\" content=\"image\/jpeg\" \/>\n<meta name=\"twitter:card\" content=\"summary_large_image\" \/>\n<meta name=\"twitter:label1\" content=\"Arvioitu lukuaika\" \/>\n\t<meta name=\"twitter:data1\" content=\"1 minuutti\" \/>\n<script type=\"application\/ld+json\" class=\"yoast-schema-graph\">{\"@context\":\"https:\\\/\\\/schema.org\",\"@graph\":[{\"@type\":\"WebPage\",\"@id\":\"https:\\\/\\\/magnoliasilk.com\\\/fi\\\/tuote\\\/natural-silk-pale-pink-nightgown\\\/\",\"url\":\"https:\\\/\\\/magnoliasilk.com\\\/fi\\\/tuote\\\/natural-silk-pale-pink-nightgown\\\/\",\"name\":\"Luonnollinen silkki y\u00f6asu PALE PINK - Magnolia silk collection\",\"isPartOf\":{\"@id\":\"https:\\\/\\\/magnoliasilk.com\\\/#website\"},\"primaryImageOfPage\":{\"@id\":\"https:\\\/\\\/magnoliasilk.com\\\/fi\\\/tuote\\\/natural-silk-pale-pink-nightgown\\\/#primaryimage\"},\"image\":{\"@id\":\"https:\\\/\\\/magnoliasilk.com\\\/fi\\\/tuote\\\/natural-silk-pale-pink-nightgown\\\/#primaryimage\"},\"thumbnailUrl\":\"https:\\\/\\\/i0.wp.com\\\/magnoliasilk.com\\\/wp-content\\\/uploads\\\/2021\\\/01\\\/2021.01.20-Sandra-silk1191edited-Small.jpg?fit=480%2C720&ssl=1\",\"datePublished\":\"2021-01-23T20:18:27+00:00\",\"dateModified\":\"2022-09-07T17:25:56+00:00\",\"breadcrumb\":{\"@id\":\"https:\\\/\\\/magnoliasilk.com\\\/fi\\\/tuote\\\/natural-silk-pale-pink-nightgown\\\/#breadcrumb\"},\"inLanguage\":\"fi\",\"potentialAction\":[{\"@type\":\"ReadAction\",\"target\":[\"https:\\\/\\\/magnoliasilk.com\\\/fi\\\/tuote\\\/natural-silk-pale-pink-nightgown\\\/\"]}]},{\"@type\":\"ImageObject\",\"inLanguage\":\"fi\",\"@id\":\"https:\\\/\\\/magnoliasilk.com\\\/fi\\\/tuote\\\/natural-silk-pale-pink-nightgown\\\/#primaryimage\",\"url\":\"https:\\\/\\\/i0.wp.com\\\/magnoliasilk.com\\\/wp-content\\\/uploads\\\/2021\\\/01\\\/2021.01.20-Sandra-silk1191edited-Small.jpg?fit=480%2C720&ssl=1\",\"contentUrl\":\"https:\\\/\\\/i0.wp.com\\\/magnoliasilk.com\\\/wp-content\\\/uploads\\\/2021\\\/01\\\/2021.01.20-Sandra-silk1191edited-Small.jpg?fit=480%2C720&ssl=1\",\"width\":480,\"height\":720},{\"@type\":\"BreadcrumbList\",\"@id\":\"https:\\\/\\\/magnoliasilk.com\\\/fi\\\/tuote\\\/natural-silk-pale-pink-nightgown\\\/#breadcrumb\",\"itemListElement\":[{\"@type\":\"ListItem\",\"position\":1,\"name\":\"Home\",\"item\":\"https:\\\/\\\/magnoliasilk.com\\\/fi\\\/\"},{\"@type\":\"ListItem\",\"position\":2,\"name\":\"Magnolia silk collection\",\"item\":\"https:\\\/\\\/magnoliasilk.com\\\/fi\\\/shop-2\\\/\"},{\"@type\":\"ListItem\",\"position\":3,\"name\":\"Luonnollinen silkki y\u00f6asu PALE PINK\"}]},{\"@type\":\"WebSite\",\"@id\":\"https:\\\/\\\/magnoliasilk.com\\\/#website\",\"url\":\"https:\\\/\\\/magnoliasilk.com\\\/\",\"name\":\"Magnolia silk collection\",\"description\":\"Mulberry silk products by Magnolia\",\"publisher\":{\"@id\":\"https:\\\/\\\/magnoliasilk.com\\\/#organization\"},\"potentialAction\":[{\"@type\":\"SearchAction\",\"target\":{\"@type\":\"EntryPoint\",\"urlTemplate\":\"https:\\\/\\\/magnoliasilk.com\\\/?s={search_term_string}\"},\"query-input\":{\"@type\":\"PropertyValueSpecification\",\"valueRequired\":true,\"valueName\":\"search_term_string\"}}],\"inLanguage\":\"fi\"},{\"@type\":\"Organization\",\"@id\":\"https:\\\/\\\/magnoliasilk.com\\\/#organization\",\"name\":\"Magnolia silk collection\",\"url\":\"https:\\\/\\\/magnoliasilk.com\\\/\",\"logo\":{\"@type\":\"ImageObject\",\"inLanguage\":\"fi\",\"@id\":\"https:\\\/\\\/magnoliasilk.com\\\/#\\\/schema\\\/logo\\\/image\\\/\",\"url\":\"https:\\\/\\\/i1.wp.com\\\/magnoliasilk.com\\\/wp-content\\\/uploads\\\/2021\\\/06\\\/cropped-magnolia-1.png?fit=369%2C80&ssl=1\",\"contentUrl\":\"https:\\\/\\\/i1.wp.com\\\/magnoliasilk.com\\\/wp-content\\\/uploads\\\/2021\\\/06\\\/cropped-magnolia-1.png?fit=369%2C80&ssl=1\",\"width\":369,\"height\":80,\"caption\":\"Magnolia silk collection\"},\"image\":{\"@id\":\"https:\\\/\\\/magnoliasilk.com\\\/#\\\/schema\\\/logo\\\/image\\\/\"},\"sameAs\":[\"https:\\\/\\\/www.facebook.com\\\/Magnoliasilkcollection\",\"https:\\\/\\\/www.instagram.com\\\/magnolia.silk\\\/\",\"https:\\\/\\\/www.pinterest.com\\\/magnoliasilkcollection\\\/\"]}]}<\/script>\n<!-- \/ Yoast SEO plugin. -->","yoast_head_json":{"title":"Luonnollinen silkki y\u00f6asu PALE PINK - Magnolia silk collection","robots":{"index":"index","follow":"follow","max-snippet":"max-snippet:-1","max-image-preview":"max-image-preview:large","max-video-preview":"max-video-preview:-1"},"canonical":"https:\/\/magnoliasilk.com\/fi\/tuote\/natural-silk-pale-pink-nightgown\/","og_locale":"fi_FI","og_type":"article","og_title":"Luonnollinen silkki y\u00f6asu PALE PINK - Magnolia silk collection","og_description":"Yleelline. Puhdistettu. Uohtumaton. Kaikki t\u00e4ss\u00e4 silkkisess\u00e4 y\u00f6asussa.","og_url":"https:\/\/magnoliasilk.com\/fi\/tuote\/natural-silk-pale-pink-nightgown\/","og_site_name":"Magnolia silk collection","article_publisher":"https:\/\/www.facebook.com\/Magnoliasilkcollection","article_modified_time":"2022-09-07T17:25:56+00:00","og_image":[{"width":480,"height":720,"url":"https:\/\/i0.wp.com\/magnoliasilk.com\/wp-content\/uploads\/2021\/01\/2021.01.20-Sandra-silk1191edited-Small.jpg?fit=480%2C720&ssl=1","type":"image\/jpeg"}],"twitter_card":"summary_large_image","twitter_misc":{"Arvioitu lukuaika":"1 minuutti"},"schema":{"@context":"https:\/\/schema.org","@graph":[{"@type":"WebPage","@id":"https:\/\/magnoliasilk.com\/fi\/tuote\/natural-silk-pale-pink-nightgown\/","url":"https:\/\/magnoliasilk.com\/fi\/tuote\/natural-silk-pale-pink-nightgown\/","name":"Luonnollinen silkki y\u00f6asu PALE PINK - Magnolia silk collection","isPartOf":{"@id":"https:\/\/magnoliasilk.com\/#website"},"primaryImageOfPage":{"@id":"https:\/\/magnoliasilk.com\/fi\/tuote\/natural-silk-pale-pink-nightgown\/#primaryimage"},"image":{"@id":"https:\/\/magnoliasilk.com\/fi\/tuote\/natural-silk-pale-pink-nightgown\/#primaryimage"},"thumbnailUrl":"https:\/\/i0.wp.com\/magnoliasilk.com\/wp-content\/uploads\/2021\/01\/2021.01.20-Sandra-silk1191edited-Small.jpg?fit=480%2C720&ssl=1","datePublished":"2021-01-23T20:18:27+00:00","dateModified":"2022-09-07T17:25:56+00:00","breadcrumb":{"@id":"https:\/\/magnoliasilk.com\/fi\/tuote\/natural-silk-pale-pink-nightgown\/#breadcrumb"},"inLanguage":"fi","potentialAction":[{"@type":"ReadAction","target":["https:\/\/magnoliasilk.com\/fi\/tuote\/natural-silk-pale-pink-nightgown\/"]}]},{"@type":"ImageObject","inLanguage":"fi","@id":"https:\/\/magnoliasilk.com\/fi\/tuote\/natural-silk-pale-pink-nightgown\/#primaryimage","url":"https:\/\/i0.wp.com\/magnoliasilk.com\/wp-content\/uploads\/2021\/01\/2021.01.20-Sandra-silk1191edited-Small.jpg?fit=480%2C720&ssl=1","contentUrl":"https:\/\/i0.wp.com\/magnoliasilk.com\/wp-content\/uploads\/2021\/01\/2021.01.20-Sandra-silk1191edited-Small.jpg?fit=480%2C720&ssl=1","width":480,"height":720},{"@type":"BreadcrumbList","@id":"https:\/\/magnoliasilk.com\/fi\/tuote\/natural-silk-pale-pink-nightgown\/#breadcrumb","itemListElement":[{"@type":"ListItem","position":1,"name":"Home","item":"https:\/\/magnoliasilk.com\/fi\/"},{"@type":"ListItem","position":2,"name":"Magnolia silk collection","item":"https:\/\/magnoliasilk.com\/fi\/shop-2\/"},{"@type":"ListItem","position":3,"name":"Luonnollinen silkki y\u00f6asu PALE PINK"}]},{"@type":"WebSite","@id":"https:\/\/magnoliasilk.com\/#website","url":"https:\/\/magnoliasilk.com\/","name":"Magnolia silk collection","description":"Mulberry silk products by Magnolia","publisher":{"@id":"https:\/\/magnoliasilk.com\/#organization"},"potentialAction":[{"@type":"SearchAction","target":{"@type":"EntryPoint","urlTemplate":"https:\/\/magnoliasilk.com\/?s={search_term_string}"},"query-input":{"@type":"PropertyValueSpecification","valueRequired":true,"valueName":"search_term_string"}}],"inLanguage":"fi"},{"@type":"Organization","@id":"https:\/\/magnoliasilk.com\/#organization","name":"Magnolia silk collection","url":"https:\/\/magnoliasilk.com\/","logo":{"@type":"ImageObject","inLanguage":"fi","@id":"https:\/\/magnoliasilk.com\/#\/schema\/logo\/image\/","url":"https:\/\/i1.wp.com\/magnoliasilk.com\/wp-content\/uploads\/2021\/06\/cropped-magnolia-1.png?fit=369%2C80&ssl=1","contentUrl":"https:\/\/i1.wp.com\/magnoliasilk.com\/wp-content\/uploads\/2021\/06\/cropped-magnolia-1.png?fit=369%2C80&ssl=1","width":369,"height":80,"caption":"Magnolia silk collection"},"image":{"@id":"https:\/\/magnoliasilk.com\/#\/schema\/logo\/image\/"},"sameAs":["https:\/\/www.facebook.com\/Magnoliasilkcollection","https:\/\/www.instagram.com\/magnolia.silk\/","https:\/\/www.pinterest.com\/magnoliasilkcollection\/"]}]}},"jetpack_sharing_enabled":true,"_links":{"self":[{"href":"https:\/\/magnoliasilk.com\/fi\/wp-json\/wp\/v2\/product\/6002","targetHints":{"allow":["GET"]}}],"collection":[{"href":"https:\/\/magnoliasilk.com\/fi\/wp-json\/wp\/v2\/product"}],"about":[{"href":"https:\/\/magnoliasilk.com\/fi\/wp-json\/wp\/v2\/types\/product"}],"wp:featuredmedia":[{"embeddable":true,"href":"https:\/\/magnoliasilk.com\/fi\/wp-json\/wp\/v2\/media\/6006"}],"wp:attachment":[{"href":"https:\/\/magnoliasilk.com\/fi\/wp-json\/wp\/v2\/media?parent=6002"}],"wp:term":[{"taxonomy":"product_brand","embeddable":true,"href":"https:\/\/magnoliasilk.com\/fi\/wp-json\/wp\/v2\/product_brand?post=6002"},{"taxonomy":"product_cat","embeddable":true,"href":"https:\/\/magnoliasilk.com\/fi\/wp-json\/wp\/v2\/product_cat?post=6002"},{"taxonomy":"product_tag","embeddable":true,"href":"https:\/\/magnoliasilk.com\/fi\/wp-json\/wp\/v2\/product_tag?post=6002"}],"curies":[{"name":"wp","href":"https:\/\/api.w.org\/{rel}","templated":true}]}}