{"id":5964,"date":"2021-01-23T23:20:43","date_gmt":"2021-01-23T21:20:43","guid":{"rendered":"https:\/\/magnoliasilk.com\/product\/natural-silk-eye-mask-midnight-black\/"},"modified":"2024-06-20T19:30:35","modified_gmt":"2024-06-20T16:30:35","slug":"natural-silk-eye-mask-midnight-black","status":"publish","type":"product","link":"https:\/\/magnoliasilk.com\/fi\/tuote\/natural-silk-eye-mask-midnight-black\/","title":{"rendered":"Luonnollinen silkki silm\u00e4naamio MIDNIGHT BLACK"},"content":{"rendered":"<p>Parantaa unen laatua, varsinkin jos olet kevyt nukkuja, ty\u00f6skentelet y\u00f6vuorossa tai matkustat paljon. Silm\u00e4naamiomme auttavat sinua rentoutumaan ja nukahtamaan nopeammin milloin tahansa ja miss\u00e4 tahansa tilassa.<\/p>\n<p>Valmistettu korkealaatuisesta 22 momme mulberry silkist\u00e4 ja t\u00e4ytetty runsaalla puhtaalla silkill\u00e4.<\/p>\n<p>Uskomattoman pehme\u00e4 ja paksu silm\u00e4naamio est\u00e4\u00e4 valon l\u00e4pikulun jotta voit nauttia unestasi. Vie kauneusunesi uudelle tasolle. Jokainen silm\u00e4naamio on tyylikk\u00e4\u00e4ss\u00e4 lahjapaketissmme.<\/p>\n<p>Yksityiskohdat:<br \/>\n&#8211; Mitat: 21cm x 9cm<br \/>\n&#8211; 100% silkkit\u00e4yte<br \/>\n&#8211; Pehme\u00e4 ja joustava nauha<br \/>\n&#8211; Hypoallergeeninen<br \/>\n&#8211; Est\u00e4\u00e4 valon<br \/>\n&#8211; Hengitt\u00e4v\u00e4 ja pehme\u00e4<br \/>\n&#8211; U-muotoinen pehmuste, joka tuntuu mukavalta kasvoilla, miss\u00e4 tahansa asennossa<br \/>\n&#8211; Tuntuu kevyelt\u00e4 silmill\u00e4<br \/>\n&#8211; Silkki ei ime ihovoiteita tai emulsioita, joten se ei sekoita niit\u00e4 kasvoillasi<\/p>\n","protected":false},"excerpt":{"rendered":"<p>Pehmein, mukavin silm\u00e4naamio. Yhdist\u00e4 se yhteen Magnolia- silkkityynyliinaan, ja jopa me kadehdimme sinua!<\/p>\n","protected":false},"featured_media":13413,"template":"","meta":[],"product_brand":[],"product_cat":[340,211],"product_tag":[196],"class_list":{"0":"post-5964","1":"product","2":"type-product","3":"status-publish","4":"has-post-thumbnail","6":"product_cat-black-friday-offers-30-fi","7":"product_cat-silk-eye-masks-fi","8":"product_tag-midnight-black-fi","10":"first","11":"instock","12":"sale","13":"taxable","14":"shipping-taxable","15":"purchasable","16":"product-type-simple"},"exclude_global_add_ons":false,"addons":[{"name":"\u00a0","type":"multiple_choice","position":0,"required":true,"title_format":"hide","default":"","description_enable":false,"description":"","placeholder_enable":false,"placeholder":"","display":"radiobutton","restrictions_type":"any_text","adjust_price":false,"price":"","price_type":"flat_fee","restrictions":false,"min":"0","max":"0","options":[{"label":"No giftbox","price":"","price_type":"flat_fee","image":0,"visibility":true},{"label":"Luxurious Magnolia big white giftbox","price":"5","price_type":"quantity_based","image":0,"visibility":true}],"id":1668979028}],"yoast_head":"<!-- This site is optimized with the Yoast SEO plugin v27.2 - https:\/\/yoast.com\/product\/yoast-seo-wordpress\/ -->\n<title>Luonnollinen silkki silm\u00e4naamio MIDNIGHT BLACK - Magnolia silk collection<\/title>\n<meta name=\"robots\" content=\"index, follow, max-snippet:-1, max-image-preview:large, max-video-preview:-1\" \/>\n<link rel=\"canonical\" href=\"https:\/\/magnoliasilk.com\/tuote\/natural-silk-eye-mask-midnight-black\/\" \/>\n<meta property=\"og:locale\" content=\"fi_FI\" \/>\n<meta property=\"og:type\" content=\"article\" \/>\n<meta property=\"og:title\" content=\"Luonnollinen silkki silm\u00e4naamio MIDNIGHT BLACK - Magnolia silk collection\" \/>\n<meta property=\"og:description\" content=\"Pehmein, mukavin silm\u00e4naamio. Yhdist\u00e4 se yhteen Magnolia- silkkityynyliinaan, ja jopa me kadehdimme sinua!\" \/>\n<meta property=\"og:url\" content=\"https:\/\/magnoliasilk.com\/tuote\/natural-silk-eye-mask-midnight-black\/\" \/>\n<meta property=\"og:site_name\" content=\"Magnolia silk collection\" \/>\n<meta property=\"article:publisher\" content=\"https:\/\/www.facebook.com\/Magnoliasilkcollection\" \/>\n<meta property=\"article:modified_time\" content=\"2024-06-20T16:30:35+00:00\" \/>\n<meta property=\"og:image\" content=\"https:\/\/magnoliasilk.com\/wp-content\/uploads\/2021\/01\/IMG_9830-scaled.jpg\" \/>\n\t<meta property=\"og:image:width\" content=\"1920\" \/>\n\t<meta property=\"og:image:height\" content=\"2560\" \/>\n\t<meta property=\"og:image:type\" content=\"image\/jpeg\" \/>\n<meta name=\"twitter:card\" content=\"summary_large_image\" \/>\n<meta name=\"twitter:label1\" content=\"Arvioitu lukuaika\" \/>\n\t<meta name=\"twitter:data1\" content=\"1 minuutti\" \/>\n<script type=\"application\/ld+json\" class=\"yoast-schema-graph\">{\"@context\":\"https:\/\/schema.org\",\"@graph\":[{\"@type\":\"WebPage\",\"@id\":\"https:\/\/magnoliasilk.com\/tuote\/natural-silk-eye-mask-midnight-black\/\",\"url\":\"https:\/\/magnoliasilk.com\/tuote\/natural-silk-eye-mask-midnight-black\/\",\"name\":\"Luonnollinen silkki silm\u00e4naamio MIDNIGHT BLACK - Magnolia silk collection\",\"isPartOf\":{\"@id\":\"https:\/\/magnoliasilk.com\/#website\"},\"primaryImageOfPage\":{\"@id\":\"https:\/\/magnoliasilk.com\/tuote\/natural-silk-eye-mask-midnight-black\/#primaryimage\"},\"image\":{\"@id\":\"https:\/\/magnoliasilk.com\/tuote\/natural-silk-eye-mask-midnight-black\/#primaryimage\"},\"thumbnailUrl\":\"https:\/\/i0.wp.com\/magnoliasilk.com\/wp-content\/uploads\/2021\/01\/IMG_9830-scaled.jpg?fit=1920%2C2560&ssl=1\",\"datePublished\":\"2021-01-23T21:20:43+00:00\",\"dateModified\":\"2024-06-20T16:30:35+00:00\",\"breadcrumb\":{\"@id\":\"https:\/\/magnoliasilk.com\/tuote\/natural-silk-eye-mask-midnight-black\/#breadcrumb\"},\"inLanguage\":\"fi\",\"potentialAction\":[{\"@type\":\"ReadAction\",\"target\":[\"https:\/\/magnoliasilk.com\/tuote\/natural-silk-eye-mask-midnight-black\/\"]}]},{\"@type\":\"ImageObject\",\"inLanguage\":\"fi\",\"@id\":\"https:\/\/magnoliasilk.com\/tuote\/natural-silk-eye-mask-midnight-black\/#primaryimage\",\"url\":\"https:\/\/i0.wp.com\/magnoliasilk.com\/wp-content\/uploads\/2021\/01\/IMG_9830-scaled.jpg?fit=1920%2C2560&ssl=1\",\"contentUrl\":\"https:\/\/i0.wp.com\/magnoliasilk.com\/wp-content\/uploads\/2021\/01\/IMG_9830-scaled.jpg?fit=1920%2C2560&ssl=1\",\"width\":1920,\"height\":2560},{\"@type\":\"BreadcrumbList\",\"@id\":\"https:\/\/magnoliasilk.com\/tuote\/natural-silk-eye-mask-midnight-black\/#breadcrumb\",\"itemListElement\":[{\"@type\":\"ListItem\",\"position\":1,\"name\":\"Home\",\"item\":\"https:\/\/magnoliasilk.com\/fi\/\"},{\"@type\":\"ListItem\",\"position\":2,\"name\":\"Magnolia silk collection\",\"item\":\"https:\/\/magnoliasilk.com\/fi\/shop-2\/\"},{\"@type\":\"ListItem\",\"position\":3,\"name\":\"Luonnollinen silkki silm\u00e4naamio MIDNIGHT BLACK\"}]},{\"@type\":\"WebSite\",\"@id\":\"https:\/\/magnoliasilk.com\/#website\",\"url\":\"https:\/\/magnoliasilk.com\/\",\"name\":\"Magnolia silk collection\",\"description\":\"Mulberry silk products by Magnolia\",\"publisher\":{\"@id\":\"https:\/\/magnoliasilk.com\/#organization\"},\"potentialAction\":[{\"@type\":\"SearchAction\",\"target\":{\"@type\":\"EntryPoint\",\"urlTemplate\":\"https:\/\/magnoliasilk.com\/?s={search_term_string}\"},\"query-input\":{\"@type\":\"PropertyValueSpecification\",\"valueRequired\":true,\"valueName\":\"search_term_string\"}}],\"inLanguage\":\"fi\"},{\"@type\":\"Organization\",\"@id\":\"https:\/\/magnoliasilk.com\/#organization\",\"name\":\"Magnolia silk collection\",\"url\":\"https:\/\/magnoliasilk.com\/\",\"logo\":{\"@type\":\"ImageObject\",\"inLanguage\":\"fi\",\"@id\":\"https:\/\/magnoliasilk.com\/#\/schema\/logo\/image\/\",\"url\":\"https:\/\/i1.wp.com\/magnoliasilk.com\/wp-content\/uploads\/2021\/06\/cropped-magnolia-1.png?fit=369%2C80&ssl=1\",\"contentUrl\":\"https:\/\/i1.wp.com\/magnoliasilk.com\/wp-content\/uploads\/2021\/06\/cropped-magnolia-1.png?fit=369%2C80&ssl=1\",\"width\":369,\"height\":80,\"caption\":\"Magnolia silk collection\"},\"image\":{\"@id\":\"https:\/\/magnoliasilk.com\/#\/schema\/logo\/image\/\"},\"sameAs\":[\"https:\/\/www.facebook.com\/Magnoliasilkcollection\",\"https:\/\/www.instagram.com\/magnolia.silk\/\",\"https:\/\/www.pinterest.com\/magnoliasilkcollection\/\"]}]}<\/script>\n<!-- \/ Yoast SEO plugin. -->","yoast_head_json":{"title":"Luonnollinen silkki silm\u00e4naamio MIDNIGHT BLACK - Magnolia silk collection","robots":{"index":"index","follow":"follow","max-snippet":"max-snippet:-1","max-image-preview":"max-image-preview:large","max-video-preview":"max-video-preview:-1"},"canonical":"https:\/\/magnoliasilk.com\/tuote\/natural-silk-eye-mask-midnight-black\/","og_locale":"fi_FI","og_type":"article","og_title":"Luonnollinen silkki silm\u00e4naamio MIDNIGHT BLACK - Magnolia silk collection","og_description":"Pehmein, mukavin silm\u00e4naamio. Yhdist\u00e4 se yhteen Magnolia- silkkityynyliinaan, ja jopa me kadehdimme sinua!","og_url":"https:\/\/magnoliasilk.com\/tuote\/natural-silk-eye-mask-midnight-black\/","og_site_name":"Magnolia silk collection","article_publisher":"https:\/\/www.facebook.com\/Magnoliasilkcollection","article_modified_time":"2024-06-20T16:30:35+00:00","og_image":[{"width":1920,"height":2560,"url":"https:\/\/magnoliasilk.com\/wp-content\/uploads\/2021\/01\/IMG_9830-scaled.jpg","type":"image\/jpeg"}],"twitter_card":"summary_large_image","twitter_misc":{"Arvioitu lukuaika":"1 minuutti"},"schema":{"@context":"https:\/\/schema.org","@graph":[{"@type":"WebPage","@id":"https:\/\/magnoliasilk.com\/tuote\/natural-silk-eye-mask-midnight-black\/","url":"https:\/\/magnoliasilk.com\/tuote\/natural-silk-eye-mask-midnight-black\/","name":"Luonnollinen silkki silm\u00e4naamio MIDNIGHT BLACK - Magnolia silk collection","isPartOf":{"@id":"https:\/\/magnoliasilk.com\/#website"},"primaryImageOfPage":{"@id":"https:\/\/magnoliasilk.com\/tuote\/natural-silk-eye-mask-midnight-black\/#primaryimage"},"image":{"@id":"https:\/\/magnoliasilk.com\/tuote\/natural-silk-eye-mask-midnight-black\/#primaryimage"},"thumbnailUrl":"https:\/\/i0.wp.com\/magnoliasilk.com\/wp-content\/uploads\/2021\/01\/IMG_9830-scaled.jpg?fit=1920%2C2560&ssl=1","datePublished":"2021-01-23T21:20:43+00:00","dateModified":"2024-06-20T16:30:35+00:00","breadcrumb":{"@id":"https:\/\/magnoliasilk.com\/tuote\/natural-silk-eye-mask-midnight-black\/#breadcrumb"},"inLanguage":"fi","potentialAction":[{"@type":"ReadAction","target":["https:\/\/magnoliasilk.com\/tuote\/natural-silk-eye-mask-midnight-black\/"]}]},{"@type":"ImageObject","inLanguage":"fi","@id":"https:\/\/magnoliasilk.com\/tuote\/natural-silk-eye-mask-midnight-black\/#primaryimage","url":"https:\/\/i0.wp.com\/magnoliasilk.com\/wp-content\/uploads\/2021\/01\/IMG_9830-scaled.jpg?fit=1920%2C2560&ssl=1","contentUrl":"https:\/\/i0.wp.com\/magnoliasilk.com\/wp-content\/uploads\/2021\/01\/IMG_9830-scaled.jpg?fit=1920%2C2560&ssl=1","width":1920,"height":2560},{"@type":"BreadcrumbList","@id":"https:\/\/magnoliasilk.com\/tuote\/natural-silk-eye-mask-midnight-black\/#breadcrumb","itemListElement":[{"@type":"ListItem","position":1,"name":"Home","item":"https:\/\/magnoliasilk.com\/fi\/"},{"@type":"ListItem","position":2,"name":"Magnolia silk collection","item":"https:\/\/magnoliasilk.com\/fi\/shop-2\/"},{"@type":"ListItem","position":3,"name":"Luonnollinen silkki silm\u00e4naamio MIDNIGHT BLACK"}]},{"@type":"WebSite","@id":"https:\/\/magnoliasilk.com\/#website","url":"https:\/\/magnoliasilk.com\/","name":"Magnolia silk collection","description":"Mulberry silk products by Magnolia","publisher":{"@id":"https:\/\/magnoliasilk.com\/#organization"},"potentialAction":[{"@type":"SearchAction","target":{"@type":"EntryPoint","urlTemplate":"https:\/\/magnoliasilk.com\/?s={search_term_string}"},"query-input":{"@type":"PropertyValueSpecification","valueRequired":true,"valueName":"search_term_string"}}],"inLanguage":"fi"},{"@type":"Organization","@id":"https:\/\/magnoliasilk.com\/#organization","name":"Magnolia silk collection","url":"https:\/\/magnoliasilk.com\/","logo":{"@type":"ImageObject","inLanguage":"fi","@id":"https:\/\/magnoliasilk.com\/#\/schema\/logo\/image\/","url":"https:\/\/i1.wp.com\/magnoliasilk.com\/wp-content\/uploads\/2021\/06\/cropped-magnolia-1.png?fit=369%2C80&ssl=1","contentUrl":"https:\/\/i1.wp.com\/magnoliasilk.com\/wp-content\/uploads\/2021\/06\/cropped-magnolia-1.png?fit=369%2C80&ssl=1","width":369,"height":80,"caption":"Magnolia silk collection"},"image":{"@id":"https:\/\/magnoliasilk.com\/#\/schema\/logo\/image\/"},"sameAs":["https:\/\/www.facebook.com\/Magnoliasilkcollection","https:\/\/www.instagram.com\/magnolia.silk\/","https:\/\/www.pinterest.com\/magnoliasilkcollection\/"]}]}},"jetpack_sharing_enabled":true,"_links":{"self":[{"href":"https:\/\/magnoliasilk.com\/fi\/wp-json\/wp\/v2\/product\/5964","targetHints":{"allow":["GET"]}}],"collection":[{"href":"https:\/\/magnoliasilk.com\/fi\/wp-json\/wp\/v2\/product"}],"about":[{"href":"https:\/\/magnoliasilk.com\/fi\/wp-json\/wp\/v2\/types\/product"}],"wp:featuredmedia":[{"embeddable":true,"href":"https:\/\/magnoliasilk.com\/fi\/wp-json\/wp\/v2\/media\/13413"}],"wp:attachment":[{"href":"https:\/\/magnoliasilk.com\/fi\/wp-json\/wp\/v2\/media?parent=5964"}],"wp:term":[{"taxonomy":"product_brand","embeddable":true,"href":"https:\/\/magnoliasilk.com\/fi\/wp-json\/wp\/v2\/product_brand?post=5964"},{"taxonomy":"product_cat","embeddable":true,"href":"https:\/\/magnoliasilk.com\/fi\/wp-json\/wp\/v2\/product_cat?post=5964"},{"taxonomy":"product_tag","embeddable":true,"href":"https:\/\/magnoliasilk.com\/fi\/wp-json\/wp\/v2\/product_tag?post=5964"}],"curies":[{"name":"wp","href":"https:\/\/api.w.org\/{rel}","templated":true}]}}