{"id":5903,"date":"2021-02-10T18:58:56","date_gmt":"2021-02-10T16:58:56","guid":{"rendered":"https:\/\/magnoliasilk.com\/product\/personal-card\/"},"modified":"2021-05-30T14:05:05","modified_gmt":"2021-05-30T11:05:05","slug":"personal-card","status":"publish","type":"product","link":"https:\/\/magnoliasilk.com\/fi\/tuote\/personal-card\/","title":{"rendered":"Henkil\u00f6kohtaisesti k\u00e4sinkirjoitettu kortti"},"content":{"rendered":"<p>Joskus rakkaasi tarvitsee vain kauniin silkkiesineen. Valitsisitpa sitten jotai y\u00f6unen kokoelmastamme tai kauniin scrunshien hiuksille, olemme varmoja, ett\u00e4 h\u00e4n on onnellinen. Lis\u00e4\u00e4 tilaukseen lumoava kortti ja tee lahjan vastaanottamisesta viel\u00e4kin erikoisempi! Kortti on valmistettu kauniista, kiilt\u00e4v\u00e4st\u00e4 kultapaperista, jossa on vaaleanpunainen satiininauha (nauhan v\u00e4ri voi vaihdella). Kun teet tilauksen, l\u00e4het\u00e4 meille teksti, jonka haluat kortillesi.<\/p>\n<p>Yli 80\u20ac tilauksille kortti on ilmainen.<\/p>\n","protected":false},"excerpt":{"rendered":"<p>Toiveitesi mukaan k\u00e4sintehty kortti, sinun valitsemalla tekstill\u00e4.<\/p>\n","protected":false},"featured_media":5905,"template":"","meta":[],"product_brand":[],"product_cat":[195],"product_tag":[],"class_list":{"0":"post-5903","1":"product","2":"type-product","3":"status-publish","4":"has-post-thumbnail","6":"product_cat-gift-cards-fi","8":"first","9":"outofstock","10":"taxable","11":"shipping-taxable","12":"purchasable","13":"product-type-simple"},"exclude_global_add_ons":[],"addons":[],"yoast_head":"<!-- This site is optimized with the Yoast SEO plugin v27.2 - https:\/\/yoast.com\/product\/yoast-seo-wordpress\/ -->\n<title>Henkil\u00f6kohtaisesti k\u00e4sinkirjoitettu kortti - Magnolia silk collection<\/title>\n<meta name=\"robots\" content=\"index, follow, max-snippet:-1, max-image-preview:large, max-video-preview:-1\" \/>\n<link rel=\"canonical\" href=\"https:\/\/magnoliasilk.com\/fi\/tuote\/personal-card\/\" \/>\n<meta property=\"og:locale\" content=\"fi_FI\" \/>\n<meta property=\"og:type\" content=\"article\" \/>\n<meta property=\"og:title\" content=\"Henkil\u00f6kohtaisesti k\u00e4sinkirjoitettu kortti - Magnolia silk collection\" \/>\n<meta property=\"og:description\" content=\"Toiveitesi mukaan k\u00e4sintehty kortti, sinun valitsemalla tekstill\u00e4.\" \/>\n<meta property=\"og:url\" content=\"https:\/\/magnoliasilk.com\/fi\/tuote\/personal-card\/\" \/>\n<meta property=\"og:site_name\" content=\"Magnolia silk collection\" \/>\n<meta property=\"article:publisher\" content=\"https:\/\/www.facebook.com\/Magnoliasilkcollection\" \/>\n<meta property=\"article:modified_time\" content=\"2021-05-30T11:05:05+00:00\" \/>\n<meta property=\"og:image\" content=\"https:\/\/i0.wp.com\/magnoliasilk.com\/wp-content\/uploads\/2021\/02\/DSC00530-Medium.jpg?fit=768%2C1151&ssl=1\" \/>\n\t<meta property=\"og:image:width\" content=\"768\" \/>\n\t<meta property=\"og:image:height\" content=\"1151\" \/>\n\t<meta property=\"og:image:type\" content=\"image\/jpeg\" \/>\n<meta name=\"twitter:card\" content=\"summary_large_image\" \/>\n<meta name=\"twitter:label1\" content=\"Arvioitu lukuaika\" \/>\n\t<meta name=\"twitter:data1\" content=\"1 minuutti\" \/>\n<script type=\"application\/ld+json\" class=\"yoast-schema-graph\">{\"@context\":\"https:\/\/schema.org\",\"@graph\":[{\"@type\":\"WebPage\",\"@id\":\"https:\/\/magnoliasilk.com\/fi\/tuote\/personal-card\/\",\"url\":\"https:\/\/magnoliasilk.com\/fi\/tuote\/personal-card\/\",\"name\":\"Henkil\u00f6kohtaisesti k\u00e4sinkirjoitettu kortti - Magnolia silk collection\",\"isPartOf\":{\"@id\":\"https:\/\/magnoliasilk.com\/#website\"},\"primaryImageOfPage\":{\"@id\":\"https:\/\/magnoliasilk.com\/fi\/tuote\/personal-card\/#primaryimage\"},\"image\":{\"@id\":\"https:\/\/magnoliasilk.com\/fi\/tuote\/personal-card\/#primaryimage\"},\"thumbnailUrl\":\"https:\/\/i0.wp.com\/magnoliasilk.com\/wp-content\/uploads\/2021\/02\/DSC00530-Medium.jpg?fit=768%2C1151&ssl=1\",\"datePublished\":\"2021-02-10T16:58:56+00:00\",\"dateModified\":\"2021-05-30T11:05:05+00:00\",\"breadcrumb\":{\"@id\":\"https:\/\/magnoliasilk.com\/fi\/tuote\/personal-card\/#breadcrumb\"},\"inLanguage\":\"fi\",\"potentialAction\":[{\"@type\":\"ReadAction\",\"target\":[\"https:\/\/magnoliasilk.com\/fi\/tuote\/personal-card\/\"]}]},{\"@type\":\"ImageObject\",\"inLanguage\":\"fi\",\"@id\":\"https:\/\/magnoliasilk.com\/fi\/tuote\/personal-card\/#primaryimage\",\"url\":\"https:\/\/i0.wp.com\/magnoliasilk.com\/wp-content\/uploads\/2021\/02\/DSC00530-Medium.jpg?fit=768%2C1151&ssl=1\",\"contentUrl\":\"https:\/\/i0.wp.com\/magnoliasilk.com\/wp-content\/uploads\/2021\/02\/DSC00530-Medium.jpg?fit=768%2C1151&ssl=1\",\"width\":768,\"height\":1151},{\"@type\":\"BreadcrumbList\",\"@id\":\"https:\/\/magnoliasilk.com\/fi\/tuote\/personal-card\/#breadcrumb\",\"itemListElement\":[{\"@type\":\"ListItem\",\"position\":1,\"name\":\"Home\",\"item\":\"https:\/\/magnoliasilk.com\/fi\/\"},{\"@type\":\"ListItem\",\"position\":2,\"name\":\"Magnolia silk collection\",\"item\":\"https:\/\/magnoliasilk.com\/fi\/shop-2\/\"},{\"@type\":\"ListItem\",\"position\":3,\"name\":\"Henkil\u00f6kohtaisesti k\u00e4sinkirjoitettu kortti\"}]},{\"@type\":\"WebSite\",\"@id\":\"https:\/\/magnoliasilk.com\/#website\",\"url\":\"https:\/\/magnoliasilk.com\/\",\"name\":\"Magnolia silk collection\",\"description\":\"Mulberry silk products by Magnolia\",\"publisher\":{\"@id\":\"https:\/\/magnoliasilk.com\/#organization\"},\"potentialAction\":[{\"@type\":\"SearchAction\",\"target\":{\"@type\":\"EntryPoint\",\"urlTemplate\":\"https:\/\/magnoliasilk.com\/?s={search_term_string}\"},\"query-input\":{\"@type\":\"PropertyValueSpecification\",\"valueRequired\":true,\"valueName\":\"search_term_string\"}}],\"inLanguage\":\"fi\"},{\"@type\":\"Organization\",\"@id\":\"https:\/\/magnoliasilk.com\/#organization\",\"name\":\"Magnolia silk collection\",\"url\":\"https:\/\/magnoliasilk.com\/\",\"logo\":{\"@type\":\"ImageObject\",\"inLanguage\":\"fi\",\"@id\":\"https:\/\/magnoliasilk.com\/#\/schema\/logo\/image\/\",\"url\":\"https:\/\/i1.wp.com\/magnoliasilk.com\/wp-content\/uploads\/2021\/06\/cropped-magnolia-1.png?fit=369%2C80&ssl=1\",\"contentUrl\":\"https:\/\/i1.wp.com\/magnoliasilk.com\/wp-content\/uploads\/2021\/06\/cropped-magnolia-1.png?fit=369%2C80&ssl=1\",\"width\":369,\"height\":80,\"caption\":\"Magnolia silk collection\"},\"image\":{\"@id\":\"https:\/\/magnoliasilk.com\/#\/schema\/logo\/image\/\"},\"sameAs\":[\"https:\/\/www.facebook.com\/Magnoliasilkcollection\",\"https:\/\/www.instagram.com\/magnolia.silk\/\",\"https:\/\/www.pinterest.com\/magnoliasilkcollection\/\"]}]}<\/script>\n<!-- \/ Yoast SEO plugin. -->","yoast_head_json":{"title":"Henkil\u00f6kohtaisesti k\u00e4sinkirjoitettu kortti - Magnolia silk collection","robots":{"index":"index","follow":"follow","max-snippet":"max-snippet:-1","max-image-preview":"max-image-preview:large","max-video-preview":"max-video-preview:-1"},"canonical":"https:\/\/magnoliasilk.com\/fi\/tuote\/personal-card\/","og_locale":"fi_FI","og_type":"article","og_title":"Henkil\u00f6kohtaisesti k\u00e4sinkirjoitettu kortti - Magnolia silk collection","og_description":"Toiveitesi mukaan k\u00e4sintehty kortti, sinun valitsemalla tekstill\u00e4.","og_url":"https:\/\/magnoliasilk.com\/fi\/tuote\/personal-card\/","og_site_name":"Magnolia silk collection","article_publisher":"https:\/\/www.facebook.com\/Magnoliasilkcollection","article_modified_time":"2021-05-30T11:05:05+00:00","og_image":[{"width":768,"height":1151,"url":"https:\/\/i0.wp.com\/magnoliasilk.com\/wp-content\/uploads\/2021\/02\/DSC00530-Medium.jpg?fit=768%2C1151&ssl=1","type":"image\/jpeg"}],"twitter_card":"summary_large_image","twitter_misc":{"Arvioitu lukuaika":"1 minuutti"},"schema":{"@context":"https:\/\/schema.org","@graph":[{"@type":"WebPage","@id":"https:\/\/magnoliasilk.com\/fi\/tuote\/personal-card\/","url":"https:\/\/magnoliasilk.com\/fi\/tuote\/personal-card\/","name":"Henkil\u00f6kohtaisesti k\u00e4sinkirjoitettu kortti - Magnolia silk collection","isPartOf":{"@id":"https:\/\/magnoliasilk.com\/#website"},"primaryImageOfPage":{"@id":"https:\/\/magnoliasilk.com\/fi\/tuote\/personal-card\/#primaryimage"},"image":{"@id":"https:\/\/magnoliasilk.com\/fi\/tuote\/personal-card\/#primaryimage"},"thumbnailUrl":"https:\/\/i0.wp.com\/magnoliasilk.com\/wp-content\/uploads\/2021\/02\/DSC00530-Medium.jpg?fit=768%2C1151&ssl=1","datePublished":"2021-02-10T16:58:56+00:00","dateModified":"2021-05-30T11:05:05+00:00","breadcrumb":{"@id":"https:\/\/magnoliasilk.com\/fi\/tuote\/personal-card\/#breadcrumb"},"inLanguage":"fi","potentialAction":[{"@type":"ReadAction","target":["https:\/\/magnoliasilk.com\/fi\/tuote\/personal-card\/"]}]},{"@type":"ImageObject","inLanguage":"fi","@id":"https:\/\/magnoliasilk.com\/fi\/tuote\/personal-card\/#primaryimage","url":"https:\/\/i0.wp.com\/magnoliasilk.com\/wp-content\/uploads\/2021\/02\/DSC00530-Medium.jpg?fit=768%2C1151&ssl=1","contentUrl":"https:\/\/i0.wp.com\/magnoliasilk.com\/wp-content\/uploads\/2021\/02\/DSC00530-Medium.jpg?fit=768%2C1151&ssl=1","width":768,"height":1151},{"@type":"BreadcrumbList","@id":"https:\/\/magnoliasilk.com\/fi\/tuote\/personal-card\/#breadcrumb","itemListElement":[{"@type":"ListItem","position":1,"name":"Home","item":"https:\/\/magnoliasilk.com\/fi\/"},{"@type":"ListItem","position":2,"name":"Magnolia silk collection","item":"https:\/\/magnoliasilk.com\/fi\/shop-2\/"},{"@type":"ListItem","position":3,"name":"Henkil\u00f6kohtaisesti k\u00e4sinkirjoitettu kortti"}]},{"@type":"WebSite","@id":"https:\/\/magnoliasilk.com\/#website","url":"https:\/\/magnoliasilk.com\/","name":"Magnolia silk collection","description":"Mulberry silk products by Magnolia","publisher":{"@id":"https:\/\/magnoliasilk.com\/#organization"},"potentialAction":[{"@type":"SearchAction","target":{"@type":"EntryPoint","urlTemplate":"https:\/\/magnoliasilk.com\/?s={search_term_string}"},"query-input":{"@type":"PropertyValueSpecification","valueRequired":true,"valueName":"search_term_string"}}],"inLanguage":"fi"},{"@type":"Organization","@id":"https:\/\/magnoliasilk.com\/#organization","name":"Magnolia silk collection","url":"https:\/\/magnoliasilk.com\/","logo":{"@type":"ImageObject","inLanguage":"fi","@id":"https:\/\/magnoliasilk.com\/#\/schema\/logo\/image\/","url":"https:\/\/i1.wp.com\/magnoliasilk.com\/wp-content\/uploads\/2021\/06\/cropped-magnolia-1.png?fit=369%2C80&ssl=1","contentUrl":"https:\/\/i1.wp.com\/magnoliasilk.com\/wp-content\/uploads\/2021\/06\/cropped-magnolia-1.png?fit=369%2C80&ssl=1","width":369,"height":80,"caption":"Magnolia silk collection"},"image":{"@id":"https:\/\/magnoliasilk.com\/#\/schema\/logo\/image\/"},"sameAs":["https:\/\/www.facebook.com\/Magnoliasilkcollection","https:\/\/www.instagram.com\/magnolia.silk\/","https:\/\/www.pinterest.com\/magnoliasilkcollection\/"]}]}},"jetpack_sharing_enabled":true,"_links":{"self":[{"href":"https:\/\/magnoliasilk.com\/fi\/wp-json\/wp\/v2\/product\/5903","targetHints":{"allow":["GET"]}}],"collection":[{"href":"https:\/\/magnoliasilk.com\/fi\/wp-json\/wp\/v2\/product"}],"about":[{"href":"https:\/\/magnoliasilk.com\/fi\/wp-json\/wp\/v2\/types\/product"}],"wp:featuredmedia":[{"embeddable":true,"href":"https:\/\/magnoliasilk.com\/fi\/wp-json\/wp\/v2\/media\/5905"}],"wp:attachment":[{"href":"https:\/\/magnoliasilk.com\/fi\/wp-json\/wp\/v2\/media?parent=5903"}],"wp:term":[{"taxonomy":"product_brand","embeddable":true,"href":"https:\/\/magnoliasilk.com\/fi\/wp-json\/wp\/v2\/product_brand?post=5903"},{"taxonomy":"product_cat","embeddable":true,"href":"https:\/\/magnoliasilk.com\/fi\/wp-json\/wp\/v2\/product_cat?post=5903"},{"taxonomy":"product_tag","embeddable":true,"href":"https:\/\/magnoliasilk.com\/fi\/wp-json\/wp\/v2\/product_tag?post=5903"}],"curies":[{"name":"wp","href":"https:\/\/api.w.org\/{rel}","templated":true}]}}