{"id":5883,"date":"2021-02-13T12:29:20","date_gmt":"2021-02-13T10:29:20","guid":{"rendered":"https:\/\/magnoliasilk.com\/product\/silk-robe-pale-pink\/"},"modified":"2023-12-03T22:49:46","modified_gmt":"2023-12-03T20:49:46","slug":"silk-robe-pale-pink","status":"publish","type":"product","link":"https:\/\/magnoliasilk.com\/fi\/tuote\/silk-robe-pale-pink\/","title":{"rendered":"Luonnollinen silkki aamutakki PALE PINK"},"content":{"rendered":"<p>K\u00e4\u00e4ri itsesi perhosen siipiin. T\u00e4m\u00e4 100% silkki aamutakki tuntuu uskomattoman pehme\u00e4lt\u00e4, koska se on valmistettu pehmeimm\u00e4st\u00e4, hienoimmasta silkist\u00e4. Silkkitakki on t\u00e4ydellinen ensimm\u00e4inen asia aamulla siemaillessasi suosikki juomaasi suosikki kupistasi. Se on my\u00f6s t\u00e4ydellinen asia k\u00e4ytt\u00e4\u00e4 ennen makeaa unta. Tai k\u00e4yt\u00e4 sit\u00e4 milloin tahansa haluat! Se tuntuu aivan upealta. Tiesit, ett\u00e4 t\u00e4m\u00e4 takki on sinun, heti kun n\u00e4it sen.<\/p>\n<p>Koostumus: 100% silkki\u00e4<br \/>\nIstuvuus: mukava, joten sopii t\u00e4ydellisesti kaikkiin vartalon muotoihin<br \/>\nOminaisuus: hengitt\u00e4v\u00e4, hypoallergeeninen<\/p>\n<p>Mitat:<\/p>\n<p>Pituus: 93cm<br \/>\nHartioiden leveys: 41cm<br \/>\nHihan pituus: 50cm<br \/>\nYmp\u00e4rys: 124cm<\/p>\n<p>Yksi yleiskoko sopii t\u00e4ydellisesti S-, M-, L EU-kokoihin. Kuvien mallin pituus on 170cm. Huomaa, ett\u00e4 t\u00e4m\u00e4 takki on suunniteltu puolipitkill\u00e4 hihoilla, mutta se miten hihat n\u00e4ytt\u00e4v\u00e4t p\u00e4\u00e4ll\u00e4si, riippuu k\u00e4tesi pituudesta.<\/p>\n","protected":false},"excerpt":{"rendered":"<p>Katso ja tunne itsesi hienostuneeksi heti, kun kiedot itsesi PALE PINK silkki aamutakkiin.<\/p>\n","protected":false},"featured_media":5884,"template":"","meta":[],"product_brand":[],"product_cat":[340,208],"product_tag":[207],"class_list":{"0":"post-5883","1":"product","2":"type-product","3":"status-publish","4":"has-post-thumbnail","6":"product_cat-black-friday-offers-30-fi","7":"product_cat-silk-robes-fi","8":"product_tag-nightwear-fi","10":"first","11":"instock","12":"sale","13":"taxable","14":"shipping-taxable","15":"purchasable","16":"product-type-variable","17":"has-default-attributes"},"exclude_global_add_ons":[],"addons":[],"yoast_head":"<!-- This site is optimized with the Yoast SEO plugin v27.2 - https:\/\/yoast.com\/product\/yoast-seo-wordpress\/ -->\n<title>Luonnollinen silkki aamutakki PALE PINK - Magnolia silk collection<\/title>\n<meta name=\"robots\" content=\"index, follow, max-snippet:-1, max-image-preview:large, max-video-preview:-1\" \/>\n<link rel=\"canonical\" href=\"https:\/\/magnoliasilk.com\/fi\/tuote\/silk-robe-pale-pink\/\" \/>\n<meta property=\"og:locale\" content=\"fi_FI\" \/>\n<meta property=\"og:type\" content=\"article\" \/>\n<meta property=\"og:title\" content=\"Luonnollinen silkki aamutakki PALE PINK - Magnolia silk collection\" \/>\n<meta property=\"og:description\" content=\"Katso ja tunne itsesi hienostuneeksi heti, kun kiedot itsesi PALE PINK silkki aamutakkiin.\" \/>\n<meta property=\"og:url\" content=\"https:\/\/magnoliasilk.com\/fi\/tuote\/silk-robe-pale-pink\/\" \/>\n<meta property=\"og:site_name\" content=\"Magnolia silk collection\" \/>\n<meta property=\"article:publisher\" content=\"https:\/\/www.facebook.com\/Magnoliasilkcollection\" \/>\n<meta property=\"article:modified_time\" content=\"2023-12-03T20:49:46+00:00\" \/>\n<meta property=\"og:image\" content=\"https:\/\/magnoliasilk.com\/wp-content\/uploads\/2021\/02\/aa-Medium.jpg\" \/>\n\t<meta property=\"og:image:width\" content=\"768\" \/>\n\t<meta property=\"og:image:height\" content=\"911\" \/>\n\t<meta property=\"og:image:type\" content=\"image\/jpeg\" \/>\n<meta name=\"twitter:card\" content=\"summary_large_image\" \/>\n<meta name=\"twitter:label1\" content=\"Arvioitu lukuaika\" \/>\n\t<meta name=\"twitter:data1\" content=\"1 minuutti\" \/>\n<script type=\"application\/ld+json\" class=\"yoast-schema-graph\">{\"@context\":\"https:\/\/schema.org\",\"@graph\":[{\"@type\":\"WebPage\",\"@id\":\"https:\/\/magnoliasilk.com\/fi\/tuote\/silk-robe-pale-pink\/\",\"url\":\"https:\/\/magnoliasilk.com\/fi\/tuote\/silk-robe-pale-pink\/\",\"name\":\"Luonnollinen silkki aamutakki PALE PINK - Magnolia silk collection\",\"isPartOf\":{\"@id\":\"https:\/\/magnoliasilk.com\/#website\"},\"primaryImageOfPage\":{\"@id\":\"https:\/\/magnoliasilk.com\/fi\/tuote\/silk-robe-pale-pink\/#primaryimage\"},\"image\":{\"@id\":\"https:\/\/magnoliasilk.com\/fi\/tuote\/silk-robe-pale-pink\/#primaryimage\"},\"thumbnailUrl\":\"https:\/\/i0.wp.com\/magnoliasilk.com\/wp-content\/uploads\/2021\/02\/aa-Medium.jpg?fit=768%2C911&ssl=1\",\"datePublished\":\"2021-02-13T10:29:20+00:00\",\"dateModified\":\"2023-12-03T20:49:46+00:00\",\"breadcrumb\":{\"@id\":\"https:\/\/magnoliasilk.com\/fi\/tuote\/silk-robe-pale-pink\/#breadcrumb\"},\"inLanguage\":\"fi\",\"potentialAction\":[{\"@type\":\"ReadAction\",\"target\":[\"https:\/\/magnoliasilk.com\/fi\/tuote\/silk-robe-pale-pink\/\"]}]},{\"@type\":\"ImageObject\",\"inLanguage\":\"fi\",\"@id\":\"https:\/\/magnoliasilk.com\/fi\/tuote\/silk-robe-pale-pink\/#primaryimage\",\"url\":\"https:\/\/i0.wp.com\/magnoliasilk.com\/wp-content\/uploads\/2021\/02\/aa-Medium.jpg?fit=768%2C911&ssl=1\",\"contentUrl\":\"https:\/\/i0.wp.com\/magnoliasilk.com\/wp-content\/uploads\/2021\/02\/aa-Medium.jpg?fit=768%2C911&ssl=1\",\"width\":768,\"height\":911},{\"@type\":\"BreadcrumbList\",\"@id\":\"https:\/\/magnoliasilk.com\/fi\/tuote\/silk-robe-pale-pink\/#breadcrumb\",\"itemListElement\":[{\"@type\":\"ListItem\",\"position\":1,\"name\":\"Home\",\"item\":\"https:\/\/magnoliasilk.com\/fi\/\"},{\"@type\":\"ListItem\",\"position\":2,\"name\":\"Magnolia silk collection\",\"item\":\"https:\/\/magnoliasilk.com\/fi\/shop-2\/\"},{\"@type\":\"ListItem\",\"position\":3,\"name\":\"Luonnollinen silkki aamutakki PALE PINK\"}]},{\"@type\":\"WebSite\",\"@id\":\"https:\/\/magnoliasilk.com\/#website\",\"url\":\"https:\/\/magnoliasilk.com\/\",\"name\":\"Magnolia silk collection\",\"description\":\"Mulberry silk products by Magnolia\",\"publisher\":{\"@id\":\"https:\/\/magnoliasilk.com\/#organization\"},\"potentialAction\":[{\"@type\":\"SearchAction\",\"target\":{\"@type\":\"EntryPoint\",\"urlTemplate\":\"https:\/\/magnoliasilk.com\/?s={search_term_string}\"},\"query-input\":{\"@type\":\"PropertyValueSpecification\",\"valueRequired\":true,\"valueName\":\"search_term_string\"}}],\"inLanguage\":\"fi\"},{\"@type\":\"Organization\",\"@id\":\"https:\/\/magnoliasilk.com\/#organization\",\"name\":\"Magnolia silk collection\",\"url\":\"https:\/\/magnoliasilk.com\/\",\"logo\":{\"@type\":\"ImageObject\",\"inLanguage\":\"fi\",\"@id\":\"https:\/\/magnoliasilk.com\/#\/schema\/logo\/image\/\",\"url\":\"https:\/\/i1.wp.com\/magnoliasilk.com\/wp-content\/uploads\/2021\/06\/cropped-magnolia-1.png?fit=369%2C80&ssl=1\",\"contentUrl\":\"https:\/\/i1.wp.com\/magnoliasilk.com\/wp-content\/uploads\/2021\/06\/cropped-magnolia-1.png?fit=369%2C80&ssl=1\",\"width\":369,\"height\":80,\"caption\":\"Magnolia silk collection\"},\"image\":{\"@id\":\"https:\/\/magnoliasilk.com\/#\/schema\/logo\/image\/\"},\"sameAs\":[\"https:\/\/www.facebook.com\/Magnoliasilkcollection\",\"https:\/\/www.instagram.com\/magnolia.silk\/\",\"https:\/\/www.pinterest.com\/magnoliasilkcollection\/\"]}]}<\/script>\n<!-- \/ Yoast SEO plugin. -->","yoast_head_json":{"title":"Luonnollinen silkki aamutakki PALE PINK - Magnolia silk collection","robots":{"index":"index","follow":"follow","max-snippet":"max-snippet:-1","max-image-preview":"max-image-preview:large","max-video-preview":"max-video-preview:-1"},"canonical":"https:\/\/magnoliasilk.com\/fi\/tuote\/silk-robe-pale-pink\/","og_locale":"fi_FI","og_type":"article","og_title":"Luonnollinen silkki aamutakki PALE PINK - Magnolia silk collection","og_description":"Katso ja tunne itsesi hienostuneeksi heti, kun kiedot itsesi PALE PINK silkki aamutakkiin.","og_url":"https:\/\/magnoliasilk.com\/fi\/tuote\/silk-robe-pale-pink\/","og_site_name":"Magnolia silk collection","article_publisher":"https:\/\/www.facebook.com\/Magnoliasilkcollection","article_modified_time":"2023-12-03T20:49:46+00:00","og_image":[{"width":768,"height":911,"url":"https:\/\/magnoliasilk.com\/wp-content\/uploads\/2021\/02\/aa-Medium.jpg","type":"image\/jpeg"}],"twitter_card":"summary_large_image","twitter_misc":{"Arvioitu lukuaika":"1 minuutti"},"schema":{"@context":"https:\/\/schema.org","@graph":[{"@type":"WebPage","@id":"https:\/\/magnoliasilk.com\/fi\/tuote\/silk-robe-pale-pink\/","url":"https:\/\/magnoliasilk.com\/fi\/tuote\/silk-robe-pale-pink\/","name":"Luonnollinen silkki aamutakki PALE PINK - Magnolia silk collection","isPartOf":{"@id":"https:\/\/magnoliasilk.com\/#website"},"primaryImageOfPage":{"@id":"https:\/\/magnoliasilk.com\/fi\/tuote\/silk-robe-pale-pink\/#primaryimage"},"image":{"@id":"https:\/\/magnoliasilk.com\/fi\/tuote\/silk-robe-pale-pink\/#primaryimage"},"thumbnailUrl":"https:\/\/i0.wp.com\/magnoliasilk.com\/wp-content\/uploads\/2021\/02\/aa-Medium.jpg?fit=768%2C911&ssl=1","datePublished":"2021-02-13T10:29:20+00:00","dateModified":"2023-12-03T20:49:46+00:00","breadcrumb":{"@id":"https:\/\/magnoliasilk.com\/fi\/tuote\/silk-robe-pale-pink\/#breadcrumb"},"inLanguage":"fi","potentialAction":[{"@type":"ReadAction","target":["https:\/\/magnoliasilk.com\/fi\/tuote\/silk-robe-pale-pink\/"]}]},{"@type":"ImageObject","inLanguage":"fi","@id":"https:\/\/magnoliasilk.com\/fi\/tuote\/silk-robe-pale-pink\/#primaryimage","url":"https:\/\/i0.wp.com\/magnoliasilk.com\/wp-content\/uploads\/2021\/02\/aa-Medium.jpg?fit=768%2C911&ssl=1","contentUrl":"https:\/\/i0.wp.com\/magnoliasilk.com\/wp-content\/uploads\/2021\/02\/aa-Medium.jpg?fit=768%2C911&ssl=1","width":768,"height":911},{"@type":"BreadcrumbList","@id":"https:\/\/magnoliasilk.com\/fi\/tuote\/silk-robe-pale-pink\/#breadcrumb","itemListElement":[{"@type":"ListItem","position":1,"name":"Home","item":"https:\/\/magnoliasilk.com\/fi\/"},{"@type":"ListItem","position":2,"name":"Magnolia silk collection","item":"https:\/\/magnoliasilk.com\/fi\/shop-2\/"},{"@type":"ListItem","position":3,"name":"Luonnollinen silkki aamutakki PALE PINK"}]},{"@type":"WebSite","@id":"https:\/\/magnoliasilk.com\/#website","url":"https:\/\/magnoliasilk.com\/","name":"Magnolia silk collection","description":"Mulberry silk products by Magnolia","publisher":{"@id":"https:\/\/magnoliasilk.com\/#organization"},"potentialAction":[{"@type":"SearchAction","target":{"@type":"EntryPoint","urlTemplate":"https:\/\/magnoliasilk.com\/?s={search_term_string}"},"query-input":{"@type":"PropertyValueSpecification","valueRequired":true,"valueName":"search_term_string"}}],"inLanguage":"fi"},{"@type":"Organization","@id":"https:\/\/magnoliasilk.com\/#organization","name":"Magnolia silk collection","url":"https:\/\/magnoliasilk.com\/","logo":{"@type":"ImageObject","inLanguage":"fi","@id":"https:\/\/magnoliasilk.com\/#\/schema\/logo\/image\/","url":"https:\/\/i1.wp.com\/magnoliasilk.com\/wp-content\/uploads\/2021\/06\/cropped-magnolia-1.png?fit=369%2C80&ssl=1","contentUrl":"https:\/\/i1.wp.com\/magnoliasilk.com\/wp-content\/uploads\/2021\/06\/cropped-magnolia-1.png?fit=369%2C80&ssl=1","width":369,"height":80,"caption":"Magnolia silk collection"},"image":{"@id":"https:\/\/magnoliasilk.com\/#\/schema\/logo\/image\/"},"sameAs":["https:\/\/www.facebook.com\/Magnoliasilkcollection","https:\/\/www.instagram.com\/magnolia.silk\/","https:\/\/www.pinterest.com\/magnoliasilkcollection\/"]}]}},"jetpack_sharing_enabled":true,"_links":{"self":[{"href":"https:\/\/magnoliasilk.com\/fi\/wp-json\/wp\/v2\/product\/5883","targetHints":{"allow":["GET"]}}],"collection":[{"href":"https:\/\/magnoliasilk.com\/fi\/wp-json\/wp\/v2\/product"}],"about":[{"href":"https:\/\/magnoliasilk.com\/fi\/wp-json\/wp\/v2\/types\/product"}],"wp:featuredmedia":[{"embeddable":true,"href":"https:\/\/magnoliasilk.com\/fi\/wp-json\/wp\/v2\/media\/5884"}],"wp:attachment":[{"href":"https:\/\/magnoliasilk.com\/fi\/wp-json\/wp\/v2\/media?parent=5883"}],"wp:term":[{"taxonomy":"product_brand","embeddable":true,"href":"https:\/\/magnoliasilk.com\/fi\/wp-json\/wp\/v2\/product_brand?post=5883"},{"taxonomy":"product_cat","embeddable":true,"href":"https:\/\/magnoliasilk.com\/fi\/wp-json\/wp\/v2\/product_cat?post=5883"},{"taxonomy":"product_tag","embeddable":true,"href":"https:\/\/magnoliasilk.com\/fi\/wp-json\/wp\/v2\/product_tag?post=5883"}],"curies":[{"name":"wp","href":"https:\/\/api.w.org\/{rel}","templated":true}]}}