{"id":16155,"date":"2024-06-19T10:16:42","date_gmt":"2024-06-19T07:16:42","guid":{"rendered":"https:\/\/magnoliasilk.com\/?post_type=product&#038;p=16155"},"modified":"2024-06-19T12:31:36","modified_gmt":"2024-06-19T09:31:36","slug":"luonnollinen-silkki-pyjama-coral","status":"publish","type":"product","link":"https:\/\/magnoliasilk.com\/fi\/tuote\/luonnollinen-silkki-pyjama-coral\/","title":{"rendered":"Luonnollinen silkki pyjama CORAL"},"content":{"rendered":"<p>Onnekas ja onnellinen &#8211; kyll\u00e4, se olet sin\u00e4, kultaseni! Ja viel\u00e4 enemm\u00e4n, koska sinulla on nyt n\u00e4m\u00e4 upeat puhtaat silkki-pyjamat, jotka ovat niin helppok\u00e4ytt\u00f6iset! Se ei ole vain pyjama, se on t\u00e4ydellinen vaatetus jossa viett\u00e4\u00e4 p\u00e4iv\u00e4 kotona. T\u00e4m\u00e4 hihaton toppi ja helposti vedett\u00e4v\u00e4t elastiset shortsit imartelevalla pituudella ovat pian uusi suosikkisi!<\/p>\n<p>Koostumus: 100% silkki\u00e4<br \/>\nIstuvuus: mukava, joten se sopii t\u00e4ydellisesti kaikkiin vartalon muotoihin<br \/>\nOminaisuus: hengitt\u00e4v\u00e4, hypoallergeeninen<\/p>\n<p>Shortsien mitat:<br \/>\nPituus &#8211; 34cm<br \/>\nVy\u00f6t\u00e4r\u00f6 &#8211; 80cm hyvin joustavaa materiaalia<br \/>\nLantio &#8211; 117cm<\/p>\n<p>Topin mitat:<br \/>\nPituus &#8211; 62cm<br \/>\nRinta &#8211; 102cm<\/p>\n<p>Yksi universaali koko sopii t\u00e4ydellisesti S, M EU-kokoihin. Kuvien mallin pituus on 167cm.<\/p>\n","protected":false},"excerpt":{"rendered":"<p>Niin mukava, niin pehme\u00e4. Niin rentouttava. Niina kaunis. Niin hurmaava mutta niin helppo heitt\u00e4\u00e4 yllesi \u2026 meid\u00e4n 100% silkki pyjama setti.<\/p>\n","protected":false},"featured_media":16158,"template":"","meta":[],"product_brand":[],"product_cat":[340,329,206],"product_tag":[207],"class_list":{"0":"post-16155","1":"product","2":"type-product","3":"status-publish","4":"has-post-thumbnail","6":"product_cat-black-friday-offers-30-fi","7":"product_cat-new-products-fi","8":"product_cat-silk-pajamas-fi","9":"product_tag-nightwear-fi","11":"first","12":"outofstock","13":"sale","14":"taxable","15":"shipping-taxable","16":"purchasable","17":"product-type-simple"},"exclude_global_add_ons":[],"addons":[],"yoast_head":"<!-- This site is optimized with the Yoast SEO plugin v27.2 - https:\/\/yoast.com\/product\/yoast-seo-wordpress\/ -->\n<title>Luonnollinen silkki pyjama CORAL - Magnolia silk collection<\/title>\n<meta name=\"description\" content=\"magnolia 100% mulberry silk pajama pale purple, luxurious gift packaging\" \/>\n<meta name=\"robots\" content=\"index, follow, max-snippet:-1, max-image-preview:large, max-video-preview:-1\" \/>\n<link rel=\"canonical\" href=\"https:\/\/magnoliasilk.com\/fi\/tuote\/luonnollinen-silkki-pyjama-coral\/\" \/>\n<meta property=\"og:locale\" content=\"fi_FI\" \/>\n<meta property=\"og:type\" content=\"article\" \/>\n<meta property=\"og:title\" content=\"Luonnollinen silkki pyjama CORAL - Magnolia silk collection\" \/>\n<meta property=\"og:description\" content=\"magnolia 100% mulberry silk pajama pale purple, luxurious gift packaging\" \/>\n<meta property=\"og:url\" content=\"https:\/\/magnoliasilk.com\/fi\/tuote\/luonnollinen-silkki-pyjama-coral\/\" \/>\n<meta property=\"og:site_name\" content=\"Magnolia silk collection\" \/>\n<meta property=\"article:publisher\" content=\"https:\/\/www.facebook.com\/Magnoliasilkcollection\" \/>\n<meta property=\"article:modified_time\" content=\"2024-06-19T09:31:36+00:00\" \/>\n<meta property=\"og:image\" content=\"https:\/\/i0.wp.com\/magnoliasilk.com\/wp-content\/uploads\/2024\/06\/IMG_9269-scaled.jpg?fit=1920%2C2560&ssl=1\" \/>\n\t<meta property=\"og:image:width\" content=\"1920\" \/>\n\t<meta property=\"og:image:height\" content=\"2560\" \/>\n\t<meta property=\"og:image:type\" content=\"image\/jpeg\" \/>\n<meta name=\"twitter:card\" content=\"summary_large_image\" \/>\n<meta name=\"twitter:label1\" content=\"Arvioitu lukuaika\" \/>\n\t<meta name=\"twitter:data1\" content=\"2 minuuttia\" \/>\n<script type=\"application\/ld+json\" class=\"yoast-schema-graph\">{\"@context\":\"https:\/\/schema.org\",\"@graph\":[{\"@type\":\"WebPage\",\"@id\":\"https:\/\/magnoliasilk.com\/fi\/tuote\/luonnollinen-silkki-pyjama-coral\/\",\"url\":\"https:\/\/magnoliasilk.com\/fi\/tuote\/luonnollinen-silkki-pyjama-coral\/\",\"name\":\"Luonnollinen silkki pyjama CORAL - Magnolia silk collection\",\"isPartOf\":{\"@id\":\"https:\/\/magnoliasilk.com\/#website\"},\"primaryImageOfPage\":{\"@id\":\"https:\/\/magnoliasilk.com\/fi\/tuote\/luonnollinen-silkki-pyjama-coral\/#primaryimage\"},\"image\":{\"@id\":\"https:\/\/magnoliasilk.com\/fi\/tuote\/luonnollinen-silkki-pyjama-coral\/#primaryimage\"},\"thumbnailUrl\":\"https:\/\/i0.wp.com\/magnoliasilk.com\/wp-content\/uploads\/2024\/06\/IMG_9269-scaled.jpg?fit=1920%2C2560&ssl=1\",\"datePublished\":\"2024-06-19T07:16:42+00:00\",\"dateModified\":\"2024-06-19T09:31:36+00:00\",\"description\":\"magnolia 100% mulberry silk pajama pale purple, luxurious gift packaging\",\"breadcrumb\":{\"@id\":\"https:\/\/magnoliasilk.com\/fi\/tuote\/luonnollinen-silkki-pyjama-coral\/#breadcrumb\"},\"inLanguage\":\"fi\",\"potentialAction\":[{\"@type\":\"ReadAction\",\"target\":[\"https:\/\/magnoliasilk.com\/fi\/tuote\/luonnollinen-silkki-pyjama-coral\/\"]}]},{\"@type\":\"ImageObject\",\"inLanguage\":\"fi\",\"@id\":\"https:\/\/magnoliasilk.com\/fi\/tuote\/luonnollinen-silkki-pyjama-coral\/#primaryimage\",\"url\":\"https:\/\/i0.wp.com\/magnoliasilk.com\/wp-content\/uploads\/2024\/06\/IMG_9269-scaled.jpg?fit=1920%2C2560&ssl=1\",\"contentUrl\":\"https:\/\/i0.wp.com\/magnoliasilk.com\/wp-content\/uploads\/2024\/06\/IMG_9269-scaled.jpg?fit=1920%2C2560&ssl=1\",\"width\":1920,\"height\":2560},{\"@type\":\"BreadcrumbList\",\"@id\":\"https:\/\/magnoliasilk.com\/fi\/tuote\/luonnollinen-silkki-pyjama-coral\/#breadcrumb\",\"itemListElement\":[{\"@type\":\"ListItem\",\"position\":1,\"name\":\"Home\",\"item\":\"https:\/\/magnoliasilk.com\/fi\/\"},{\"@type\":\"ListItem\",\"position\":2,\"name\":\"Magnolia silk collection\",\"item\":\"https:\/\/magnoliasilk.com\/fi\/shop-2\/\"},{\"@type\":\"ListItem\",\"position\":3,\"name\":\"Luonnollinen silkki pyjama CORAL\"}]},{\"@type\":\"WebSite\",\"@id\":\"https:\/\/magnoliasilk.com\/#website\",\"url\":\"https:\/\/magnoliasilk.com\/\",\"name\":\"Magnolia silk collection\",\"description\":\"Mulberry silk products by Magnolia\",\"publisher\":{\"@id\":\"https:\/\/magnoliasilk.com\/#organization\"},\"potentialAction\":[{\"@type\":\"SearchAction\",\"target\":{\"@type\":\"EntryPoint\",\"urlTemplate\":\"https:\/\/magnoliasilk.com\/?s={search_term_string}\"},\"query-input\":{\"@type\":\"PropertyValueSpecification\",\"valueRequired\":true,\"valueName\":\"search_term_string\"}}],\"inLanguage\":\"fi\"},{\"@type\":\"Organization\",\"@id\":\"https:\/\/magnoliasilk.com\/#organization\",\"name\":\"Magnolia silk collection\",\"url\":\"https:\/\/magnoliasilk.com\/\",\"logo\":{\"@type\":\"ImageObject\",\"inLanguage\":\"fi\",\"@id\":\"https:\/\/magnoliasilk.com\/#\/schema\/logo\/image\/\",\"url\":\"https:\/\/i1.wp.com\/magnoliasilk.com\/wp-content\/uploads\/2021\/06\/cropped-magnolia-1.png?fit=369%2C80&ssl=1\",\"contentUrl\":\"https:\/\/i1.wp.com\/magnoliasilk.com\/wp-content\/uploads\/2021\/06\/cropped-magnolia-1.png?fit=369%2C80&ssl=1\",\"width\":369,\"height\":80,\"caption\":\"Magnolia silk collection\"},\"image\":{\"@id\":\"https:\/\/magnoliasilk.com\/#\/schema\/logo\/image\/\"},\"sameAs\":[\"https:\/\/www.facebook.com\/Magnoliasilkcollection\",\"https:\/\/www.instagram.com\/magnolia.silk\/\",\"https:\/\/www.pinterest.com\/magnoliasilkcollection\/\"]}]}<\/script>\n<!-- \/ Yoast SEO plugin. -->","yoast_head_json":{"title":"Luonnollinen silkki pyjama CORAL - Magnolia silk collection","description":"magnolia 100% mulberry silk pajama pale purple, luxurious gift packaging","robots":{"index":"index","follow":"follow","max-snippet":"max-snippet:-1","max-image-preview":"max-image-preview:large","max-video-preview":"max-video-preview:-1"},"canonical":"https:\/\/magnoliasilk.com\/fi\/tuote\/luonnollinen-silkki-pyjama-coral\/","og_locale":"fi_FI","og_type":"article","og_title":"Luonnollinen silkki pyjama CORAL - Magnolia silk collection","og_description":"magnolia 100% mulberry silk pajama pale purple, luxurious gift packaging","og_url":"https:\/\/magnoliasilk.com\/fi\/tuote\/luonnollinen-silkki-pyjama-coral\/","og_site_name":"Magnolia silk collection","article_publisher":"https:\/\/www.facebook.com\/Magnoliasilkcollection","article_modified_time":"2024-06-19T09:31:36+00:00","og_image":[{"width":1920,"height":2560,"url":"https:\/\/i0.wp.com\/magnoliasilk.com\/wp-content\/uploads\/2024\/06\/IMG_9269-scaled.jpg?fit=1920%2C2560&ssl=1","type":"image\/jpeg"}],"twitter_card":"summary_large_image","twitter_misc":{"Arvioitu lukuaika":"2 minuuttia"},"schema":{"@context":"https:\/\/schema.org","@graph":[{"@type":"WebPage","@id":"https:\/\/magnoliasilk.com\/fi\/tuote\/luonnollinen-silkki-pyjama-coral\/","url":"https:\/\/magnoliasilk.com\/fi\/tuote\/luonnollinen-silkki-pyjama-coral\/","name":"Luonnollinen silkki pyjama CORAL - Magnolia silk collection","isPartOf":{"@id":"https:\/\/magnoliasilk.com\/#website"},"primaryImageOfPage":{"@id":"https:\/\/magnoliasilk.com\/fi\/tuote\/luonnollinen-silkki-pyjama-coral\/#primaryimage"},"image":{"@id":"https:\/\/magnoliasilk.com\/fi\/tuote\/luonnollinen-silkki-pyjama-coral\/#primaryimage"},"thumbnailUrl":"https:\/\/i0.wp.com\/magnoliasilk.com\/wp-content\/uploads\/2024\/06\/IMG_9269-scaled.jpg?fit=1920%2C2560&ssl=1","datePublished":"2024-06-19T07:16:42+00:00","dateModified":"2024-06-19T09:31:36+00:00","description":"magnolia 100% mulberry silk pajama pale purple, luxurious gift packaging","breadcrumb":{"@id":"https:\/\/magnoliasilk.com\/fi\/tuote\/luonnollinen-silkki-pyjama-coral\/#breadcrumb"},"inLanguage":"fi","potentialAction":[{"@type":"ReadAction","target":["https:\/\/magnoliasilk.com\/fi\/tuote\/luonnollinen-silkki-pyjama-coral\/"]}]},{"@type":"ImageObject","inLanguage":"fi","@id":"https:\/\/magnoliasilk.com\/fi\/tuote\/luonnollinen-silkki-pyjama-coral\/#primaryimage","url":"https:\/\/i0.wp.com\/magnoliasilk.com\/wp-content\/uploads\/2024\/06\/IMG_9269-scaled.jpg?fit=1920%2C2560&ssl=1","contentUrl":"https:\/\/i0.wp.com\/magnoliasilk.com\/wp-content\/uploads\/2024\/06\/IMG_9269-scaled.jpg?fit=1920%2C2560&ssl=1","width":1920,"height":2560},{"@type":"BreadcrumbList","@id":"https:\/\/magnoliasilk.com\/fi\/tuote\/luonnollinen-silkki-pyjama-coral\/#breadcrumb","itemListElement":[{"@type":"ListItem","position":1,"name":"Home","item":"https:\/\/magnoliasilk.com\/fi\/"},{"@type":"ListItem","position":2,"name":"Magnolia silk collection","item":"https:\/\/magnoliasilk.com\/fi\/shop-2\/"},{"@type":"ListItem","position":3,"name":"Luonnollinen silkki pyjama CORAL"}]},{"@type":"WebSite","@id":"https:\/\/magnoliasilk.com\/#website","url":"https:\/\/magnoliasilk.com\/","name":"Magnolia silk collection","description":"Mulberry silk products by Magnolia","publisher":{"@id":"https:\/\/magnoliasilk.com\/#organization"},"potentialAction":[{"@type":"SearchAction","target":{"@type":"EntryPoint","urlTemplate":"https:\/\/magnoliasilk.com\/?s={search_term_string}"},"query-input":{"@type":"PropertyValueSpecification","valueRequired":true,"valueName":"search_term_string"}}],"inLanguage":"fi"},{"@type":"Organization","@id":"https:\/\/magnoliasilk.com\/#organization","name":"Magnolia silk collection","url":"https:\/\/magnoliasilk.com\/","logo":{"@type":"ImageObject","inLanguage":"fi","@id":"https:\/\/magnoliasilk.com\/#\/schema\/logo\/image\/","url":"https:\/\/i1.wp.com\/magnoliasilk.com\/wp-content\/uploads\/2021\/06\/cropped-magnolia-1.png?fit=369%2C80&ssl=1","contentUrl":"https:\/\/i1.wp.com\/magnoliasilk.com\/wp-content\/uploads\/2021\/06\/cropped-magnolia-1.png?fit=369%2C80&ssl=1","width":369,"height":80,"caption":"Magnolia silk collection"},"image":{"@id":"https:\/\/magnoliasilk.com\/#\/schema\/logo\/image\/"},"sameAs":["https:\/\/www.facebook.com\/Magnoliasilkcollection","https:\/\/www.instagram.com\/magnolia.silk\/","https:\/\/www.pinterest.com\/magnoliasilkcollection\/"]}]}},"jetpack_sharing_enabled":true,"_links":{"self":[{"href":"https:\/\/magnoliasilk.com\/fi\/wp-json\/wp\/v2\/product\/16155","targetHints":{"allow":["GET"]}}],"collection":[{"href":"https:\/\/magnoliasilk.com\/fi\/wp-json\/wp\/v2\/product"}],"about":[{"href":"https:\/\/magnoliasilk.com\/fi\/wp-json\/wp\/v2\/types\/product"}],"wp:featuredmedia":[{"embeddable":true,"href":"https:\/\/magnoliasilk.com\/fi\/wp-json\/wp\/v2\/media\/16158"}],"wp:attachment":[{"href":"https:\/\/magnoliasilk.com\/fi\/wp-json\/wp\/v2\/media?parent=16155"}],"wp:term":[{"taxonomy":"product_brand","embeddable":true,"href":"https:\/\/magnoliasilk.com\/fi\/wp-json\/wp\/v2\/product_brand?post=16155"},{"taxonomy":"product_cat","embeddable":true,"href":"https:\/\/magnoliasilk.com\/fi\/wp-json\/wp\/v2\/product_cat?post=16155"},{"taxonomy":"product_tag","embeddable":true,"href":"https:\/\/magnoliasilk.com\/fi\/wp-json\/wp\/v2\/product_tag?post=16155"}],"curies":[{"name":"wp","href":"https:\/\/api.w.org\/{rel}","templated":true}]}}