{"id":9275,"date":"2021-11-22T20:14:12","date_gmt":"2021-11-22T18:14:12","guid":{"rendered":"https:\/\/magnoliasilk.com\/product\/luxurious-100-natural-silk-cowl-neck-top\/"},"modified":"2023-08-13T08:40:06","modified_gmt":"2023-08-13T05:40:06","slug":"luxurious-100-natural-silk-cowl-neck-top","status":"publish","type":"product","link":"https:\/\/magnoliasilk.com\/et\/toode\/luxurious-100-natural-silk-cowl-neck-top\/","title":{"rendered":"Luksuslik 100% looduslikust siidist topp"},"content":{"rendered":"<p>&#8211; Kahekihiline 100% looduslikust siidist topp<br \/>\n&#8211; Ei ole l\u00e4bipaistev<br \/>\n&#8211; Saadaval S, M, L suurustes<br \/>\n&#8211; Mugav ja samas elegantne<br \/>\n&#8211; Reguleeritavad paelad<br \/>\n&#8211; &#8220;Cowl cut&#8221; kaelus<br \/>\n&#8211; V\u00f5ib kanda koos v\u00f5i ilma rinnahoidjata<\/p>\n<p>Suurused:<\/p>\n<p>S suurus: rind: 86 cm, v\u00f6\u00f6: 70 cm, puus: 90 cm, \u00fclaosa pikkus: 52 cm<\/p>\n<p>M suurus: rind: 90 cm, v\u00f6\u00f6: 80 cm, puus: 94 cm, \u00fclaosa pikkus: 52 cm<\/p>\n<p>L suurus: rind 96 cm, v\u00f6\u00f6: 92 cm, puus: 99 cm, \u00fclaosa pikkus: 52 cm<\/p>\n<p>Enne tellimist palume kindlasti vaadata m\u00f5\u00f5tmed \u00fcle ja kui oma suurust ei leia, siis saada oma soov aadressile: info@magnoliasilk.com<\/p>\n<p>Tellimuse t\u00f6\u00f6tlemise aeg kuni 5 t\u00f6\u00f6p\u00e4eva.<\/p>\n<p>Piltidel olev modell kannab M suuruses toppi.<\/p>\n","protected":false},"excerpt":{"rendered":"<p>Glamuurne siidist topp, mis n\u00e4eb suurep\u00e4rane v\u00e4lja k\u00f5igega, mida kannad. Ajatu disain, mis annab Sulle suurep\u00e4rase v\u00e4limuse ja enesetunde.<\/p>\n","protected":false},"featured_media":10307,"template":"","meta":[],"product_brand":[],"product_cat":[283],"product_tag":[],"class_list":{"0":"post-9275","1":"product","2":"type-product","3":"status-publish","4":"has-post-thumbnail","6":"product_cat-siidist-topid","8":"first","9":"instock","10":"taxable","11":"shipping-taxable","12":"purchasable","13":"product-type-variable","14":"has-default-attributes"},"exclude_global_add_ons":[],"addons":[],"yoast_head":"<!-- This site is optimized with the Yoast SEO plugin v27.2 - https:\/\/yoast.com\/product\/yoast-seo-wordpress\/ -->\n<title>Luksuslik 100% looduslikust siidist topp - Magnolia silk collection<\/title>\n<meta name=\"description\" content=\"Glamuurne siidist topp, mis n\u00e4eb suurep\u00e4rane v\u00e4lja k\u00f5igega, mida kannad. Ajatu disain, mis annab Sulle suurep\u00e4rase v\u00e4limuse ja enesetunde.\" \/>\n<meta name=\"robots\" content=\"index, follow, max-snippet:-1, max-image-preview:large, max-video-preview:-1\" \/>\n<link rel=\"canonical\" href=\"https:\/\/magnoliasilk.com\/et\/toode\/luxurious-100-natural-silk-cowl-neck-top\/\" \/>\n<meta property=\"og:locale\" content=\"et_EE\" \/>\n<meta property=\"og:type\" content=\"article\" \/>\n<meta property=\"og:title\" content=\"Luksuslik 100% looduslikust siidist topp - Magnolia silk collection\" \/>\n<meta property=\"og:description\" content=\"Glamuurne siidist topp, mis n\u00e4eb suurep\u00e4rane v\u00e4lja k\u00f5igega, mida kannad. Ajatu disain, mis annab Sulle suurep\u00e4rase v\u00e4limuse ja enesetunde.\" \/>\n<meta property=\"og:url\" content=\"https:\/\/magnoliasilk.com\/et\/toode\/luxurious-100-natural-silk-cowl-neck-top\/\" \/>\n<meta property=\"og:site_name\" content=\"Magnolia silk collection\" \/>\n<meta property=\"article:publisher\" content=\"https:\/\/www.facebook.com\/Magnoliasilkcollection\" \/>\n<meta property=\"article:modified_time\" content=\"2023-08-13T05:40:06+00:00\" \/>\n<meta property=\"og:image\" content=\"https:\/\/magnoliasilk.com\/wp-content\/uploads\/2021\/11\/Avatar-scaled.jpg\" \/>\n\t<meta property=\"og:image:width\" content=\"1707\" \/>\n\t<meta property=\"og:image:height\" content=\"2560\" \/>\n\t<meta property=\"og:image:type\" content=\"image\/jpeg\" \/>\n<meta name=\"twitter:card\" content=\"summary_large_image\" \/>\n<meta name=\"twitter:label1\" content=\"Est. reading time\" \/>\n\t<meta name=\"twitter:data1\" content=\"1 minut\" \/>\n<script type=\"application\/ld+json\" class=\"yoast-schema-graph\">{\"@context\":\"https:\/\/schema.org\",\"@graph\":[{\"@type\":\"WebPage\",\"@id\":\"https:\/\/magnoliasilk.com\/et\/toode\/luxurious-100-natural-silk-cowl-neck-top\/\",\"url\":\"https:\/\/magnoliasilk.com\/et\/toode\/luxurious-100-natural-silk-cowl-neck-top\/\",\"name\":\"Luksuslik 100% looduslikust siidist topp - Magnolia silk collection\",\"isPartOf\":{\"@id\":\"https:\/\/magnoliasilk.com\/#website\"},\"primaryImageOfPage\":{\"@id\":\"https:\/\/magnoliasilk.com\/et\/toode\/luxurious-100-natural-silk-cowl-neck-top\/#primaryimage\"},\"image\":{\"@id\":\"https:\/\/magnoliasilk.com\/et\/toode\/luxurious-100-natural-silk-cowl-neck-top\/#primaryimage\"},\"thumbnailUrl\":\"https:\/\/i0.wp.com\/magnoliasilk.com\/wp-content\/uploads\/2021\/11\/DSC03440-scaled.jpg?fit=1707%2C2560&ssl=1\",\"datePublished\":\"2021-11-22T18:14:12+00:00\",\"dateModified\":\"2023-08-13T05:40:06+00:00\",\"description\":\"Glamuurne siidist topp, mis n\u00e4eb suurep\u00e4rane v\u00e4lja k\u00f5igega, mida kannad. Ajatu disain, mis annab Sulle suurep\u00e4rase v\u00e4limuse ja enesetunde.\",\"breadcrumb\":{\"@id\":\"https:\/\/magnoliasilk.com\/et\/toode\/luxurious-100-natural-silk-cowl-neck-top\/#breadcrumb\"},\"inLanguage\":\"et\",\"potentialAction\":[{\"@type\":\"ReadAction\",\"target\":[\"https:\/\/magnoliasilk.com\/et\/toode\/luxurious-100-natural-silk-cowl-neck-top\/\"]}]},{\"@type\":\"ImageObject\",\"inLanguage\":\"et\",\"@id\":\"https:\/\/magnoliasilk.com\/et\/toode\/luxurious-100-natural-silk-cowl-neck-top\/#primaryimage\",\"url\":\"https:\/\/i0.wp.com\/magnoliasilk.com\/wp-content\/uploads\/2021\/11\/DSC03440-scaled.jpg?fit=1707%2C2560&ssl=1\",\"contentUrl\":\"https:\/\/i0.wp.com\/magnoliasilk.com\/wp-content\/uploads\/2021\/11\/DSC03440-scaled.jpg?fit=1707%2C2560&ssl=1\",\"width\":1707,\"height\":2560},{\"@type\":\"BreadcrumbList\",\"@id\":\"https:\/\/magnoliasilk.com\/et\/toode\/luxurious-100-natural-silk-cowl-neck-top\/#breadcrumb\",\"itemListElement\":[{\"@type\":\"ListItem\",\"position\":1,\"name\":\"Home\",\"item\":\"https:\/\/magnoliasilk.com\/et\/\"},{\"@type\":\"ListItem\",\"position\":2,\"name\":\"Magnolia silk collection\",\"item\":\"https:\/\/magnoliasilk.com\/et\/shop-3\/\"},{\"@type\":\"ListItem\",\"position\":3,\"name\":\"Luksuslik 100% looduslikust siidist topp\"}]},{\"@type\":\"WebSite\",\"@id\":\"https:\/\/magnoliasilk.com\/#website\",\"url\":\"https:\/\/magnoliasilk.com\/\",\"name\":\"Magnolia silk collection\",\"description\":\"Mulberry silk products by Magnolia\",\"publisher\":{\"@id\":\"https:\/\/magnoliasilk.com\/#organization\"},\"potentialAction\":[{\"@type\":\"SearchAction\",\"target\":{\"@type\":\"EntryPoint\",\"urlTemplate\":\"https:\/\/magnoliasilk.com\/?s={search_term_string}\"},\"query-input\":{\"@type\":\"PropertyValueSpecification\",\"valueRequired\":true,\"valueName\":\"search_term_string\"}}],\"inLanguage\":\"et\"},{\"@type\":\"Organization\",\"@id\":\"https:\/\/magnoliasilk.com\/#organization\",\"name\":\"Magnolia silk collection\",\"url\":\"https:\/\/magnoliasilk.com\/\",\"logo\":{\"@type\":\"ImageObject\",\"inLanguage\":\"et\",\"@id\":\"https:\/\/magnoliasilk.com\/#\/schema\/logo\/image\/\",\"url\":\"https:\/\/i1.wp.com\/magnoliasilk.com\/wp-content\/uploads\/2021\/06\/cropped-magnolia-1.png?fit=369%2C80&ssl=1\",\"contentUrl\":\"https:\/\/i1.wp.com\/magnoliasilk.com\/wp-content\/uploads\/2021\/06\/cropped-magnolia-1.png?fit=369%2C80&ssl=1\",\"width\":369,\"height\":80,\"caption\":\"Magnolia silk collection\"},\"image\":{\"@id\":\"https:\/\/magnoliasilk.com\/#\/schema\/logo\/image\/\"},\"sameAs\":[\"https:\/\/www.facebook.com\/Magnoliasilkcollection\",\"https:\/\/www.instagram.com\/magnolia.silk\/\",\"https:\/\/www.pinterest.com\/magnoliasilkcollection\/\"]}]}<\/script>\n<!-- \/ Yoast SEO plugin. -->","yoast_head_json":{"title":"Luksuslik 100% looduslikust siidist topp - Magnolia silk collection","description":"Glamuurne siidist topp, mis n\u00e4eb suurep\u00e4rane v\u00e4lja k\u00f5igega, mida kannad. Ajatu disain, mis annab Sulle suurep\u00e4rase v\u00e4limuse ja enesetunde.","robots":{"index":"index","follow":"follow","max-snippet":"max-snippet:-1","max-image-preview":"max-image-preview:large","max-video-preview":"max-video-preview:-1"},"canonical":"https:\/\/magnoliasilk.com\/et\/toode\/luxurious-100-natural-silk-cowl-neck-top\/","og_locale":"et_EE","og_type":"article","og_title":"Luksuslik 100% looduslikust siidist topp - Magnolia silk collection","og_description":"Glamuurne siidist topp, mis n\u00e4eb suurep\u00e4rane v\u00e4lja k\u00f5igega, mida kannad. Ajatu disain, mis annab Sulle suurep\u00e4rase v\u00e4limuse ja enesetunde.","og_url":"https:\/\/magnoliasilk.com\/et\/toode\/luxurious-100-natural-silk-cowl-neck-top\/","og_site_name":"Magnolia silk collection","article_publisher":"https:\/\/www.facebook.com\/Magnoliasilkcollection","article_modified_time":"2023-08-13T05:40:06+00:00","og_image":[{"width":1707,"height":2560,"url":"https:\/\/magnoliasilk.com\/wp-content\/uploads\/2021\/11\/Avatar-scaled.jpg","type":"image\/jpeg"}],"twitter_card":"summary_large_image","twitter_misc":{"Est. reading time":"1 minut"},"schema":{"@context":"https:\/\/schema.org","@graph":[{"@type":"WebPage","@id":"https:\/\/magnoliasilk.com\/et\/toode\/luxurious-100-natural-silk-cowl-neck-top\/","url":"https:\/\/magnoliasilk.com\/et\/toode\/luxurious-100-natural-silk-cowl-neck-top\/","name":"Luksuslik 100% looduslikust siidist topp - Magnolia silk collection","isPartOf":{"@id":"https:\/\/magnoliasilk.com\/#website"},"primaryImageOfPage":{"@id":"https:\/\/magnoliasilk.com\/et\/toode\/luxurious-100-natural-silk-cowl-neck-top\/#primaryimage"},"image":{"@id":"https:\/\/magnoliasilk.com\/et\/toode\/luxurious-100-natural-silk-cowl-neck-top\/#primaryimage"},"thumbnailUrl":"https:\/\/i0.wp.com\/magnoliasilk.com\/wp-content\/uploads\/2021\/11\/DSC03440-scaled.jpg?fit=1707%2C2560&ssl=1","datePublished":"2021-11-22T18:14:12+00:00","dateModified":"2023-08-13T05:40:06+00:00","description":"Glamuurne siidist topp, mis n\u00e4eb suurep\u00e4rane v\u00e4lja k\u00f5igega, mida kannad. Ajatu disain, mis annab Sulle suurep\u00e4rase v\u00e4limuse ja enesetunde.","breadcrumb":{"@id":"https:\/\/magnoliasilk.com\/et\/toode\/luxurious-100-natural-silk-cowl-neck-top\/#breadcrumb"},"inLanguage":"et","potentialAction":[{"@type":"ReadAction","target":["https:\/\/magnoliasilk.com\/et\/toode\/luxurious-100-natural-silk-cowl-neck-top\/"]}]},{"@type":"ImageObject","inLanguage":"et","@id":"https:\/\/magnoliasilk.com\/et\/toode\/luxurious-100-natural-silk-cowl-neck-top\/#primaryimage","url":"https:\/\/i0.wp.com\/magnoliasilk.com\/wp-content\/uploads\/2021\/11\/DSC03440-scaled.jpg?fit=1707%2C2560&ssl=1","contentUrl":"https:\/\/i0.wp.com\/magnoliasilk.com\/wp-content\/uploads\/2021\/11\/DSC03440-scaled.jpg?fit=1707%2C2560&ssl=1","width":1707,"height":2560},{"@type":"BreadcrumbList","@id":"https:\/\/magnoliasilk.com\/et\/toode\/luxurious-100-natural-silk-cowl-neck-top\/#breadcrumb","itemListElement":[{"@type":"ListItem","position":1,"name":"Home","item":"https:\/\/magnoliasilk.com\/et\/"},{"@type":"ListItem","position":2,"name":"Magnolia silk collection","item":"https:\/\/magnoliasilk.com\/et\/shop-3\/"},{"@type":"ListItem","position":3,"name":"Luksuslik 100% looduslikust siidist topp"}]},{"@type":"WebSite","@id":"https:\/\/magnoliasilk.com\/#website","url":"https:\/\/magnoliasilk.com\/","name":"Magnolia silk collection","description":"Mulberry silk products by Magnolia","publisher":{"@id":"https:\/\/magnoliasilk.com\/#organization"},"potentialAction":[{"@type":"SearchAction","target":{"@type":"EntryPoint","urlTemplate":"https:\/\/magnoliasilk.com\/?s={search_term_string}"},"query-input":{"@type":"PropertyValueSpecification","valueRequired":true,"valueName":"search_term_string"}}],"inLanguage":"et"},{"@type":"Organization","@id":"https:\/\/magnoliasilk.com\/#organization","name":"Magnolia silk collection","url":"https:\/\/magnoliasilk.com\/","logo":{"@type":"ImageObject","inLanguage":"et","@id":"https:\/\/magnoliasilk.com\/#\/schema\/logo\/image\/","url":"https:\/\/i1.wp.com\/magnoliasilk.com\/wp-content\/uploads\/2021\/06\/cropped-magnolia-1.png?fit=369%2C80&ssl=1","contentUrl":"https:\/\/i1.wp.com\/magnoliasilk.com\/wp-content\/uploads\/2021\/06\/cropped-magnolia-1.png?fit=369%2C80&ssl=1","width":369,"height":80,"caption":"Magnolia silk collection"},"image":{"@id":"https:\/\/magnoliasilk.com\/#\/schema\/logo\/image\/"},"sameAs":["https:\/\/www.facebook.com\/Magnoliasilkcollection","https:\/\/www.instagram.com\/magnolia.silk\/","https:\/\/www.pinterest.com\/magnoliasilkcollection\/"]}]}},"jetpack_sharing_enabled":true,"_links":{"self":[{"href":"https:\/\/magnoliasilk.com\/et\/wp-json\/wp\/v2\/product\/9275","targetHints":{"allow":["GET"]}}],"collection":[{"href":"https:\/\/magnoliasilk.com\/et\/wp-json\/wp\/v2\/product"}],"about":[{"href":"https:\/\/magnoliasilk.com\/et\/wp-json\/wp\/v2\/types\/product"}],"wp:featuredmedia":[{"embeddable":true,"href":"https:\/\/magnoliasilk.com\/et\/wp-json\/wp\/v2\/media\/10307"}],"wp:attachment":[{"href":"https:\/\/magnoliasilk.com\/et\/wp-json\/wp\/v2\/media?parent=9275"}],"wp:term":[{"taxonomy":"product_brand","embeddable":true,"href":"https:\/\/magnoliasilk.com\/et\/wp-json\/wp\/v2\/product_brand?post=9275"},{"taxonomy":"product_cat","embeddable":true,"href":"https:\/\/magnoliasilk.com\/et\/wp-json\/wp\/v2\/product_cat?post=9275"},{"taxonomy":"product_tag","embeddable":true,"href":"https:\/\/magnoliasilk.com\/et\/wp-json\/wp\/v2\/product_tag?post=9275"}],"curies":[{"name":"wp","href":"https:\/\/api.w.org\/{rel}","templated":true}]}}