{"id":7504,"date":"2021-06-29T00:32:47","date_gmt":"2021-06-28T21:32:48","guid":{"rendered":"https:\/\/magnoliasilk.com\/?post_type=product&#038;p=7504"},"modified":"2023-10-11T21:40:56","modified_gmt":"2023-10-11T18:40:56","slug":"siidist-tekikott-fog-25mm","status":"publish","type":"product","link":"https:\/\/magnoliasilk.com\/et\/toode\/siidist-tekikott-fog-25mm\/","title":{"rendered":"25 Momme Luksuslik Siidist Tekikott FOG"},"content":{"rendered":"<p>Materjal: 100% naturaalne 25mm Mulberry siid<br \/>\nRahvusvaheline sertifikaat: OEKO-TEX\u00ae STANDARD 100<br \/>\nLooduslikult hingav ja h\u00fcpoallergeenne toode.<br \/>\nAlt osaliselt avatud.<br \/>\nMasinaga pestav \u00f5rna programmi ja pesuvahendiga.<br \/>\nIga siidist tekikott valmistatakse Eestis peale tellimust, valmistamine v\u00f5tab hetkel aega kuni <strong>2 n\u00e4dalat<\/strong>.<br \/>\nKuna toode on valmistatud m\u00f5\u00f5tude j\u00e4rgi, ei saa me kahjuks toodet tagastusena vastu v\u00f5tta, v\u00e4lja arvatud juhul kui toode on vigane.<\/p>\n<p>Kui te ei leia soovitud suurust, p\u00f6\u00f6rduge palun meie poole aadressil info@magnoliasilk.com ja me koostame pakkumise.<\/p>\n","protected":false},"excerpt":{"rendered":"<p>Kas oled paradiisi otsinguil? Sa leidsid selle&#8230; v\u00f5i v\u00e4hemalt osaliselt&#8230; aga m\u00f5nikord on see t\u00e4iesti piisav, eks? See siidist tekikott on valmistatud k\u00e4sit\u00f6\u00f6na 100% naturaalsest Mulberry siidist, millel on k\u00f5rgeim kvaliteet, kaunis disain ja elegantne v\u00e4limus. Siidiga kaetud teki all magad nagu kerge koheva pilve all. Rahustav ja luksuslik, sest sa v\u00e4\u00e4rid seda.<\/p>\n<p><img loading=\"lazy\" decoding=\"async\" class=\"alignnone size-full wp-image-7870\" src=\"https:\/\/magnoliasilk.com\/wp-content\/uploads\/2021\/06\/oeko-tex-standard-100-logo-1D3E592F59-seeklogo.com_.png\" alt=\"\" width=\"300\" height=\"156\" srcset=\"https:\/\/i0.wp.com\/magnoliasilk.com\/wp-content\/uploads\/2021\/06\/oeko-tex-standard-100-logo-1D3E592F59-seeklogo.com_.png?w=300&amp;ssl=1 300w, https:\/\/i0.wp.com\/magnoliasilk.com\/wp-content\/uploads\/2021\/06\/oeko-tex-standard-100-logo-1D3E592F59-seeklogo.com_.png?resize=150%2C78&amp;ssl=1 150w\" sizes=\"auto, (max-width: 300px) 100vw, 300px\" \/><\/p>\n","protected":false},"featured_media":8204,"template":"","meta":[],"product_brand":[],"product_cat":[254],"product_tag":[],"class_list":{"0":"post-7504","1":"product","2":"type-product","3":"status-publish","4":"has-post-thumbnail","6":"product_cat-siidist-tekikotid","8":"first","9":"instock","10":"taxable","11":"shipping-taxable","12":"purchasable","13":"product-type-variable","14":"has-default-attributes"},"exclude_global_add_ons":[],"addons":[],"yoast_head":"<!-- This site is optimized with the Yoast SEO plugin v27.2 - https:\/\/yoast.com\/product\/yoast-seo-wordpress\/ -->\n<title>25 Momme Luksuslik Siidist Tekikott FOG - Magnolia silk collection<\/title>\n<meta name=\"robots\" content=\"index, follow, max-snippet:-1, max-image-preview:large, max-video-preview:-1\" \/>\n<link rel=\"canonical\" href=\"https:\/\/magnoliasilk.com\/et\/toode\/siidist-tekikott-fog-25mm\/\" \/>\n<meta property=\"og:locale\" content=\"et_EE\" \/>\n<meta property=\"og:type\" content=\"article\" \/>\n<meta property=\"og:title\" content=\"25 Momme Luksuslik Siidist Tekikott FOG - Magnolia silk collection\" \/>\n<meta property=\"og:description\" content=\"Kas oled paradiisi otsinguil? Sa leidsid selle... v\u00f5i v\u00e4hemalt osaliselt... aga m\u00f5nikord on see t\u00e4iesti piisav, eks? See siidist tekikott on valmistatud k\u00e4sit\u00f6\u00f6na 100% naturaalsest Mulberry siidist, millel on k\u00f5rgeim kvaliteet, kaunis disain ja elegantne v\u00e4limus. Siidiga kaetud teki all magad nagu kerge koheva pilve all. Rahustav ja luksuslik, sest sa v\u00e4\u00e4rid seda.\" \/>\n<meta property=\"og:url\" content=\"https:\/\/magnoliasilk.com\/et\/toode\/siidist-tekikott-fog-25mm\/\" \/>\n<meta property=\"og:site_name\" content=\"Magnolia silk collection\" \/>\n<meta property=\"article:publisher\" content=\"https:\/\/www.facebook.com\/Magnoliasilkcollection\" \/>\n<meta property=\"article:modified_time\" content=\"2023-10-11T18:40:56+00:00\" \/>\n<meta property=\"og:image\" content=\"https:\/\/magnoliasilk.com\/wp-content\/uploads\/2021\/06\/89439_746983bb-798e-42bd-acc5-16695b51a7cf.png\" \/>\n\t<meta property=\"og:image:width\" content=\"500\" \/>\n\t<meta property=\"og:image:height\" content=\"500\" \/>\n\t<meta property=\"og:image:type\" content=\"image\/png\" \/>\n<meta name=\"twitter:card\" content=\"summary_large_image\" \/>\n<meta name=\"twitter:label1\" content=\"Est. reading time\" \/>\n\t<meta name=\"twitter:data1\" content=\"1 minut\" \/>\n<script type=\"application\/ld+json\" class=\"yoast-schema-graph\">{\"@context\":\"https:\/\/schema.org\",\"@graph\":[{\"@type\":\"WebPage\",\"@id\":\"https:\/\/magnoliasilk.com\/et\/toode\/siidist-tekikott-fog-25mm\/\",\"url\":\"https:\/\/magnoliasilk.com\/et\/toode\/siidist-tekikott-fog-25mm\/\",\"name\":\"25 Momme Luksuslik Siidist Tekikott FOG - Magnolia silk collection\",\"isPartOf\":{\"@id\":\"https:\/\/magnoliasilk.com\/#website\"},\"primaryImageOfPage\":{\"@id\":\"https:\/\/magnoliasilk.com\/et\/toode\/siidist-tekikott-fog-25mm\/#primaryimage\"},\"image\":{\"@id\":\"https:\/\/magnoliasilk.com\/et\/toode\/siidist-tekikott-fog-25mm\/#primaryimage\"},\"thumbnailUrl\":\"https:\/\/i0.wp.com\/magnoliasilk.com\/wp-content\/uploads\/2021\/06\/89439_746983bb-798e-42bd-acc5-16695b51a7cf.png?fit=500%2C500&ssl=1\",\"datePublished\":\"2021-06-28T21:32:48+00:00\",\"dateModified\":\"2023-10-11T18:40:56+00:00\",\"breadcrumb\":{\"@id\":\"https:\/\/magnoliasilk.com\/et\/toode\/siidist-tekikott-fog-25mm\/#breadcrumb\"},\"inLanguage\":\"et\",\"potentialAction\":[{\"@type\":\"ReadAction\",\"target\":[\"https:\/\/magnoliasilk.com\/et\/toode\/siidist-tekikott-fog-25mm\/\"]}]},{\"@type\":\"ImageObject\",\"inLanguage\":\"et\",\"@id\":\"https:\/\/magnoliasilk.com\/et\/toode\/siidist-tekikott-fog-25mm\/#primaryimage\",\"url\":\"https:\/\/i0.wp.com\/magnoliasilk.com\/wp-content\/uploads\/2021\/06\/89439_746983bb-798e-42bd-acc5-16695b51a7cf.png?fit=500%2C500&ssl=1\",\"contentUrl\":\"https:\/\/i0.wp.com\/magnoliasilk.com\/wp-content\/uploads\/2021\/06\/89439_746983bb-798e-42bd-acc5-16695b51a7cf.png?fit=500%2C500&ssl=1\",\"width\":500,\"height\":500},{\"@type\":\"BreadcrumbList\",\"@id\":\"https:\/\/magnoliasilk.com\/et\/toode\/siidist-tekikott-fog-25mm\/#breadcrumb\",\"itemListElement\":[{\"@type\":\"ListItem\",\"position\":1,\"name\":\"Home\",\"item\":\"https:\/\/magnoliasilk.com\/et\/\"},{\"@type\":\"ListItem\",\"position\":2,\"name\":\"Magnolia silk collection\",\"item\":\"https:\/\/magnoliasilk.com\/et\/shop-3\/\"},{\"@type\":\"ListItem\",\"position\":3,\"name\":\"25 Momme Luksuslik Siidist Tekikott FOG\"}]},{\"@type\":\"WebSite\",\"@id\":\"https:\/\/magnoliasilk.com\/#website\",\"url\":\"https:\/\/magnoliasilk.com\/\",\"name\":\"Magnolia silk collection\",\"description\":\"Mulberry silk products by Magnolia\",\"publisher\":{\"@id\":\"https:\/\/magnoliasilk.com\/#organization\"},\"potentialAction\":[{\"@type\":\"SearchAction\",\"target\":{\"@type\":\"EntryPoint\",\"urlTemplate\":\"https:\/\/magnoliasilk.com\/?s={search_term_string}\"},\"query-input\":{\"@type\":\"PropertyValueSpecification\",\"valueRequired\":true,\"valueName\":\"search_term_string\"}}],\"inLanguage\":\"et\"},{\"@type\":\"Organization\",\"@id\":\"https:\/\/magnoliasilk.com\/#organization\",\"name\":\"Magnolia silk collection\",\"url\":\"https:\/\/magnoliasilk.com\/\",\"logo\":{\"@type\":\"ImageObject\",\"inLanguage\":\"et\",\"@id\":\"https:\/\/magnoliasilk.com\/#\/schema\/logo\/image\/\",\"url\":\"https:\/\/i1.wp.com\/magnoliasilk.com\/wp-content\/uploads\/2021\/06\/cropped-magnolia-1.png?fit=369%2C80&ssl=1\",\"contentUrl\":\"https:\/\/i1.wp.com\/magnoliasilk.com\/wp-content\/uploads\/2021\/06\/cropped-magnolia-1.png?fit=369%2C80&ssl=1\",\"width\":369,\"height\":80,\"caption\":\"Magnolia silk collection\"},\"image\":{\"@id\":\"https:\/\/magnoliasilk.com\/#\/schema\/logo\/image\/\"},\"sameAs\":[\"https:\/\/www.facebook.com\/Magnoliasilkcollection\",\"https:\/\/www.instagram.com\/magnolia.silk\/\",\"https:\/\/www.pinterest.com\/magnoliasilkcollection\/\"]}]}<\/script>\n<!-- \/ Yoast SEO plugin. -->","yoast_head_json":{"title":"25 Momme Luksuslik Siidist Tekikott FOG - Magnolia silk collection","robots":{"index":"index","follow":"follow","max-snippet":"max-snippet:-1","max-image-preview":"max-image-preview:large","max-video-preview":"max-video-preview:-1"},"canonical":"https:\/\/magnoliasilk.com\/et\/toode\/siidist-tekikott-fog-25mm\/","og_locale":"et_EE","og_type":"article","og_title":"25 Momme Luksuslik Siidist Tekikott FOG - Magnolia silk collection","og_description":"Kas oled paradiisi otsinguil? Sa leidsid selle... v\u00f5i v\u00e4hemalt osaliselt... aga m\u00f5nikord on see t\u00e4iesti piisav, eks? See siidist tekikott on valmistatud k\u00e4sit\u00f6\u00f6na 100% naturaalsest Mulberry siidist, millel on k\u00f5rgeim kvaliteet, kaunis disain ja elegantne v\u00e4limus. Siidiga kaetud teki all magad nagu kerge koheva pilve all. Rahustav ja luksuslik, sest sa v\u00e4\u00e4rid seda.","og_url":"https:\/\/magnoliasilk.com\/et\/toode\/siidist-tekikott-fog-25mm\/","og_site_name":"Magnolia silk collection","article_publisher":"https:\/\/www.facebook.com\/Magnoliasilkcollection","article_modified_time":"2023-10-11T18:40:56+00:00","og_image":[{"width":500,"height":500,"url":"https:\/\/magnoliasilk.com\/wp-content\/uploads\/2021\/06\/89439_746983bb-798e-42bd-acc5-16695b51a7cf.png","type":"image\/png"}],"twitter_card":"summary_large_image","twitter_misc":{"Est. reading time":"1 minut"},"schema":{"@context":"https:\/\/schema.org","@graph":[{"@type":"WebPage","@id":"https:\/\/magnoliasilk.com\/et\/toode\/siidist-tekikott-fog-25mm\/","url":"https:\/\/magnoliasilk.com\/et\/toode\/siidist-tekikott-fog-25mm\/","name":"25 Momme Luksuslik Siidist Tekikott FOG - Magnolia silk collection","isPartOf":{"@id":"https:\/\/magnoliasilk.com\/#website"},"primaryImageOfPage":{"@id":"https:\/\/magnoliasilk.com\/et\/toode\/siidist-tekikott-fog-25mm\/#primaryimage"},"image":{"@id":"https:\/\/magnoliasilk.com\/et\/toode\/siidist-tekikott-fog-25mm\/#primaryimage"},"thumbnailUrl":"https:\/\/i0.wp.com\/magnoliasilk.com\/wp-content\/uploads\/2021\/06\/89439_746983bb-798e-42bd-acc5-16695b51a7cf.png?fit=500%2C500&ssl=1","datePublished":"2021-06-28T21:32:48+00:00","dateModified":"2023-10-11T18:40:56+00:00","breadcrumb":{"@id":"https:\/\/magnoliasilk.com\/et\/toode\/siidist-tekikott-fog-25mm\/#breadcrumb"},"inLanguage":"et","potentialAction":[{"@type":"ReadAction","target":["https:\/\/magnoliasilk.com\/et\/toode\/siidist-tekikott-fog-25mm\/"]}]},{"@type":"ImageObject","inLanguage":"et","@id":"https:\/\/magnoliasilk.com\/et\/toode\/siidist-tekikott-fog-25mm\/#primaryimage","url":"https:\/\/i0.wp.com\/magnoliasilk.com\/wp-content\/uploads\/2021\/06\/89439_746983bb-798e-42bd-acc5-16695b51a7cf.png?fit=500%2C500&ssl=1","contentUrl":"https:\/\/i0.wp.com\/magnoliasilk.com\/wp-content\/uploads\/2021\/06\/89439_746983bb-798e-42bd-acc5-16695b51a7cf.png?fit=500%2C500&ssl=1","width":500,"height":500},{"@type":"BreadcrumbList","@id":"https:\/\/magnoliasilk.com\/et\/toode\/siidist-tekikott-fog-25mm\/#breadcrumb","itemListElement":[{"@type":"ListItem","position":1,"name":"Home","item":"https:\/\/magnoliasilk.com\/et\/"},{"@type":"ListItem","position":2,"name":"Magnolia silk collection","item":"https:\/\/magnoliasilk.com\/et\/shop-3\/"},{"@type":"ListItem","position":3,"name":"25 Momme Luksuslik Siidist Tekikott FOG"}]},{"@type":"WebSite","@id":"https:\/\/magnoliasilk.com\/#website","url":"https:\/\/magnoliasilk.com\/","name":"Magnolia silk collection","description":"Mulberry silk products by Magnolia","publisher":{"@id":"https:\/\/magnoliasilk.com\/#organization"},"potentialAction":[{"@type":"SearchAction","target":{"@type":"EntryPoint","urlTemplate":"https:\/\/magnoliasilk.com\/?s={search_term_string}"},"query-input":{"@type":"PropertyValueSpecification","valueRequired":true,"valueName":"search_term_string"}}],"inLanguage":"et"},{"@type":"Organization","@id":"https:\/\/magnoliasilk.com\/#organization","name":"Magnolia silk collection","url":"https:\/\/magnoliasilk.com\/","logo":{"@type":"ImageObject","inLanguage":"et","@id":"https:\/\/magnoliasilk.com\/#\/schema\/logo\/image\/","url":"https:\/\/i1.wp.com\/magnoliasilk.com\/wp-content\/uploads\/2021\/06\/cropped-magnolia-1.png?fit=369%2C80&ssl=1","contentUrl":"https:\/\/i1.wp.com\/magnoliasilk.com\/wp-content\/uploads\/2021\/06\/cropped-magnolia-1.png?fit=369%2C80&ssl=1","width":369,"height":80,"caption":"Magnolia silk collection"},"image":{"@id":"https:\/\/magnoliasilk.com\/#\/schema\/logo\/image\/"},"sameAs":["https:\/\/www.facebook.com\/Magnoliasilkcollection","https:\/\/www.instagram.com\/magnolia.silk\/","https:\/\/www.pinterest.com\/magnoliasilkcollection\/"]}]}},"jetpack_sharing_enabled":true,"_links":{"self":[{"href":"https:\/\/magnoliasilk.com\/et\/wp-json\/wp\/v2\/product\/7504","targetHints":{"allow":["GET"]}}],"collection":[{"href":"https:\/\/magnoliasilk.com\/et\/wp-json\/wp\/v2\/product"}],"about":[{"href":"https:\/\/magnoliasilk.com\/et\/wp-json\/wp\/v2\/types\/product"}],"wp:featuredmedia":[{"embeddable":true,"href":"https:\/\/magnoliasilk.com\/et\/wp-json\/wp\/v2\/media\/8204"}],"wp:attachment":[{"href":"https:\/\/magnoliasilk.com\/et\/wp-json\/wp\/v2\/media?parent=7504"}],"wp:term":[{"taxonomy":"product_brand","embeddable":true,"href":"https:\/\/magnoliasilk.com\/et\/wp-json\/wp\/v2\/product_brand?post=7504"},{"taxonomy":"product_cat","embeddable":true,"href":"https:\/\/magnoliasilk.com\/et\/wp-json\/wp\/v2\/product_cat?post=7504"},{"taxonomy":"product_tag","embeddable":true,"href":"https:\/\/magnoliasilk.com\/et\/wp-json\/wp\/v2\/product_tag?post=7504"}],"curies":[{"name":"wp","href":"https:\/\/api.w.org\/{rel}","templated":true}]}}