{"id":4927,"date":"2021-02-13T12:29:20","date_gmt":"2021-02-13T10:29:20","guid":{"rendered":"https:\/\/magnoliasilk.com\/product\/silk-robe-pale-pink\/"},"modified":"2026-02-12T10:56:06","modified_gmt":"2026-02-12T08:56:06","slug":"siidist-hommikumantel-pale-pink","status":"publish","type":"product","link":"https:\/\/magnoliasilk.com\/et\/toode\/siidist-hommikumantel-pale-pink\/","title":{"rendered":"Siidist hommikumantel PALE PINK"},"content":{"rendered":"<p>See hommikumantel on siidine kui liblika tiib mille alla end keerata. Valmistatud 100% parimast ning kvaliteetseimast looduslikust siidist. Siidist hommikumantel sobib ideaalselt hommikusse koos sinu lemmikjoogiga sinu lemmik tassist. Lisaks sobib see ka ideaalselt \u00f5htul enne magamaminekut kandmiseks. V\u00f5i igal ajal sinu Teams koosolekute vahel. See tundub lihtsalt suurep\u00e4raselt suurep\u00e4rane. Sa teadsid, et see hommikumantel on sinu kohe kui seda n\u00e4gid.<\/p>\n<p>Koostis: 100% siid<br \/>\nSobivus: mugav, seet\u00f5ttu sobib see ideaalselt igale kehakujule<br \/>\nFunktsioon: hingav, h\u00fcpoallergeenne<\/p>\n<p>M\u00f5\u00f5dud:<br \/>\nPikkus: 93cm<br \/>\n\u00d5la laius: 41cm<br \/>\nVarruka pikkus: 50cm<\/p>\n<p>\u00dcks universaalne suurus sobib ideaalselt S, M, L suurustele EU m\u00f5\u00f5tude j\u00e4rgi. Modelli pikkus fotodel on 170cm. Pane t\u00e4hele, et see hommikumantel on disainitud l\u00fchemate varrukatega, vaata pilte.<\/p>\n","protected":false},"excerpt":{"rendered":"<p>Tunne end ning n\u00e4e v\u00e4lja vapustavalt hea meie elegantses PALE PINK 100% siidist hommikumantlis.<\/p>\n","protected":false},"featured_media":4910,"template":"","meta":[],"product_brand":[],"product_cat":[337,151],"product_tag":[144],"class_list":{"0":"post-4927","1":"product","2":"type-product","3":"status-publish","4":"has-post-thumbnail","6":"product_cat-musta-reede-pakkumised-30","7":"product_cat-siidist-hommikumantlid","8":"product_tag-nightwear-et","10":"first","11":"instock","12":"sale","13":"taxable","14":"shipping-taxable","15":"purchasable","16":"product-type-variable","17":"has-default-attributes"},"exclude_global_add_ons":[],"addons":[],"yoast_head":"<!-- This site is optimized with the Yoast SEO plugin v27.2 - https:\/\/yoast.com\/product\/yoast-seo-wordpress\/ -->\n<title>Siidist hommikumantel PALE PINK - Magnolia silk collection<\/title>\n<meta name=\"robots\" content=\"index, follow, max-snippet:-1, max-image-preview:large, max-video-preview:-1\" \/>\n<link rel=\"canonical\" href=\"https:\/\/magnoliasilk.com\/et\/toode\/siidist-hommikumantel-pale-pink\/\" \/>\n<meta property=\"og:locale\" content=\"et_EE\" \/>\n<meta property=\"og:type\" content=\"article\" \/>\n<meta property=\"og:title\" content=\"Siidist hommikumantel PALE PINK - Magnolia silk collection\" \/>\n<meta property=\"og:description\" content=\"Tunne end ning n\u00e4e v\u00e4lja vapustavalt hea meie elegantses PALE PINK 100% siidist hommikumantlis.\" \/>\n<meta property=\"og:url\" content=\"https:\/\/magnoliasilk.com\/et\/toode\/siidist-hommikumantel-pale-pink\/\" \/>\n<meta property=\"og:site_name\" content=\"Magnolia silk collection\" \/>\n<meta property=\"article:publisher\" content=\"https:\/\/www.facebook.com\/Magnoliasilkcollection\" \/>\n<meta property=\"article:modified_time\" content=\"2026-02-12T08:56:06+00:00\" \/>\n<meta property=\"og:image\" content=\"https:\/\/magnoliasilk.com\/wp-content\/uploads\/2021\/02\/aa-Medium.jpg\" \/>\n\t<meta property=\"og:image:width\" content=\"768\" \/>\n\t<meta property=\"og:image:height\" content=\"911\" \/>\n\t<meta property=\"og:image:type\" content=\"image\/jpeg\" \/>\n<meta name=\"twitter:card\" content=\"summary_large_image\" \/>\n<meta name=\"twitter:label1\" content=\"Est. reading time\" \/>\n\t<meta name=\"twitter:data1\" content=\"1 minut\" \/>\n<script type=\"application\/ld+json\" class=\"yoast-schema-graph\">{\"@context\":\"https:\/\/schema.org\",\"@graph\":[{\"@type\":\"WebPage\",\"@id\":\"https:\/\/magnoliasilk.com\/et\/toode\/siidist-hommikumantel-pale-pink\/\",\"url\":\"https:\/\/magnoliasilk.com\/et\/toode\/siidist-hommikumantel-pale-pink\/\",\"name\":\"Siidist hommikumantel PALE PINK - Magnolia silk collection\",\"isPartOf\":{\"@id\":\"https:\/\/magnoliasilk.com\/#website\"},\"primaryImageOfPage\":{\"@id\":\"https:\/\/magnoliasilk.com\/et\/toode\/siidist-hommikumantel-pale-pink\/#primaryimage\"},\"image\":{\"@id\":\"https:\/\/magnoliasilk.com\/et\/toode\/siidist-hommikumantel-pale-pink\/#primaryimage\"},\"thumbnailUrl\":\"https:\/\/i0.wp.com\/magnoliasilk.com\/wp-content\/uploads\/2021\/02\/aa-Medium.jpg?fit=768%2C911&ssl=1\",\"datePublished\":\"2021-02-13T10:29:20+00:00\",\"dateModified\":\"2026-02-12T08:56:06+00:00\",\"breadcrumb\":{\"@id\":\"https:\/\/magnoliasilk.com\/et\/toode\/siidist-hommikumantel-pale-pink\/#breadcrumb\"},\"inLanguage\":\"et\",\"potentialAction\":[{\"@type\":\"ReadAction\",\"target\":[\"https:\/\/magnoliasilk.com\/et\/toode\/siidist-hommikumantel-pale-pink\/\"]}]},{\"@type\":\"ImageObject\",\"inLanguage\":\"et\",\"@id\":\"https:\/\/magnoliasilk.com\/et\/toode\/siidist-hommikumantel-pale-pink\/#primaryimage\",\"url\":\"https:\/\/i0.wp.com\/magnoliasilk.com\/wp-content\/uploads\/2021\/02\/aa-Medium.jpg?fit=768%2C911&ssl=1\",\"contentUrl\":\"https:\/\/i0.wp.com\/magnoliasilk.com\/wp-content\/uploads\/2021\/02\/aa-Medium.jpg?fit=768%2C911&ssl=1\",\"width\":768,\"height\":911,\"caption\":\"pink silk robe\"},{\"@type\":\"BreadcrumbList\",\"@id\":\"https:\/\/magnoliasilk.com\/et\/toode\/siidist-hommikumantel-pale-pink\/#breadcrumb\",\"itemListElement\":[{\"@type\":\"ListItem\",\"position\":1,\"name\":\"Home\",\"item\":\"https:\/\/magnoliasilk.com\/et\/\"},{\"@type\":\"ListItem\",\"position\":2,\"name\":\"Magnolia silk collection\",\"item\":\"https:\/\/magnoliasilk.com\/et\/shop-3\/\"},{\"@type\":\"ListItem\",\"position\":3,\"name\":\"Siidist hommikumantel PALE PINK\"}]},{\"@type\":\"WebSite\",\"@id\":\"https:\/\/magnoliasilk.com\/#website\",\"url\":\"https:\/\/magnoliasilk.com\/\",\"name\":\"Magnolia silk collection\",\"description\":\"Mulberry silk products by Magnolia\",\"publisher\":{\"@id\":\"https:\/\/magnoliasilk.com\/#organization\"},\"potentialAction\":[{\"@type\":\"SearchAction\",\"target\":{\"@type\":\"EntryPoint\",\"urlTemplate\":\"https:\/\/magnoliasilk.com\/?s={search_term_string}\"},\"query-input\":{\"@type\":\"PropertyValueSpecification\",\"valueRequired\":true,\"valueName\":\"search_term_string\"}}],\"inLanguage\":\"et\"},{\"@type\":\"Organization\",\"@id\":\"https:\/\/magnoliasilk.com\/#organization\",\"name\":\"Magnolia silk collection\",\"url\":\"https:\/\/magnoliasilk.com\/\",\"logo\":{\"@type\":\"ImageObject\",\"inLanguage\":\"et\",\"@id\":\"https:\/\/magnoliasilk.com\/#\/schema\/logo\/image\/\",\"url\":\"https:\/\/i1.wp.com\/magnoliasilk.com\/wp-content\/uploads\/2021\/06\/cropped-magnolia-1.png?fit=369%2C80&ssl=1\",\"contentUrl\":\"https:\/\/i1.wp.com\/magnoliasilk.com\/wp-content\/uploads\/2021\/06\/cropped-magnolia-1.png?fit=369%2C80&ssl=1\",\"width\":369,\"height\":80,\"caption\":\"Magnolia silk collection\"},\"image\":{\"@id\":\"https:\/\/magnoliasilk.com\/#\/schema\/logo\/image\/\"},\"sameAs\":[\"https:\/\/www.facebook.com\/Magnoliasilkcollection\",\"https:\/\/www.instagram.com\/magnolia.silk\/\",\"https:\/\/www.pinterest.com\/magnoliasilkcollection\/\"]}]}<\/script>\n<!-- \/ Yoast SEO plugin. -->","yoast_head_json":{"title":"Siidist hommikumantel PALE PINK - Magnolia silk collection","robots":{"index":"index","follow":"follow","max-snippet":"max-snippet:-1","max-image-preview":"max-image-preview:large","max-video-preview":"max-video-preview:-1"},"canonical":"https:\/\/magnoliasilk.com\/et\/toode\/siidist-hommikumantel-pale-pink\/","og_locale":"et_EE","og_type":"article","og_title":"Siidist hommikumantel PALE PINK - Magnolia silk collection","og_description":"Tunne end ning n\u00e4e v\u00e4lja vapustavalt hea meie elegantses PALE PINK 100% siidist hommikumantlis.","og_url":"https:\/\/magnoliasilk.com\/et\/toode\/siidist-hommikumantel-pale-pink\/","og_site_name":"Magnolia silk collection","article_publisher":"https:\/\/www.facebook.com\/Magnoliasilkcollection","article_modified_time":"2026-02-12T08:56:06+00:00","og_image":[{"width":768,"height":911,"url":"https:\/\/magnoliasilk.com\/wp-content\/uploads\/2021\/02\/aa-Medium.jpg","type":"image\/jpeg"}],"twitter_card":"summary_large_image","twitter_misc":{"Est. reading time":"1 minut"},"schema":{"@context":"https:\/\/schema.org","@graph":[{"@type":"WebPage","@id":"https:\/\/magnoliasilk.com\/et\/toode\/siidist-hommikumantel-pale-pink\/","url":"https:\/\/magnoliasilk.com\/et\/toode\/siidist-hommikumantel-pale-pink\/","name":"Siidist hommikumantel PALE PINK - Magnolia silk collection","isPartOf":{"@id":"https:\/\/magnoliasilk.com\/#website"},"primaryImageOfPage":{"@id":"https:\/\/magnoliasilk.com\/et\/toode\/siidist-hommikumantel-pale-pink\/#primaryimage"},"image":{"@id":"https:\/\/magnoliasilk.com\/et\/toode\/siidist-hommikumantel-pale-pink\/#primaryimage"},"thumbnailUrl":"https:\/\/i0.wp.com\/magnoliasilk.com\/wp-content\/uploads\/2021\/02\/aa-Medium.jpg?fit=768%2C911&ssl=1","datePublished":"2021-02-13T10:29:20+00:00","dateModified":"2026-02-12T08:56:06+00:00","breadcrumb":{"@id":"https:\/\/magnoliasilk.com\/et\/toode\/siidist-hommikumantel-pale-pink\/#breadcrumb"},"inLanguage":"et","potentialAction":[{"@type":"ReadAction","target":["https:\/\/magnoliasilk.com\/et\/toode\/siidist-hommikumantel-pale-pink\/"]}]},{"@type":"ImageObject","inLanguage":"et","@id":"https:\/\/magnoliasilk.com\/et\/toode\/siidist-hommikumantel-pale-pink\/#primaryimage","url":"https:\/\/i0.wp.com\/magnoliasilk.com\/wp-content\/uploads\/2021\/02\/aa-Medium.jpg?fit=768%2C911&ssl=1","contentUrl":"https:\/\/i0.wp.com\/magnoliasilk.com\/wp-content\/uploads\/2021\/02\/aa-Medium.jpg?fit=768%2C911&ssl=1","width":768,"height":911,"caption":"pink silk robe"},{"@type":"BreadcrumbList","@id":"https:\/\/magnoliasilk.com\/et\/toode\/siidist-hommikumantel-pale-pink\/#breadcrumb","itemListElement":[{"@type":"ListItem","position":1,"name":"Home","item":"https:\/\/magnoliasilk.com\/et\/"},{"@type":"ListItem","position":2,"name":"Magnolia silk collection","item":"https:\/\/magnoliasilk.com\/et\/shop-3\/"},{"@type":"ListItem","position":3,"name":"Siidist hommikumantel PALE PINK"}]},{"@type":"WebSite","@id":"https:\/\/magnoliasilk.com\/#website","url":"https:\/\/magnoliasilk.com\/","name":"Magnolia silk collection","description":"Mulberry silk products by Magnolia","publisher":{"@id":"https:\/\/magnoliasilk.com\/#organization"},"potentialAction":[{"@type":"SearchAction","target":{"@type":"EntryPoint","urlTemplate":"https:\/\/magnoliasilk.com\/?s={search_term_string}"},"query-input":{"@type":"PropertyValueSpecification","valueRequired":true,"valueName":"search_term_string"}}],"inLanguage":"et"},{"@type":"Organization","@id":"https:\/\/magnoliasilk.com\/#organization","name":"Magnolia silk collection","url":"https:\/\/magnoliasilk.com\/","logo":{"@type":"ImageObject","inLanguage":"et","@id":"https:\/\/magnoliasilk.com\/#\/schema\/logo\/image\/","url":"https:\/\/i1.wp.com\/magnoliasilk.com\/wp-content\/uploads\/2021\/06\/cropped-magnolia-1.png?fit=369%2C80&ssl=1","contentUrl":"https:\/\/i1.wp.com\/magnoliasilk.com\/wp-content\/uploads\/2021\/06\/cropped-magnolia-1.png?fit=369%2C80&ssl=1","width":369,"height":80,"caption":"Magnolia silk collection"},"image":{"@id":"https:\/\/magnoliasilk.com\/#\/schema\/logo\/image\/"},"sameAs":["https:\/\/www.facebook.com\/Magnoliasilkcollection","https:\/\/www.instagram.com\/magnolia.silk\/","https:\/\/www.pinterest.com\/magnoliasilkcollection\/"]}]}},"jetpack_sharing_enabled":true,"_links":{"self":[{"href":"https:\/\/magnoliasilk.com\/et\/wp-json\/wp\/v2\/product\/4927","targetHints":{"allow":["GET"]}}],"collection":[{"href":"https:\/\/magnoliasilk.com\/et\/wp-json\/wp\/v2\/product"}],"about":[{"href":"https:\/\/magnoliasilk.com\/et\/wp-json\/wp\/v2\/types\/product"}],"wp:featuredmedia":[{"embeddable":true,"href":"https:\/\/magnoliasilk.com\/et\/wp-json\/wp\/v2\/media\/4910"}],"wp:attachment":[{"href":"https:\/\/magnoliasilk.com\/et\/wp-json\/wp\/v2\/media?parent=4927"}],"wp:term":[{"taxonomy":"product_brand","embeddable":true,"href":"https:\/\/magnoliasilk.com\/et\/wp-json\/wp\/v2\/product_brand?post=4927"},{"taxonomy":"product_cat","embeddable":true,"href":"https:\/\/magnoliasilk.com\/et\/wp-json\/wp\/v2\/product_cat?post=4927"},{"taxonomy":"product_tag","embeddable":true,"href":"https:\/\/magnoliasilk.com\/et\/wp-json\/wp\/v2\/product_tag?post=4927"}],"curies":[{"name":"wp","href":"https:\/\/api.w.org\/{rel}","templated":true}]}}