{"id":4628,"date":"2021-01-23T23:27:18","date_gmt":"2021-01-23T21:27:18","guid":{"rendered":"https:\/\/shop.magnoliasilk.com\/?post_type=product&#038;p=4628"},"modified":"2023-09-13T21:57:53","modified_gmt":"2023-09-13T18:57:53","slug":"looduslikust-siidist-silmamask-gold","status":"publish","type":"product","link":"https:\/\/magnoliasilk.com\/et\/toode\/looduslikust-siidist-silmamask-gold\/","title":{"rendered":"Looduslikust siidist silmamask GOLD"},"content":{"rendered":"<p>Parandage oma une kvaliteeti, eriti kui olete kerge magaja, t\u00f6\u00f6tate \u00f6istes vahetustes v\u00f5i reisite palju. Meie silmamaskid aitavad teil igal ajal ja igas olukorras kiiremini l\u00f5\u00f5gastuda ja uinuda.<\/p>\n<p>Valmistatud 100% looduslikust Mulberry siidist. Ka maski sisemus on valmistatud looduslikust siidist.<\/p>\n<p>Magusaid unen\u00e4gusid!<\/p>\n","protected":false},"excerpt":{"rendered":"<p>K\u00f5ige pehmem, mugavaim ja siidiseim silmamask. Kombineeri koos Magnolia padjap\u00fc\u00fcriga ja isegi meie oleme Sinu peale kadedad!<\/p>\n","protected":false},"featured_media":13407,"template":"","meta":[],"product_brand":[],"product_cat":[337,107],"product_tag":[],"class_list":{"0":"post-4628","1":"product","2":"type-product","3":"status-publish","4":"has-post-thumbnail","6":"product_cat-musta-reede-pakkumised-30","7":"product_cat-siidist-silmamaskid","9":"first","10":"instock","11":"sale","12":"taxable","13":"shipping-taxable","14":"purchasable","15":"product-type-simple"},"exclude_global_add_ons":false,"addons":[{"name":"\u00a0","type":"multiple_choice","position":0,"required":true,"title_format":"hide","default":"","description_enable":false,"description":"","placeholder_enable":false,"placeholder":"","display":"radiobutton","restrictions_type":"any_text","adjust_price":false,"price":"","price_type":"flat_fee","restrictions":false,"min":"0","max":"0","options":[{"label":"No giftbox","price":"","price_type":"flat_fee","image":0,"visibility":true},{"label":"Luxurious Magnolia big white giftbox","price":"5","price_type":"quantity_based","image":0,"visibility":true}],"id":1668979028}],"yoast_head":"<!-- This site is optimized with the Yoast SEO plugin v27.2 - https:\/\/yoast.com\/product\/yoast-seo-wordpress\/ -->\n<title>Looduslikust siidist silmamask GOLD - Magnolia silk collection<\/title>\n<meta name=\"robots\" content=\"index, follow, max-snippet:-1, max-image-preview:large, max-video-preview:-1\" \/>\n<link rel=\"canonical\" href=\"https:\/\/magnoliasilk.com\/toode\/natural-silk-eye-mask-gold\/\" \/>\n<meta property=\"og:locale\" content=\"et_EE\" \/>\n<meta property=\"og:type\" content=\"article\" \/>\n<meta property=\"og:title\" content=\"Looduslikust siidist silmamask GOLD - Magnolia silk collection\" \/>\n<meta property=\"og:description\" content=\"K\u00f5ige pehmem, mugavaim ja siidiseim silmamask. Kombineeri koos Magnolia padjap\u00fc\u00fcriga ja isegi meie oleme Sinu peale kadedad!\" \/>\n<meta property=\"og:url\" content=\"https:\/\/magnoliasilk.com\/toode\/natural-silk-eye-mask-gold\/\" \/>\n<meta property=\"og:site_name\" content=\"Magnolia silk collection\" \/>\n<meta property=\"article:publisher\" content=\"https:\/\/www.facebook.com\/Magnoliasilkcollection\" \/>\n<meta property=\"article:modified_time\" content=\"2023-09-13T18:57:53+00:00\" \/>\n<meta property=\"og:image\" content=\"https:\/\/magnoliasilk.com\/wp-content\/uploads\/2021\/01\/IMG_9813-scaled.jpg\" \/>\n\t<meta property=\"og:image:width\" content=\"1920\" \/>\n\t<meta property=\"og:image:height\" content=\"2560\" \/>\n\t<meta property=\"og:image:type\" content=\"image\/jpeg\" \/>\n<meta name=\"twitter:card\" content=\"summary_large_image\" \/>\n<script type=\"application\/ld+json\" class=\"yoast-schema-graph\">{\"@context\":\"https:\/\/schema.org\",\"@graph\":[{\"@type\":\"WebPage\",\"@id\":\"https:\/\/magnoliasilk.com\/toode\/natural-silk-eye-mask-gold\/\",\"url\":\"https:\/\/magnoliasilk.com\/toode\/natural-silk-eye-mask-gold\/\",\"name\":\"Looduslikust siidist silmamask GOLD - Magnolia silk collection\",\"isPartOf\":{\"@id\":\"https:\/\/magnoliasilk.com\/#website\"},\"primaryImageOfPage\":{\"@id\":\"https:\/\/magnoliasilk.com\/toode\/natural-silk-eye-mask-gold\/#primaryimage\"},\"image\":{\"@id\":\"https:\/\/magnoliasilk.com\/toode\/natural-silk-eye-mask-gold\/#primaryimage\"},\"thumbnailUrl\":\"https:\/\/i0.wp.com\/magnoliasilk.com\/wp-content\/uploads\/2021\/01\/IMG_9813-scaled.jpg?fit=1920%2C2560&ssl=1\",\"datePublished\":\"2021-01-23T21:27:18+00:00\",\"dateModified\":\"2023-09-13T18:57:53+00:00\",\"breadcrumb\":{\"@id\":\"https:\/\/magnoliasilk.com\/toode\/natural-silk-eye-mask-gold\/#breadcrumb\"},\"inLanguage\":\"et\",\"potentialAction\":[{\"@type\":\"ReadAction\",\"target\":[\"https:\/\/magnoliasilk.com\/toode\/natural-silk-eye-mask-gold\/\"]}]},{\"@type\":\"ImageObject\",\"inLanguage\":\"et\",\"@id\":\"https:\/\/magnoliasilk.com\/toode\/natural-silk-eye-mask-gold\/#primaryimage\",\"url\":\"https:\/\/i0.wp.com\/magnoliasilk.com\/wp-content\/uploads\/2021\/01\/IMG_9813-scaled.jpg?fit=1920%2C2560&ssl=1\",\"contentUrl\":\"https:\/\/i0.wp.com\/magnoliasilk.com\/wp-content\/uploads\/2021\/01\/IMG_9813-scaled.jpg?fit=1920%2C2560&ssl=1\",\"width\":1920,\"height\":2560},{\"@type\":\"BreadcrumbList\",\"@id\":\"https:\/\/magnoliasilk.com\/toode\/natural-silk-eye-mask-gold\/#breadcrumb\",\"itemListElement\":[{\"@type\":\"ListItem\",\"position\":1,\"name\":\"Home\",\"item\":\"https:\/\/magnoliasilk.com\/et\/\"},{\"@type\":\"ListItem\",\"position\":2,\"name\":\"Magnolia silk collection\",\"item\":\"https:\/\/magnoliasilk.com\/et\/shop-3\/\"},{\"@type\":\"ListItem\",\"position\":3,\"name\":\"Looduslikust siidist silmamask GOLD\"}]},{\"@type\":\"WebSite\",\"@id\":\"https:\/\/magnoliasilk.com\/#website\",\"url\":\"https:\/\/magnoliasilk.com\/\",\"name\":\"Magnolia silk collection\",\"description\":\"Mulberry silk products by Magnolia\",\"publisher\":{\"@id\":\"https:\/\/magnoliasilk.com\/#organization\"},\"potentialAction\":[{\"@type\":\"SearchAction\",\"target\":{\"@type\":\"EntryPoint\",\"urlTemplate\":\"https:\/\/magnoliasilk.com\/?s={search_term_string}\"},\"query-input\":{\"@type\":\"PropertyValueSpecification\",\"valueRequired\":true,\"valueName\":\"search_term_string\"}}],\"inLanguage\":\"et\"},{\"@type\":\"Organization\",\"@id\":\"https:\/\/magnoliasilk.com\/#organization\",\"name\":\"Magnolia silk collection\",\"url\":\"https:\/\/magnoliasilk.com\/\",\"logo\":{\"@type\":\"ImageObject\",\"inLanguage\":\"et\",\"@id\":\"https:\/\/magnoliasilk.com\/#\/schema\/logo\/image\/\",\"url\":\"https:\/\/i1.wp.com\/magnoliasilk.com\/wp-content\/uploads\/2021\/06\/cropped-magnolia-1.png?fit=369%2C80&ssl=1\",\"contentUrl\":\"https:\/\/i1.wp.com\/magnoliasilk.com\/wp-content\/uploads\/2021\/06\/cropped-magnolia-1.png?fit=369%2C80&ssl=1\",\"width\":369,\"height\":80,\"caption\":\"Magnolia silk collection\"},\"image\":{\"@id\":\"https:\/\/magnoliasilk.com\/#\/schema\/logo\/image\/\"},\"sameAs\":[\"https:\/\/www.facebook.com\/Magnoliasilkcollection\",\"https:\/\/www.instagram.com\/magnolia.silk\/\",\"https:\/\/www.pinterest.com\/magnoliasilkcollection\/\"]}]}<\/script>\n<!-- \/ Yoast SEO plugin. -->","yoast_head_json":{"title":"Looduslikust siidist silmamask GOLD - Magnolia silk collection","robots":{"index":"index","follow":"follow","max-snippet":"max-snippet:-1","max-image-preview":"max-image-preview:large","max-video-preview":"max-video-preview:-1"},"canonical":"https:\/\/magnoliasilk.com\/toode\/natural-silk-eye-mask-gold\/","og_locale":"et_EE","og_type":"article","og_title":"Looduslikust siidist silmamask GOLD - Magnolia silk collection","og_description":"K\u00f5ige pehmem, mugavaim ja siidiseim silmamask. Kombineeri koos Magnolia padjap\u00fc\u00fcriga ja isegi meie oleme Sinu peale kadedad!","og_url":"https:\/\/magnoliasilk.com\/toode\/natural-silk-eye-mask-gold\/","og_site_name":"Magnolia silk collection","article_publisher":"https:\/\/www.facebook.com\/Magnoliasilkcollection","article_modified_time":"2023-09-13T18:57:53+00:00","og_image":[{"width":1920,"height":2560,"url":"https:\/\/magnoliasilk.com\/wp-content\/uploads\/2021\/01\/IMG_9813-scaled.jpg","type":"image\/jpeg"}],"twitter_card":"summary_large_image","schema":{"@context":"https:\/\/schema.org","@graph":[{"@type":"WebPage","@id":"https:\/\/magnoliasilk.com\/toode\/natural-silk-eye-mask-gold\/","url":"https:\/\/magnoliasilk.com\/toode\/natural-silk-eye-mask-gold\/","name":"Looduslikust siidist silmamask GOLD - Magnolia silk collection","isPartOf":{"@id":"https:\/\/magnoliasilk.com\/#website"},"primaryImageOfPage":{"@id":"https:\/\/magnoliasilk.com\/toode\/natural-silk-eye-mask-gold\/#primaryimage"},"image":{"@id":"https:\/\/magnoliasilk.com\/toode\/natural-silk-eye-mask-gold\/#primaryimage"},"thumbnailUrl":"https:\/\/i0.wp.com\/magnoliasilk.com\/wp-content\/uploads\/2021\/01\/IMG_9813-scaled.jpg?fit=1920%2C2560&ssl=1","datePublished":"2021-01-23T21:27:18+00:00","dateModified":"2023-09-13T18:57:53+00:00","breadcrumb":{"@id":"https:\/\/magnoliasilk.com\/toode\/natural-silk-eye-mask-gold\/#breadcrumb"},"inLanguage":"et","potentialAction":[{"@type":"ReadAction","target":["https:\/\/magnoliasilk.com\/toode\/natural-silk-eye-mask-gold\/"]}]},{"@type":"ImageObject","inLanguage":"et","@id":"https:\/\/magnoliasilk.com\/toode\/natural-silk-eye-mask-gold\/#primaryimage","url":"https:\/\/i0.wp.com\/magnoliasilk.com\/wp-content\/uploads\/2021\/01\/IMG_9813-scaled.jpg?fit=1920%2C2560&ssl=1","contentUrl":"https:\/\/i0.wp.com\/magnoliasilk.com\/wp-content\/uploads\/2021\/01\/IMG_9813-scaled.jpg?fit=1920%2C2560&ssl=1","width":1920,"height":2560},{"@type":"BreadcrumbList","@id":"https:\/\/magnoliasilk.com\/toode\/natural-silk-eye-mask-gold\/#breadcrumb","itemListElement":[{"@type":"ListItem","position":1,"name":"Home","item":"https:\/\/magnoliasilk.com\/et\/"},{"@type":"ListItem","position":2,"name":"Magnolia silk collection","item":"https:\/\/magnoliasilk.com\/et\/shop-3\/"},{"@type":"ListItem","position":3,"name":"Looduslikust siidist silmamask GOLD"}]},{"@type":"WebSite","@id":"https:\/\/magnoliasilk.com\/#website","url":"https:\/\/magnoliasilk.com\/","name":"Magnolia silk collection","description":"Mulberry silk products by Magnolia","publisher":{"@id":"https:\/\/magnoliasilk.com\/#organization"},"potentialAction":[{"@type":"SearchAction","target":{"@type":"EntryPoint","urlTemplate":"https:\/\/magnoliasilk.com\/?s={search_term_string}"},"query-input":{"@type":"PropertyValueSpecification","valueRequired":true,"valueName":"search_term_string"}}],"inLanguage":"et"},{"@type":"Organization","@id":"https:\/\/magnoliasilk.com\/#organization","name":"Magnolia silk collection","url":"https:\/\/magnoliasilk.com\/","logo":{"@type":"ImageObject","inLanguage":"et","@id":"https:\/\/magnoliasilk.com\/#\/schema\/logo\/image\/","url":"https:\/\/i1.wp.com\/magnoliasilk.com\/wp-content\/uploads\/2021\/06\/cropped-magnolia-1.png?fit=369%2C80&ssl=1","contentUrl":"https:\/\/i1.wp.com\/magnoliasilk.com\/wp-content\/uploads\/2021\/06\/cropped-magnolia-1.png?fit=369%2C80&ssl=1","width":369,"height":80,"caption":"Magnolia silk collection"},"image":{"@id":"https:\/\/magnoliasilk.com\/#\/schema\/logo\/image\/"},"sameAs":["https:\/\/www.facebook.com\/Magnoliasilkcollection","https:\/\/www.instagram.com\/magnolia.silk\/","https:\/\/www.pinterest.com\/magnoliasilkcollection\/"]}]}},"jetpack_sharing_enabled":true,"_links":{"self":[{"href":"https:\/\/magnoliasilk.com\/et\/wp-json\/wp\/v2\/product\/4628","targetHints":{"allow":["GET"]}}],"collection":[{"href":"https:\/\/magnoliasilk.com\/et\/wp-json\/wp\/v2\/product"}],"about":[{"href":"https:\/\/magnoliasilk.com\/et\/wp-json\/wp\/v2\/types\/product"}],"wp:featuredmedia":[{"embeddable":true,"href":"https:\/\/magnoliasilk.com\/et\/wp-json\/wp\/v2\/media\/13407"}],"wp:attachment":[{"href":"https:\/\/magnoliasilk.com\/et\/wp-json\/wp\/v2\/media?parent=4628"}],"wp:term":[{"taxonomy":"product_brand","embeddable":true,"href":"https:\/\/magnoliasilk.com\/et\/wp-json\/wp\/v2\/product_brand?post=4628"},{"taxonomy":"product_cat","embeddable":true,"href":"https:\/\/magnoliasilk.com\/et\/wp-json\/wp\/v2\/product_cat?post=4628"},{"taxonomy":"product_tag","embeddable":true,"href":"https:\/\/magnoliasilk.com\/et\/wp-json\/wp\/v2\/product_tag?post=4628"}],"curies":[{"name":"wp","href":"https:\/\/api.w.org\/{rel}","templated":true}]}}