{"id":4575,"date":"2021-01-23T22:18:27","date_gmt":"2021-01-23T20:18:27","guid":{"rendered":"https:\/\/shop.magnoliasilk.com\/product\/natural-silk-pale-pink-nightgown\/"},"modified":"2025-11-23T19:13:06","modified_gmt":"2025-11-23T17:13:06","slug":"natural-silk-pale-pink-nightgown","status":"publish","type":"product","link":"https:\/\/magnoliasilk.com\/et\/toode\/natural-silk-pale-pink-nightgown\/","title":{"rendered":"Looduslikust siidist \u00f6\u00f6s\u00e4rk PALE PINK"},"content":{"rendered":"<p>Nagu Leonardo Da Vinci kunagi \u00fctles: &#8220;Lihtsus on \u00fclim keerukus.&#8221; Usume, et n\u00f5ustute meiega kui olete Magnolia \u00f6\u00f6s\u00e4rki kandnud. Sellest saab kindlasti sinu lemmik riideese nii kodus kui ka miks mitte n\u00e4iteks romantilisel reisil Itaalias v\u00f5i Prantsusmaal.<\/p>\n<p>&nbsp;<\/p>\n<p>See p\u00f5lvini ulatuv \u00f6\u00f6s\u00e4rk on valmistatud 100% siidist ja tundub sinu nahal enneolematult pehme. Tunned end t\u00e4pselt nii ilusana nagu sa ka v\u00e4lja n\u00e4ed.<\/p>\n<p>Veelgi enam, lisa kampsun v\u00f5i jakk ning ideaalne riietus suviseks \u00f5htus\u00f6\u00f6giks ongi olemas. Igal t\u00fcdrukul peab olema v\u00e4hemalt \u00fcks t\u00e4iuslik \u00f6\u00f6s\u00e4rk, kandsime hoolt selle eest, et see ka sinul oleks.<\/p>\n<p>Varruka pikkus: varrukateta<br \/>\nKoostis: 100% siid<br \/>\nSobivus: klassikaline<br \/>\nFunktsioon: hingav, h\u00fcpoallergeenne<br \/>\nKaelus: V kaelus<br \/>\nM\u00f5\u00f5tmed:<br \/>\nPikkus: 86cm<br \/>\nRinna\u00fcmberm\u00f5\u00f5t: 92cm<br \/>\nV\u00f6\u00f6koht: 86cm<br \/>\nKui kannad EU S v\u00f5i M suurust, sobib see kleit sulle ideaalselt. Rihmad on reguleeritavad, seega saad valida V-l\u00f5ikega dekoltee s\u00fcgavuse. (piltidel oleva modelli pikkus on 166cm)<br \/>\nHooldus: keemiline puhastus v\u00f5i k\u00e4sitsipesu leiges vees. Kasuta \u00f5rna pesuvahendit. Aseta lamedale pinnale kuivama.<\/p>\n","protected":false},"excerpt":{"rendered":"<p>Luksuslik. Stiilne. Unustamatu. K\u00f5ik selles siidises \u00f6\u00f6s\u00e4rgis.<\/p>\n","protected":false},"featured_media":4574,"template":"","meta":[],"product_brand":[],"product_cat":[140],"product_tag":[144],"class_list":{"0":"post-4575","1":"product","2":"type-product","3":"status-publish","4":"has-post-thumbnail","6":"product_cat-siidist-oosargid","7":"product_tag-nightwear-et","9":"first","10":"outofstock","11":"sale","12":"taxable","13":"shipping-taxable","14":"purchasable","15":"product-type-simple"},"exclude_global_add_ons":[],"addons":[],"yoast_head":"<!-- This site is optimized with the Yoast SEO plugin v27.2 - https:\/\/yoast.com\/product\/yoast-seo-wordpress\/ -->\n<title>Looduslikust siidist \u00f6\u00f6s\u00e4rk PALE PINK - Magnolia silk collection<\/title>\n<meta name=\"robots\" content=\"index, follow, max-snippet:-1, max-image-preview:large, max-video-preview:-1\" \/>\n<link rel=\"canonical\" href=\"https:\/\/magnoliasilk.com\/et\/toode\/natural-silk-pale-pink-nightgown\/\" \/>\n<meta property=\"og:locale\" content=\"et_EE\" \/>\n<meta property=\"og:type\" content=\"article\" \/>\n<meta property=\"og:title\" content=\"Looduslikust siidist \u00f6\u00f6s\u00e4rk PALE PINK - Magnolia silk collection\" \/>\n<meta property=\"og:description\" content=\"Luksuslik. Stiilne. Unustamatu. K\u00f5ik selles siidises \u00f6\u00f6s\u00e4rgis.\" \/>\n<meta property=\"og:url\" content=\"https:\/\/magnoliasilk.com\/et\/toode\/natural-silk-pale-pink-nightgown\/\" \/>\n<meta property=\"og:site_name\" content=\"Magnolia silk collection\" \/>\n<meta property=\"article:publisher\" content=\"https:\/\/www.facebook.com\/Magnoliasilkcollection\" \/>\n<meta property=\"article:modified_time\" content=\"2025-11-23T17:13:06+00:00\" \/>\n<meta property=\"og:image\" content=\"https:\/\/i0.wp.com\/magnoliasilk.com\/wp-content\/uploads\/2021\/01\/2021.01.20-Sandra-silk1191edited-Small.jpg?fit=480%2C720&ssl=1\" \/>\n\t<meta property=\"og:image:width\" content=\"480\" \/>\n\t<meta property=\"og:image:height\" content=\"720\" \/>\n\t<meta property=\"og:image:type\" content=\"image\/jpeg\" \/>\n<meta name=\"twitter:card\" content=\"summary_large_image\" \/>\n<meta name=\"twitter:label1\" content=\"Est. reading time\" \/>\n\t<meta name=\"twitter:data1\" content=\"1 minut\" \/>\n<script type=\"application\/ld+json\" class=\"yoast-schema-graph\">{\"@context\":\"https:\/\/schema.org\",\"@graph\":[{\"@type\":\"WebPage\",\"@id\":\"https:\/\/magnoliasilk.com\/et\/toode\/natural-silk-pale-pink-nightgown\/\",\"url\":\"https:\/\/magnoliasilk.com\/et\/toode\/natural-silk-pale-pink-nightgown\/\",\"name\":\"Looduslikust siidist \u00f6\u00f6s\u00e4rk PALE PINK - Magnolia silk collection\",\"isPartOf\":{\"@id\":\"https:\/\/magnoliasilk.com\/#website\"},\"primaryImageOfPage\":{\"@id\":\"https:\/\/magnoliasilk.com\/et\/toode\/natural-silk-pale-pink-nightgown\/#primaryimage\"},\"image\":{\"@id\":\"https:\/\/magnoliasilk.com\/et\/toode\/natural-silk-pale-pink-nightgown\/#primaryimage\"},\"thumbnailUrl\":\"https:\/\/i0.wp.com\/magnoliasilk.com\/wp-content\/uploads\/2021\/01\/2021.01.20-Sandra-silk1191edited-Small.jpg?fit=480%2C720&ssl=1\",\"datePublished\":\"2021-01-23T20:18:27+00:00\",\"dateModified\":\"2025-11-23T17:13:06+00:00\",\"breadcrumb\":{\"@id\":\"https:\/\/magnoliasilk.com\/et\/toode\/natural-silk-pale-pink-nightgown\/#breadcrumb\"},\"inLanguage\":\"et\",\"potentialAction\":[{\"@type\":\"ReadAction\",\"target\":[\"https:\/\/magnoliasilk.com\/et\/toode\/natural-silk-pale-pink-nightgown\/\"]}]},{\"@type\":\"ImageObject\",\"inLanguage\":\"et\",\"@id\":\"https:\/\/magnoliasilk.com\/et\/toode\/natural-silk-pale-pink-nightgown\/#primaryimage\",\"url\":\"https:\/\/i0.wp.com\/magnoliasilk.com\/wp-content\/uploads\/2021\/01\/2021.01.20-Sandra-silk1191edited-Small.jpg?fit=480%2C720&ssl=1\",\"contentUrl\":\"https:\/\/i0.wp.com\/magnoliasilk.com\/wp-content\/uploads\/2021\/01\/2021.01.20-Sandra-silk1191edited-Small.jpg?fit=480%2C720&ssl=1\",\"width\":480,\"height\":720},{\"@type\":\"BreadcrumbList\",\"@id\":\"https:\/\/magnoliasilk.com\/et\/toode\/natural-silk-pale-pink-nightgown\/#breadcrumb\",\"itemListElement\":[{\"@type\":\"ListItem\",\"position\":1,\"name\":\"Home\",\"item\":\"https:\/\/magnoliasilk.com\/et\/\"},{\"@type\":\"ListItem\",\"position\":2,\"name\":\"Magnolia silk collection\",\"item\":\"https:\/\/magnoliasilk.com\/et\/shop-3\/\"},{\"@type\":\"ListItem\",\"position\":3,\"name\":\"Looduslikust siidist \u00f6\u00f6s\u00e4rk PALE PINK\"}]},{\"@type\":\"WebSite\",\"@id\":\"https:\/\/magnoliasilk.com\/#website\",\"url\":\"https:\/\/magnoliasilk.com\/\",\"name\":\"Magnolia silk collection\",\"description\":\"Mulberry silk products by Magnolia\",\"publisher\":{\"@id\":\"https:\/\/magnoliasilk.com\/#organization\"},\"potentialAction\":[{\"@type\":\"SearchAction\",\"target\":{\"@type\":\"EntryPoint\",\"urlTemplate\":\"https:\/\/magnoliasilk.com\/?s={search_term_string}\"},\"query-input\":{\"@type\":\"PropertyValueSpecification\",\"valueRequired\":true,\"valueName\":\"search_term_string\"}}],\"inLanguage\":\"et\"},{\"@type\":\"Organization\",\"@id\":\"https:\/\/magnoliasilk.com\/#organization\",\"name\":\"Magnolia silk collection\",\"url\":\"https:\/\/magnoliasilk.com\/\",\"logo\":{\"@type\":\"ImageObject\",\"inLanguage\":\"et\",\"@id\":\"https:\/\/magnoliasilk.com\/#\/schema\/logo\/image\/\",\"url\":\"https:\/\/i1.wp.com\/magnoliasilk.com\/wp-content\/uploads\/2021\/06\/cropped-magnolia-1.png?fit=369%2C80&ssl=1\",\"contentUrl\":\"https:\/\/i1.wp.com\/magnoliasilk.com\/wp-content\/uploads\/2021\/06\/cropped-magnolia-1.png?fit=369%2C80&ssl=1\",\"width\":369,\"height\":80,\"caption\":\"Magnolia silk collection\"},\"image\":{\"@id\":\"https:\/\/magnoliasilk.com\/#\/schema\/logo\/image\/\"},\"sameAs\":[\"https:\/\/www.facebook.com\/Magnoliasilkcollection\",\"https:\/\/www.instagram.com\/magnolia.silk\/\",\"https:\/\/www.pinterest.com\/magnoliasilkcollection\/\"]}]}<\/script>\n<!-- \/ Yoast SEO plugin. -->","yoast_head_json":{"title":"Looduslikust siidist \u00f6\u00f6s\u00e4rk PALE PINK - Magnolia silk collection","robots":{"index":"index","follow":"follow","max-snippet":"max-snippet:-1","max-image-preview":"max-image-preview:large","max-video-preview":"max-video-preview:-1"},"canonical":"https:\/\/magnoliasilk.com\/et\/toode\/natural-silk-pale-pink-nightgown\/","og_locale":"et_EE","og_type":"article","og_title":"Looduslikust siidist \u00f6\u00f6s\u00e4rk PALE PINK - Magnolia silk collection","og_description":"Luksuslik. Stiilne. Unustamatu. K\u00f5ik selles siidises \u00f6\u00f6s\u00e4rgis.","og_url":"https:\/\/magnoliasilk.com\/et\/toode\/natural-silk-pale-pink-nightgown\/","og_site_name":"Magnolia silk collection","article_publisher":"https:\/\/www.facebook.com\/Magnoliasilkcollection","article_modified_time":"2025-11-23T17:13:06+00:00","og_image":[{"width":480,"height":720,"url":"https:\/\/i0.wp.com\/magnoliasilk.com\/wp-content\/uploads\/2021\/01\/2021.01.20-Sandra-silk1191edited-Small.jpg?fit=480%2C720&ssl=1","type":"image\/jpeg"}],"twitter_card":"summary_large_image","twitter_misc":{"Est. reading time":"1 minut"},"schema":{"@context":"https:\/\/schema.org","@graph":[{"@type":"WebPage","@id":"https:\/\/magnoliasilk.com\/et\/toode\/natural-silk-pale-pink-nightgown\/","url":"https:\/\/magnoliasilk.com\/et\/toode\/natural-silk-pale-pink-nightgown\/","name":"Looduslikust siidist \u00f6\u00f6s\u00e4rk PALE PINK - Magnolia silk collection","isPartOf":{"@id":"https:\/\/magnoliasilk.com\/#website"},"primaryImageOfPage":{"@id":"https:\/\/magnoliasilk.com\/et\/toode\/natural-silk-pale-pink-nightgown\/#primaryimage"},"image":{"@id":"https:\/\/magnoliasilk.com\/et\/toode\/natural-silk-pale-pink-nightgown\/#primaryimage"},"thumbnailUrl":"https:\/\/i0.wp.com\/magnoliasilk.com\/wp-content\/uploads\/2021\/01\/2021.01.20-Sandra-silk1191edited-Small.jpg?fit=480%2C720&ssl=1","datePublished":"2021-01-23T20:18:27+00:00","dateModified":"2025-11-23T17:13:06+00:00","breadcrumb":{"@id":"https:\/\/magnoliasilk.com\/et\/toode\/natural-silk-pale-pink-nightgown\/#breadcrumb"},"inLanguage":"et","potentialAction":[{"@type":"ReadAction","target":["https:\/\/magnoliasilk.com\/et\/toode\/natural-silk-pale-pink-nightgown\/"]}]},{"@type":"ImageObject","inLanguage":"et","@id":"https:\/\/magnoliasilk.com\/et\/toode\/natural-silk-pale-pink-nightgown\/#primaryimage","url":"https:\/\/i0.wp.com\/magnoliasilk.com\/wp-content\/uploads\/2021\/01\/2021.01.20-Sandra-silk1191edited-Small.jpg?fit=480%2C720&ssl=1","contentUrl":"https:\/\/i0.wp.com\/magnoliasilk.com\/wp-content\/uploads\/2021\/01\/2021.01.20-Sandra-silk1191edited-Small.jpg?fit=480%2C720&ssl=1","width":480,"height":720},{"@type":"BreadcrumbList","@id":"https:\/\/magnoliasilk.com\/et\/toode\/natural-silk-pale-pink-nightgown\/#breadcrumb","itemListElement":[{"@type":"ListItem","position":1,"name":"Home","item":"https:\/\/magnoliasilk.com\/et\/"},{"@type":"ListItem","position":2,"name":"Magnolia silk collection","item":"https:\/\/magnoliasilk.com\/et\/shop-3\/"},{"@type":"ListItem","position":3,"name":"Looduslikust siidist \u00f6\u00f6s\u00e4rk PALE PINK"}]},{"@type":"WebSite","@id":"https:\/\/magnoliasilk.com\/#website","url":"https:\/\/magnoliasilk.com\/","name":"Magnolia silk collection","description":"Mulberry silk products by Magnolia","publisher":{"@id":"https:\/\/magnoliasilk.com\/#organization"},"potentialAction":[{"@type":"SearchAction","target":{"@type":"EntryPoint","urlTemplate":"https:\/\/magnoliasilk.com\/?s={search_term_string}"},"query-input":{"@type":"PropertyValueSpecification","valueRequired":true,"valueName":"search_term_string"}}],"inLanguage":"et"},{"@type":"Organization","@id":"https:\/\/magnoliasilk.com\/#organization","name":"Magnolia silk collection","url":"https:\/\/magnoliasilk.com\/","logo":{"@type":"ImageObject","inLanguage":"et","@id":"https:\/\/magnoliasilk.com\/#\/schema\/logo\/image\/","url":"https:\/\/i1.wp.com\/magnoliasilk.com\/wp-content\/uploads\/2021\/06\/cropped-magnolia-1.png?fit=369%2C80&ssl=1","contentUrl":"https:\/\/i1.wp.com\/magnoliasilk.com\/wp-content\/uploads\/2021\/06\/cropped-magnolia-1.png?fit=369%2C80&ssl=1","width":369,"height":80,"caption":"Magnolia silk collection"},"image":{"@id":"https:\/\/magnoliasilk.com\/#\/schema\/logo\/image\/"},"sameAs":["https:\/\/www.facebook.com\/Magnoliasilkcollection","https:\/\/www.instagram.com\/magnolia.silk\/","https:\/\/www.pinterest.com\/magnoliasilkcollection\/"]}]}},"jetpack_sharing_enabled":true,"_links":{"self":[{"href":"https:\/\/magnoliasilk.com\/et\/wp-json\/wp\/v2\/product\/4575","targetHints":{"allow":["GET"]}}],"collection":[{"href":"https:\/\/magnoliasilk.com\/et\/wp-json\/wp\/v2\/product"}],"about":[{"href":"https:\/\/magnoliasilk.com\/et\/wp-json\/wp\/v2\/types\/product"}],"wp:featuredmedia":[{"embeddable":true,"href":"https:\/\/magnoliasilk.com\/et\/wp-json\/wp\/v2\/media\/4574"}],"wp:attachment":[{"href":"https:\/\/magnoliasilk.com\/et\/wp-json\/wp\/v2\/media?parent=4575"}],"wp:term":[{"taxonomy":"product_brand","embeddable":true,"href":"https:\/\/magnoliasilk.com\/et\/wp-json\/wp\/v2\/product_brand?post=4575"},{"taxonomy":"product_cat","embeddable":true,"href":"https:\/\/magnoliasilk.com\/et\/wp-json\/wp\/v2\/product_cat?post=4575"},{"taxonomy":"product_tag","embeddable":true,"href":"https:\/\/magnoliasilk.com\/et\/wp-json\/wp\/v2\/product_tag?post=4575"}],"curies":[{"name":"wp","href":"https:\/\/api.w.org\/{rel}","templated":true}]}}