{"id":4501,"date":"2021-01-17T19:58:58","date_gmt":"2021-01-17T17:58:57","guid":{"rendered":"https:\/\/shop.magnoliasilk.com\/?post_type=product&#038;p=4501"},"modified":"2025-04-16T10:48:06","modified_gmt":"2025-04-16T07:48:06","slug":"looduslikust-siidist-padjapuur-french-beige","status":"publish","type":"product","link":"https:\/\/magnoliasilk.com\/et\/toode\/looduslikust-siidist-padjapuur-french-beige\/","title":{"rendered":"25 Momme Looduslikust Siidist Padjap\u00fc\u00fcr FRENCH BEIGE"},"content":{"rendered":"<p><strong>100% naturaalsest Charmeuse Mulberry siidist padjap\u00fc\u00fcr.<\/strong>\u00a0See on sensuaalselt siidine, kuid samas tugev, h\u00fcpoallergeenne, looduslikult hingav toode<span class=\"JsGRdQ\">. V\u00f5ta beauty sleep&#8217;ilt maksimum koos selle luksusliku siidist padjap\u00fc\u00fcriga, sobib k\u00f5ikidele naha- ja juukset\u00fc\u00fcpidele.<\/span><\/p>\n<p>Elegantses kinkekarbis.<\/p>\n<p>Siidist padjap\u00fc\u00fcrid neelavad v\u00e4hem niiskust ja mustust ning v\u00f5ivad seega olla parem valik akne ja muude nahaprobleemidega inimestele. Siidist padjap\u00fc\u00fcril magamine aitab teie nahal p\u00fcsida terve ja sile ning aitab v\u00e4hendada n\u00e4okortse.<\/p>\n<p>Kui soovid erim\u00f5\u00f5tmetes padjap\u00fc\u00fcri siis kirjuta meile info@magnoliasilk.com<\/p>\n","protected":false},"excerpt":{"rendered":"<p>See jumalik siidist padjap\u00fc\u00fcr paitab Sinu n\u00e4gu luksusliku siidi \u00f5rna puudutusega. Kui Sa pole varem siidist padjap\u00fc\u00fcri proovinud, siis kindlasti soovid Sa seda teha n\u00fc\u00fcd.<\/p>\n<p><img loading=\"lazy\" decoding=\"async\" class=\"alignnone size-full wp-image-7870\" src=\"https:\/\/magnoliasilk.com\/wp-content\/uploads\/2021\/06\/oeko-tex-standard-100-logo-1D3E592F59-seeklogo.com_.png\" alt=\"\" width=\"300\" height=\"156\" srcset=\"https:\/\/i0.wp.com\/magnoliasilk.com\/wp-content\/uploads\/2021\/06\/oeko-tex-standard-100-logo-1D3E592F59-seeklogo.com_.png?w=300&amp;ssl=1 300w, https:\/\/i0.wp.com\/magnoliasilk.com\/wp-content\/uploads\/2021\/06\/oeko-tex-standard-100-logo-1D3E592F59-seeklogo.com_.png?resize=150%2C78&amp;ssl=1 150w\" sizes=\"auto, (max-width: 300px) 100vw, 300px\" \/><\/p>\n","protected":false},"featured_media":4678,"template":"","meta":[],"product_brand":[],"product_cat":[337,108],"product_tag":[],"class_list":{"0":"post-4501","1":"product","2":"type-product","3":"status-publish","4":"has-post-thumbnail","6":"product_cat-musta-reede-pakkumised-30","7":"product_cat-siidist-padjapuurid","9":"first","10":"outofstock","11":"sale","12":"taxable","13":"shipping-taxable","14":"purchasable","15":"product-type-variable","16":"has-default-attributes"},"exclude_global_add_ons":[],"addons":[],"yoast_head":"<!-- This site is optimized with the Yoast SEO plugin v27.2 - https:\/\/yoast.com\/product\/yoast-seo-wordpress\/ -->\n<title>25 Momme Looduslikust Siidist Padjap\u00fc\u00fcr FRENCH BEIGE - Magnolia silk collection<\/title>\n<meta name=\"robots\" content=\"index, follow, max-snippet:-1, max-image-preview:large, max-video-preview:-1\" \/>\n<link rel=\"canonical\" href=\"https:\/\/magnoliasilk.com\/et\/toode\/looduslikust-siidist-padjapuur-french-beige\/\" \/>\n<meta property=\"og:locale\" content=\"et_EE\" \/>\n<meta property=\"og:type\" content=\"article\" \/>\n<meta property=\"og:title\" content=\"25 Momme Looduslikust Siidist Padjap\u00fc\u00fcr FRENCH BEIGE - Magnolia silk collection\" \/>\n<meta property=\"og:description\" content=\"See jumalik siidist padjap\u00fc\u00fcr paitab Sinu n\u00e4gu luksusliku siidi \u00f5rna puudutusega. Kui Sa pole varem siidist padjap\u00fc\u00fcri proovinud, siis kindlasti soovid Sa seda teha n\u00fc\u00fcd.\" \/>\n<meta property=\"og:url\" content=\"https:\/\/magnoliasilk.com\/et\/toode\/looduslikust-siidist-padjapuur-french-beige\/\" \/>\n<meta property=\"og:site_name\" content=\"Magnolia silk collection\" \/>\n<meta property=\"article:publisher\" content=\"https:\/\/www.facebook.com\/Magnoliasilkcollection\" \/>\n<meta property=\"article:modified_time\" content=\"2025-04-16T07:48:06+00:00\" \/>\n<meta property=\"og:image\" content=\"https:\/\/magnoliasilk.com\/wp-content\/uploads\/2021\/01\/DSC00022-Small.jpg\" \/>\n\t<meta property=\"og:image:width\" content=\"480\" \/>\n\t<meta property=\"og:image:height\" content=\"720\" \/>\n\t<meta property=\"og:image:type\" content=\"image\/jpeg\" \/>\n<meta name=\"twitter:card\" content=\"summary_large_image\" \/>\n<script type=\"application\/ld+json\" class=\"yoast-schema-graph\">{\"@context\":\"https:\/\/schema.org\",\"@graph\":[{\"@type\":\"WebPage\",\"@id\":\"https:\/\/magnoliasilk.com\/et\/toode\/looduslikust-siidist-padjapuur-french-beige\/\",\"url\":\"https:\/\/magnoliasilk.com\/et\/toode\/looduslikust-siidist-padjapuur-french-beige\/\",\"name\":\"25 Momme Looduslikust Siidist Padjap\u00fc\u00fcr FRENCH BEIGE - Magnolia silk collection\",\"isPartOf\":{\"@id\":\"https:\/\/magnoliasilk.com\/#website\"},\"primaryImageOfPage\":{\"@id\":\"https:\/\/magnoliasilk.com\/et\/toode\/looduslikust-siidist-padjapuur-french-beige\/#primaryimage\"},\"image\":{\"@id\":\"https:\/\/magnoliasilk.com\/et\/toode\/looduslikust-siidist-padjapuur-french-beige\/#primaryimage\"},\"thumbnailUrl\":\"https:\/\/i0.wp.com\/magnoliasilk.com\/wp-content\/uploads\/2021\/01\/DSC00022-Small.jpg?fit=480%2C720&ssl=1\",\"datePublished\":\"2021-01-17T17:58:57+00:00\",\"dateModified\":\"2025-04-16T07:48:06+00:00\",\"breadcrumb\":{\"@id\":\"https:\/\/magnoliasilk.com\/et\/toode\/looduslikust-siidist-padjapuur-french-beige\/#breadcrumb\"},\"inLanguage\":\"et\",\"potentialAction\":[{\"@type\":\"ReadAction\",\"target\":[\"https:\/\/magnoliasilk.com\/et\/toode\/looduslikust-siidist-padjapuur-french-beige\/\"]}]},{\"@type\":\"ImageObject\",\"inLanguage\":\"et\",\"@id\":\"https:\/\/magnoliasilk.com\/et\/toode\/looduslikust-siidist-padjapuur-french-beige\/#primaryimage\",\"url\":\"https:\/\/i0.wp.com\/magnoliasilk.com\/wp-content\/uploads\/2021\/01\/DSC00022-Small.jpg?fit=480%2C720&ssl=1\",\"contentUrl\":\"https:\/\/i0.wp.com\/magnoliasilk.com\/wp-content\/uploads\/2021\/01\/DSC00022-Small.jpg?fit=480%2C720&ssl=1\",\"width\":480,\"height\":720},{\"@type\":\"BreadcrumbList\",\"@id\":\"https:\/\/magnoliasilk.com\/et\/toode\/looduslikust-siidist-padjapuur-french-beige\/#breadcrumb\",\"itemListElement\":[{\"@type\":\"ListItem\",\"position\":1,\"name\":\"Home\",\"item\":\"https:\/\/magnoliasilk.com\/et\/\"},{\"@type\":\"ListItem\",\"position\":2,\"name\":\"Magnolia silk collection\",\"item\":\"https:\/\/magnoliasilk.com\/et\/shop-3\/\"},{\"@type\":\"ListItem\",\"position\":3,\"name\":\"25 Momme Looduslikust Siidist Padjap\u00fc\u00fcr FRENCH BEIGE\"}]},{\"@type\":\"WebSite\",\"@id\":\"https:\/\/magnoliasilk.com\/#website\",\"url\":\"https:\/\/magnoliasilk.com\/\",\"name\":\"Magnolia silk collection\",\"description\":\"Mulberry silk products by Magnolia\",\"publisher\":{\"@id\":\"https:\/\/magnoliasilk.com\/#organization\"},\"potentialAction\":[{\"@type\":\"SearchAction\",\"target\":{\"@type\":\"EntryPoint\",\"urlTemplate\":\"https:\/\/magnoliasilk.com\/?s={search_term_string}\"},\"query-input\":{\"@type\":\"PropertyValueSpecification\",\"valueRequired\":true,\"valueName\":\"search_term_string\"}}],\"inLanguage\":\"et\"},{\"@type\":\"Organization\",\"@id\":\"https:\/\/magnoliasilk.com\/#organization\",\"name\":\"Magnolia silk collection\",\"url\":\"https:\/\/magnoliasilk.com\/\",\"logo\":{\"@type\":\"ImageObject\",\"inLanguage\":\"et\",\"@id\":\"https:\/\/magnoliasilk.com\/#\/schema\/logo\/image\/\",\"url\":\"https:\/\/i1.wp.com\/magnoliasilk.com\/wp-content\/uploads\/2021\/06\/cropped-magnolia-1.png?fit=369%2C80&ssl=1\",\"contentUrl\":\"https:\/\/i1.wp.com\/magnoliasilk.com\/wp-content\/uploads\/2021\/06\/cropped-magnolia-1.png?fit=369%2C80&ssl=1\",\"width\":369,\"height\":80,\"caption\":\"Magnolia silk collection\"},\"image\":{\"@id\":\"https:\/\/magnoliasilk.com\/#\/schema\/logo\/image\/\"},\"sameAs\":[\"https:\/\/www.facebook.com\/Magnoliasilkcollection\",\"https:\/\/www.instagram.com\/magnolia.silk\/\",\"https:\/\/www.pinterest.com\/magnoliasilkcollection\/\"]}]}<\/script>\n<!-- \/ Yoast SEO plugin. -->","yoast_head_json":{"title":"25 Momme Looduslikust Siidist Padjap\u00fc\u00fcr FRENCH BEIGE - Magnolia silk collection","robots":{"index":"index","follow":"follow","max-snippet":"max-snippet:-1","max-image-preview":"max-image-preview:large","max-video-preview":"max-video-preview:-1"},"canonical":"https:\/\/magnoliasilk.com\/et\/toode\/looduslikust-siidist-padjapuur-french-beige\/","og_locale":"et_EE","og_type":"article","og_title":"25 Momme Looduslikust Siidist Padjap\u00fc\u00fcr FRENCH BEIGE - Magnolia silk collection","og_description":"See jumalik siidist padjap\u00fc\u00fcr paitab Sinu n\u00e4gu luksusliku siidi \u00f5rna puudutusega. Kui Sa pole varem siidist padjap\u00fc\u00fcri proovinud, siis kindlasti soovid Sa seda teha n\u00fc\u00fcd.","og_url":"https:\/\/magnoliasilk.com\/et\/toode\/looduslikust-siidist-padjapuur-french-beige\/","og_site_name":"Magnolia silk collection","article_publisher":"https:\/\/www.facebook.com\/Magnoliasilkcollection","article_modified_time":"2025-04-16T07:48:06+00:00","og_image":[{"width":480,"height":720,"url":"https:\/\/magnoliasilk.com\/wp-content\/uploads\/2021\/01\/DSC00022-Small.jpg","type":"image\/jpeg"}],"twitter_card":"summary_large_image","schema":{"@context":"https:\/\/schema.org","@graph":[{"@type":"WebPage","@id":"https:\/\/magnoliasilk.com\/et\/toode\/looduslikust-siidist-padjapuur-french-beige\/","url":"https:\/\/magnoliasilk.com\/et\/toode\/looduslikust-siidist-padjapuur-french-beige\/","name":"25 Momme Looduslikust Siidist Padjap\u00fc\u00fcr FRENCH BEIGE - Magnolia silk collection","isPartOf":{"@id":"https:\/\/magnoliasilk.com\/#website"},"primaryImageOfPage":{"@id":"https:\/\/magnoliasilk.com\/et\/toode\/looduslikust-siidist-padjapuur-french-beige\/#primaryimage"},"image":{"@id":"https:\/\/magnoliasilk.com\/et\/toode\/looduslikust-siidist-padjapuur-french-beige\/#primaryimage"},"thumbnailUrl":"https:\/\/i0.wp.com\/magnoliasilk.com\/wp-content\/uploads\/2021\/01\/DSC00022-Small.jpg?fit=480%2C720&ssl=1","datePublished":"2021-01-17T17:58:57+00:00","dateModified":"2025-04-16T07:48:06+00:00","breadcrumb":{"@id":"https:\/\/magnoliasilk.com\/et\/toode\/looduslikust-siidist-padjapuur-french-beige\/#breadcrumb"},"inLanguage":"et","potentialAction":[{"@type":"ReadAction","target":["https:\/\/magnoliasilk.com\/et\/toode\/looduslikust-siidist-padjapuur-french-beige\/"]}]},{"@type":"ImageObject","inLanguage":"et","@id":"https:\/\/magnoliasilk.com\/et\/toode\/looduslikust-siidist-padjapuur-french-beige\/#primaryimage","url":"https:\/\/i0.wp.com\/magnoliasilk.com\/wp-content\/uploads\/2021\/01\/DSC00022-Small.jpg?fit=480%2C720&ssl=1","contentUrl":"https:\/\/i0.wp.com\/magnoliasilk.com\/wp-content\/uploads\/2021\/01\/DSC00022-Small.jpg?fit=480%2C720&ssl=1","width":480,"height":720},{"@type":"BreadcrumbList","@id":"https:\/\/magnoliasilk.com\/et\/toode\/looduslikust-siidist-padjapuur-french-beige\/#breadcrumb","itemListElement":[{"@type":"ListItem","position":1,"name":"Home","item":"https:\/\/magnoliasilk.com\/et\/"},{"@type":"ListItem","position":2,"name":"Magnolia silk collection","item":"https:\/\/magnoliasilk.com\/et\/shop-3\/"},{"@type":"ListItem","position":3,"name":"25 Momme Looduslikust Siidist Padjap\u00fc\u00fcr FRENCH BEIGE"}]},{"@type":"WebSite","@id":"https:\/\/magnoliasilk.com\/#website","url":"https:\/\/magnoliasilk.com\/","name":"Magnolia silk collection","description":"Mulberry silk products by Magnolia","publisher":{"@id":"https:\/\/magnoliasilk.com\/#organization"},"potentialAction":[{"@type":"SearchAction","target":{"@type":"EntryPoint","urlTemplate":"https:\/\/magnoliasilk.com\/?s={search_term_string}"},"query-input":{"@type":"PropertyValueSpecification","valueRequired":true,"valueName":"search_term_string"}}],"inLanguage":"et"},{"@type":"Organization","@id":"https:\/\/magnoliasilk.com\/#organization","name":"Magnolia silk collection","url":"https:\/\/magnoliasilk.com\/","logo":{"@type":"ImageObject","inLanguage":"et","@id":"https:\/\/magnoliasilk.com\/#\/schema\/logo\/image\/","url":"https:\/\/i1.wp.com\/magnoliasilk.com\/wp-content\/uploads\/2021\/06\/cropped-magnolia-1.png?fit=369%2C80&ssl=1","contentUrl":"https:\/\/i1.wp.com\/magnoliasilk.com\/wp-content\/uploads\/2021\/06\/cropped-magnolia-1.png?fit=369%2C80&ssl=1","width":369,"height":80,"caption":"Magnolia silk collection"},"image":{"@id":"https:\/\/magnoliasilk.com\/#\/schema\/logo\/image\/"},"sameAs":["https:\/\/www.facebook.com\/Magnoliasilkcollection","https:\/\/www.instagram.com\/magnolia.silk\/","https:\/\/www.pinterest.com\/magnoliasilkcollection\/"]}]}},"jetpack_sharing_enabled":true,"_links":{"self":[{"href":"https:\/\/magnoliasilk.com\/et\/wp-json\/wp\/v2\/product\/4501","targetHints":{"allow":["GET"]}}],"collection":[{"href":"https:\/\/magnoliasilk.com\/et\/wp-json\/wp\/v2\/product"}],"about":[{"href":"https:\/\/magnoliasilk.com\/et\/wp-json\/wp\/v2\/types\/product"}],"wp:featuredmedia":[{"embeddable":true,"href":"https:\/\/magnoliasilk.com\/et\/wp-json\/wp\/v2\/media\/4678"}],"wp:attachment":[{"href":"https:\/\/magnoliasilk.com\/et\/wp-json\/wp\/v2\/media?parent=4501"}],"wp:term":[{"taxonomy":"product_brand","embeddable":true,"href":"https:\/\/magnoliasilk.com\/et\/wp-json\/wp\/v2\/product_brand?post=4501"},{"taxonomy":"product_cat","embeddable":true,"href":"https:\/\/magnoliasilk.com\/et\/wp-json\/wp\/v2\/product_cat?post=4501"},{"taxonomy":"product_tag","embeddable":true,"href":"https:\/\/magnoliasilk.com\/et\/wp-json\/wp\/v2\/product_tag?post=4501"}],"curies":[{"name":"wp","href":"https:\/\/api.w.org\/{rel}","templated":true}]}}