{"id":4228,"date":"2021-01-10T19:53:03","date_gmt":"2021-01-10T17:53:03","guid":{"rendered":"https:\/\/shop.magnoliasilk.com\/product\/natural-silk-scrunchie-champagne\/"},"modified":"2025-11-27T18:26:42","modified_gmt":"2025-11-27T16:26:42","slug":"natural-silk-scrunchie-gold","status":"publish","type":"product","link":"https:\/\/magnoliasilk.com\/et\/toode\/natural-silk-scrunchie-gold\/","title":{"rendered":"Looduslikust siidist juuksekumm GOLD"},"content":{"rendered":"<p>100% Charmeuse Mulberry siidist valmistatud juuksekumm CHAMPAGNE. Luksuslik kinkekarp on hinnas. Charmeuse Mulberry siid on v\u00e4ga l\u00e4ikiv, pehme ja elegantne. See kaitseb, parandab ja silub Sinu juukseid. See juuksekumm on sulgpehme nagu kohev pilv.<\/p>\n<p><strong>Meie juuksekummid on saadaval kolmes erinevas suuruses:\u00a0<\/strong><\/p>\n<div>\n<div>S\u00a0&#8211; laius\u00a02\u00a0cm<\/div>\n<div>M\u00a0&#8211; laius\u00a05,5 cm<\/div>\n<div>L\u00a0&#8211; laius\u00a07 cm<\/div>\n<div><\/div>\n<div><strong>S-suuruses<\/strong>\u00a0juuksekumm on ideaalne valik elegantsemaks v\u00e4ljan\u00e4gemiseks,\u00a0<strong>M-suuruses<\/strong>\u00a0juuksekumm on suurep\u00e4rane igap\u00e4evane valik ja\u00a0<strong>L-suuruses<\/strong>\u00a0juuksekumm on kindlasti \u00f5ige valik paksude v\u00f5i lokkis juustega naistele, v\u00f5i naistele kellele lihtsalt meeldib tekitada vau efekti.<\/div>\n<\/div>\n","protected":false},"excerpt":{"rendered":"<p>100% Charmeuse Mulberry siidist valmistatud juuksekumm CHAMPAGNE. Luksuslik kinkekarp on hinnas. Charmeuse Mulberry siid on v\u00e4ga l\u00e4ikiv, pehme ja elegantne. See kaitseb, parandab ja silub Sinu juukseid. See juuksekumm on sulgpehme nagu kohev pilv. Meie juuksekummid on saadaval kolmes erinevas suuruses:\u00a0 S\u00a0&#8211; laius\u00a02\u00a0cm M\u00a0&#8211; laius\u00a05,5 cm L\u00a0&#8211; laius\u00a07 cm S-suuruses\u00a0juuksekumm [&hellip;]<\/p>\n","protected":false},"featured_media":4229,"template":"","meta":[],"product_brand":[],"product_cat":[337,109],"product_tag":[],"class_list":{"0":"post-4228","1":"product","2":"type-product","3":"status-publish","4":"has-post-thumbnail","6":"product_cat-musta-reede-pakkumised-30","7":"product_cat-siidist-juuksekummid","9":"first","10":"instock","11":"sale","12":"taxable","13":"shipping-taxable","14":"purchasable","15":"product-type-variable","16":"has-default-attributes"},"exclude_global_add_ons":false,"addons":[{"name":"\u00a0","type":"multiple_choice","position":0,"required":true,"title_format":"hide","default":"","description_enable":false,"description":"","placeholder_enable":false,"placeholder":"","display":"radiobutton","restrictions_type":"any_text","adjust_price":false,"price":"","price_type":"flat_fee","restrictions":false,"min":"0","max":"0","options":[{"label":"Ilma kinkekarbita","price":"","price_type":"flat_fee","image":0,"visibility":true},{"label":"Luksuslik Magnolia valge kinkekarp","price":"2.5","price_type":"quantity_based","image":4077,"visibility":true}],"id":1668980122}],"yoast_head":"<!-- This site is optimized with the Yoast SEO plugin v27.2 - https:\/\/yoast.com\/product\/yoast-seo-wordpress\/ -->\n<title>Looduslikust siidist juuksekumm GOLD - Magnolia silk collection<\/title>\n<meta name=\"robots\" content=\"index, follow, max-snippet:-1, max-image-preview:large, max-video-preview:-1\" \/>\n<link rel=\"canonical\" href=\"https:\/\/magnoliasilk.com\/et\/toode\/natural-silk-scrunchie-gold\/\" \/>\n<meta property=\"og:locale\" content=\"et_EE\" \/>\n<meta property=\"og:type\" content=\"article\" \/>\n<meta property=\"og:title\" content=\"Looduslikust siidist juuksekumm GOLD - Magnolia silk collection\" \/>\n<meta property=\"og:description\" content=\"100% Charmeuse Mulberry siidist valmistatud juuksekumm CHAMPAGNE. Luksuslik kinkekarp on hinnas. Charmeuse Mulberry siid on v\u00e4ga l\u00e4ikiv, pehme ja elegantne. See kaitseb, parandab ja silub Sinu juukseid. See juuksekumm on sulgpehme nagu kohev pilv. Meie juuksekummid on saadaval kolmes erinevas suuruses:\u00a0 S\u00a0&#8211; laius\u00a02\u00a0cm M\u00a0&#8211; laius\u00a05,5 cm L\u00a0&#8211; laius\u00a07 cm S-suuruses\u00a0juuksekumm [&hellip;]\" \/>\n<meta property=\"og:url\" content=\"https:\/\/magnoliasilk.com\/et\/toode\/natural-silk-scrunchie-gold\/\" \/>\n<meta property=\"og:site_name\" content=\"Magnolia silk collection\" \/>\n<meta property=\"article:publisher\" content=\"https:\/\/www.facebook.com\/Magnoliasilkcollection\" \/>\n<meta property=\"article:modified_time\" content=\"2025-11-27T16:26:42+00:00\" \/>\n<meta property=\"og:image\" content=\"https:\/\/i0.wp.com\/magnoliasilk.com\/wp-content\/uploads\/2021\/01\/scrunches0071-Small.jpg?fit=480%2C720&ssl=1\" \/>\n\t<meta property=\"og:image:width\" content=\"480\" \/>\n\t<meta property=\"og:image:height\" content=\"720\" \/>\n\t<meta property=\"og:image:type\" content=\"image\/jpeg\" \/>\n<meta name=\"twitter:card\" content=\"summary_large_image\" \/>\n<script type=\"application\/ld+json\" class=\"yoast-schema-graph\">{\"@context\":\"https:\/\/schema.org\",\"@graph\":[{\"@type\":\"WebPage\",\"@id\":\"https:\/\/magnoliasilk.com\/et\/toode\/natural-silk-scrunchie-gold\/\",\"url\":\"https:\/\/magnoliasilk.com\/et\/toode\/natural-silk-scrunchie-gold\/\",\"name\":\"Looduslikust siidist juuksekumm GOLD - Magnolia silk collection\",\"isPartOf\":{\"@id\":\"https:\/\/magnoliasilk.com\/#website\"},\"primaryImageOfPage\":{\"@id\":\"https:\/\/magnoliasilk.com\/et\/toode\/natural-silk-scrunchie-gold\/#primaryimage\"},\"image\":{\"@id\":\"https:\/\/magnoliasilk.com\/et\/toode\/natural-silk-scrunchie-gold\/#primaryimage\"},\"thumbnailUrl\":\"https:\/\/i0.wp.com\/magnoliasilk.com\/wp-content\/uploads\/2021\/01\/scrunches0071-Small.jpg?fit=480%2C720&ssl=1\",\"datePublished\":\"2021-01-10T17:53:03+00:00\",\"dateModified\":\"2025-11-27T16:26:42+00:00\",\"breadcrumb\":{\"@id\":\"https:\/\/magnoliasilk.com\/et\/toode\/natural-silk-scrunchie-gold\/#breadcrumb\"},\"inLanguage\":\"et\",\"potentialAction\":[{\"@type\":\"ReadAction\",\"target\":[\"https:\/\/magnoliasilk.com\/et\/toode\/natural-silk-scrunchie-gold\/\"]}]},{\"@type\":\"ImageObject\",\"inLanguage\":\"et\",\"@id\":\"https:\/\/magnoliasilk.com\/et\/toode\/natural-silk-scrunchie-gold\/#primaryimage\",\"url\":\"https:\/\/i0.wp.com\/magnoliasilk.com\/wp-content\/uploads\/2021\/01\/scrunches0071-Small.jpg?fit=480%2C720&ssl=1\",\"contentUrl\":\"https:\/\/i0.wp.com\/magnoliasilk.com\/wp-content\/uploads\/2021\/01\/scrunches0071-Small.jpg?fit=480%2C720&ssl=1\",\"width\":480,\"height\":720},{\"@type\":\"BreadcrumbList\",\"@id\":\"https:\/\/magnoliasilk.com\/et\/toode\/natural-silk-scrunchie-gold\/#breadcrumb\",\"itemListElement\":[{\"@type\":\"ListItem\",\"position\":1,\"name\":\"Home\",\"item\":\"https:\/\/magnoliasilk.com\/et\/\"},{\"@type\":\"ListItem\",\"position\":2,\"name\":\"Magnolia silk collection\",\"item\":\"https:\/\/magnoliasilk.com\/et\/shop-3\/\"},{\"@type\":\"ListItem\",\"position\":3,\"name\":\"Looduslikust siidist juuksekumm GOLD\"}]},{\"@type\":\"WebSite\",\"@id\":\"https:\/\/magnoliasilk.com\/#website\",\"url\":\"https:\/\/magnoliasilk.com\/\",\"name\":\"Magnolia silk collection\",\"description\":\"Mulberry silk products by Magnolia\",\"publisher\":{\"@id\":\"https:\/\/magnoliasilk.com\/#organization\"},\"potentialAction\":[{\"@type\":\"SearchAction\",\"target\":{\"@type\":\"EntryPoint\",\"urlTemplate\":\"https:\/\/magnoliasilk.com\/?s={search_term_string}\"},\"query-input\":{\"@type\":\"PropertyValueSpecification\",\"valueRequired\":true,\"valueName\":\"search_term_string\"}}],\"inLanguage\":\"et\"},{\"@type\":\"Organization\",\"@id\":\"https:\/\/magnoliasilk.com\/#organization\",\"name\":\"Magnolia silk collection\",\"url\":\"https:\/\/magnoliasilk.com\/\",\"logo\":{\"@type\":\"ImageObject\",\"inLanguage\":\"et\",\"@id\":\"https:\/\/magnoliasilk.com\/#\/schema\/logo\/image\/\",\"url\":\"https:\/\/i1.wp.com\/magnoliasilk.com\/wp-content\/uploads\/2021\/06\/cropped-magnolia-1.png?fit=369%2C80&ssl=1\",\"contentUrl\":\"https:\/\/i1.wp.com\/magnoliasilk.com\/wp-content\/uploads\/2021\/06\/cropped-magnolia-1.png?fit=369%2C80&ssl=1\",\"width\":369,\"height\":80,\"caption\":\"Magnolia silk collection\"},\"image\":{\"@id\":\"https:\/\/magnoliasilk.com\/#\/schema\/logo\/image\/\"},\"sameAs\":[\"https:\/\/www.facebook.com\/Magnoliasilkcollection\",\"https:\/\/www.instagram.com\/magnolia.silk\/\",\"https:\/\/www.pinterest.com\/magnoliasilkcollection\/\"]}]}<\/script>\n<!-- \/ Yoast SEO plugin. -->","yoast_head_json":{"title":"Looduslikust siidist juuksekumm GOLD - Magnolia silk collection","robots":{"index":"index","follow":"follow","max-snippet":"max-snippet:-1","max-image-preview":"max-image-preview:large","max-video-preview":"max-video-preview:-1"},"canonical":"https:\/\/magnoliasilk.com\/et\/toode\/natural-silk-scrunchie-gold\/","og_locale":"et_EE","og_type":"article","og_title":"Looduslikust siidist juuksekumm GOLD - Magnolia silk collection","og_description":"100% Charmeuse Mulberry siidist valmistatud juuksekumm CHAMPAGNE. Luksuslik kinkekarp on hinnas. Charmeuse Mulberry siid on v\u00e4ga l\u00e4ikiv, pehme ja elegantne. See kaitseb, parandab ja silub Sinu juukseid. See juuksekumm on sulgpehme nagu kohev pilv. Meie juuksekummid on saadaval kolmes erinevas suuruses:\u00a0 S\u00a0&#8211; laius\u00a02\u00a0cm M\u00a0&#8211; laius\u00a05,5 cm L\u00a0&#8211; laius\u00a07 cm S-suuruses\u00a0juuksekumm [&hellip;]","og_url":"https:\/\/magnoliasilk.com\/et\/toode\/natural-silk-scrunchie-gold\/","og_site_name":"Magnolia silk collection","article_publisher":"https:\/\/www.facebook.com\/Magnoliasilkcollection","article_modified_time":"2025-11-27T16:26:42+00:00","og_image":[{"width":480,"height":720,"url":"https:\/\/i0.wp.com\/magnoliasilk.com\/wp-content\/uploads\/2021\/01\/scrunches0071-Small.jpg?fit=480%2C720&ssl=1","type":"image\/jpeg"}],"twitter_card":"summary_large_image","schema":{"@context":"https:\/\/schema.org","@graph":[{"@type":"WebPage","@id":"https:\/\/magnoliasilk.com\/et\/toode\/natural-silk-scrunchie-gold\/","url":"https:\/\/magnoliasilk.com\/et\/toode\/natural-silk-scrunchie-gold\/","name":"Looduslikust siidist juuksekumm GOLD - Magnolia silk collection","isPartOf":{"@id":"https:\/\/magnoliasilk.com\/#website"},"primaryImageOfPage":{"@id":"https:\/\/magnoliasilk.com\/et\/toode\/natural-silk-scrunchie-gold\/#primaryimage"},"image":{"@id":"https:\/\/magnoliasilk.com\/et\/toode\/natural-silk-scrunchie-gold\/#primaryimage"},"thumbnailUrl":"https:\/\/i0.wp.com\/magnoliasilk.com\/wp-content\/uploads\/2021\/01\/scrunches0071-Small.jpg?fit=480%2C720&ssl=1","datePublished":"2021-01-10T17:53:03+00:00","dateModified":"2025-11-27T16:26:42+00:00","breadcrumb":{"@id":"https:\/\/magnoliasilk.com\/et\/toode\/natural-silk-scrunchie-gold\/#breadcrumb"},"inLanguage":"et","potentialAction":[{"@type":"ReadAction","target":["https:\/\/magnoliasilk.com\/et\/toode\/natural-silk-scrunchie-gold\/"]}]},{"@type":"ImageObject","inLanguage":"et","@id":"https:\/\/magnoliasilk.com\/et\/toode\/natural-silk-scrunchie-gold\/#primaryimage","url":"https:\/\/i0.wp.com\/magnoliasilk.com\/wp-content\/uploads\/2021\/01\/scrunches0071-Small.jpg?fit=480%2C720&ssl=1","contentUrl":"https:\/\/i0.wp.com\/magnoliasilk.com\/wp-content\/uploads\/2021\/01\/scrunches0071-Small.jpg?fit=480%2C720&ssl=1","width":480,"height":720},{"@type":"BreadcrumbList","@id":"https:\/\/magnoliasilk.com\/et\/toode\/natural-silk-scrunchie-gold\/#breadcrumb","itemListElement":[{"@type":"ListItem","position":1,"name":"Home","item":"https:\/\/magnoliasilk.com\/et\/"},{"@type":"ListItem","position":2,"name":"Magnolia silk collection","item":"https:\/\/magnoliasilk.com\/et\/shop-3\/"},{"@type":"ListItem","position":3,"name":"Looduslikust siidist juuksekumm GOLD"}]},{"@type":"WebSite","@id":"https:\/\/magnoliasilk.com\/#website","url":"https:\/\/magnoliasilk.com\/","name":"Magnolia silk collection","description":"Mulberry silk products by Magnolia","publisher":{"@id":"https:\/\/magnoliasilk.com\/#organization"},"potentialAction":[{"@type":"SearchAction","target":{"@type":"EntryPoint","urlTemplate":"https:\/\/magnoliasilk.com\/?s={search_term_string}"},"query-input":{"@type":"PropertyValueSpecification","valueRequired":true,"valueName":"search_term_string"}}],"inLanguage":"et"},{"@type":"Organization","@id":"https:\/\/magnoliasilk.com\/#organization","name":"Magnolia silk collection","url":"https:\/\/magnoliasilk.com\/","logo":{"@type":"ImageObject","inLanguage":"et","@id":"https:\/\/magnoliasilk.com\/#\/schema\/logo\/image\/","url":"https:\/\/i1.wp.com\/magnoliasilk.com\/wp-content\/uploads\/2021\/06\/cropped-magnolia-1.png?fit=369%2C80&ssl=1","contentUrl":"https:\/\/i1.wp.com\/magnoliasilk.com\/wp-content\/uploads\/2021\/06\/cropped-magnolia-1.png?fit=369%2C80&ssl=1","width":369,"height":80,"caption":"Magnolia silk collection"},"image":{"@id":"https:\/\/magnoliasilk.com\/#\/schema\/logo\/image\/"},"sameAs":["https:\/\/www.facebook.com\/Magnoliasilkcollection","https:\/\/www.instagram.com\/magnolia.silk\/","https:\/\/www.pinterest.com\/magnoliasilkcollection\/"]}]}},"jetpack_sharing_enabled":true,"_links":{"self":[{"href":"https:\/\/magnoliasilk.com\/et\/wp-json\/wp\/v2\/product\/4228","targetHints":{"allow":["GET"]}}],"collection":[{"href":"https:\/\/magnoliasilk.com\/et\/wp-json\/wp\/v2\/product"}],"about":[{"href":"https:\/\/magnoliasilk.com\/et\/wp-json\/wp\/v2\/types\/product"}],"wp:featuredmedia":[{"embeddable":true,"href":"https:\/\/magnoliasilk.com\/et\/wp-json\/wp\/v2\/media\/4229"}],"wp:attachment":[{"href":"https:\/\/magnoliasilk.com\/et\/wp-json\/wp\/v2\/media?parent=4228"}],"wp:term":[{"taxonomy":"product_brand","embeddable":true,"href":"https:\/\/magnoliasilk.com\/et\/wp-json\/wp\/v2\/product_brand?post=4228"},{"taxonomy":"product_cat","embeddable":true,"href":"https:\/\/magnoliasilk.com\/et\/wp-json\/wp\/v2\/product_cat?post=4228"},{"taxonomy":"product_tag","embeddable":true,"href":"https:\/\/magnoliasilk.com\/et\/wp-json\/wp\/v2\/product_tag?post=4228"}],"curies":[{"name":"wp","href":"https:\/\/api.w.org\/{rel}","templated":true}]}}