{"id":16152,"date":"2024-06-19T10:16:42","date_gmt":"2024-06-19T07:16:42","guid":{"rendered":"https:\/\/magnoliasilk.com\/?post_type=product&#038;p=16152"},"modified":"2025-12-11T17:52:32","modified_gmt":"2025-12-11T15:52:32","slug":"naturaalsest-siidist-pidzaama-coral","status":"publish","type":"product","link":"https:\/\/magnoliasilk.com\/et\/toode\/naturaalsest-siidist-pidzaama-coral\/","title":{"rendered":"Luksuslik 100% naturaalsest siidist pid\u017eaama CORAL"},"content":{"rendered":"<p>See rihmaga topp ja lihtsalt pealet\u00f5mmatavad elastse v\u00f6\u00f6kohaga l\u00fchikesed p\u00fcksid on peagi sinu uus lemmikpid\u017eaama!<\/p>\n<p>Koostis: 100% siid<br \/>\nSobivus: mugav, sobib ideaalselt iga kehakujuga<br \/>\nOmadused: hingav, h\u00fcpoallergeenne<br \/>\nV\u00e4rv: koralliroosa<\/p>\n<p>&nbsp;<\/p>\n<p>L\u00fchikeste p\u00fckste m\u00f5\u00f5dud:<br \/>\nPikkus: 34 cm<br \/>\nV\u00f6\u00f6: 80 cm ja see on elastne, nii et l\u00fchikesed p\u00fcksid on venivad<br \/>\nPuusad: 117 cm<\/p>\n<p>Topi m\u00f5\u00f5dud:<br \/>\nPikkus: 62 cm<br \/>\nRinna\u00fcmberm\u00f5\u00f5t: 102 cm<\/p>\n<p>Sobib S, M ja v\u00e4ikesele L (EU) suurusele. Fotodel oleva modelli pikkus on 167cm.<\/p>\n","protected":false},"excerpt":{"rendered":"<p>Nii mugav, nii pehme. Nii l\u00f5\u00f5gastav, nii ilus. Nii meelitav, kuid samas nii m\u00f5nus kanda\u2026 meie 100% siidist pid\u017eaamakomplekt.<\/p>\n","protected":false},"featured_media":16157,"template":"","meta":[],"product_brand":[],"product_cat":[337,153,327],"product_tag":[144],"class_list":{"0":"post-16152","1":"product","2":"type-product","3":"status-publish","4":"has-post-thumbnail","6":"product_cat-musta-reede-pakkumised-30","7":"product_cat-siidist-pidzaamad","8":"product_cat-uued-tooted","9":"product_tag-nightwear-et","11":"first","12":"outofstock","13":"sale","14":"taxable","15":"shipping-taxable","16":"purchasable","17":"product-type-simple"},"exclude_global_add_ons":[],"addons":[],"yoast_head":"<!-- This site is optimized with the Yoast SEO plugin v27.2 - https:\/\/yoast.com\/product\/yoast-seo-wordpress\/ -->\n<title>Luksuslik 100% naturaalsest siidist pid\u017eaama CORAL - Magnolia silk collection<\/title>\n<meta name=\"description\" content=\"magnolia 100% mulberry silk pajama pale purple, luxurious gift packaging\" \/>\n<meta name=\"robots\" content=\"index, follow, max-snippet:-1, max-image-preview:large, max-video-preview:-1\" \/>\n<link rel=\"canonical\" href=\"https:\/\/magnoliasilk.com\/et\/toode\/naturaalsest-siidist-pidzaama-coral\/\" \/>\n<meta property=\"og:locale\" content=\"et_EE\" \/>\n<meta property=\"og:type\" content=\"article\" \/>\n<meta property=\"og:title\" content=\"Luksuslik 100% naturaalsest siidist pid\u017eaama CORAL - Magnolia silk collection\" \/>\n<meta property=\"og:description\" content=\"magnolia 100% mulberry silk pajama pale purple, luxurious gift packaging\" \/>\n<meta property=\"og:url\" content=\"https:\/\/magnoliasilk.com\/et\/toode\/naturaalsest-siidist-pidzaama-coral\/\" \/>\n<meta property=\"og:site_name\" content=\"Magnolia silk collection\" \/>\n<meta property=\"article:publisher\" content=\"https:\/\/www.facebook.com\/Magnoliasilkcollection\" \/>\n<meta property=\"article:modified_time\" content=\"2025-12-11T15:52:32+00:00\" \/>\n<meta property=\"og:image\" content=\"https:\/\/i0.wp.com\/magnoliasilk.com\/wp-content\/uploads\/2024\/06\/IMG_9269-scaled.jpg?fit=1920%2C2560&ssl=1\" \/>\n\t<meta property=\"og:image:width\" content=\"1920\" \/>\n\t<meta property=\"og:image:height\" content=\"2560\" \/>\n\t<meta property=\"og:image:type\" content=\"image\/jpeg\" \/>\n<meta name=\"twitter:card\" content=\"summary_large_image\" \/>\n<script type=\"application\/ld+json\" class=\"yoast-schema-graph\">{\"@context\":\"https:\/\/schema.org\",\"@graph\":[{\"@type\":\"WebPage\",\"@id\":\"https:\/\/magnoliasilk.com\/et\/toode\/naturaalsest-siidist-pidzaama-coral\/\",\"url\":\"https:\/\/magnoliasilk.com\/et\/toode\/naturaalsest-siidist-pidzaama-coral\/\",\"name\":\"Luksuslik 100% naturaalsest siidist pid\u017eaama CORAL - Magnolia silk collection\",\"isPartOf\":{\"@id\":\"https:\/\/magnoliasilk.com\/#website\"},\"primaryImageOfPage\":{\"@id\":\"https:\/\/magnoliasilk.com\/et\/toode\/naturaalsest-siidist-pidzaama-coral\/#primaryimage\"},\"image\":{\"@id\":\"https:\/\/magnoliasilk.com\/et\/toode\/naturaalsest-siidist-pidzaama-coral\/#primaryimage\"},\"thumbnailUrl\":\"https:\/\/i0.wp.com\/magnoliasilk.com\/wp-content\/uploads\/2024\/06\/IMG_9269-scaled.jpg?fit=1920%2C2560&ssl=1\",\"datePublished\":\"2024-06-19T07:16:42+00:00\",\"dateModified\":\"2025-12-11T15:52:32+00:00\",\"description\":\"magnolia 100% mulberry silk pajama pale purple, luxurious gift packaging\",\"breadcrumb\":{\"@id\":\"https:\/\/magnoliasilk.com\/et\/toode\/naturaalsest-siidist-pidzaama-coral\/#breadcrumb\"},\"inLanguage\":\"et\",\"potentialAction\":[{\"@type\":\"ReadAction\",\"target\":[\"https:\/\/magnoliasilk.com\/et\/toode\/naturaalsest-siidist-pidzaama-coral\/\"]}]},{\"@type\":\"ImageObject\",\"inLanguage\":\"et\",\"@id\":\"https:\/\/magnoliasilk.com\/et\/toode\/naturaalsest-siidist-pidzaama-coral\/#primaryimage\",\"url\":\"https:\/\/i0.wp.com\/magnoliasilk.com\/wp-content\/uploads\/2024\/06\/IMG_9269-scaled.jpg?fit=1920%2C2560&ssl=1\",\"contentUrl\":\"https:\/\/i0.wp.com\/magnoliasilk.com\/wp-content\/uploads\/2024\/06\/IMG_9269-scaled.jpg?fit=1920%2C2560&ssl=1\",\"width\":1920,\"height\":2560},{\"@type\":\"BreadcrumbList\",\"@id\":\"https:\/\/magnoliasilk.com\/et\/toode\/naturaalsest-siidist-pidzaama-coral\/#breadcrumb\",\"itemListElement\":[{\"@type\":\"ListItem\",\"position\":1,\"name\":\"Home\",\"item\":\"https:\/\/magnoliasilk.com\/et\/\"},{\"@type\":\"ListItem\",\"position\":2,\"name\":\"Magnolia silk collection\",\"item\":\"https:\/\/magnoliasilk.com\/et\/shop-3\/\"},{\"@type\":\"ListItem\",\"position\":3,\"name\":\"Luksuslik 100% naturaalsest siidist pid\u017eaama CORAL\"}]},{\"@type\":\"WebSite\",\"@id\":\"https:\/\/magnoliasilk.com\/#website\",\"url\":\"https:\/\/magnoliasilk.com\/\",\"name\":\"Magnolia silk collection\",\"description\":\"Mulberry silk products by Magnolia\",\"publisher\":{\"@id\":\"https:\/\/magnoliasilk.com\/#organization\"},\"potentialAction\":[{\"@type\":\"SearchAction\",\"target\":{\"@type\":\"EntryPoint\",\"urlTemplate\":\"https:\/\/magnoliasilk.com\/?s={search_term_string}\"},\"query-input\":{\"@type\":\"PropertyValueSpecification\",\"valueRequired\":true,\"valueName\":\"search_term_string\"}}],\"inLanguage\":\"et\"},{\"@type\":\"Organization\",\"@id\":\"https:\/\/magnoliasilk.com\/#organization\",\"name\":\"Magnolia silk collection\",\"url\":\"https:\/\/magnoliasilk.com\/\",\"logo\":{\"@type\":\"ImageObject\",\"inLanguage\":\"et\",\"@id\":\"https:\/\/magnoliasilk.com\/#\/schema\/logo\/image\/\",\"url\":\"https:\/\/i1.wp.com\/magnoliasilk.com\/wp-content\/uploads\/2021\/06\/cropped-magnolia-1.png?fit=369%2C80&ssl=1\",\"contentUrl\":\"https:\/\/i1.wp.com\/magnoliasilk.com\/wp-content\/uploads\/2021\/06\/cropped-magnolia-1.png?fit=369%2C80&ssl=1\",\"width\":369,\"height\":80,\"caption\":\"Magnolia silk collection\"},\"image\":{\"@id\":\"https:\/\/magnoliasilk.com\/#\/schema\/logo\/image\/\"},\"sameAs\":[\"https:\/\/www.facebook.com\/Magnoliasilkcollection\",\"https:\/\/www.instagram.com\/magnolia.silk\/\",\"https:\/\/www.pinterest.com\/magnoliasilkcollection\/\"]}]}<\/script>\n<!-- \/ Yoast SEO plugin. -->","yoast_head_json":{"title":"Luksuslik 100% naturaalsest siidist pid\u017eaama CORAL - Magnolia silk collection","description":"magnolia 100% mulberry silk pajama pale purple, luxurious gift packaging","robots":{"index":"index","follow":"follow","max-snippet":"max-snippet:-1","max-image-preview":"max-image-preview:large","max-video-preview":"max-video-preview:-1"},"canonical":"https:\/\/magnoliasilk.com\/et\/toode\/naturaalsest-siidist-pidzaama-coral\/","og_locale":"et_EE","og_type":"article","og_title":"Luksuslik 100% naturaalsest siidist pid\u017eaama CORAL - Magnolia silk collection","og_description":"magnolia 100% mulberry silk pajama pale purple, luxurious gift packaging","og_url":"https:\/\/magnoliasilk.com\/et\/toode\/naturaalsest-siidist-pidzaama-coral\/","og_site_name":"Magnolia silk collection","article_publisher":"https:\/\/www.facebook.com\/Magnoliasilkcollection","article_modified_time":"2025-12-11T15:52:32+00:00","og_image":[{"width":1920,"height":2560,"url":"https:\/\/i0.wp.com\/magnoliasilk.com\/wp-content\/uploads\/2024\/06\/IMG_9269-scaled.jpg?fit=1920%2C2560&ssl=1","type":"image\/jpeg"}],"twitter_card":"summary_large_image","schema":{"@context":"https:\/\/schema.org","@graph":[{"@type":"WebPage","@id":"https:\/\/magnoliasilk.com\/et\/toode\/naturaalsest-siidist-pidzaama-coral\/","url":"https:\/\/magnoliasilk.com\/et\/toode\/naturaalsest-siidist-pidzaama-coral\/","name":"Luksuslik 100% naturaalsest siidist pid\u017eaama CORAL - Magnolia silk collection","isPartOf":{"@id":"https:\/\/magnoliasilk.com\/#website"},"primaryImageOfPage":{"@id":"https:\/\/magnoliasilk.com\/et\/toode\/naturaalsest-siidist-pidzaama-coral\/#primaryimage"},"image":{"@id":"https:\/\/magnoliasilk.com\/et\/toode\/naturaalsest-siidist-pidzaama-coral\/#primaryimage"},"thumbnailUrl":"https:\/\/i0.wp.com\/magnoliasilk.com\/wp-content\/uploads\/2024\/06\/IMG_9269-scaled.jpg?fit=1920%2C2560&ssl=1","datePublished":"2024-06-19T07:16:42+00:00","dateModified":"2025-12-11T15:52:32+00:00","description":"magnolia 100% mulberry silk pajama pale purple, luxurious gift packaging","breadcrumb":{"@id":"https:\/\/magnoliasilk.com\/et\/toode\/naturaalsest-siidist-pidzaama-coral\/#breadcrumb"},"inLanguage":"et","potentialAction":[{"@type":"ReadAction","target":["https:\/\/magnoliasilk.com\/et\/toode\/naturaalsest-siidist-pidzaama-coral\/"]}]},{"@type":"ImageObject","inLanguage":"et","@id":"https:\/\/magnoliasilk.com\/et\/toode\/naturaalsest-siidist-pidzaama-coral\/#primaryimage","url":"https:\/\/i0.wp.com\/magnoliasilk.com\/wp-content\/uploads\/2024\/06\/IMG_9269-scaled.jpg?fit=1920%2C2560&ssl=1","contentUrl":"https:\/\/i0.wp.com\/magnoliasilk.com\/wp-content\/uploads\/2024\/06\/IMG_9269-scaled.jpg?fit=1920%2C2560&ssl=1","width":1920,"height":2560},{"@type":"BreadcrumbList","@id":"https:\/\/magnoliasilk.com\/et\/toode\/naturaalsest-siidist-pidzaama-coral\/#breadcrumb","itemListElement":[{"@type":"ListItem","position":1,"name":"Home","item":"https:\/\/magnoliasilk.com\/et\/"},{"@type":"ListItem","position":2,"name":"Magnolia silk collection","item":"https:\/\/magnoliasilk.com\/et\/shop-3\/"},{"@type":"ListItem","position":3,"name":"Luksuslik 100% naturaalsest siidist pid\u017eaama CORAL"}]},{"@type":"WebSite","@id":"https:\/\/magnoliasilk.com\/#website","url":"https:\/\/magnoliasilk.com\/","name":"Magnolia silk collection","description":"Mulberry silk products by Magnolia","publisher":{"@id":"https:\/\/magnoliasilk.com\/#organization"},"potentialAction":[{"@type":"SearchAction","target":{"@type":"EntryPoint","urlTemplate":"https:\/\/magnoliasilk.com\/?s={search_term_string}"},"query-input":{"@type":"PropertyValueSpecification","valueRequired":true,"valueName":"search_term_string"}}],"inLanguage":"et"},{"@type":"Organization","@id":"https:\/\/magnoliasilk.com\/#organization","name":"Magnolia silk collection","url":"https:\/\/magnoliasilk.com\/","logo":{"@type":"ImageObject","inLanguage":"et","@id":"https:\/\/magnoliasilk.com\/#\/schema\/logo\/image\/","url":"https:\/\/i1.wp.com\/magnoliasilk.com\/wp-content\/uploads\/2021\/06\/cropped-magnolia-1.png?fit=369%2C80&ssl=1","contentUrl":"https:\/\/i1.wp.com\/magnoliasilk.com\/wp-content\/uploads\/2021\/06\/cropped-magnolia-1.png?fit=369%2C80&ssl=1","width":369,"height":80,"caption":"Magnolia silk collection"},"image":{"@id":"https:\/\/magnoliasilk.com\/#\/schema\/logo\/image\/"},"sameAs":["https:\/\/www.facebook.com\/Magnoliasilkcollection","https:\/\/www.instagram.com\/magnolia.silk\/","https:\/\/www.pinterest.com\/magnoliasilkcollection\/"]}]}},"jetpack_sharing_enabled":true,"_links":{"self":[{"href":"https:\/\/magnoliasilk.com\/et\/wp-json\/wp\/v2\/product\/16152","targetHints":{"allow":["GET"]}}],"collection":[{"href":"https:\/\/magnoliasilk.com\/et\/wp-json\/wp\/v2\/product"}],"about":[{"href":"https:\/\/magnoliasilk.com\/et\/wp-json\/wp\/v2\/types\/product"}],"wp:featuredmedia":[{"embeddable":true,"href":"https:\/\/magnoliasilk.com\/et\/wp-json\/wp\/v2\/media\/16157"}],"wp:attachment":[{"href":"https:\/\/magnoliasilk.com\/et\/wp-json\/wp\/v2\/media?parent=16152"}],"wp:term":[{"taxonomy":"product_brand","embeddable":true,"href":"https:\/\/magnoliasilk.com\/et\/wp-json\/wp\/v2\/product_brand?post=16152"},{"taxonomy":"product_cat","embeddable":true,"href":"https:\/\/magnoliasilk.com\/et\/wp-json\/wp\/v2\/product_cat?post=16152"},{"taxonomy":"product_tag","embeddable":true,"href":"https:\/\/magnoliasilk.com\/et\/wp-json\/wp\/v2\/product_tag?post=16152"}],"curies":[{"name":"wp","href":"https:\/\/api.w.org\/{rel}","templated":true}]}}