{"id":15788,"date":"2024-01-01T17:58:21","date_gmt":"2024-01-01T15:58:21","guid":{"rendered":"https:\/\/magnoliasilk.com\/product\/magnolia-mystery-silk-scrunchie\/"},"modified":"2024-01-01T22:29:20","modified_gmt":"2024-01-01T20:29:20","slug":"looduslikust-siidist-juuksekumm-mystery","status":"publish","type":"product","link":"https:\/\/magnoliasilk.com\/et\/toode\/looduslikust-siidist-juuksekumm-mystery\/","title":{"rendered":"Looduslikust siidist juuksekumm MYSTERY"},"content":{"rendered":"<p>-Magnolia Mystery siidist juuksekummi pakkumises sisaldub 1 M suuruses juuksekumm<br \/>\n-V\u00e4rvus on \u00fcllatus (see on \u00fcks meie kollektsioonis saada olevatest ilusatest v\u00e4rvidest)<br \/>\n-Kinkekarpi ei sisaldu aga kui on soovi siis saab selle lisada<\/p>\n","protected":false},"excerpt":{"rendered":"<div>M\u00f5nikord on lihtsalt raske otsustada mis v\u00e4rvi juuksekummi valida, eks? V\u00f5ib-olla oled inimene kes armastab \u00fcllatusi?\u00a0 Sel juhul on Magnolia Mystery siidist juuksekumm just Sinule! Ostes selle annad v\u00e4rvivaliku saatuse (meie) k\u00e4tesse.<\/div>\n<div>See on armas v\u00f5imalus teha endale \u00fcllatus&#8230; v\u00f5i kellelegi teisele! K\u00f5ige huvitavam paki ootus on garanteeritud. <span class=\"x1xsqp64 xiy17q3 x1o6pynw x19co3pv xdj266r xcwd3tp xat24cr x39eecv x2b8uid\" data-testid=\"emoji\"><span class=\"xexx8yu xn5pp95 x18d9i69 x2fxd7x x1yqt14a x1bhl96m\">\ud83d\ude0d \ud83d\ude0d \ud83d\ude0d<\/span><\/span><\/div>\n","protected":false},"featured_media":15777,"template":"","meta":[],"product_brand":[],"product_cat":[109],"product_tag":[],"class_list":{"0":"post-15788","1":"product","2":"type-product","3":"status-publish","4":"has-post-thumbnail","6":"product_cat-siidist-juuksekummid","8":"first","9":"instock","10":"sale","11":"taxable","12":"shipping-taxable","13":"purchasable","14":"product-type-simple"},"exclude_global_add_ons":false,"addons":[{"name":"\u00a0","type":"multiple_choice","position":0,"required":true,"title_format":"hide","default":"","description_enable":false,"description":"","placeholder_enable":false,"placeholder":"","display":"radiobutton","restrictions_type":"any_text","adjust_price":false,"price":"","price_type":"flat_fee","restrictions":false,"min":"0","max":"0","options":[{"label":"Ilma kinkekarbita","price":"","price_type":"flat_fee","image":0,"visibility":true},{"label":"Luksuslik Magnolia valge kinkekarp","price":"2.5","price_type":"quantity_based","image":4077,"visibility":true}],"id":1668980122}],"yoast_head":"<!-- This site is optimized with the Yoast SEO plugin v27.2 - https:\/\/yoast.com\/product\/yoast-seo-wordpress\/ -->\n<title>Looduslikust siidist juuksekumm MYSTERY - Magnolia silk collection<\/title>\n<meta name=\"robots\" content=\"index, follow, max-snippet:-1, max-image-preview:large, max-video-preview:-1\" \/>\n<link rel=\"canonical\" href=\"https:\/\/magnoliasilk.com\/et\/toode\/looduslikust-siidist-juuksekumm-mystery\/\" \/>\n<meta property=\"og:locale\" content=\"et_EE\" \/>\n<meta property=\"og:type\" content=\"article\" \/>\n<meta property=\"og:title\" content=\"Looduslikust siidist juuksekumm MYSTERY - Magnolia silk collection\" \/>\n<meta property=\"og:description\" content=\"M\u00f5nikord on lihtsalt raske otsustada mis v\u00e4rvi juuksekummi valida, eks? V\u00f5ib-olla oled inimene kes armastab \u00fcllatusi?\u00a0 Sel juhul on Magnolia Mystery siidist juuksekumm just Sinule! Ostes selle annad v\u00e4rvivaliku saatuse (meie) k\u00e4tesse. See on armas v\u00f5imalus teha endale \u00fcllatus... v\u00f5i kellelegi teisele! K\u00f5ige huvitavam paki ootus on garanteeritud. \ud83d\ude0d \ud83d\ude0d \ud83d\ude0d\" \/>\n<meta property=\"og:url\" content=\"https:\/\/magnoliasilk.com\/et\/toode\/looduslikust-siidist-juuksekumm-mystery\/\" \/>\n<meta property=\"og:site_name\" content=\"Magnolia silk collection\" \/>\n<meta property=\"article:publisher\" content=\"https:\/\/www.facebook.com\/Magnoliasilkcollection\" \/>\n<meta property=\"article:modified_time\" content=\"2024-01-01T20:29:20+00:00\" \/>\n<meta property=\"og:image\" content=\"https:\/\/magnoliasilk.com\/wp-content\/uploads\/2024\/01\/Untitled-design-768x1024.png\" \/>\n\t<meta property=\"og:image:width\" content=\"768\" \/>\n\t<meta property=\"og:image:height\" content=\"1024\" \/>\n\t<meta property=\"og:image:type\" content=\"image\/png\" \/>\n<meta name=\"twitter:card\" content=\"summary_large_image\" \/>\n<meta name=\"twitter:label1\" content=\"Est. reading time\" \/>\n\t<meta name=\"twitter:data1\" content=\"1 minut\" \/>\n<script type=\"application\/ld+json\" class=\"yoast-schema-graph\">{\"@context\":\"https:\/\/schema.org\",\"@graph\":[{\"@type\":\"WebPage\",\"@id\":\"https:\/\/magnoliasilk.com\/et\/toode\/looduslikust-siidist-juuksekumm-mystery\/\",\"url\":\"https:\/\/magnoliasilk.com\/et\/toode\/looduslikust-siidist-juuksekumm-mystery\/\",\"name\":\"Looduslikust siidist juuksekumm MYSTERY - Magnolia silk collection\",\"isPartOf\":{\"@id\":\"https:\/\/magnoliasilk.com\/#website\"},\"primaryImageOfPage\":{\"@id\":\"https:\/\/magnoliasilk.com\/et\/toode\/looduslikust-siidist-juuksekumm-mystery\/#primaryimage\"},\"image\":{\"@id\":\"https:\/\/magnoliasilk.com\/et\/toode\/looduslikust-siidist-juuksekumm-mystery\/#primaryimage\"},\"thumbnailUrl\":\"https:\/\/i0.wp.com\/magnoliasilk.com\/wp-content\/uploads\/2024\/01\/Untitled-design.png?fit=3024%2C4032&ssl=1\",\"datePublished\":\"2024-01-01T15:58:21+00:00\",\"dateModified\":\"2024-01-01T20:29:20+00:00\",\"breadcrumb\":{\"@id\":\"https:\/\/magnoliasilk.com\/et\/toode\/looduslikust-siidist-juuksekumm-mystery\/#breadcrumb\"},\"inLanguage\":\"et\",\"potentialAction\":[{\"@type\":\"ReadAction\",\"target\":[\"https:\/\/magnoliasilk.com\/et\/toode\/looduslikust-siidist-juuksekumm-mystery\/\"]}]},{\"@type\":\"ImageObject\",\"inLanguage\":\"et\",\"@id\":\"https:\/\/magnoliasilk.com\/et\/toode\/looduslikust-siidist-juuksekumm-mystery\/#primaryimage\",\"url\":\"https:\/\/i0.wp.com\/magnoliasilk.com\/wp-content\/uploads\/2024\/01\/Untitled-design.png?fit=3024%2C4032&ssl=1\",\"contentUrl\":\"https:\/\/i0.wp.com\/magnoliasilk.com\/wp-content\/uploads\/2024\/01\/Untitled-design.png?fit=3024%2C4032&ssl=1\",\"width\":3024,\"height\":4032},{\"@type\":\"BreadcrumbList\",\"@id\":\"https:\/\/magnoliasilk.com\/et\/toode\/looduslikust-siidist-juuksekumm-mystery\/#breadcrumb\",\"itemListElement\":[{\"@type\":\"ListItem\",\"position\":1,\"name\":\"Home\",\"item\":\"https:\/\/magnoliasilk.com\/et\/\"},{\"@type\":\"ListItem\",\"position\":2,\"name\":\"Magnolia silk collection\",\"item\":\"https:\/\/magnoliasilk.com\/et\/shop-3\/\"},{\"@type\":\"ListItem\",\"position\":3,\"name\":\"Looduslikust siidist juuksekumm MYSTERY\"}]},{\"@type\":\"WebSite\",\"@id\":\"https:\/\/magnoliasilk.com\/#website\",\"url\":\"https:\/\/magnoliasilk.com\/\",\"name\":\"Magnolia silk collection\",\"description\":\"Mulberry silk products by Magnolia\",\"publisher\":{\"@id\":\"https:\/\/magnoliasilk.com\/#organization\"},\"potentialAction\":[{\"@type\":\"SearchAction\",\"target\":{\"@type\":\"EntryPoint\",\"urlTemplate\":\"https:\/\/magnoliasilk.com\/?s={search_term_string}\"},\"query-input\":{\"@type\":\"PropertyValueSpecification\",\"valueRequired\":true,\"valueName\":\"search_term_string\"}}],\"inLanguage\":\"et\"},{\"@type\":\"Organization\",\"@id\":\"https:\/\/magnoliasilk.com\/#organization\",\"name\":\"Magnolia silk collection\",\"url\":\"https:\/\/magnoliasilk.com\/\",\"logo\":{\"@type\":\"ImageObject\",\"inLanguage\":\"et\",\"@id\":\"https:\/\/magnoliasilk.com\/#\/schema\/logo\/image\/\",\"url\":\"https:\/\/i1.wp.com\/magnoliasilk.com\/wp-content\/uploads\/2021\/06\/cropped-magnolia-1.png?fit=369%2C80&ssl=1\",\"contentUrl\":\"https:\/\/i1.wp.com\/magnoliasilk.com\/wp-content\/uploads\/2021\/06\/cropped-magnolia-1.png?fit=369%2C80&ssl=1\",\"width\":369,\"height\":80,\"caption\":\"Magnolia silk collection\"},\"image\":{\"@id\":\"https:\/\/magnoliasilk.com\/#\/schema\/logo\/image\/\"},\"sameAs\":[\"https:\/\/www.facebook.com\/Magnoliasilkcollection\",\"https:\/\/www.instagram.com\/magnolia.silk\/\",\"https:\/\/www.pinterest.com\/magnoliasilkcollection\/\"]}]}<\/script>\n<!-- \/ Yoast SEO plugin. -->","yoast_head_json":{"title":"Looduslikust siidist juuksekumm MYSTERY - Magnolia silk collection","robots":{"index":"index","follow":"follow","max-snippet":"max-snippet:-1","max-image-preview":"max-image-preview:large","max-video-preview":"max-video-preview:-1"},"canonical":"https:\/\/magnoliasilk.com\/et\/toode\/looduslikust-siidist-juuksekumm-mystery\/","og_locale":"et_EE","og_type":"article","og_title":"Looduslikust siidist juuksekumm MYSTERY - Magnolia silk collection","og_description":"M\u00f5nikord on lihtsalt raske otsustada mis v\u00e4rvi juuksekummi valida, eks? V\u00f5ib-olla oled inimene kes armastab \u00fcllatusi?\u00a0 Sel juhul on Magnolia Mystery siidist juuksekumm just Sinule! Ostes selle annad v\u00e4rvivaliku saatuse (meie) k\u00e4tesse. See on armas v\u00f5imalus teha endale \u00fcllatus... v\u00f5i kellelegi teisele! K\u00f5ige huvitavam paki ootus on garanteeritud. \ud83d\ude0d \ud83d\ude0d \ud83d\ude0d","og_url":"https:\/\/magnoliasilk.com\/et\/toode\/looduslikust-siidist-juuksekumm-mystery\/","og_site_name":"Magnolia silk collection","article_publisher":"https:\/\/www.facebook.com\/Magnoliasilkcollection","article_modified_time":"2024-01-01T20:29:20+00:00","og_image":[{"width":768,"height":1024,"url":"https:\/\/magnoliasilk.com\/wp-content\/uploads\/2024\/01\/Untitled-design-768x1024.png","type":"image\/png"}],"twitter_card":"summary_large_image","twitter_misc":{"Est. reading time":"1 minut"},"schema":{"@context":"https:\/\/schema.org","@graph":[{"@type":"WebPage","@id":"https:\/\/magnoliasilk.com\/et\/toode\/looduslikust-siidist-juuksekumm-mystery\/","url":"https:\/\/magnoliasilk.com\/et\/toode\/looduslikust-siidist-juuksekumm-mystery\/","name":"Looduslikust siidist juuksekumm MYSTERY - Magnolia silk collection","isPartOf":{"@id":"https:\/\/magnoliasilk.com\/#website"},"primaryImageOfPage":{"@id":"https:\/\/magnoliasilk.com\/et\/toode\/looduslikust-siidist-juuksekumm-mystery\/#primaryimage"},"image":{"@id":"https:\/\/magnoliasilk.com\/et\/toode\/looduslikust-siidist-juuksekumm-mystery\/#primaryimage"},"thumbnailUrl":"https:\/\/i0.wp.com\/magnoliasilk.com\/wp-content\/uploads\/2024\/01\/Untitled-design.png?fit=3024%2C4032&ssl=1","datePublished":"2024-01-01T15:58:21+00:00","dateModified":"2024-01-01T20:29:20+00:00","breadcrumb":{"@id":"https:\/\/magnoliasilk.com\/et\/toode\/looduslikust-siidist-juuksekumm-mystery\/#breadcrumb"},"inLanguage":"et","potentialAction":[{"@type":"ReadAction","target":["https:\/\/magnoliasilk.com\/et\/toode\/looduslikust-siidist-juuksekumm-mystery\/"]}]},{"@type":"ImageObject","inLanguage":"et","@id":"https:\/\/magnoliasilk.com\/et\/toode\/looduslikust-siidist-juuksekumm-mystery\/#primaryimage","url":"https:\/\/i0.wp.com\/magnoliasilk.com\/wp-content\/uploads\/2024\/01\/Untitled-design.png?fit=3024%2C4032&ssl=1","contentUrl":"https:\/\/i0.wp.com\/magnoliasilk.com\/wp-content\/uploads\/2024\/01\/Untitled-design.png?fit=3024%2C4032&ssl=1","width":3024,"height":4032},{"@type":"BreadcrumbList","@id":"https:\/\/magnoliasilk.com\/et\/toode\/looduslikust-siidist-juuksekumm-mystery\/#breadcrumb","itemListElement":[{"@type":"ListItem","position":1,"name":"Home","item":"https:\/\/magnoliasilk.com\/et\/"},{"@type":"ListItem","position":2,"name":"Magnolia silk collection","item":"https:\/\/magnoliasilk.com\/et\/shop-3\/"},{"@type":"ListItem","position":3,"name":"Looduslikust siidist juuksekumm MYSTERY"}]},{"@type":"WebSite","@id":"https:\/\/magnoliasilk.com\/#website","url":"https:\/\/magnoliasilk.com\/","name":"Magnolia silk collection","description":"Mulberry silk products by Magnolia","publisher":{"@id":"https:\/\/magnoliasilk.com\/#organization"},"potentialAction":[{"@type":"SearchAction","target":{"@type":"EntryPoint","urlTemplate":"https:\/\/magnoliasilk.com\/?s={search_term_string}"},"query-input":{"@type":"PropertyValueSpecification","valueRequired":true,"valueName":"search_term_string"}}],"inLanguage":"et"},{"@type":"Organization","@id":"https:\/\/magnoliasilk.com\/#organization","name":"Magnolia silk collection","url":"https:\/\/magnoliasilk.com\/","logo":{"@type":"ImageObject","inLanguage":"et","@id":"https:\/\/magnoliasilk.com\/#\/schema\/logo\/image\/","url":"https:\/\/i1.wp.com\/magnoliasilk.com\/wp-content\/uploads\/2021\/06\/cropped-magnolia-1.png?fit=369%2C80&ssl=1","contentUrl":"https:\/\/i1.wp.com\/magnoliasilk.com\/wp-content\/uploads\/2021\/06\/cropped-magnolia-1.png?fit=369%2C80&ssl=1","width":369,"height":80,"caption":"Magnolia silk collection"},"image":{"@id":"https:\/\/magnoliasilk.com\/#\/schema\/logo\/image\/"},"sameAs":["https:\/\/www.facebook.com\/Magnoliasilkcollection","https:\/\/www.instagram.com\/magnolia.silk\/","https:\/\/www.pinterest.com\/magnoliasilkcollection\/"]}]}},"jetpack_sharing_enabled":true,"_links":{"self":[{"href":"https:\/\/magnoliasilk.com\/et\/wp-json\/wp\/v2\/product\/15788","targetHints":{"allow":["GET"]}}],"collection":[{"href":"https:\/\/magnoliasilk.com\/et\/wp-json\/wp\/v2\/product"}],"about":[{"href":"https:\/\/magnoliasilk.com\/et\/wp-json\/wp\/v2\/types\/product"}],"wp:featuredmedia":[{"embeddable":true,"href":"https:\/\/magnoliasilk.com\/et\/wp-json\/wp\/v2\/media\/15777"}],"wp:attachment":[{"href":"https:\/\/magnoliasilk.com\/et\/wp-json\/wp\/v2\/media?parent=15788"}],"wp:term":[{"taxonomy":"product_brand","embeddable":true,"href":"https:\/\/magnoliasilk.com\/et\/wp-json\/wp\/v2\/product_brand?post=15788"},{"taxonomy":"product_cat","embeddable":true,"href":"https:\/\/magnoliasilk.com\/et\/wp-json\/wp\/v2\/product_cat?post=15788"},{"taxonomy":"product_tag","embeddable":true,"href":"https:\/\/magnoliasilk.com\/et\/wp-json\/wp\/v2\/product_tag?post=15788"}],"curies":[{"name":"wp","href":"https:\/\/api.w.org\/{rel}","templated":true}]}}