{"id":15683,"date":"2023-12-11T16:55:01","date_gmt":"2023-12-11T14:55:01","guid":{"rendered":"https:\/\/magnoliasilk.com\/?post_type=product&#038;p=15683"},"modified":"2023-12-11T17:01:44","modified_gmt":"2023-12-11T15:01:44","slug":"magnolia-neckerchief-roheline-sall","status":"publish","type":"product","link":"https:\/\/magnoliasilk.com\/et\/toode\/magnolia-neckerchief-roheline-sall\/","title":{"rendered":"Magnolia Neckerchief roheline sall"},"content":{"rendered":"<p>-Suurus 53x53cm<br \/>\n-Rohelist v\u00e4rvi valgete triipudega<br \/>\n-100% siid<br \/>\n&#8211; Unisex. Disain sobib naistele ja meestele.<\/p>\n","protected":false},"excerpt":{"rendered":"<p>K\u00f5ik, kes on k\u00fclastanud suurejoonelist Prantsusmaad, on m\u00e4rganud, et naised ja mehed riietuvad siin erakordselt h\u00e4sti\u2026 Isegi siis, kui nad lihtsalt s\u00f6\u00f6vad croissanti kohalikus brasseriis \ud83e\udd50 v\u00f5i joovad veini Seine\u2019i \u00e4\u00e4res\u2026<\/p>\n<p>Kuid nende v\u00e4limuse v\u00f5ti ei ole blingimises ega \u00fcleriietumises, nad n\u00e4evad \u0161ikid v\u00e4lja ka lihtsates, kuid elegantsetes kombinatsioonides, ning \u00fcheks variandiks on\u2026. triibuline siidisall\u2026<\/p>\n","protected":false},"featured_media":15693,"template":"","meta":[],"product_brand":[],"product_cat":[337,229],"product_tag":[],"class_list":{"0":"post-15683","1":"product","2":"type-product","3":"status-publish","4":"has-post-thumbnail","6":"product_cat-musta-reede-pakkumised-30","7":"product_cat-silk-scarves-et","9":"first","10":"outofstock","11":"sale","12":"taxable","13":"shipping-taxable","14":"purchasable","15":"product-type-simple"},"exclude_global_add_ons":false,"addons":[{"name":"\u00a0","type":"multiple_choice","position":0,"required":true,"title_format":"hide","default":"","description_enable":false,"description":"","placeholder_enable":false,"placeholder":"","display":"radiobutton","restrictions_type":"any_text","adjust_price":false,"price":"","price_type":"flat_fee","restrictions":false,"min":"0","max":"0","options":[{"label":"Ilma kinkekarbita","price":"","price_type":"flat_fee","image":0,"visibility":true},{"label":"Luksuslik Magnolia valge kinkekarp","price":"2.5","price_type":"quantity_based","image":4077,"visibility":true}],"id":1668980122}],"yoast_head":"<!-- This site is optimized with the Yoast SEO plugin v27.2 - https:\/\/yoast.com\/product\/yoast-seo-wordpress\/ -->\n<title>Magnolia Neckerchief roheline sall - Magnolia silk collection<\/title>\n<meta name=\"robots\" content=\"index, follow, max-snippet:-1, max-image-preview:large, max-video-preview:-1\" \/>\n<link rel=\"canonical\" href=\"https:\/\/magnoliasilk.com\/toode\/magnolia-neckerchief-scarf-green\/\" \/>\n<meta property=\"og:locale\" content=\"et_EE\" \/>\n<meta property=\"og:type\" content=\"article\" \/>\n<meta property=\"og:title\" content=\"Magnolia Neckerchief roheline sall - Magnolia silk collection\" \/>\n<meta property=\"og:description\" content=\"K\u00f5ik, kes on k\u00fclastanud suurejoonelist Prantsusmaad, on m\u00e4rganud, et naised ja mehed riietuvad siin erakordselt h\u00e4sti\u2026 Isegi siis, kui nad lihtsalt s\u00f6\u00f6vad croissanti kohalikus brasseriis \ud83e\udd50 v\u00f5i joovad veini Seine\u2019i \u00e4\u00e4res\u2026  Kuid nende v\u00e4limuse v\u00f5ti ei ole blingimises ega \u00fcleriietumises, nad n\u00e4evad \u0161ikid v\u00e4lja ka lihtsates, kuid elegantsetes kombinatsioonides, ning \u00fcheks variandiks on\u2026. triibuline siidisall\u2026\" \/>\n<meta property=\"og:url\" content=\"https:\/\/magnoliasilk.com\/toode\/magnolia-neckerchief-scarf-green\/\" \/>\n<meta property=\"og:site_name\" content=\"Magnolia silk collection\" \/>\n<meta property=\"article:publisher\" content=\"https:\/\/www.facebook.com\/Magnoliasilkcollection\" \/>\n<meta property=\"article:modified_time\" content=\"2023-12-11T15:01:44+00:00\" \/>\n<meta property=\"og:image\" content=\"https:\/\/magnoliasilk.com\/wp-content\/uploads\/2023\/12\/Avatar-scaled.jpg\" \/>\n\t<meta property=\"og:image:width\" content=\"1920\" \/>\n\t<meta property=\"og:image:height\" content=\"2560\" \/>\n\t<meta property=\"og:image:type\" content=\"image\/jpeg\" \/>\n<meta name=\"twitter:card\" content=\"summary_large_image\" \/>\n<meta name=\"twitter:label1\" content=\"Est. reading time\" \/>\n\t<meta name=\"twitter:data1\" content=\"1 minut\" \/>\n<script type=\"application\/ld+json\" class=\"yoast-schema-graph\">{\"@context\":\"https:\/\/schema.org\",\"@graph\":[{\"@type\":\"WebPage\",\"@id\":\"https:\/\/magnoliasilk.com\/toode\/magnolia-neckerchief-scarf-green\/\",\"url\":\"https:\/\/magnoliasilk.com\/toode\/magnolia-neckerchief-scarf-green\/\",\"name\":\"Magnolia Neckerchief roheline sall - Magnolia silk collection\",\"isPartOf\":{\"@id\":\"https:\/\/magnoliasilk.com\/#website\"},\"primaryImageOfPage\":{\"@id\":\"https:\/\/magnoliasilk.com\/toode\/magnolia-neckerchief-scarf-green\/#primaryimage\"},\"image\":{\"@id\":\"https:\/\/magnoliasilk.com\/toode\/magnolia-neckerchief-scarf-green\/#primaryimage\"},\"thumbnailUrl\":\"https:\/\/i0.wp.com\/magnoliasilk.com\/wp-content\/uploads\/2023\/12\/Avatar-scaled.jpg?fit=1920%2C2560&ssl=1\",\"datePublished\":\"2023-12-11T14:55:01+00:00\",\"dateModified\":\"2023-12-11T15:01:44+00:00\",\"breadcrumb\":{\"@id\":\"https:\/\/magnoliasilk.com\/toode\/magnolia-neckerchief-scarf-green\/#breadcrumb\"},\"inLanguage\":\"et\",\"potentialAction\":[{\"@type\":\"ReadAction\",\"target\":[\"https:\/\/magnoliasilk.com\/toode\/magnolia-neckerchief-scarf-green\/\"]}]},{\"@type\":\"ImageObject\",\"inLanguage\":\"et\",\"@id\":\"https:\/\/magnoliasilk.com\/toode\/magnolia-neckerchief-scarf-green\/#primaryimage\",\"url\":\"https:\/\/i0.wp.com\/magnoliasilk.com\/wp-content\/uploads\/2023\/12\/Avatar-scaled.jpg?fit=1920%2C2560&ssl=1\",\"contentUrl\":\"https:\/\/i0.wp.com\/magnoliasilk.com\/wp-content\/uploads\/2023\/12\/Avatar-scaled.jpg?fit=1920%2C2560&ssl=1\",\"width\":1920,\"height\":2560},{\"@type\":\"BreadcrumbList\",\"@id\":\"https:\/\/magnoliasilk.com\/toode\/magnolia-neckerchief-scarf-green\/#breadcrumb\",\"itemListElement\":[{\"@type\":\"ListItem\",\"position\":1,\"name\":\"Home\",\"item\":\"https:\/\/magnoliasilk.com\/et\/\"},{\"@type\":\"ListItem\",\"position\":2,\"name\":\"Magnolia silk collection\",\"item\":\"https:\/\/magnoliasilk.com\/et\/shop-3\/\"},{\"@type\":\"ListItem\",\"position\":3,\"name\":\"Magnolia Neckerchief roheline sall\"}]},{\"@type\":\"WebSite\",\"@id\":\"https:\/\/magnoliasilk.com\/#website\",\"url\":\"https:\/\/magnoliasilk.com\/\",\"name\":\"Magnolia silk collection\",\"description\":\"Mulberry silk products by Magnolia\",\"publisher\":{\"@id\":\"https:\/\/magnoliasilk.com\/#organization\"},\"potentialAction\":[{\"@type\":\"SearchAction\",\"target\":{\"@type\":\"EntryPoint\",\"urlTemplate\":\"https:\/\/magnoliasilk.com\/?s={search_term_string}\"},\"query-input\":{\"@type\":\"PropertyValueSpecification\",\"valueRequired\":true,\"valueName\":\"search_term_string\"}}],\"inLanguage\":\"et\"},{\"@type\":\"Organization\",\"@id\":\"https:\/\/magnoliasilk.com\/#organization\",\"name\":\"Magnolia silk collection\",\"url\":\"https:\/\/magnoliasilk.com\/\",\"logo\":{\"@type\":\"ImageObject\",\"inLanguage\":\"et\",\"@id\":\"https:\/\/magnoliasilk.com\/#\/schema\/logo\/image\/\",\"url\":\"https:\/\/i1.wp.com\/magnoliasilk.com\/wp-content\/uploads\/2021\/06\/cropped-magnolia-1.png?fit=369%2C80&ssl=1\",\"contentUrl\":\"https:\/\/i1.wp.com\/magnoliasilk.com\/wp-content\/uploads\/2021\/06\/cropped-magnolia-1.png?fit=369%2C80&ssl=1\",\"width\":369,\"height\":80,\"caption\":\"Magnolia silk collection\"},\"image\":{\"@id\":\"https:\/\/magnoliasilk.com\/#\/schema\/logo\/image\/\"},\"sameAs\":[\"https:\/\/www.facebook.com\/Magnoliasilkcollection\",\"https:\/\/www.instagram.com\/magnolia.silk\/\",\"https:\/\/www.pinterest.com\/magnoliasilkcollection\/\"]}]}<\/script>\n<!-- \/ Yoast SEO plugin. -->","yoast_head_json":{"title":"Magnolia Neckerchief roheline sall - Magnolia silk collection","robots":{"index":"index","follow":"follow","max-snippet":"max-snippet:-1","max-image-preview":"max-image-preview:large","max-video-preview":"max-video-preview:-1"},"canonical":"https:\/\/magnoliasilk.com\/toode\/magnolia-neckerchief-scarf-green\/","og_locale":"et_EE","og_type":"article","og_title":"Magnolia Neckerchief roheline sall - Magnolia silk collection","og_description":"K\u00f5ik, kes on k\u00fclastanud suurejoonelist Prantsusmaad, on m\u00e4rganud, et naised ja mehed riietuvad siin erakordselt h\u00e4sti\u2026 Isegi siis, kui nad lihtsalt s\u00f6\u00f6vad croissanti kohalikus brasseriis \ud83e\udd50 v\u00f5i joovad veini Seine\u2019i \u00e4\u00e4res\u2026  Kuid nende v\u00e4limuse v\u00f5ti ei ole blingimises ega \u00fcleriietumises, nad n\u00e4evad \u0161ikid v\u00e4lja ka lihtsates, kuid elegantsetes kombinatsioonides, ning \u00fcheks variandiks on\u2026. triibuline siidisall\u2026","og_url":"https:\/\/magnoliasilk.com\/toode\/magnolia-neckerchief-scarf-green\/","og_site_name":"Magnolia silk collection","article_publisher":"https:\/\/www.facebook.com\/Magnoliasilkcollection","article_modified_time":"2023-12-11T15:01:44+00:00","og_image":[{"width":1920,"height":2560,"url":"https:\/\/magnoliasilk.com\/wp-content\/uploads\/2023\/12\/Avatar-scaled.jpg","type":"image\/jpeg"}],"twitter_card":"summary_large_image","twitter_misc":{"Est. reading time":"1 minut"},"schema":{"@context":"https:\/\/schema.org","@graph":[{"@type":"WebPage","@id":"https:\/\/magnoliasilk.com\/toode\/magnolia-neckerchief-scarf-green\/","url":"https:\/\/magnoliasilk.com\/toode\/magnolia-neckerchief-scarf-green\/","name":"Magnolia Neckerchief roheline sall - Magnolia silk collection","isPartOf":{"@id":"https:\/\/magnoliasilk.com\/#website"},"primaryImageOfPage":{"@id":"https:\/\/magnoliasilk.com\/toode\/magnolia-neckerchief-scarf-green\/#primaryimage"},"image":{"@id":"https:\/\/magnoliasilk.com\/toode\/magnolia-neckerchief-scarf-green\/#primaryimage"},"thumbnailUrl":"https:\/\/i0.wp.com\/magnoliasilk.com\/wp-content\/uploads\/2023\/12\/Avatar-scaled.jpg?fit=1920%2C2560&ssl=1","datePublished":"2023-12-11T14:55:01+00:00","dateModified":"2023-12-11T15:01:44+00:00","breadcrumb":{"@id":"https:\/\/magnoliasilk.com\/toode\/magnolia-neckerchief-scarf-green\/#breadcrumb"},"inLanguage":"et","potentialAction":[{"@type":"ReadAction","target":["https:\/\/magnoliasilk.com\/toode\/magnolia-neckerchief-scarf-green\/"]}]},{"@type":"ImageObject","inLanguage":"et","@id":"https:\/\/magnoliasilk.com\/toode\/magnolia-neckerchief-scarf-green\/#primaryimage","url":"https:\/\/i0.wp.com\/magnoliasilk.com\/wp-content\/uploads\/2023\/12\/Avatar-scaled.jpg?fit=1920%2C2560&ssl=1","contentUrl":"https:\/\/i0.wp.com\/magnoliasilk.com\/wp-content\/uploads\/2023\/12\/Avatar-scaled.jpg?fit=1920%2C2560&ssl=1","width":1920,"height":2560},{"@type":"BreadcrumbList","@id":"https:\/\/magnoliasilk.com\/toode\/magnolia-neckerchief-scarf-green\/#breadcrumb","itemListElement":[{"@type":"ListItem","position":1,"name":"Home","item":"https:\/\/magnoliasilk.com\/et\/"},{"@type":"ListItem","position":2,"name":"Magnolia silk collection","item":"https:\/\/magnoliasilk.com\/et\/shop-3\/"},{"@type":"ListItem","position":3,"name":"Magnolia Neckerchief roheline sall"}]},{"@type":"WebSite","@id":"https:\/\/magnoliasilk.com\/#website","url":"https:\/\/magnoliasilk.com\/","name":"Magnolia silk collection","description":"Mulberry silk products by Magnolia","publisher":{"@id":"https:\/\/magnoliasilk.com\/#organization"},"potentialAction":[{"@type":"SearchAction","target":{"@type":"EntryPoint","urlTemplate":"https:\/\/magnoliasilk.com\/?s={search_term_string}"},"query-input":{"@type":"PropertyValueSpecification","valueRequired":true,"valueName":"search_term_string"}}],"inLanguage":"et"},{"@type":"Organization","@id":"https:\/\/magnoliasilk.com\/#organization","name":"Magnolia silk collection","url":"https:\/\/magnoliasilk.com\/","logo":{"@type":"ImageObject","inLanguage":"et","@id":"https:\/\/magnoliasilk.com\/#\/schema\/logo\/image\/","url":"https:\/\/i1.wp.com\/magnoliasilk.com\/wp-content\/uploads\/2021\/06\/cropped-magnolia-1.png?fit=369%2C80&ssl=1","contentUrl":"https:\/\/i1.wp.com\/magnoliasilk.com\/wp-content\/uploads\/2021\/06\/cropped-magnolia-1.png?fit=369%2C80&ssl=1","width":369,"height":80,"caption":"Magnolia silk collection"},"image":{"@id":"https:\/\/magnoliasilk.com\/#\/schema\/logo\/image\/"},"sameAs":["https:\/\/www.facebook.com\/Magnoliasilkcollection","https:\/\/www.instagram.com\/magnolia.silk\/","https:\/\/www.pinterest.com\/magnoliasilkcollection\/"]}]}},"jetpack_sharing_enabled":true,"_links":{"self":[{"href":"https:\/\/magnoliasilk.com\/et\/wp-json\/wp\/v2\/product\/15683","targetHints":{"allow":["GET"]}}],"collection":[{"href":"https:\/\/magnoliasilk.com\/et\/wp-json\/wp\/v2\/product"}],"about":[{"href":"https:\/\/magnoliasilk.com\/et\/wp-json\/wp\/v2\/types\/product"}],"wp:featuredmedia":[{"embeddable":true,"href":"https:\/\/magnoliasilk.com\/et\/wp-json\/wp\/v2\/media\/15693"}],"wp:attachment":[{"href":"https:\/\/magnoliasilk.com\/et\/wp-json\/wp\/v2\/media?parent=15683"}],"wp:term":[{"taxonomy":"product_brand","embeddable":true,"href":"https:\/\/magnoliasilk.com\/et\/wp-json\/wp\/v2\/product_brand?post=15683"},{"taxonomy":"product_cat","embeddable":true,"href":"https:\/\/magnoliasilk.com\/et\/wp-json\/wp\/v2\/product_cat?post=15683"},{"taxonomy":"product_tag","embeddable":true,"href":"https:\/\/magnoliasilk.com\/et\/wp-json\/wp\/v2\/product_tag?post=15683"}],"curies":[{"name":"wp","href":"https:\/\/api.w.org\/{rel}","templated":true}]}}