{"id":10240,"date":"2022-03-24T21:13:39","date_gmt":"2022-03-24T19:13:40","guid":{"rendered":"https:\/\/magnoliasilk.com\/?post_type=product&#038;p=10240"},"modified":"2025-11-27T18:18:48","modified_gmt":"2025-11-27T16:18:48","slug":"magnolia-twilly-sall-limone","status":"publish","type":"product","link":"https:\/\/magnoliasilk.com\/et\/toode\/magnolia-twilly-sall-limone\/","title":{"rendered":"Magnolia Twilly sall LIMON\u00c9"},"content":{"rendered":"<p>Detailid:<\/p>\n<p>-Magnolia Twilly siidist sall on saadaval kahes suuruses: 147cm ja 107cm<br \/>\n-kui soovid salli \u00fcmber pea keerata siis soovitame 147cm varianti<br \/>\n-100% siidist<br \/>\n-Magnolia kinkekarp on hinnas<\/p>\n","protected":false},"excerpt":{"rendered":"<p>Twilly on 100% siidist valmistatud pikk ja kitsas sall. Seda fantastilist aksessuaari saab keerata \u00fcmber pea, kaela, k\u00e4e, koti jne. Twillyga saab sinu igap\u00e4evast riietust ja aksessuaare v\u00e4ga lihtsal ja \u00fcllataval viisil kaunistada.<\/p>\n<p>Saadaval kahes suuruses.<\/p>\n","protected":false},"featured_media":10261,"template":"","meta":[],"product_brand":[],"product_cat":[229],"product_tag":[],"class_list":{"0":"post-10240","1":"product","2":"type-product","3":"status-publish","4":"has-post-thumbnail","6":"product_cat-silk-scarves-et","8":"first","9":"instock","10":"taxable","11":"shipping-taxable","12":"purchasable","13":"product-type-variable","14":"has-default-attributes"},"exclude_global_add_ons":false,"addons":[{"name":"\u00a0","type":"multiple_choice","position":0,"required":true,"title_format":"hide","default":"","description_enable":false,"description":"","placeholder_enable":false,"placeholder":"","display":"radiobutton","restrictions_type":"any_text","adjust_price":false,"price":"","price_type":"flat_fee","restrictions":false,"min":"0","max":"0","options":[{"label":"Ilma kinkekarbita","price":"","price_type":"flat_fee","image":0,"visibility":true},{"label":"Luksuslik Magnolia valge kinkekarp","price":"2.5","price_type":"quantity_based","image":4077,"visibility":true}],"id":1668980122}],"yoast_head":"<!-- This site is optimized with the Yoast SEO plugin v27.2 - https:\/\/yoast.com\/product\/yoast-seo-wordpress\/ -->\n<title>Magnolia Twilly sall LIMON\u00c9 - Magnolia silk collection<\/title>\n<meta name=\"robots\" content=\"index, follow, max-snippet:-1, max-image-preview:large, max-video-preview:-1\" \/>\n<link rel=\"canonical\" href=\"https:\/\/magnoliasilk.com\/et\/toode\/magnolia-twilly-sall-limone\/\" \/>\n<meta property=\"og:locale\" content=\"et_EE\" \/>\n<meta property=\"og:type\" content=\"article\" \/>\n<meta property=\"og:title\" content=\"Magnolia Twilly sall LIMON\u00c9 - Magnolia silk collection\" \/>\n<meta property=\"og:description\" content=\"Twilly on 100% siidist valmistatud pikk ja kitsas sall. Seda fantastilist aksessuaari saab keerata \u00fcmber pea, kaela, k\u00e4e, koti jne. Twillyga saab sinu igap\u00e4evast riietust ja aksessuaare v\u00e4ga lihtsal ja \u00fcllataval viisil kaunistada.  Saadaval kahes suuruses.\" \/>\n<meta property=\"og:url\" content=\"https:\/\/magnoliasilk.com\/et\/toode\/magnolia-twilly-sall-limone\/\" \/>\n<meta property=\"og:site_name\" content=\"Magnolia silk collection\" \/>\n<meta property=\"article:publisher\" content=\"https:\/\/www.facebook.com\/Magnoliasilkcollection\" \/>\n<meta property=\"article:modified_time\" content=\"2025-11-27T16:18:48+00:00\" \/>\n<meta property=\"og:image\" content=\"https:\/\/magnoliasilk.com\/wp-content\/uploads\/2022\/03\/DSC02997-scaled.jpg\" \/>\n\t<meta property=\"og:image:width\" content=\"1707\" \/>\n\t<meta property=\"og:image:height\" content=\"2560\" \/>\n\t<meta property=\"og:image:type\" content=\"image\/jpeg\" \/>\n<meta name=\"twitter:card\" content=\"summary_large_image\" \/>\n<meta name=\"twitter:label1\" content=\"Est. reading time\" \/>\n\t<meta name=\"twitter:data1\" content=\"1 minut\" \/>\n<script type=\"application\/ld+json\" class=\"yoast-schema-graph\">{\"@context\":\"https:\/\/schema.org\",\"@graph\":[{\"@type\":\"WebPage\",\"@id\":\"https:\/\/magnoliasilk.com\/et\/toode\/magnolia-twilly-sall-limone\/\",\"url\":\"https:\/\/magnoliasilk.com\/et\/toode\/magnolia-twilly-sall-limone\/\",\"name\":\"Magnolia Twilly sall LIMON\u00c9 - Magnolia silk collection\",\"isPartOf\":{\"@id\":\"https:\/\/magnoliasilk.com\/#website\"},\"primaryImageOfPage\":{\"@id\":\"https:\/\/magnoliasilk.com\/et\/toode\/magnolia-twilly-sall-limone\/#primaryimage\"},\"image\":{\"@id\":\"https:\/\/magnoliasilk.com\/et\/toode\/magnolia-twilly-sall-limone\/#primaryimage\"},\"thumbnailUrl\":\"https:\/\/i0.wp.com\/magnoliasilk.com\/wp-content\/uploads\/2022\/03\/DSC02997-scaled.jpg?fit=1707%2C2560&ssl=1\",\"datePublished\":\"2022-03-24T19:13:40+00:00\",\"dateModified\":\"2025-11-27T16:18:48+00:00\",\"breadcrumb\":{\"@id\":\"https:\/\/magnoliasilk.com\/et\/toode\/magnolia-twilly-sall-limone\/#breadcrumb\"},\"inLanguage\":\"et\",\"potentialAction\":[{\"@type\":\"ReadAction\",\"target\":[\"https:\/\/magnoliasilk.com\/et\/toode\/magnolia-twilly-sall-limone\/\"]}]},{\"@type\":\"ImageObject\",\"inLanguage\":\"et\",\"@id\":\"https:\/\/magnoliasilk.com\/et\/toode\/magnolia-twilly-sall-limone\/#primaryimage\",\"url\":\"https:\/\/i0.wp.com\/magnoliasilk.com\/wp-content\/uploads\/2022\/03\/DSC02997-scaled.jpg?fit=1707%2C2560&ssl=1\",\"contentUrl\":\"https:\/\/i0.wp.com\/magnoliasilk.com\/wp-content\/uploads\/2022\/03\/DSC02997-scaled.jpg?fit=1707%2C2560&ssl=1\",\"width\":1707,\"height\":2560},{\"@type\":\"BreadcrumbList\",\"@id\":\"https:\/\/magnoliasilk.com\/et\/toode\/magnolia-twilly-sall-limone\/#breadcrumb\",\"itemListElement\":[{\"@type\":\"ListItem\",\"position\":1,\"name\":\"Home\",\"item\":\"https:\/\/magnoliasilk.com\/et\/\"},{\"@type\":\"ListItem\",\"position\":2,\"name\":\"Magnolia silk collection\",\"item\":\"https:\/\/magnoliasilk.com\/et\/shop-3\/\"},{\"@type\":\"ListItem\",\"position\":3,\"name\":\"Magnolia Twilly sall LIMON\u00c9\"}]},{\"@type\":\"WebSite\",\"@id\":\"https:\/\/magnoliasilk.com\/#website\",\"url\":\"https:\/\/magnoliasilk.com\/\",\"name\":\"Magnolia silk collection\",\"description\":\"Mulberry silk products by Magnolia\",\"publisher\":{\"@id\":\"https:\/\/magnoliasilk.com\/#organization\"},\"potentialAction\":[{\"@type\":\"SearchAction\",\"target\":{\"@type\":\"EntryPoint\",\"urlTemplate\":\"https:\/\/magnoliasilk.com\/?s={search_term_string}\"},\"query-input\":{\"@type\":\"PropertyValueSpecification\",\"valueRequired\":true,\"valueName\":\"search_term_string\"}}],\"inLanguage\":\"et\"},{\"@type\":\"Organization\",\"@id\":\"https:\/\/magnoliasilk.com\/#organization\",\"name\":\"Magnolia silk collection\",\"url\":\"https:\/\/magnoliasilk.com\/\",\"logo\":{\"@type\":\"ImageObject\",\"inLanguage\":\"et\",\"@id\":\"https:\/\/magnoliasilk.com\/#\/schema\/logo\/image\/\",\"url\":\"https:\/\/i1.wp.com\/magnoliasilk.com\/wp-content\/uploads\/2021\/06\/cropped-magnolia-1.png?fit=369%2C80&ssl=1\",\"contentUrl\":\"https:\/\/i1.wp.com\/magnoliasilk.com\/wp-content\/uploads\/2021\/06\/cropped-magnolia-1.png?fit=369%2C80&ssl=1\",\"width\":369,\"height\":80,\"caption\":\"Magnolia silk collection\"},\"image\":{\"@id\":\"https:\/\/magnoliasilk.com\/#\/schema\/logo\/image\/\"},\"sameAs\":[\"https:\/\/www.facebook.com\/Magnoliasilkcollection\",\"https:\/\/www.instagram.com\/magnolia.silk\/\",\"https:\/\/www.pinterest.com\/magnoliasilkcollection\/\"]}]}<\/script>\n<!-- \/ Yoast SEO plugin. -->","yoast_head_json":{"title":"Magnolia Twilly sall LIMON\u00c9 - Magnolia silk collection","robots":{"index":"index","follow":"follow","max-snippet":"max-snippet:-1","max-image-preview":"max-image-preview:large","max-video-preview":"max-video-preview:-1"},"canonical":"https:\/\/magnoliasilk.com\/et\/toode\/magnolia-twilly-sall-limone\/","og_locale":"et_EE","og_type":"article","og_title":"Magnolia Twilly sall LIMON\u00c9 - Magnolia silk collection","og_description":"Twilly on 100% siidist valmistatud pikk ja kitsas sall. Seda fantastilist aksessuaari saab keerata \u00fcmber pea, kaela, k\u00e4e, koti jne. Twillyga saab sinu igap\u00e4evast riietust ja aksessuaare v\u00e4ga lihtsal ja \u00fcllataval viisil kaunistada.  Saadaval kahes suuruses.","og_url":"https:\/\/magnoliasilk.com\/et\/toode\/magnolia-twilly-sall-limone\/","og_site_name":"Magnolia silk collection","article_publisher":"https:\/\/www.facebook.com\/Magnoliasilkcollection","article_modified_time":"2025-11-27T16:18:48+00:00","og_image":[{"width":1707,"height":2560,"url":"https:\/\/magnoliasilk.com\/wp-content\/uploads\/2022\/03\/DSC02997-scaled.jpg","type":"image\/jpeg"}],"twitter_card":"summary_large_image","twitter_misc":{"Est. reading time":"1 minut"},"schema":{"@context":"https:\/\/schema.org","@graph":[{"@type":"WebPage","@id":"https:\/\/magnoliasilk.com\/et\/toode\/magnolia-twilly-sall-limone\/","url":"https:\/\/magnoliasilk.com\/et\/toode\/magnolia-twilly-sall-limone\/","name":"Magnolia Twilly sall LIMON\u00c9 - Magnolia silk collection","isPartOf":{"@id":"https:\/\/magnoliasilk.com\/#website"},"primaryImageOfPage":{"@id":"https:\/\/magnoliasilk.com\/et\/toode\/magnolia-twilly-sall-limone\/#primaryimage"},"image":{"@id":"https:\/\/magnoliasilk.com\/et\/toode\/magnolia-twilly-sall-limone\/#primaryimage"},"thumbnailUrl":"https:\/\/i0.wp.com\/magnoliasilk.com\/wp-content\/uploads\/2022\/03\/DSC02997-scaled.jpg?fit=1707%2C2560&ssl=1","datePublished":"2022-03-24T19:13:40+00:00","dateModified":"2025-11-27T16:18:48+00:00","breadcrumb":{"@id":"https:\/\/magnoliasilk.com\/et\/toode\/magnolia-twilly-sall-limone\/#breadcrumb"},"inLanguage":"et","potentialAction":[{"@type":"ReadAction","target":["https:\/\/magnoliasilk.com\/et\/toode\/magnolia-twilly-sall-limone\/"]}]},{"@type":"ImageObject","inLanguage":"et","@id":"https:\/\/magnoliasilk.com\/et\/toode\/magnolia-twilly-sall-limone\/#primaryimage","url":"https:\/\/i0.wp.com\/magnoliasilk.com\/wp-content\/uploads\/2022\/03\/DSC02997-scaled.jpg?fit=1707%2C2560&ssl=1","contentUrl":"https:\/\/i0.wp.com\/magnoliasilk.com\/wp-content\/uploads\/2022\/03\/DSC02997-scaled.jpg?fit=1707%2C2560&ssl=1","width":1707,"height":2560},{"@type":"BreadcrumbList","@id":"https:\/\/magnoliasilk.com\/et\/toode\/magnolia-twilly-sall-limone\/#breadcrumb","itemListElement":[{"@type":"ListItem","position":1,"name":"Home","item":"https:\/\/magnoliasilk.com\/et\/"},{"@type":"ListItem","position":2,"name":"Magnolia silk collection","item":"https:\/\/magnoliasilk.com\/et\/shop-3\/"},{"@type":"ListItem","position":3,"name":"Magnolia Twilly sall LIMON\u00c9"}]},{"@type":"WebSite","@id":"https:\/\/magnoliasilk.com\/#website","url":"https:\/\/magnoliasilk.com\/","name":"Magnolia silk collection","description":"Mulberry silk products by Magnolia","publisher":{"@id":"https:\/\/magnoliasilk.com\/#organization"},"potentialAction":[{"@type":"SearchAction","target":{"@type":"EntryPoint","urlTemplate":"https:\/\/magnoliasilk.com\/?s={search_term_string}"},"query-input":{"@type":"PropertyValueSpecification","valueRequired":true,"valueName":"search_term_string"}}],"inLanguage":"et"},{"@type":"Organization","@id":"https:\/\/magnoliasilk.com\/#organization","name":"Magnolia silk collection","url":"https:\/\/magnoliasilk.com\/","logo":{"@type":"ImageObject","inLanguage":"et","@id":"https:\/\/magnoliasilk.com\/#\/schema\/logo\/image\/","url":"https:\/\/i1.wp.com\/magnoliasilk.com\/wp-content\/uploads\/2021\/06\/cropped-magnolia-1.png?fit=369%2C80&ssl=1","contentUrl":"https:\/\/i1.wp.com\/magnoliasilk.com\/wp-content\/uploads\/2021\/06\/cropped-magnolia-1.png?fit=369%2C80&ssl=1","width":369,"height":80,"caption":"Magnolia silk collection"},"image":{"@id":"https:\/\/magnoliasilk.com\/#\/schema\/logo\/image\/"},"sameAs":["https:\/\/www.facebook.com\/Magnoliasilkcollection","https:\/\/www.instagram.com\/magnolia.silk\/","https:\/\/www.pinterest.com\/magnoliasilkcollection\/"]}]}},"jetpack_sharing_enabled":true,"_links":{"self":[{"href":"https:\/\/magnoliasilk.com\/et\/wp-json\/wp\/v2\/product\/10240","targetHints":{"allow":["GET"]}}],"collection":[{"href":"https:\/\/magnoliasilk.com\/et\/wp-json\/wp\/v2\/product"}],"about":[{"href":"https:\/\/magnoliasilk.com\/et\/wp-json\/wp\/v2\/types\/product"}],"wp:featuredmedia":[{"embeddable":true,"href":"https:\/\/magnoliasilk.com\/et\/wp-json\/wp\/v2\/media\/10261"}],"wp:attachment":[{"href":"https:\/\/magnoliasilk.com\/et\/wp-json\/wp\/v2\/media?parent=10240"}],"wp:term":[{"taxonomy":"product_brand","embeddable":true,"href":"https:\/\/magnoliasilk.com\/et\/wp-json\/wp\/v2\/product_brand?post=10240"},{"taxonomy":"product_cat","embeddable":true,"href":"https:\/\/magnoliasilk.com\/et\/wp-json\/wp\/v2\/product_cat?post=10240"},{"taxonomy":"product_tag","embeddable":true,"href":"https:\/\/magnoliasilk.com\/et\/wp-json\/wp\/v2\/product_tag?post=10240"}],"curies":[{"name":"wp","href":"https:\/\/api.w.org\/{rel}","templated":true}]}}